{"id":2369,"date":"2017-04-12T08:52:54","date_gmt":"2017-04-12T06:52:54","guid":{"rendered":"http:\/\/www.jovenesnucleares.org\/blog\/?page_id=2369"},"modified":"2022-02-09T10:37:01","modified_gmt":"2022-02-09T08:37:01","slug":"12-meses-12-razones","status":"publish","type":"page","link":"https:\/\/www.jovenesnucleares.org\/blog\/te-interesa\/12-meses-12-razones\/","title":{"rendered":"12 meses 12 razones"},"content":{"rendered":"<p>\n\tDos de <a href=\"http:\/\/www.jovenesnucleares.org\/blog\/?page_id=1808\">nuestros objetivos<\/a> son los de difundir conocimientos sobre energ&iacute;a nuclear y otras aplicaciones de las radiaciones ionizantes, se&ntilde;alando el papel que esta industria juega en el bienestar de nuestra sociedad, as&iacute; como fomentar la comunicaci&oacute;n y el debate acerca de la energ&iacute;a nuclear.\n<\/p>\n<p>\n\tPara tratar de cumplir con estas tareas, desde JJNN hemos decidido lanzar esta campa&ntilde;a de divulgaci&oacute;n en la que, con periodicidad mensual, publicaremos breves rese&ntilde;as tratando de destacar alg&uacute;n aspecto relevante de la industria nuclear.\n<\/p>\n<p>\n\t&nbsp;&#8211; ENERO: <a href=\"http:\/\/www.jovenesnucleares.org\/blog\/campana-12-meses-12-razones\/enero\/\">En un lugar de La Mancha&#8230;<\/a>\n<\/p>\n<p>\n\t&nbsp;&#8211; FEBRERO: <a href=\"http:\/\/www.jovenesnucleares.org\/blog\/campana-12-meses-12-razones\/febrero\/\">&iquest;Sabes cu&aacute;ntos residuos radiactivos generas a lo largo de tu vida?<\/a>\n<\/p>\n<p>\n\t&nbsp;&#8211; MARZO: <a href=\"http:\/\/www.jovenesnucleares.org\/blog\/campana-12-meses-12-razones\/marzo\/\">De las torres de refrigeraci&oacute;n de una central nuclear s&oacute;lo sale vapor de agua.<\/a>\n<\/p>\n<p>\n\t&nbsp;&#8211; ABRIL: <a href=\"http:\/\/www.jovenesnucleares.org\/blog\/campana-12-meses-12-razones\/abril\/\">Si empleas bien la radiaci&oacute;n, puede ser una gran aliada.<\/a>\n<\/p>\n<p>\n\t&nbsp;&#8211; MAYO: <a href=\"http:\/\/www.jovenesnucleares.org\/blog\/campana-12-meses-12-razones\/mayo\/\">Adivina, adivinanza&#8230;<\/a>\n<\/p>\n<p>\n\t&nbsp;&#8211; JUNIO: <a href=\"http:\/\/www.jovenesnucleares.org\/blog\/campana-12-meses-12-razones\/junio\/\">Lo nuevo &iquest;siempre es mejor?<\/a>\n<\/p>\n<p>\n\t&nbsp;&#8211; JULIO: <a href=\"http:\/\/www.jovenesnucleares.org\/blog\/campana-12-meses-12-razones\/julio\/\">Tenemos la postal ideal para tus vacaciones<\/a>\n<\/p>\n<p>\n\t&nbsp;&#8211; AGOSTO: <a href=\"http:\/\/www.jovenesnucleares.org\/blog\/campana-12-meses-12-razones\/agosto\/\"> Sabemos que somos unos pesados, pero&#8230;<\/a>\n<\/p>\n<p>\n\t&nbsp;&#8211; SEPTIEMBRE: <a href=\"http:\/\/www.jovenesnucleares.org\/blog\/campana-12-meses-12-razones\/septiembre\/\">M&aacute;s nos vale que la energ&iacute;a nuclear sea la base verde del sistema.<\/a>\n<\/p>\n<p>\n\t&nbsp;&#8211; OCTUBRE: <a href=\"http:\/\/www.jovenesnucleares.org\/blog\/campana-12-meses-12-razones\/octubre\/\">Un coche el&eacute;ctrico con estas caracter&iacute;sticas romper&iacute;a el mercado.<\/a>\n<\/p>\n<p style=\"text-align: justify;\">\n\t&nbsp;&#8211; NOVIEMBRE: <a href=\"http:\/\/www.jovenesnucleares.org\/blog\/campana-12-meses-12-razones\/noviembre\/\">Darwinismo tecnol&oacute;gico: innovar o desaparecer.<\/a><\/p>\n","protected":false},"excerpt":{"rendered":"<p>Dos de nuestros objetivos son los de difundir conocimientos sobre energ&iacute;a nuclear y otras aplicaciones de las radiaciones ionizantes, se&ntilde;alando el papel que esta industria juega en el bienestar de nuestra sociedad, as&iacute; como fomentar la comunicaci&oacute;n y el debate acerca de la energ&iacute;a nuclear. Para tratar de cumplir con estas tareas, desde JJNN hemos&hellip; <br \/> <a class=\"read-more\" href=\"https:\/\/www.jovenesnucleares.org\/blog\/te-interesa\/12-meses-12-razones\/\">Read more<\/a><\/p>\n","protected":false},"author":1,"featured_media":0,"parent":1836,"menu_order":5,"comment_status":"closed","ping_status":"closed","template":"","meta":{"footnotes":""},"class_list":["post-2369","page","type-page","status-publish","hentry"],"yoast_head":"<!-- This site is optimized with the Yoast SEO plugin v27.4 - https:\/\/yoast.com\/product\/yoast-seo-wordpress\/ -->\n<title>12 meses 12 razones - J\u00f3venes Nucleares<\/title>\n<meta name=\"robots\" content=\"index, follow, max-snippet:-1, max-image-preview:large, max-video-preview:-1\" \/>\n<link rel=\"canonical\" href=\"https:\/\/www.jovenesnucleares.org\/blog\/te-interesa\/12-meses-12-razones\/\" \/>\n<meta property=\"og:locale\" content=\"es_ES\" \/>\n<meta property=\"og:type\" content=\"article\" \/>\n<meta property=\"og:title\" content=\"12 meses 12 razones - J\u00f3venes Nucleares\" \/>\n<meta property=\"og:description\" content=\"Dos de nuestros objetivos son los de difundir conocimientos sobre energ&iacute;a nuclear y otras aplicaciones de las radiaciones ionizantes, se&ntilde;alando el papel que esta industria juega en el bienestar de nuestra sociedad, as&iacute; como fomentar la comunicaci&oacute;n y el debate acerca de la energ&iacute;a nuclear. Para tratar de cumplir con estas tareas, desde JJNN hemos&hellip; Read more\" \/>\n<meta property=\"og:url\" content=\"https:\/\/www.jovenesnucleares.org\/blog\/te-interesa\/12-meses-12-razones\/\" \/>\n<meta property=\"og:site_name\" content=\"J\u00f3venes Nucleares\" \/>\n<meta property=\"article:publisher\" content=\"https:\/\/www.facebook.com\/JovenesNucleares\" \/>\n<meta property=\"article:modified_time\" content=\"2022-02-09T08:37:01+00:00\" \/>\n<meta property=\"og:image\" content=\"https:\/\/www.jovenesnucleares.org\/blog\/wp-content\/uploads\/2021\/09\/cropped-Logo-JJNN-sec3-250px.png\" \/>\n\t<meta property=\"og:image:width\" content=\"512\" \/>\n\t<meta property=\"og:image:height\" content=\"512\" \/>\n\t<meta property=\"og:image:type\" content=\"image\/png\" \/>\n<meta name=\"twitter:card\" content=\"summary_large_image\" \/>\n<meta name=\"twitter:site\" content=\"@jjnucleares\" \/>\n<meta name=\"twitter:label1\" content=\"Tiempo de lectura\" \/>\n\t<meta name=\"twitter:data1\" content=\"1 minuto\" \/>\n<script type=\"application\/ld+json\" class=\"yoast-schema-graph\">{\"@context\":\"https:\\\/\\\/schema.org\",\"@graph\":[{\"@type\":\"WebPage\",\"@id\":\"https:\\\/\\\/www.jovenesnucleares.org\\\/blog\\\/te-interesa\\\/12-meses-12-razones\\\/\",\"url\":\"https:\\\/\\\/www.jovenesnucleares.org\\\/blog\\\/te-interesa\\\/12-meses-12-razones\\\/\",\"name\":\"12 meses 12 razones - J\u00f3venes Nucleares\",\"isPartOf\":{\"@id\":\"https:\\\/\\\/www.jovenesnucleares.org\\\/blog\\\/#website\"},\"datePublished\":\"2017-04-12T06:52:54+00:00\",\"dateModified\":\"2022-02-09T08:37:01+00:00\",\"breadcrumb\":{\"@id\":\"https:\\\/\\\/www.jovenesnucleares.org\\\/blog\\\/te-interesa\\\/12-meses-12-razones\\\/#breadcrumb\"},\"inLanguage\":\"es\",\"potentialAction\":[{\"@type\":\"ReadAction\",\"target\":[\"https:\\\/\\\/www.jovenesnucleares.org\\\/blog\\\/te-interesa\\\/12-meses-12-razones\\\/\"]}]},{\"@type\":\"BreadcrumbList\",\"@id\":\"https:\\\/\\\/www.jovenesnucleares.org\\\/blog\\\/te-interesa\\\/12-meses-12-razones\\\/#breadcrumb\",\"itemListElement\":[{\"@type\":\"ListItem\",\"position\":1,\"name\":\"Portada\",\"item\":\"https:\\\/\\\/www.jovenesnucleares.org\\\/blog\\\/\"},{\"@type\":\"ListItem\",\"position\":2,\"name\":\"Te interesa\",\"item\":\"https:\\\/\\\/www.jovenesnucleares.org\\\/blog\\\/te-interesa\\\/\"},{\"@type\":\"ListItem\",\"position\":3,\"name\":\"12 meses 12 razones\"}]},{\"@type\":\"WebSite\",\"@id\":\"https:\\\/\\\/www.jovenesnucleares.org\\\/blog\\\/#website\",\"url\":\"https:\\\/\\\/www.jovenesnucleares.org\\\/blog\\\/\",\"name\":\"J\u00f3venes Nucleares\",\"description\":\"Divulgaci\u00f3n de Ciencia y Tecnolog\u00eda Nuclear\",\"publisher\":{\"@id\":\"https:\\\/\\\/www.jovenesnucleares.org\\\/blog\\\/#organization\"},\"potentialAction\":[{\"@type\":\"SearchAction\",\"target\":{\"@type\":\"EntryPoint\",\"urlTemplate\":\"https:\\\/\\\/www.jovenesnucleares.org\\\/blog\\\/?s={search_term_string}\"},\"query-input\":{\"@type\":\"PropertyValueSpecification\",\"valueRequired\":true,\"valueName\":\"search_term_string\"}}],\"inLanguage\":\"es\"},{\"@type\":\"Organization\",\"@id\":\"https:\\\/\\\/www.jovenesnucleares.org\\\/blog\\\/#organization\",\"name\":\"J\u00f3venes Nucleares\",\"url\":\"https:\\\/\\\/www.jovenesnucleares.org\\\/blog\\\/\",\"logo\":{\"@type\":\"ImageObject\",\"inLanguage\":\"es\",\"@id\":\"https:\\\/\\\/www.jovenesnucleares.org\\\/blog\\\/#\\\/schema\\\/logo\\\/image\\\/\",\"url\":\"http:\\\/\\\/www.jovenesnucleares.org\\\/blog\\\/wp-content\\\/uploads\\\/2022\\\/01\\\/cropped-Logo-JJNN-principal-125px.png\",\"contentUrl\":\"http:\\\/\\\/www.jovenesnucleares.org\\\/blog\\\/wp-content\\\/uploads\\\/2022\\\/01\\\/cropped-Logo-JJNN-principal-125px.png\",\"width\":170,\"height\":70,\"caption\":\"J\u00f3venes Nucleares\"},\"image\":{\"@id\":\"https:\\\/\\\/www.jovenesnucleares.org\\\/blog\\\/#\\\/schema\\\/logo\\\/image\\\/\"},\"sameAs\":[\"https:\\\/\\\/www.facebook.com\\\/JovenesNucleares\",\"https:\\\/\\\/x.com\\\/jjnucleares\",\"https:\\\/\\\/www.instagram.com\\\/jjnucleares\\\/\",\"https:\\\/\\\/www.linkedin.com\\\/company\\\/jovenesnucleares\\\/\",\"https:\\\/\\\/www.youtube.com\\\/c\\\/JovenesNuclearesSNE\",\"https:\\\/\\\/es.wikipedia.org\\\/wiki\\\/Jovenes_Nucleares\"]}]}<\/script>\n<!-- \/ Yoast SEO plugin. -->","yoast_head_json":{"title":"12 meses 12 razones - J\u00f3venes Nucleares","robots":{"index":"index","follow":"follow","max-snippet":"max-snippet:-1","max-image-preview":"max-image-preview:large","max-video-preview":"max-video-preview:-1"},"canonical":"https:\/\/www.jovenesnucleares.org\/blog\/te-interesa\/12-meses-12-razones\/","og_locale":"es_ES","og_type":"article","og_title":"12 meses 12 razones - J\u00f3venes Nucleares","og_description":"Dos de nuestros objetivos son los de difundir conocimientos sobre energ&iacute;a nuclear y otras aplicaciones de las radiaciones ionizantes, se&ntilde;alando el papel que esta industria juega en el bienestar de nuestra sociedad, as&iacute; como fomentar la comunicaci&oacute;n y el debate acerca de la energ&iacute;a nuclear. Para tratar de cumplir con estas tareas, desde JJNN hemos&hellip; Read more","og_url":"https:\/\/www.jovenesnucleares.org\/blog\/te-interesa\/12-meses-12-razones\/","og_site_name":"J\u00f3venes Nucleares","article_publisher":"https:\/\/www.facebook.com\/JovenesNucleares","article_modified_time":"2022-02-09T08:37:01+00:00","og_image":[{"width":512,"height":512,"url":"https:\/\/www.jovenesnucleares.org\/blog\/wp-content\/uploads\/2021\/09\/cropped-Logo-JJNN-sec3-250px.png","type":"image\/png"}],"twitter_card":"summary_large_image","twitter_site":"@jjnucleares","twitter_misc":{"Tiempo de lectura":"1 minuto"},"schema":{"@context":"https:\/\/schema.org","@graph":[{"@type":"WebPage","@id":"https:\/\/www.jovenesnucleares.org\/blog\/te-interesa\/12-meses-12-razones\/","url":"https:\/\/www.jovenesnucleares.org\/blog\/te-interesa\/12-meses-12-razones\/","name":"12 meses 12 razones - J\u00f3venes Nucleares","isPartOf":{"@id":"https:\/\/www.jovenesnucleares.org\/blog\/#website"},"datePublished":"2017-04-12T06:52:54+00:00","dateModified":"2022-02-09T08:37:01+00:00","breadcrumb":{"@id":"https:\/\/www.jovenesnucleares.org\/blog\/te-interesa\/12-meses-12-razones\/#breadcrumb"},"inLanguage":"es","potentialAction":[{"@type":"ReadAction","target":["https:\/\/www.jovenesnucleares.org\/blog\/te-interesa\/12-meses-12-razones\/"]}]},{"@type":"BreadcrumbList","@id":"https:\/\/www.jovenesnucleares.org\/blog\/te-interesa\/12-meses-12-razones\/#breadcrumb","itemListElement":[{"@type":"ListItem","position":1,"name":"Portada","item":"https:\/\/www.jovenesnucleares.org\/blog\/"},{"@type":"ListItem","position":2,"name":"Te interesa","item":"https:\/\/www.jovenesnucleares.org\/blog\/te-interesa\/"},{"@type":"ListItem","position":3,"name":"12 meses 12 razones"}]},{"@type":"WebSite","@id":"https:\/\/www.jovenesnucleares.org\/blog\/#website","url":"https:\/\/www.jovenesnucleares.org\/blog\/","name":"J\u00f3venes Nucleares","description":"Divulgaci\u00f3n de Ciencia y Tecnolog\u00eda Nuclear","publisher":{"@id":"https:\/\/www.jovenesnucleares.org\/blog\/#organization"},"potentialAction":[{"@type":"SearchAction","target":{"@type":"EntryPoint","urlTemplate":"https:\/\/www.jovenesnucleares.org\/blog\/?s={search_term_string}"},"query-input":{"@type":"PropertyValueSpecification","valueRequired":true,"valueName":"search_term_string"}}],"inLanguage":"es"},{"@type":"Organization","@id":"https:\/\/www.jovenesnucleares.org\/blog\/#organization","name":"J\u00f3venes Nucleares","url":"https:\/\/www.jovenesnucleares.org\/blog\/","logo":{"@type":"ImageObject","inLanguage":"es","@id":"https:\/\/www.jovenesnucleares.org\/blog\/#\/schema\/logo\/image\/","url":"http:\/\/www.jovenesnucleares.org\/blog\/wp-content\/uploads\/2022\/01\/cropped-Logo-JJNN-principal-125px.png","contentUrl":"http:\/\/www.jovenesnucleares.org\/blog\/wp-content\/uploads\/2022\/01\/cropped-Logo-JJNN-principal-125px.png","width":170,"height":70,"caption":"J\u00f3venes Nucleares"},"image":{"@id":"https:\/\/www.jovenesnucleares.org\/blog\/#\/schema\/logo\/image\/"},"sameAs":["https:\/\/www.facebook.com\/JovenesNucleares","https:\/\/x.com\/jjnucleares","https:\/\/www.instagram.com\/jjnucleares\/","https:\/\/www.linkedin.com\/company\/jovenesnucleares\/","https:\/\/www.youtube.com\/c\/JovenesNuclearesSNE","https:\/\/es.wikipedia.org\/wiki\/Jovenes_Nucleares"]}]}},"post_mailing_queue_ids":[],"_links":{"self":[{"href":"https:\/\/www.jovenesnucleares.org\/blog\/wp-json\/wp\/v2\/pages\/2369","targetHints":{"allow":["GET"]}}],"collection":[{"href":"https:\/\/www.jovenesnucleares.org\/blog\/wp-json\/wp\/v2\/pages"}],"about":[{"href":"https:\/\/www.jovenesnucleares.org\/blog\/wp-json\/wp\/v2\/types\/page"}],"author":[{"embeddable":true,"href":"https:\/\/www.jovenesnucleares.org\/blog\/wp-json\/wp\/v2\/users\/1"}],"replies":[{"embeddable":true,"href":"https:\/\/www.jovenesnucleares.org\/blog\/wp-json\/wp\/v2\/comments?post=2369"}],"version-history":[{"count":6,"href":"https:\/\/www.jovenesnucleares.org\/blog\/wp-json\/wp\/v2\/pages\/2369\/revisions"}],"predecessor-version":[{"id":5870,"href":"https:\/\/www.jovenesnucleares.org\/blog\/wp-json\/wp\/v2\/pages\/2369\/revisions\/5870"}],"up":[{"embeddable":true,"href":"https:\/\/www.jovenesnucleares.org\/blog\/wp-json\/wp\/v2\/pages\/1836"}],"wp:attachment":[{"href":"https:\/\/www.jovenesnucleares.org\/blog\/wp-json\/wp\/v2\/media?parent=2369"}],"curies":[{"name":"wp","href":"https:\/\/api.w.org\/{rel}","templated":true}]}}