{"id":2373,"date":"2017-04-12T08:59:40","date_gmt":"2017-04-12T06:59:40","guid":{"rendered":"http:\/\/www.jovenesnucleares.org\/blog\/?page_id=2373"},"modified":"2017-04-12T09:33:08","modified_gmt":"2017-04-12T07:33:08","slug":"enero","status":"publish","type":"page","link":"https:\/\/www.jovenesnucleares.org\/blog\/te-interesa\/12-meses-12-razones\/enero\/","title":{"rendered":"ENERO"},"content":{"rendered":"<p>\n\t<em>En un lugar de La Mancha, de cuyo nombre no quiero acordarme&#8230;<\/em>\n<\/p>\n<p>\n\t<a href=\"http:\/\/www.jovenesnucleares.org\/blog\/wp-content\/uploads\/2017\/04\/12m12r_enero_trillo.jpg\" rel=\"attachment wp-att-2376\" rel=\"lightbox[2373]\"><img fetchpriority=\"high\" decoding=\"async\" alt=\"12meses_12razones_JJNN_enero_trillo\" class=\"aligncenter size-full wp-image-2376\" height=\"551\" src=\"http:\/\/www.jovenesnucleares.org\/blog\/wp-content\/uploads\/2017\/04\/12m12r_enero_trillo.jpg\" width=\"865\" srcset=\"https:\/\/www.jovenesnucleares.org\/blog\/wp-content\/uploads\/2017\/04\/12m12r_enero_trillo.jpg 865w, https:\/\/www.jovenesnucleares.org\/blog\/wp-content\/uploads\/2017\/04\/12m12r_enero_trillo-300x191.jpg 300w, https:\/\/www.jovenesnucleares.org\/blog\/wp-content\/uploads\/2017\/04\/12m12r_enero_trillo-768x489.jpg 768w, https:\/\/www.jovenesnucleares.org\/blog\/wp-content\/uploads\/2017\/04\/12m12r_enero_trillo-624x397.jpg 624w\" sizes=\"(max-width: 865px) 100vw, 865px\" \/><\/a>\n<\/p>\n<p style=\"text-align: justify;\">\n\tBueno, en realidad s&iacute; que sabemos el punto exacto, y el nombre de la instalaci&oacute;n de la que os queremos hablar.\n<\/p>\n<p style=\"text-align: justify;\">\n\tEn la comarca de la Alcarria, en el t&eacute;rmino municipal de Trillo (provincia de Guadalajara) y junto al curso del r&iacute;o Tajo, se encuentra ubicada la <a href=\"http:\/\/www.cnat.es\/cnatweb\/cnt_situacion.html\">Central Nuclear de Trillo I<\/a>, que pertenece a la denominada tercera generaci&oacute;n de centrales nucleares espa&ntilde;olas. Su dise&ntilde;o es de la firma alemana Siemens-KWU y tiene una potencia instalada de 1066 MWe.\n<\/p>\n<p style=\"text-align: justify;\">\n\tLa Central Nuclear Trillo I fue concebida como una central de base, es decir, de funcionamiento ininterrumpido y alto grado de disponibilidad. El 23 de mayo de 1988 la central fue conectada por primera vez a la red, y el 6 de agosto de 1988 se inici&oacute; la explotaci&oacute;n comercial.\n<\/p>\n<p style=\"text-align: justify;\">\n\t<a href=\"http:\/\/www.ree.es\/es\/estadisticas-del-sistema-electrico-espanol\/informe-anual\/informe-del-sistema-electrico-espanol-2015\">En el a&ntilde;o 2015<\/a>, la Central Nuclear de Trillo I supon&iacute;a el 11% de la potencia el&eacute;ctrica instalada en Castilla-La Mancha, y aport&oacute; el 37% de la energ&iacute;a el&eacute;ctrica generada en la Comunidad, lo que representa un suministro el&eacute;ctrico medio de 8.000.000 MWh anuales.\n<\/p>\n<p style=\"text-align: justify;\">\n\tPor lo tanto, tomando como referencia el <a href=\"http:\/\/www.ies.jccm.es\/estadisticas\/de-coyuntura\/industria-y-energia\/consumo-y-produccion-de-energia-electrica\/\">consumo de energ&iacute;a el&eacute;ctrica en Castilla La Mancha en 2016<\/a>, 9.810.581 MWh, la Central Nuclear de Trillo I abastece &nbsp;aproximadamente el 80% de la energ&iacute;a consumida en la regi&oacute;n.\n<\/p>\n<p style=\"text-align: justify;\">\n\t<a href=\"http:\/\/www.jovenesnucleares.org\/blog\/wp-content\/uploads\/2017\/04\/electricidad_generada_CNtrillo.png\" rel=\"attachment wp-att-2380\" rel=\"lightbox[2373]\"><img decoding=\"async\" alt=\"electricidad_generada_CNtrillo\" class=\"aligncenter size-full wp-image-2380\" height=\"254\" src=\"http:\/\/www.jovenesnucleares.org\/blog\/wp-content\/uploads\/2017\/04\/electricidad_generada_CNtrillo.png\" width=\"740\" srcset=\"https:\/\/www.jovenesnucleares.org\/blog\/wp-content\/uploads\/2017\/04\/electricidad_generada_CNtrillo.png 740w, https:\/\/www.jovenesnucleares.org\/blog\/wp-content\/uploads\/2017\/04\/electricidad_generada_CNtrillo-300x103.png 300w, https:\/\/www.jovenesnucleares.org\/blog\/wp-content\/uploads\/2017\/04\/electricidad_generada_CNtrillo-624x214.png 624w\" sizes=\"(max-width: 740px) 100vw, 740px\" \/><\/a>\n<\/p>\n<p style=\"text-align: justify;\">\n\t&nbsp;<\/p>\n","protected":false},"excerpt":{"rendered":"<p>En un lugar de La Mancha, de cuyo nombre no quiero acordarme&#8230; Bueno, en realidad s&iacute; que sabemos el punto exacto, y el nombre de la instalaci&oacute;n de la que os queremos hablar. En la comarca de la Alcarria, en el t&eacute;rmino municipal de Trillo (provincia de Guadalajara) y junto al curso del r&iacute;o Tajo,&hellip; <br \/> <a class=\"read-more\" href=\"https:\/\/www.jovenesnucleares.org\/blog\/te-interesa\/12-meses-12-razones\/enero\/\">Read more<\/a><\/p>\n","protected":false},"author":1,"featured_media":0,"parent":2369,"menu_order":0,"comment_status":"closed","ping_status":"closed","template":"","meta":{"footnotes":""},"class_list":["post-2373","page","type-page","status-publish","hentry"],"yoast_head":"<!-- This site is optimized with the Yoast SEO plugin v27.4 - https:\/\/yoast.com\/product\/yoast-seo-wordpress\/ -->\n<title>ENERO - J\u00f3venes Nucleares<\/title>\n<meta name=\"robots\" content=\"index, follow, max-snippet:-1, max-image-preview:large, max-video-preview:-1\" \/>\n<link rel=\"canonical\" href=\"https:\/\/www.jovenesnucleares.org\/blog\/te-interesa\/12-meses-12-razones\/enero\/\" \/>\n<meta property=\"og:locale\" content=\"es_ES\" \/>\n<meta property=\"og:type\" content=\"article\" \/>\n<meta property=\"og:title\" content=\"ENERO - J\u00f3venes Nucleares\" \/>\n<meta property=\"og:description\" content=\"En un lugar de La Mancha, de cuyo nombre no quiero acordarme&#8230; Bueno, en realidad s&iacute; que sabemos el punto exacto, y el nombre de la instalaci&oacute;n de la que os queremos hablar. En la comarca de la Alcarria, en el t&eacute;rmino municipal de Trillo (provincia de Guadalajara) y junto al curso del r&iacute;o Tajo,&hellip; Read more\" \/>\n<meta property=\"og:url\" content=\"https:\/\/www.jovenesnucleares.org\/blog\/te-interesa\/12-meses-12-razones\/enero\/\" \/>\n<meta property=\"og:site_name\" content=\"J\u00f3venes Nucleares\" \/>\n<meta property=\"article:publisher\" content=\"https:\/\/www.facebook.com\/JovenesNucleares\" \/>\n<meta property=\"article:modified_time\" content=\"2017-04-12T07:33:08+00:00\" \/>\n<meta property=\"og:image\" content=\"http:\/\/www.jovenesnucleares.org\/blog\/wp-content\/uploads\/2017\/04\/12m12r_enero_trillo.jpg\" \/>\n<meta name=\"twitter:card\" content=\"summary_large_image\" \/>\n<meta name=\"twitter:site\" content=\"@jjnucleares\" \/>\n<meta name=\"twitter:label1\" content=\"Tiempo de lectura\" \/>\n\t<meta name=\"twitter:data1\" content=\"1 minuto\" \/>\n<script type=\"application\/ld+json\" class=\"yoast-schema-graph\">{\"@context\":\"https:\\\/\\\/schema.org\",\"@graph\":[{\"@type\":\"WebPage\",\"@id\":\"https:\\\/\\\/www.jovenesnucleares.org\\\/blog\\\/te-interesa\\\/12-meses-12-razones\\\/enero\\\/\",\"url\":\"https:\\\/\\\/www.jovenesnucleares.org\\\/blog\\\/te-interesa\\\/12-meses-12-razones\\\/enero\\\/\",\"name\":\"ENERO - J\u00f3venes Nucleares\",\"isPartOf\":{\"@id\":\"https:\\\/\\\/www.jovenesnucleares.org\\\/blog\\\/#website\"},\"primaryImageOfPage\":{\"@id\":\"https:\\\/\\\/www.jovenesnucleares.org\\\/blog\\\/te-interesa\\\/12-meses-12-razones\\\/enero\\\/#primaryimage\"},\"image\":{\"@id\":\"https:\\\/\\\/www.jovenesnucleares.org\\\/blog\\\/te-interesa\\\/12-meses-12-razones\\\/enero\\\/#primaryimage\"},\"thumbnailUrl\":\"http:\\\/\\\/www.jovenesnucleares.org\\\/blog\\\/wp-content\\\/uploads\\\/2017\\\/04\\\/12m12r_enero_trillo.jpg\",\"datePublished\":\"2017-04-12T06:59:40+00:00\",\"dateModified\":\"2017-04-12T07:33:08+00:00\",\"breadcrumb\":{\"@id\":\"https:\\\/\\\/www.jovenesnucleares.org\\\/blog\\\/te-interesa\\\/12-meses-12-razones\\\/enero\\\/#breadcrumb\"},\"inLanguage\":\"es\",\"potentialAction\":[{\"@type\":\"ReadAction\",\"target\":[\"https:\\\/\\\/www.jovenesnucleares.org\\\/blog\\\/te-interesa\\\/12-meses-12-razones\\\/enero\\\/\"]}]},{\"@type\":\"ImageObject\",\"inLanguage\":\"es\",\"@id\":\"https:\\\/\\\/www.jovenesnucleares.org\\\/blog\\\/te-interesa\\\/12-meses-12-razones\\\/enero\\\/#primaryimage\",\"url\":\"https:\\\/\\\/www.jovenesnucleares.org\\\/blog\\\/wp-content\\\/uploads\\\/2017\\\/04\\\/12m12r_enero_trillo.jpg\",\"contentUrl\":\"https:\\\/\\\/www.jovenesnucleares.org\\\/blog\\\/wp-content\\\/uploads\\\/2017\\\/04\\\/12m12r_enero_trillo.jpg\",\"width\":865,\"height\":551},{\"@type\":\"BreadcrumbList\",\"@id\":\"https:\\\/\\\/www.jovenesnucleares.org\\\/blog\\\/te-interesa\\\/12-meses-12-razones\\\/enero\\\/#breadcrumb\",\"itemListElement\":[{\"@type\":\"ListItem\",\"position\":1,\"name\":\"Portada\",\"item\":\"https:\\\/\\\/www.jovenesnucleares.org\\\/blog\\\/\"},{\"@type\":\"ListItem\",\"position\":2,\"name\":\"Te interesa\",\"item\":\"https:\\\/\\\/www.jovenesnucleares.org\\\/blog\\\/te-interesa\\\/\"},{\"@type\":\"ListItem\",\"position\":3,\"name\":\"12 meses 12 razones\",\"item\":\"https:\\\/\\\/www.jovenesnucleares.org\\\/blog\\\/te-interesa\\\/12-meses-12-razones\\\/\"},{\"@type\":\"ListItem\",\"position\":4,\"name\":\"ENERO\"}]},{\"@type\":\"WebSite\",\"@id\":\"https:\\\/\\\/www.jovenesnucleares.org\\\/blog\\\/#website\",\"url\":\"https:\\\/\\\/www.jovenesnucleares.org\\\/blog\\\/\",\"name\":\"J\u00f3venes Nucleares\",\"description\":\"Divulgaci\u00f3n de Ciencia y Tecnolog\u00eda Nuclear\",\"publisher\":{\"@id\":\"https:\\\/\\\/www.jovenesnucleares.org\\\/blog\\\/#organization\"},\"potentialAction\":[{\"@type\":\"SearchAction\",\"target\":{\"@type\":\"EntryPoint\",\"urlTemplate\":\"https:\\\/\\\/www.jovenesnucleares.org\\\/blog\\\/?s={search_term_string}\"},\"query-input\":{\"@type\":\"PropertyValueSpecification\",\"valueRequired\":true,\"valueName\":\"search_term_string\"}}],\"inLanguage\":\"es\"},{\"@type\":\"Organization\",\"@id\":\"https:\\\/\\\/www.jovenesnucleares.org\\\/blog\\\/#organization\",\"name\":\"J\u00f3venes Nucleares\",\"url\":\"https:\\\/\\\/www.jovenesnucleares.org\\\/blog\\\/\",\"logo\":{\"@type\":\"ImageObject\",\"inLanguage\":\"es\",\"@id\":\"https:\\\/\\\/www.jovenesnucleares.org\\\/blog\\\/#\\\/schema\\\/logo\\\/image\\\/\",\"url\":\"http:\\\/\\\/www.jovenesnucleares.org\\\/blog\\\/wp-content\\\/uploads\\\/2022\\\/01\\\/cropped-Logo-JJNN-principal-125px.png\",\"contentUrl\":\"http:\\\/\\\/www.jovenesnucleares.org\\\/blog\\\/wp-content\\\/uploads\\\/2022\\\/01\\\/cropped-Logo-JJNN-principal-125px.png\",\"width\":170,\"height\":70,\"caption\":\"J\u00f3venes Nucleares\"},\"image\":{\"@id\":\"https:\\\/\\\/www.jovenesnucleares.org\\\/blog\\\/#\\\/schema\\\/logo\\\/image\\\/\"},\"sameAs\":[\"https:\\\/\\\/www.facebook.com\\\/JovenesNucleares\",\"https:\\\/\\\/x.com\\\/jjnucleares\",\"https:\\\/\\\/www.instagram.com\\\/jjnucleares\\\/\",\"https:\\\/\\\/www.linkedin.com\\\/company\\\/jovenesnucleares\\\/\",\"https:\\\/\\\/www.youtube.com\\\/c\\\/JovenesNuclearesSNE\",\"https:\\\/\\\/es.wikipedia.org\\\/wiki\\\/Jovenes_Nucleares\"]}]}<\/script>\n<!-- \/ Yoast SEO plugin. -->","yoast_head_json":{"title":"ENERO - J\u00f3venes Nucleares","robots":{"index":"index","follow":"follow","max-snippet":"max-snippet:-1","max-image-preview":"max-image-preview:large","max-video-preview":"max-video-preview:-1"},"canonical":"https:\/\/www.jovenesnucleares.org\/blog\/te-interesa\/12-meses-12-razones\/enero\/","og_locale":"es_ES","og_type":"article","og_title":"ENERO - J\u00f3venes Nucleares","og_description":"En un lugar de La Mancha, de cuyo nombre no quiero acordarme&#8230; Bueno, en realidad s&iacute; que sabemos el punto exacto, y el nombre de la instalaci&oacute;n de la que os queremos hablar. En la comarca de la Alcarria, en el t&eacute;rmino municipal de Trillo (provincia de Guadalajara) y junto al curso del r&iacute;o Tajo,&hellip; Read more","og_url":"https:\/\/www.jovenesnucleares.org\/blog\/te-interesa\/12-meses-12-razones\/enero\/","og_site_name":"J\u00f3venes Nucleares","article_publisher":"https:\/\/www.facebook.com\/JovenesNucleares","article_modified_time":"2017-04-12T07:33:08+00:00","og_image":[{"url":"http:\/\/www.jovenesnucleares.org\/blog\/wp-content\/uploads\/2017\/04\/12m12r_enero_trillo.jpg","type":"","width":"","height":""}],"twitter_card":"summary_large_image","twitter_site":"@jjnucleares","twitter_misc":{"Tiempo de lectura":"1 minuto"},"schema":{"@context":"https:\/\/schema.org","@graph":[{"@type":"WebPage","@id":"https:\/\/www.jovenesnucleares.org\/blog\/te-interesa\/12-meses-12-razones\/enero\/","url":"https:\/\/www.jovenesnucleares.org\/blog\/te-interesa\/12-meses-12-razones\/enero\/","name":"ENERO - J\u00f3venes Nucleares","isPartOf":{"@id":"https:\/\/www.jovenesnucleares.org\/blog\/#website"},"primaryImageOfPage":{"@id":"https:\/\/www.jovenesnucleares.org\/blog\/te-interesa\/12-meses-12-razones\/enero\/#primaryimage"},"image":{"@id":"https:\/\/www.jovenesnucleares.org\/blog\/te-interesa\/12-meses-12-razones\/enero\/#primaryimage"},"thumbnailUrl":"http:\/\/www.jovenesnucleares.org\/blog\/wp-content\/uploads\/2017\/04\/12m12r_enero_trillo.jpg","datePublished":"2017-04-12T06:59:40+00:00","dateModified":"2017-04-12T07:33:08+00:00","breadcrumb":{"@id":"https:\/\/www.jovenesnucleares.org\/blog\/te-interesa\/12-meses-12-razones\/enero\/#breadcrumb"},"inLanguage":"es","potentialAction":[{"@type":"ReadAction","target":["https:\/\/www.jovenesnucleares.org\/blog\/te-interesa\/12-meses-12-razones\/enero\/"]}]},{"@type":"ImageObject","inLanguage":"es","@id":"https:\/\/www.jovenesnucleares.org\/blog\/te-interesa\/12-meses-12-razones\/enero\/#primaryimage","url":"https:\/\/www.jovenesnucleares.org\/blog\/wp-content\/uploads\/2017\/04\/12m12r_enero_trillo.jpg","contentUrl":"https:\/\/www.jovenesnucleares.org\/blog\/wp-content\/uploads\/2017\/04\/12m12r_enero_trillo.jpg","width":865,"height":551},{"@type":"BreadcrumbList","@id":"https:\/\/www.jovenesnucleares.org\/blog\/te-interesa\/12-meses-12-razones\/enero\/#breadcrumb","itemListElement":[{"@type":"ListItem","position":1,"name":"Portada","item":"https:\/\/www.jovenesnucleares.org\/blog\/"},{"@type":"ListItem","position":2,"name":"Te interesa","item":"https:\/\/www.jovenesnucleares.org\/blog\/te-interesa\/"},{"@type":"ListItem","position":3,"name":"12 meses 12 razones","item":"https:\/\/www.jovenesnucleares.org\/blog\/te-interesa\/12-meses-12-razones\/"},{"@type":"ListItem","position":4,"name":"ENERO"}]},{"@type":"WebSite","@id":"https:\/\/www.jovenesnucleares.org\/blog\/#website","url":"https:\/\/www.jovenesnucleares.org\/blog\/","name":"J\u00f3venes Nucleares","description":"Divulgaci\u00f3n de Ciencia y Tecnolog\u00eda Nuclear","publisher":{"@id":"https:\/\/www.jovenesnucleares.org\/blog\/#organization"},"potentialAction":[{"@type":"SearchAction","target":{"@type":"EntryPoint","urlTemplate":"https:\/\/www.jovenesnucleares.org\/blog\/?s={search_term_string}"},"query-input":{"@type":"PropertyValueSpecification","valueRequired":true,"valueName":"search_term_string"}}],"inLanguage":"es"},{"@type":"Organization","@id":"https:\/\/www.jovenesnucleares.org\/blog\/#organization","name":"J\u00f3venes Nucleares","url":"https:\/\/www.jovenesnucleares.org\/blog\/","logo":{"@type":"ImageObject","inLanguage":"es","@id":"https:\/\/www.jovenesnucleares.org\/blog\/#\/schema\/logo\/image\/","url":"http:\/\/www.jovenesnucleares.org\/blog\/wp-content\/uploads\/2022\/01\/cropped-Logo-JJNN-principal-125px.png","contentUrl":"http:\/\/www.jovenesnucleares.org\/blog\/wp-content\/uploads\/2022\/01\/cropped-Logo-JJNN-principal-125px.png","width":170,"height":70,"caption":"J\u00f3venes Nucleares"},"image":{"@id":"https:\/\/www.jovenesnucleares.org\/blog\/#\/schema\/logo\/image\/"},"sameAs":["https:\/\/www.facebook.com\/JovenesNucleares","https:\/\/x.com\/jjnucleares","https:\/\/www.instagram.com\/jjnucleares\/","https:\/\/www.linkedin.com\/company\/jovenesnucleares\/","https:\/\/www.youtube.com\/c\/JovenesNuclearesSNE","https:\/\/es.wikipedia.org\/wiki\/Jovenes_Nucleares"]}]}},"post_mailing_queue_ids":[],"_links":{"self":[{"href":"https:\/\/www.jovenesnucleares.org\/blog\/wp-json\/wp\/v2\/pages\/2373","targetHints":{"allow":["GET"]}}],"collection":[{"href":"https:\/\/www.jovenesnucleares.org\/blog\/wp-json\/wp\/v2\/pages"}],"about":[{"href":"https:\/\/www.jovenesnucleares.org\/blog\/wp-json\/wp\/v2\/types\/page"}],"author":[{"embeddable":true,"href":"https:\/\/www.jovenesnucleares.org\/blog\/wp-json\/wp\/v2\/users\/1"}],"replies":[{"embeddable":true,"href":"https:\/\/www.jovenesnucleares.org\/blog\/wp-json\/wp\/v2\/comments?post=2373"}],"version-history":[{"count":4,"href":"https:\/\/www.jovenesnucleares.org\/blog\/wp-json\/wp\/v2\/pages\/2373\/revisions"}],"predecessor-version":[{"id":2381,"href":"https:\/\/www.jovenesnucleares.org\/blog\/wp-json\/wp\/v2\/pages\/2373\/revisions\/2381"}],"up":[{"embeddable":true,"href":"https:\/\/www.jovenesnucleares.org\/blog\/wp-json\/wp\/v2\/pages\/2369"}],"wp:attachment":[{"href":"https:\/\/www.jovenesnucleares.org\/blog\/wp-json\/wp\/v2\/media?parent=2373"}],"curies":[{"name":"wp","href":"https:\/\/api.w.org\/{rel}","templated":true}]}}