{"id":2382,"date":"2017-04-12T09:11:35","date_gmt":"2017-04-12T07:11:35","guid":{"rendered":"http:\/\/www.jovenesnucleares.org\/blog\/?page_id=2382"},"modified":"2022-02-09T10:36:09","modified_gmt":"2022-02-09T08:36:09","slug":"articulos","status":"publish","type":"page","link":"https:\/\/www.jovenesnucleares.org\/blog\/te-interesa\/articulos\/","title":{"rendered":"Art\u00edculos"},"content":{"rendered":"<p>De entre todos <a href=\"http:\/\/www.jovenesnucleares.org\/blog\/?page_id=1808\">nuestros objetivos<\/a>, podemos destacar el de promover la transferencia de conocimientos y experiencias entre las generaciones madura y joven de profesionales del sector nuclear.<\/p>\n<p>De esta manera, desde JJNN hemos decidido desarrollar una campa\u00f1a de divulgaci\u00f3n de art\u00edculos t\u00e9cnicos en la que, con periodicidad mensual, alguno de nuestros colaboradores desarrollar\u00e1 determinados aspectos de la industria nuclear de los que no se dispone de demasiada informaci\u00f3n en los medios de comunicaci\u00f3n.<\/p>\n<p>Si quieres m\u00e1s informaci\u00f3n sobre esta campa\u00f1a, <a href=\"https:\/\/www.linkedin.com\/company\/jovenesnucleares\" target=\"_blank\" rel=\"noopener noreferrer\">puedes seguirnos en LinkedIn<\/a> y mantenerte informado de los avances y novedades en los aspectos m\u00e1s t\u00e9cnicos y especializados del sector nuclear.<\/p>\n<p>&#8211; <a href=\"http:\/\/www.jovenesnucleares.org\/blog\/chernobyl-verdades-pasado-decisiones-futuro\/\">Chernobyl: verdades del pasado, decisiones de futuro<\/a>, por Carlos V\u00e1zquez (UPM), 23\/07\/2019<\/p>\n<p>&#8211; <a href=\"http:\/\/www.jovenesnucleares.org\/blog\/articulos\/el-atc-espanol\/\">El ATC espa\u00f1ol, un proyecto en la encrucijada<\/a>, por Alejandro Palacio (ENSA), 27\/02\/2017<\/p>\n<p>&#8211; <a href=\"http:\/\/www.jovenesnucleares.org\/blog\/articulos\/planes-de-emergencia-en-ccnn\/\">Planes de emergencia en centrales nucleares<\/a>, por Agust\u00edn Uruburu (CNAT, Vocal de la Junta Directiva de JJNN), 15\/03\/2017<\/p>\n<p>&#8211; <a href=\"http:\/\/www.jovenesnucleares.org\/blog\/articulos\/agp\/\">Almacenamiento final de residuos &#8211; El\u00a0AGP<\/a>, por Borja Mu\u00f1oz Mardones\u00a0(miembro de JJNN), 24\/04\/2017<\/p>\n<p>&#8211; <a href=\"http:\/\/www.jovenesnucleares.org\/blog\/articulos\/la-gestion-del-combustible-gastado-en-espana-los-atis\/\">Gesti\u00f3n del combustible irradiado en Espa\u00f1a: los ATIs<\/a>, por Daniel Gallego Zamorano (ANAV), 22\/05\/2017<\/p>\n<p>&#8211; <a href=\"http:\/\/www.jovenesnucleares.org\/blog\/articulos\/reactores-reproductores\/\">Reactores reproductores<\/a>, por Josep Rey Cases (miembro de JJNN), 28\/06\/2017<\/p>\n<p>&#8211; <a href=\"http:\/\/www.jovenesnucleares.org\/blog\/articulos\/gen-iv\/\">Generaci\u00f3n IV de reactores nucleares<\/a>, por Rom\u00e1n Lanfranco Zimmermann (miembro de JJNN), 20\/09\/2017<\/p>\n<p>&#8211; <a href=\"http:\/\/www.jovenesnucleares.org\/blog\/articulos\/detectores-de-antineutrinos\/\">Detectores de antineutrinos contra la proliferaci\u00f3n nuclear<\/a>, por Daniel Sol\u00eds Tovar (miembro de JJNN), 13\/10\/2017<\/p>\n","protected":false},"excerpt":{"rendered":"<p>De entre todos nuestros objetivos, podemos destacar el de promover la transferencia de conocimientos y experiencias entre las generaciones madura y joven de profesionales del sector nuclear. De esta manera, desde JJNN hemos decidido desarrollar una campa\u00f1a de divulgaci\u00f3n de art\u00edculos t\u00e9cnicos en la que, con periodicidad mensual, alguno de nuestros colaboradores desarrollar\u00e1 determinados aspectos&hellip; <br \/> <a class=\"read-more\" href=\"https:\/\/www.jovenesnucleares.org\/blog\/te-interesa\/articulos\/\">Read more<\/a><\/p>\n","protected":false},"author":1,"featured_media":0,"parent":1836,"menu_order":6,"comment_status":"closed","ping_status":"closed","template":"","meta":{"footnotes":""},"class_list":["post-2382","page","type-page","status-publish","hentry"],"yoast_head":"<!-- This site is optimized with the Yoast SEO plugin v27.4 - https:\/\/yoast.com\/product\/yoast-seo-wordpress\/ -->\n<title>Art\u00edculos - J\u00f3venes Nucleares<\/title>\n<meta name=\"robots\" content=\"index, follow, max-snippet:-1, max-image-preview:large, max-video-preview:-1\" \/>\n<link rel=\"canonical\" href=\"https:\/\/www.jovenesnucleares.org\/blog\/te-interesa\/articulos\/\" \/>\n<meta property=\"og:locale\" content=\"es_ES\" \/>\n<meta property=\"og:type\" content=\"article\" \/>\n<meta property=\"og:title\" content=\"Art\u00edculos - J\u00f3venes Nucleares\" \/>\n<meta property=\"og:description\" content=\"De entre todos nuestros objetivos, podemos destacar el de promover la transferencia de conocimientos y experiencias entre las generaciones madura y joven de profesionales del sector nuclear. De esta manera, desde JJNN hemos decidido desarrollar una campa\u00f1a de divulgaci\u00f3n de art\u00edculos t\u00e9cnicos en la que, con periodicidad mensual, alguno de nuestros colaboradores desarrollar\u00e1 determinados aspectos&hellip; Read more\" \/>\n<meta property=\"og:url\" content=\"https:\/\/www.jovenesnucleares.org\/blog\/te-interesa\/articulos\/\" \/>\n<meta property=\"og:site_name\" content=\"J\u00f3venes Nucleares\" \/>\n<meta property=\"article:publisher\" content=\"https:\/\/www.facebook.com\/JovenesNucleares\" \/>\n<meta property=\"article:modified_time\" content=\"2022-02-09T08:36:09+00:00\" \/>\n<meta property=\"og:image\" content=\"https:\/\/www.jovenesnucleares.org\/blog\/wp-content\/uploads\/2021\/09\/cropped-Logo-JJNN-sec3-250px.png\" \/>\n\t<meta property=\"og:image:width\" content=\"512\" \/>\n\t<meta property=\"og:image:height\" content=\"512\" \/>\n\t<meta property=\"og:image:type\" content=\"image\/png\" \/>\n<meta name=\"twitter:card\" content=\"summary_large_image\" \/>\n<meta name=\"twitter:site\" content=\"@jjnucleares\" \/>\n<meta name=\"twitter:label1\" content=\"Tiempo de lectura\" \/>\n\t<meta name=\"twitter:data1\" content=\"1 minuto\" \/>\n<script type=\"application\/ld+json\" class=\"yoast-schema-graph\">{\"@context\":\"https:\\\/\\\/schema.org\",\"@graph\":[{\"@type\":\"WebPage\",\"@id\":\"https:\\\/\\\/www.jovenesnucleares.org\\\/blog\\\/te-interesa\\\/articulos\\\/\",\"url\":\"https:\\\/\\\/www.jovenesnucleares.org\\\/blog\\\/te-interesa\\\/articulos\\\/\",\"name\":\"Art\u00edculos - J\u00f3venes Nucleares\",\"isPartOf\":{\"@id\":\"https:\\\/\\\/www.jovenesnucleares.org\\\/blog\\\/#website\"},\"datePublished\":\"2017-04-12T07:11:35+00:00\",\"dateModified\":\"2022-02-09T08:36:09+00:00\",\"breadcrumb\":{\"@id\":\"https:\\\/\\\/www.jovenesnucleares.org\\\/blog\\\/te-interesa\\\/articulos\\\/#breadcrumb\"},\"inLanguage\":\"es\",\"potentialAction\":[{\"@type\":\"ReadAction\",\"target\":[\"https:\\\/\\\/www.jovenesnucleares.org\\\/blog\\\/te-interesa\\\/articulos\\\/\"]}]},{\"@type\":\"BreadcrumbList\",\"@id\":\"https:\\\/\\\/www.jovenesnucleares.org\\\/blog\\\/te-interesa\\\/articulos\\\/#breadcrumb\",\"itemListElement\":[{\"@type\":\"ListItem\",\"position\":1,\"name\":\"Portada\",\"item\":\"https:\\\/\\\/www.jovenesnucleares.org\\\/blog\\\/\"},{\"@type\":\"ListItem\",\"position\":2,\"name\":\"Te interesa\",\"item\":\"https:\\\/\\\/www.jovenesnucleares.org\\\/blog\\\/te-interesa\\\/\"},{\"@type\":\"ListItem\",\"position\":3,\"name\":\"Art\u00edculos\"}]},{\"@type\":\"WebSite\",\"@id\":\"https:\\\/\\\/www.jovenesnucleares.org\\\/blog\\\/#website\",\"url\":\"https:\\\/\\\/www.jovenesnucleares.org\\\/blog\\\/\",\"name\":\"J\u00f3venes Nucleares\",\"description\":\"Divulgaci\u00f3n de Ciencia y Tecnolog\u00eda Nuclear\",\"publisher\":{\"@id\":\"https:\\\/\\\/www.jovenesnucleares.org\\\/blog\\\/#organization\"},\"potentialAction\":[{\"@type\":\"SearchAction\",\"target\":{\"@type\":\"EntryPoint\",\"urlTemplate\":\"https:\\\/\\\/www.jovenesnucleares.org\\\/blog\\\/?s={search_term_string}\"},\"query-input\":{\"@type\":\"PropertyValueSpecification\",\"valueRequired\":true,\"valueName\":\"search_term_string\"}}],\"inLanguage\":\"es\"},{\"@type\":\"Organization\",\"@id\":\"https:\\\/\\\/www.jovenesnucleares.org\\\/blog\\\/#organization\",\"name\":\"J\u00f3venes Nucleares\",\"url\":\"https:\\\/\\\/www.jovenesnucleares.org\\\/blog\\\/\",\"logo\":{\"@type\":\"ImageObject\",\"inLanguage\":\"es\",\"@id\":\"https:\\\/\\\/www.jovenesnucleares.org\\\/blog\\\/#\\\/schema\\\/logo\\\/image\\\/\",\"url\":\"http:\\\/\\\/www.jovenesnucleares.org\\\/blog\\\/wp-content\\\/uploads\\\/2022\\\/01\\\/cropped-Logo-JJNN-principal-125px.png\",\"contentUrl\":\"http:\\\/\\\/www.jovenesnucleares.org\\\/blog\\\/wp-content\\\/uploads\\\/2022\\\/01\\\/cropped-Logo-JJNN-principal-125px.png\",\"width\":170,\"height\":70,\"caption\":\"J\u00f3venes Nucleares\"},\"image\":{\"@id\":\"https:\\\/\\\/www.jovenesnucleares.org\\\/blog\\\/#\\\/schema\\\/logo\\\/image\\\/\"},\"sameAs\":[\"https:\\\/\\\/www.facebook.com\\\/JovenesNucleares\",\"https:\\\/\\\/x.com\\\/jjnucleares\",\"https:\\\/\\\/www.instagram.com\\\/jjnucleares\\\/\",\"https:\\\/\\\/www.linkedin.com\\\/company\\\/jovenesnucleares\\\/\",\"https:\\\/\\\/www.youtube.com\\\/c\\\/JovenesNuclearesSNE\",\"https:\\\/\\\/es.wikipedia.org\\\/wiki\\\/Jovenes_Nucleares\"]}]}<\/script>\n<!-- \/ Yoast SEO plugin. -->","yoast_head_json":{"title":"Art\u00edculos - J\u00f3venes Nucleares","robots":{"index":"index","follow":"follow","max-snippet":"max-snippet:-1","max-image-preview":"max-image-preview:large","max-video-preview":"max-video-preview:-1"},"canonical":"https:\/\/www.jovenesnucleares.org\/blog\/te-interesa\/articulos\/","og_locale":"es_ES","og_type":"article","og_title":"Art\u00edculos - J\u00f3venes Nucleares","og_description":"De entre todos nuestros objetivos, podemos destacar el de promover la transferencia de conocimientos y experiencias entre las generaciones madura y joven de profesionales del sector nuclear. De esta manera, desde JJNN hemos decidido desarrollar una campa\u00f1a de divulgaci\u00f3n de art\u00edculos t\u00e9cnicos en la que, con periodicidad mensual, alguno de nuestros colaboradores desarrollar\u00e1 determinados aspectos&hellip; Read more","og_url":"https:\/\/www.jovenesnucleares.org\/blog\/te-interesa\/articulos\/","og_site_name":"J\u00f3venes Nucleares","article_publisher":"https:\/\/www.facebook.com\/JovenesNucleares","article_modified_time":"2022-02-09T08:36:09+00:00","og_image":[{"width":512,"height":512,"url":"https:\/\/www.jovenesnucleares.org\/blog\/wp-content\/uploads\/2021\/09\/cropped-Logo-JJNN-sec3-250px.png","type":"image\/png"}],"twitter_card":"summary_large_image","twitter_site":"@jjnucleares","twitter_misc":{"Tiempo de lectura":"1 minuto"},"schema":{"@context":"https:\/\/schema.org","@graph":[{"@type":"WebPage","@id":"https:\/\/www.jovenesnucleares.org\/blog\/te-interesa\/articulos\/","url":"https:\/\/www.jovenesnucleares.org\/blog\/te-interesa\/articulos\/","name":"Art\u00edculos - J\u00f3venes Nucleares","isPartOf":{"@id":"https:\/\/www.jovenesnucleares.org\/blog\/#website"},"datePublished":"2017-04-12T07:11:35+00:00","dateModified":"2022-02-09T08:36:09+00:00","breadcrumb":{"@id":"https:\/\/www.jovenesnucleares.org\/blog\/te-interesa\/articulos\/#breadcrumb"},"inLanguage":"es","potentialAction":[{"@type":"ReadAction","target":["https:\/\/www.jovenesnucleares.org\/blog\/te-interesa\/articulos\/"]}]},{"@type":"BreadcrumbList","@id":"https:\/\/www.jovenesnucleares.org\/blog\/te-interesa\/articulos\/#breadcrumb","itemListElement":[{"@type":"ListItem","position":1,"name":"Portada","item":"https:\/\/www.jovenesnucleares.org\/blog\/"},{"@type":"ListItem","position":2,"name":"Te interesa","item":"https:\/\/www.jovenesnucleares.org\/blog\/te-interesa\/"},{"@type":"ListItem","position":3,"name":"Art\u00edculos"}]},{"@type":"WebSite","@id":"https:\/\/www.jovenesnucleares.org\/blog\/#website","url":"https:\/\/www.jovenesnucleares.org\/blog\/","name":"J\u00f3venes Nucleares","description":"Divulgaci\u00f3n de Ciencia y Tecnolog\u00eda Nuclear","publisher":{"@id":"https:\/\/www.jovenesnucleares.org\/blog\/#organization"},"potentialAction":[{"@type":"SearchAction","target":{"@type":"EntryPoint","urlTemplate":"https:\/\/www.jovenesnucleares.org\/blog\/?s={search_term_string}"},"query-input":{"@type":"PropertyValueSpecification","valueRequired":true,"valueName":"search_term_string"}}],"inLanguage":"es"},{"@type":"Organization","@id":"https:\/\/www.jovenesnucleares.org\/blog\/#organization","name":"J\u00f3venes Nucleares","url":"https:\/\/www.jovenesnucleares.org\/blog\/","logo":{"@type":"ImageObject","inLanguage":"es","@id":"https:\/\/www.jovenesnucleares.org\/blog\/#\/schema\/logo\/image\/","url":"http:\/\/www.jovenesnucleares.org\/blog\/wp-content\/uploads\/2022\/01\/cropped-Logo-JJNN-principal-125px.png","contentUrl":"http:\/\/www.jovenesnucleares.org\/blog\/wp-content\/uploads\/2022\/01\/cropped-Logo-JJNN-principal-125px.png","width":170,"height":70,"caption":"J\u00f3venes Nucleares"},"image":{"@id":"https:\/\/www.jovenesnucleares.org\/blog\/#\/schema\/logo\/image\/"},"sameAs":["https:\/\/www.facebook.com\/JovenesNucleares","https:\/\/x.com\/jjnucleares","https:\/\/www.instagram.com\/jjnucleares\/","https:\/\/www.linkedin.com\/company\/jovenesnucleares\/","https:\/\/www.youtube.com\/c\/JovenesNuclearesSNE","https:\/\/es.wikipedia.org\/wiki\/Jovenes_Nucleares"]}]}},"post_mailing_queue_ids":[],"_links":{"self":[{"href":"https:\/\/www.jovenesnucleares.org\/blog\/wp-json\/wp\/v2\/pages\/2382","targetHints":{"allow":["GET"]}}],"collection":[{"href":"https:\/\/www.jovenesnucleares.org\/blog\/wp-json\/wp\/v2\/pages"}],"about":[{"href":"https:\/\/www.jovenesnucleares.org\/blog\/wp-json\/wp\/v2\/types\/page"}],"author":[{"embeddable":true,"href":"https:\/\/www.jovenesnucleares.org\/blog\/wp-json\/wp\/v2\/users\/1"}],"replies":[{"embeddable":true,"href":"https:\/\/www.jovenesnucleares.org\/blog\/wp-json\/wp\/v2\/comments?post=2382"}],"version-history":[{"count":5,"href":"https:\/\/www.jovenesnucleares.org\/blog\/wp-json\/wp\/v2\/pages\/2382\/revisions"}],"predecessor-version":[{"id":5868,"href":"https:\/\/www.jovenesnucleares.org\/blog\/wp-json\/wp\/v2\/pages\/2382\/revisions\/5868"}],"up":[{"embeddable":true,"href":"https:\/\/www.jovenesnucleares.org\/blog\/wp-json\/wp\/v2\/pages\/1836"}],"wp:attachment":[{"href":"https:\/\/www.jovenesnucleares.org\/blog\/wp-json\/wp\/v2\/media?parent=2382"}],"curies":[{"name":"wp","href":"https:\/\/api.w.org\/{rel}","templated":true}]}}