{"id":2384,"date":"2017-04-12T09:16:11","date_gmt":"2017-04-12T07:16:11","guid":{"rendered":"http:\/\/www.jovenesnucleares.org\/blog\/?page_id=2384"},"modified":"2017-04-12T09:19:13","modified_gmt":"2017-04-12T07:19:13","slug":"febrero","status":"publish","type":"page","link":"https:\/\/www.jovenesnucleares.org\/blog\/te-interesa\/12-meses-12-razones\/febrero\/","title":{"rendered":"FEBRERO"},"content":{"rendered":"<p>\n\t<em>&iquest;Sabes cu&aacute;ntos residuos radiactivos generas a lo largo de tu vida?<\/em>\n<\/p>\n<p>\n\t<a href=\"http:\/\/www.jovenesnucleares.org\/blog\/wp-content\/uploads\/2017\/04\/12m12r_febrero_residuos.jpg\" rel=\"attachment wp-att-2385\" rel=\"lightbox[2384]\"><img fetchpriority=\"high\" decoding=\"async\" alt=\"12meses_12razones_JJNN_febrero_residuos\" class=\"aligncenter size-full wp-image-2385\" height=\"548\" src=\"http:\/\/www.jovenesnucleares.org\/blog\/wp-content\/uploads\/2017\/04\/12m12r_febrero_residuos.jpg\" width=\"926\" srcset=\"https:\/\/www.jovenesnucleares.org\/blog\/wp-content\/uploads\/2017\/04\/12m12r_febrero_residuos.jpg 926w, https:\/\/www.jovenesnucleares.org\/blog\/wp-content\/uploads\/2017\/04\/12m12r_febrero_residuos-300x178.jpg 300w, https:\/\/www.jovenesnucleares.org\/blog\/wp-content\/uploads\/2017\/04\/12m12r_febrero_residuos-768x454.jpg 768w, https:\/\/www.jovenesnucleares.org\/blog\/wp-content\/uploads\/2017\/04\/12m12r_febrero_residuos-624x369.jpg 624w\" sizes=\"(max-width: 926px) 100vw, 926px\" \/><\/a>\n<\/p>\n<p style=\"text-align: justify;\">\n\tAunque no lo creas, son escas&iacute;simos.\n<\/p>\n<p style=\"text-align: justify;\">\n\tY s&iacute;, sabemos lo que est&aacute;s pensando: &quot;ser&aacute;n pocos pero muy peligrosos&quot;.\n<\/p>\n<p style=\"text-align: justify;\">\n\tPues aunque es cierto, sin embargo, el peque&ntilde;o volumen de residuos hace posible que su gesti&oacute;n se pueda realizar de una manera adecuada y segura para las personas y el medioambiente.\n<\/p>\n<p style=\"text-align: justify;\">\n\tLos residuos radiactivos se clasifican como residuos de alta actividad (RAA) y formados por los elementos de combustible gastado; residuos de media y baja actividad (RMBA), radionucleidos producidos en el proceso de fisi&oacute;n; y residuos de muy baja actividad (RBBA), fundamentalmente ropas, herramientas y otros utensilios contaminados en el mantenimiento de la central.\n<\/p>\n<p style=\"text-align: justify;\">\n\tLos <a href=\"http:\/\/www.foronuclear.org\/minisite\/energia2015\/cap.8\/08.02.htm?ml=1&amp;iframe=1\">residuos radiactivos a gestionar en Espa&ntilde;a<\/a>, por todas las Instalaciones Radioactivas y considerando 40 a&ntilde;os de funcionamiento de todas nuestras centrales nucleares es de: 12000m<sup>3<\/sup> RAA, y &nbsp;188100m<sup>3<\/sup> RBMA.\n<\/p>\n<p>\n\t<a href=\"http:\/\/www.jovenesnucleares.org\/blog\/wp-content\/uploads\/2017\/04\/Uranio_potencia.png\" rel=\"attachment wp-att-2388\" rel=\"lightbox[2384]\"><img decoding=\"async\" alt=\"Uranio_potencia\" class=\"aligncenter size-full wp-image-2388\" height=\"529\" src=\"http:\/\/www.jovenesnucleares.org\/blog\/wp-content\/uploads\/2017\/04\/Uranio_potencia.png\" width=\"888\" srcset=\"https:\/\/www.jovenesnucleares.org\/blog\/wp-content\/uploads\/2017\/04\/Uranio_potencia.png 888w, https:\/\/www.jovenesnucleares.org\/blog\/wp-content\/uploads\/2017\/04\/Uranio_potencia-300x179.png 300w, https:\/\/www.jovenesnucleares.org\/blog\/wp-content\/uploads\/2017\/04\/Uranio_potencia-768x458.png 768w, https:\/\/www.jovenesnucleares.org\/blog\/wp-content\/uploads\/2017\/04\/Uranio_potencia-624x372.png 624w\" sizes=\"(max-width: 888px) 100vw, 888px\" \/><\/a>\n<\/p>\n<p style=\"text-align: justify;\">\n\tTal y como se indica en la <a href=\"http:\/\/www.world-nuclear.org\/nuclear-basics\/what-are-nuclear-wastes.aspx\">World Nuclear Association<\/a>, la energ&iacute;a consumida por una persona en todo un a&ntilde;o, corresponde a 30g de combustible. Por lo tanto, considerando la densidad del uranio (10,97 g\/cm<sup>3<\/sup>):\n<\/p>\n<p style=\"text-align: center;\">\n\t30 [g\/a&ntilde;o] \/ 10,97 [g\/cm<sup>3<\/sup>] = 2,73 [cm<sup>3<\/sup>\/a&ntilde;o]\n<\/p>\n<p style=\"text-align: justify;\">\n\tPor lo tanto, se necesitar&iacute;an 100 a&ntilde;os para poder rellenar nuestro vaso:\n<\/p>\n<p style=\"text-align: center;\">\n\t2,73 [cm<sup>3<\/sup>\/a&ntilde;o] &middot; 100 [a&ntilde;os] = 273 cm<sup>3<\/sup> &raquo; 1 ca&ntilde;a<\/p>\n","protected":false},"excerpt":{"rendered":"<p>&iquest;Sabes cu&aacute;ntos residuos radiactivos generas a lo largo de tu vida? Aunque no lo creas, son escas&iacute;simos. Y s&iacute;, sabemos lo que est&aacute;s pensando: &quot;ser&aacute;n pocos pero muy peligrosos&quot;. Pues aunque es cierto, sin embargo, el peque&ntilde;o volumen de residuos hace posible que su gesti&oacute;n se pueda realizar de una manera adecuada y segura para&hellip; <br \/> <a class=\"read-more\" href=\"https:\/\/www.jovenesnucleares.org\/blog\/te-interesa\/12-meses-12-razones\/febrero\/\">Read more<\/a><\/p>\n","protected":false},"author":1,"featured_media":0,"parent":2369,"menu_order":1,"comment_status":"closed","ping_status":"closed","template":"","meta":{"footnotes":""},"class_list":["post-2384","page","type-page","status-publish","hentry"],"yoast_head":"<!-- This site is optimized with the Yoast SEO plugin v27.4 - https:\/\/yoast.com\/product\/yoast-seo-wordpress\/ -->\n<title>FEBRERO - J\u00f3venes Nucleares<\/title>\n<meta name=\"robots\" content=\"index, follow, max-snippet:-1, max-image-preview:large, max-video-preview:-1\" \/>\n<link rel=\"canonical\" href=\"https:\/\/www.jovenesnucleares.org\/blog\/te-interesa\/12-meses-12-razones\/febrero\/\" \/>\n<meta property=\"og:locale\" content=\"es_ES\" \/>\n<meta property=\"og:type\" content=\"article\" \/>\n<meta property=\"og:title\" content=\"FEBRERO - J\u00f3venes Nucleares\" \/>\n<meta property=\"og:description\" content=\"&iquest;Sabes cu&aacute;ntos residuos radiactivos generas a lo largo de tu vida? Aunque no lo creas, son escas&iacute;simos. Y s&iacute;, sabemos lo que est&aacute;s pensando: &quot;ser&aacute;n pocos pero muy peligrosos&quot;. Pues aunque es cierto, sin embargo, el peque&ntilde;o volumen de residuos hace posible que su gesti&oacute;n se pueda realizar de una manera adecuada y segura para&hellip; Read more\" \/>\n<meta property=\"og:url\" content=\"https:\/\/www.jovenesnucleares.org\/blog\/te-interesa\/12-meses-12-razones\/febrero\/\" \/>\n<meta property=\"og:site_name\" content=\"J\u00f3venes Nucleares\" \/>\n<meta property=\"article:publisher\" content=\"https:\/\/www.facebook.com\/JovenesNucleares\" \/>\n<meta property=\"article:modified_time\" content=\"2017-04-12T07:19:13+00:00\" \/>\n<meta property=\"og:image\" content=\"http:\/\/www.jovenesnucleares.org\/blog\/wp-content\/uploads\/2017\/04\/12m12r_febrero_residuos.jpg\" \/>\n<meta name=\"twitter:card\" content=\"summary_large_image\" \/>\n<meta name=\"twitter:site\" content=\"@jjnucleares\" \/>\n<meta name=\"twitter:label1\" content=\"Tiempo de lectura\" \/>\n\t<meta name=\"twitter:data1\" content=\"1 minuto\" \/>\n<script type=\"application\/ld+json\" class=\"yoast-schema-graph\">{\"@context\":\"https:\\\/\\\/schema.org\",\"@graph\":[{\"@type\":\"WebPage\",\"@id\":\"https:\\\/\\\/www.jovenesnucleares.org\\\/blog\\\/te-interesa\\\/12-meses-12-razones\\\/febrero\\\/\",\"url\":\"https:\\\/\\\/www.jovenesnucleares.org\\\/blog\\\/te-interesa\\\/12-meses-12-razones\\\/febrero\\\/\",\"name\":\"FEBRERO - J\u00f3venes Nucleares\",\"isPartOf\":{\"@id\":\"https:\\\/\\\/www.jovenesnucleares.org\\\/blog\\\/#website\"},\"primaryImageOfPage\":{\"@id\":\"https:\\\/\\\/www.jovenesnucleares.org\\\/blog\\\/te-interesa\\\/12-meses-12-razones\\\/febrero\\\/#primaryimage\"},\"image\":{\"@id\":\"https:\\\/\\\/www.jovenesnucleares.org\\\/blog\\\/te-interesa\\\/12-meses-12-razones\\\/febrero\\\/#primaryimage\"},\"thumbnailUrl\":\"http:\\\/\\\/www.jovenesnucleares.org\\\/blog\\\/wp-content\\\/uploads\\\/2017\\\/04\\\/12m12r_febrero_residuos.jpg\",\"datePublished\":\"2017-04-12T07:16:11+00:00\",\"dateModified\":\"2017-04-12T07:19:13+00:00\",\"breadcrumb\":{\"@id\":\"https:\\\/\\\/www.jovenesnucleares.org\\\/blog\\\/te-interesa\\\/12-meses-12-razones\\\/febrero\\\/#breadcrumb\"},\"inLanguage\":\"es\",\"potentialAction\":[{\"@type\":\"ReadAction\",\"target\":[\"https:\\\/\\\/www.jovenesnucleares.org\\\/blog\\\/te-interesa\\\/12-meses-12-razones\\\/febrero\\\/\"]}]},{\"@type\":\"ImageObject\",\"inLanguage\":\"es\",\"@id\":\"https:\\\/\\\/www.jovenesnucleares.org\\\/blog\\\/te-interesa\\\/12-meses-12-razones\\\/febrero\\\/#primaryimage\",\"url\":\"https:\\\/\\\/www.jovenesnucleares.org\\\/blog\\\/wp-content\\\/uploads\\\/2017\\\/04\\\/12m12r_febrero_residuos.jpg\",\"contentUrl\":\"https:\\\/\\\/www.jovenesnucleares.org\\\/blog\\\/wp-content\\\/uploads\\\/2017\\\/04\\\/12m12r_febrero_residuos.jpg\",\"width\":926,\"height\":548},{\"@type\":\"BreadcrumbList\",\"@id\":\"https:\\\/\\\/www.jovenesnucleares.org\\\/blog\\\/te-interesa\\\/12-meses-12-razones\\\/febrero\\\/#breadcrumb\",\"itemListElement\":[{\"@type\":\"ListItem\",\"position\":1,\"name\":\"Portada\",\"item\":\"https:\\\/\\\/www.jovenesnucleares.org\\\/blog\\\/\"},{\"@type\":\"ListItem\",\"position\":2,\"name\":\"Te interesa\",\"item\":\"https:\\\/\\\/www.jovenesnucleares.org\\\/blog\\\/te-interesa\\\/\"},{\"@type\":\"ListItem\",\"position\":3,\"name\":\"12 meses 12 razones\",\"item\":\"https:\\\/\\\/www.jovenesnucleares.org\\\/blog\\\/te-interesa\\\/12-meses-12-razones\\\/\"},{\"@type\":\"ListItem\",\"position\":4,\"name\":\"FEBRERO\"}]},{\"@type\":\"WebSite\",\"@id\":\"https:\\\/\\\/www.jovenesnucleares.org\\\/blog\\\/#website\",\"url\":\"https:\\\/\\\/www.jovenesnucleares.org\\\/blog\\\/\",\"name\":\"J\u00f3venes Nucleares\",\"description\":\"Divulgaci\u00f3n de Ciencia y Tecnolog\u00eda Nuclear\",\"publisher\":{\"@id\":\"https:\\\/\\\/www.jovenesnucleares.org\\\/blog\\\/#organization\"},\"potentialAction\":[{\"@type\":\"SearchAction\",\"target\":{\"@type\":\"EntryPoint\",\"urlTemplate\":\"https:\\\/\\\/www.jovenesnucleares.org\\\/blog\\\/?s={search_term_string}\"},\"query-input\":{\"@type\":\"PropertyValueSpecification\",\"valueRequired\":true,\"valueName\":\"search_term_string\"}}],\"inLanguage\":\"es\"},{\"@type\":\"Organization\",\"@id\":\"https:\\\/\\\/www.jovenesnucleares.org\\\/blog\\\/#organization\",\"name\":\"J\u00f3venes Nucleares\",\"url\":\"https:\\\/\\\/www.jovenesnucleares.org\\\/blog\\\/\",\"logo\":{\"@type\":\"ImageObject\",\"inLanguage\":\"es\",\"@id\":\"https:\\\/\\\/www.jovenesnucleares.org\\\/blog\\\/#\\\/schema\\\/logo\\\/image\\\/\",\"url\":\"http:\\\/\\\/www.jovenesnucleares.org\\\/blog\\\/wp-content\\\/uploads\\\/2022\\\/01\\\/cropped-Logo-JJNN-principal-125px.png\",\"contentUrl\":\"http:\\\/\\\/www.jovenesnucleares.org\\\/blog\\\/wp-content\\\/uploads\\\/2022\\\/01\\\/cropped-Logo-JJNN-principal-125px.png\",\"width\":170,\"height\":70,\"caption\":\"J\u00f3venes Nucleares\"},\"image\":{\"@id\":\"https:\\\/\\\/www.jovenesnucleares.org\\\/blog\\\/#\\\/schema\\\/logo\\\/image\\\/\"},\"sameAs\":[\"https:\\\/\\\/www.facebook.com\\\/JovenesNucleares\",\"https:\\\/\\\/x.com\\\/jjnucleares\",\"https:\\\/\\\/www.instagram.com\\\/jjnucleares\\\/\",\"https:\\\/\\\/www.linkedin.com\\\/company\\\/jovenesnucleares\\\/\",\"https:\\\/\\\/www.youtube.com\\\/c\\\/JovenesNuclearesSNE\",\"https:\\\/\\\/es.wikipedia.org\\\/wiki\\\/Jovenes_Nucleares\"]}]}<\/script>\n<!-- \/ Yoast SEO plugin. -->","yoast_head_json":{"title":"FEBRERO - J\u00f3venes Nucleares","robots":{"index":"index","follow":"follow","max-snippet":"max-snippet:-1","max-image-preview":"max-image-preview:large","max-video-preview":"max-video-preview:-1"},"canonical":"https:\/\/www.jovenesnucleares.org\/blog\/te-interesa\/12-meses-12-razones\/febrero\/","og_locale":"es_ES","og_type":"article","og_title":"FEBRERO - J\u00f3venes Nucleares","og_description":"&iquest;Sabes cu&aacute;ntos residuos radiactivos generas a lo largo de tu vida? Aunque no lo creas, son escas&iacute;simos. Y s&iacute;, sabemos lo que est&aacute;s pensando: &quot;ser&aacute;n pocos pero muy peligrosos&quot;. Pues aunque es cierto, sin embargo, el peque&ntilde;o volumen de residuos hace posible que su gesti&oacute;n se pueda realizar de una manera adecuada y segura para&hellip; Read more","og_url":"https:\/\/www.jovenesnucleares.org\/blog\/te-interesa\/12-meses-12-razones\/febrero\/","og_site_name":"J\u00f3venes Nucleares","article_publisher":"https:\/\/www.facebook.com\/JovenesNucleares","article_modified_time":"2017-04-12T07:19:13+00:00","og_image":[{"url":"http:\/\/www.jovenesnucleares.org\/blog\/wp-content\/uploads\/2017\/04\/12m12r_febrero_residuos.jpg","type":"","width":"","height":""}],"twitter_card":"summary_large_image","twitter_site":"@jjnucleares","twitter_misc":{"Tiempo de lectura":"1 minuto"},"schema":{"@context":"https:\/\/schema.org","@graph":[{"@type":"WebPage","@id":"https:\/\/www.jovenesnucleares.org\/blog\/te-interesa\/12-meses-12-razones\/febrero\/","url":"https:\/\/www.jovenesnucleares.org\/blog\/te-interesa\/12-meses-12-razones\/febrero\/","name":"FEBRERO - J\u00f3venes Nucleares","isPartOf":{"@id":"https:\/\/www.jovenesnucleares.org\/blog\/#website"},"primaryImageOfPage":{"@id":"https:\/\/www.jovenesnucleares.org\/blog\/te-interesa\/12-meses-12-razones\/febrero\/#primaryimage"},"image":{"@id":"https:\/\/www.jovenesnucleares.org\/blog\/te-interesa\/12-meses-12-razones\/febrero\/#primaryimage"},"thumbnailUrl":"http:\/\/www.jovenesnucleares.org\/blog\/wp-content\/uploads\/2017\/04\/12m12r_febrero_residuos.jpg","datePublished":"2017-04-12T07:16:11+00:00","dateModified":"2017-04-12T07:19:13+00:00","breadcrumb":{"@id":"https:\/\/www.jovenesnucleares.org\/blog\/te-interesa\/12-meses-12-razones\/febrero\/#breadcrumb"},"inLanguage":"es","potentialAction":[{"@type":"ReadAction","target":["https:\/\/www.jovenesnucleares.org\/blog\/te-interesa\/12-meses-12-razones\/febrero\/"]}]},{"@type":"ImageObject","inLanguage":"es","@id":"https:\/\/www.jovenesnucleares.org\/blog\/te-interesa\/12-meses-12-razones\/febrero\/#primaryimage","url":"https:\/\/www.jovenesnucleares.org\/blog\/wp-content\/uploads\/2017\/04\/12m12r_febrero_residuos.jpg","contentUrl":"https:\/\/www.jovenesnucleares.org\/blog\/wp-content\/uploads\/2017\/04\/12m12r_febrero_residuos.jpg","width":926,"height":548},{"@type":"BreadcrumbList","@id":"https:\/\/www.jovenesnucleares.org\/blog\/te-interesa\/12-meses-12-razones\/febrero\/#breadcrumb","itemListElement":[{"@type":"ListItem","position":1,"name":"Portada","item":"https:\/\/www.jovenesnucleares.org\/blog\/"},{"@type":"ListItem","position":2,"name":"Te interesa","item":"https:\/\/www.jovenesnucleares.org\/blog\/te-interesa\/"},{"@type":"ListItem","position":3,"name":"12 meses 12 razones","item":"https:\/\/www.jovenesnucleares.org\/blog\/te-interesa\/12-meses-12-razones\/"},{"@type":"ListItem","position":4,"name":"FEBRERO"}]},{"@type":"WebSite","@id":"https:\/\/www.jovenesnucleares.org\/blog\/#website","url":"https:\/\/www.jovenesnucleares.org\/blog\/","name":"J\u00f3venes Nucleares","description":"Divulgaci\u00f3n de Ciencia y Tecnolog\u00eda Nuclear","publisher":{"@id":"https:\/\/www.jovenesnucleares.org\/blog\/#organization"},"potentialAction":[{"@type":"SearchAction","target":{"@type":"EntryPoint","urlTemplate":"https:\/\/www.jovenesnucleares.org\/blog\/?s={search_term_string}"},"query-input":{"@type":"PropertyValueSpecification","valueRequired":true,"valueName":"search_term_string"}}],"inLanguage":"es"},{"@type":"Organization","@id":"https:\/\/www.jovenesnucleares.org\/blog\/#organization","name":"J\u00f3venes Nucleares","url":"https:\/\/www.jovenesnucleares.org\/blog\/","logo":{"@type":"ImageObject","inLanguage":"es","@id":"https:\/\/www.jovenesnucleares.org\/blog\/#\/schema\/logo\/image\/","url":"http:\/\/www.jovenesnucleares.org\/blog\/wp-content\/uploads\/2022\/01\/cropped-Logo-JJNN-principal-125px.png","contentUrl":"http:\/\/www.jovenesnucleares.org\/blog\/wp-content\/uploads\/2022\/01\/cropped-Logo-JJNN-principal-125px.png","width":170,"height":70,"caption":"J\u00f3venes Nucleares"},"image":{"@id":"https:\/\/www.jovenesnucleares.org\/blog\/#\/schema\/logo\/image\/"},"sameAs":["https:\/\/www.facebook.com\/JovenesNucleares","https:\/\/x.com\/jjnucleares","https:\/\/www.instagram.com\/jjnucleares\/","https:\/\/www.linkedin.com\/company\/jovenesnucleares\/","https:\/\/www.youtube.com\/c\/JovenesNuclearesSNE","https:\/\/es.wikipedia.org\/wiki\/Jovenes_Nucleares"]}]}},"post_mailing_queue_ids":[],"_links":{"self":[{"href":"https:\/\/www.jovenesnucleares.org\/blog\/wp-json\/wp\/v2\/pages\/2384","targetHints":{"allow":["GET"]}}],"collection":[{"href":"https:\/\/www.jovenesnucleares.org\/blog\/wp-json\/wp\/v2\/pages"}],"about":[{"href":"https:\/\/www.jovenesnucleares.org\/blog\/wp-json\/wp\/v2\/types\/page"}],"author":[{"embeddable":true,"href":"https:\/\/www.jovenesnucleares.org\/blog\/wp-json\/wp\/v2\/users\/1"}],"replies":[{"embeddable":true,"href":"https:\/\/www.jovenesnucleares.org\/blog\/wp-json\/wp\/v2\/comments?post=2384"}],"version-history":[{"count":3,"href":"https:\/\/www.jovenesnucleares.org\/blog\/wp-json\/wp\/v2\/pages\/2384\/revisions"}],"predecessor-version":[{"id":2390,"href":"https:\/\/www.jovenesnucleares.org\/blog\/wp-json\/wp\/v2\/pages\/2384\/revisions\/2390"}],"up":[{"embeddable":true,"href":"https:\/\/www.jovenesnucleares.org\/blog\/wp-json\/wp\/v2\/pages\/2369"}],"wp:attachment":[{"href":"https:\/\/www.jovenesnucleares.org\/blog\/wp-json\/wp\/v2\/media?parent=2384"}],"curies":[{"name":"wp","href":"https:\/\/api.w.org\/{rel}","templated":true}]}}