{"id":2391,"date":"2017-04-12T09:21:06","date_gmt":"2017-04-12T07:21:06","guid":{"rendered":"http:\/\/www.jovenesnucleares.org\/blog\/?page_id=2391"},"modified":"2017-04-12T09:33:07","modified_gmt":"2017-04-12T07:33:07","slug":"marzo","status":"publish","type":"page","link":"https:\/\/www.jovenesnucleares.org\/blog\/te-interesa\/12-meses-12-razones\/marzo\/","title":{"rendered":"MARZO"},"content":{"rendered":"<p>\n\t<em>De las torres de refrigeraci&oacute;n de una central nuclear, lo &uacute;nico que sale es vapor de agua.<\/em>\n<\/p>\n<p>\n\t<a href=\"http:\/\/www.jovenesnucleares.org\/blog\/wp-content\/uploads\/2017\/04\/12m12r_marzo_asco.jpg\" rel=\"attachment wp-att-2392\" rel=\"lightbox[2391]\"><img fetchpriority=\"high\" decoding=\"async\" alt=\"12meses_12razones_JJNN_marzo_asco\" class=\"aligncenter size-full wp-image-2392\" height=\"750\" src=\"http:\/\/www.jovenesnucleares.org\/blog\/wp-content\/uploads\/2017\/04\/12m12r_marzo_asco.jpg\" width=\"1000\" srcset=\"https:\/\/www.jovenesnucleares.org\/blog\/wp-content\/uploads\/2017\/04\/12m12r_marzo_asco.jpg 1000w, https:\/\/www.jovenesnucleares.org\/blog\/wp-content\/uploads\/2017\/04\/12m12r_marzo_asco-300x225.jpg 300w, https:\/\/www.jovenesnucleares.org\/blog\/wp-content\/uploads\/2017\/04\/12m12r_marzo_asco-768x576.jpg 768w, https:\/\/www.jovenesnucleares.org\/blog\/wp-content\/uploads\/2017\/04\/12m12r_marzo_asco-624x468.jpg 624w\" sizes=\"(max-width: 1000px) 100vw, 1000px\" \/><\/a>\n<\/p>\n<p style=\"text-align: justify;\">\n\tEl principio de funcionamiento de una central nuclear consiste en transformar la energ&iacute;a t&eacute;rmica liberada por el combustible en energ&iacute;a mec&aacute;nica (el calor producido en el reactor calienta agua hasta generar vapor a alta presi&oacute;n y temperatura), y &eacute;sta en energ&iacute;a el&eacute;ctrica (dicho vapor acciona una turbina acoplada a un generador el&eacute;ctrico).\n<\/p>\n<p style=\"text-align: justify;\">\n\tSin embargo, cumpliendo las leyes la termodin&aacute;mica, es necesario condensar el vapor del escape de la turbina para su retorno al ciclo de agua\/vapor. Esta condensaci&oacute;n se lleva a cabo gracias a un circuito exterior de refrigeraci&oacute;n que utiliza un gran caudal de agua que transporta la energ&iacute;a no aprovechable hasta el sumidero de calor de la central (r&iacute;o, embalse, mar o atm&oacute;sfera, en caso de que se empleen torres de refrigeraci&oacute;n.\n<\/p>\n<p>\n\t<a href=\"http:\/\/www.jovenesnucleares.org\/blog\/wp-content\/uploads\/2017\/04\/esquema_funcional_asco.png\" rel=\"attachment wp-att-2396\" style=\"\" target=\"\" title=\"\" rel=\"lightbox[2391]\"><div id=\"attachment_2396\" style=\"width: 529px\" class=\"wp-caption aligncenter\"><img decoding=\"async\" aria-describedby=\"caption-attachment-2396\" alt=\"Esquema_funcional_CNasco\" class=\"size-full wp-image-2396 wp-caption aligncenter\" height=\"258\" src=\"http:\/\/www.jovenesnucleares.org\/blog\/wp-content\/uploads\/2017\/04\/esquema_funcional_asco.png\" style=\"\" title=\"\" width=\"519\" srcset=\"https:\/\/www.jovenesnucleares.org\/blog\/wp-content\/uploads\/2017\/04\/esquema_funcional_asco.png 519w, https:\/\/www.jovenesnucleares.org\/blog\/wp-content\/uploads\/2017\/04\/esquema_funcional_asco-300x149.png 300w\" sizes=\"(max-width: 519px) 100vw, 519px\" \/><p id=\"caption-attachment-2396\" class=\"wp-caption-text\">En una central nuclear de agua a presi&oacute;n (PWR) existen tres circuitos de refrigeraci&oacute;n aislados entre s&iacute;: el circuito primario, que es el que est&aacute; en contacto con el combustible, el circuito secundario (agua\/vapor), y el circuito de refrigeraci&oacute;n exterior, que es el que est&aacute; en contacto con el medio ambiente.<\/p><\/div><\/a>\n<\/p>\n<p style=\"text-align: justify;\">\n\tPara controlar el impacto ambiental que la operaci&oacute;n de una central pueda tener en el agua de suministro exterior, la devoluci&oacute;n al medio se vigila de acuerdo con la normativa vigente, para que no haya un cambio t&eacute;rmico brusco en el ecosistema:\n<\/p>\n<ul>\n<li style=\"text-align: justify;\">\n\t\tlas autoridades hidrogr&aacute;ficas establecen limitaciones tanto en los caudales de agua que se pueden captar como en los aumentos m&aacute;ximos admitidos en su temperatura aguas abajo de la central (limitando tanto el incremento permitido como la temperatura final de la descarga);\n\t<\/li>\n<li style=\"text-align: justify;\">\n\t\tcada central nuclear tiene una concesi&oacute;n de consumo de agua, siendo &eacute;ste suficientemente grande en alguna de ellas, como CN Vandell&oacute;s o CN Almaraz, que disponen de recursos de agua abundantes en sus inmediaciones (el mar Mediterr&aacute;neo y el embalse de Arrocampo, respectivamente).\n\t<\/li>\n<\/ul>\n<p style=\"text-align: justify;\">\n\tPor otra parte, a modo de ejemplo, vemos que en el ciclo t&eacute;rmico de la CN Asc&oacute; (<a href=\"http:\/\/anav.es\/es\/nuestras-centrales\/cn-asco\/descripcion\/\">con dos reactores de 3000MWt\/1000MWe cada uno<\/a>) se pierden aproximadamente 4000 MWt entre ambas unidades, que equivalen a 960 millones de calor&iacute;as por segundo (Mcal\/s). Teniendo en cuenta que 1 Mcal calienta 1 m3 de agua 1 grado cent&iacute;grado, es f&aacute;cil calcular que para poder devolver el agua con un calentamiento menor que, por ejemplo, 3 &ordm;C:\n<\/p>\n<p style=\"text-align: justify;\">\n\tQxDT=960 Mcal\/s -&gt; Q = (960 Mcal\/s)\/(3 &ordm;C) = 320 m3\/s\n<\/p>\n<p style=\"text-align: justify;\">\n\tDe esta forma, CN Asc&oacute; necesitar&iacute;a captar 320 m3\/s de agua del r&iacute;o Ebro para poder cumplir con la limitaci&oacute;n de calentamiento al devolverla. Sin embargo, <a href=\"http:\/\/www.chebro.es\/contenido.visualizar.do?idContenido=7403&amp;idMenu=3400\">la limitaci&oacute;n establecida al caudal utilizado para esta central es de 77,32 m3\/s<\/a> que, seg&uacute;n el c&aacute;lculo anterior, &uacute;nicamente permitir&iacute;a disipar 231,96 Mcal\/s, el 25% del calor a evacuar durante este ejemplo simplificado de ciclo que hemos expuesto.\n<\/p>\n<p>\n\t<a href=\"http:\/\/www.jovenesnucleares.org\/blog\/wp-content\/uploads\/2017\/04\/torre_refrigeracion_asco.jpg\" rel=\"attachment wp-att-2398\" rel=\"lightbox[2391]\"><img decoding=\"async\" alt=\"Torre_refrigeracion_CNasco\" class=\"aligncenter size-full wp-image-2398\" height=\"534\" src=\"http:\/\/www.jovenesnucleares.org\/blog\/wp-content\/uploads\/2017\/04\/torre_refrigeracion_asco.jpg\" width=\"800\" srcset=\"https:\/\/www.jovenesnucleares.org\/blog\/wp-content\/uploads\/2017\/04\/torre_refrigeracion_asco.jpg 800w, https:\/\/www.jovenesnucleares.org\/blog\/wp-content\/uploads\/2017\/04\/torre_refrigeracion_asco-300x200.jpg 300w, https:\/\/www.jovenesnucleares.org\/blog\/wp-content\/uploads\/2017\/04\/torre_refrigeracion_asco-768x513.jpg 768w, https:\/\/www.jovenesnucleares.org\/blog\/wp-content\/uploads\/2017\/04\/torre_refrigeracion_asco-624x417.jpg 624w\" sizes=\"(max-width: 800px) 100vw, 800px\" \/><\/a>\n<\/p>\n<p style=\"text-align: justify;\">\n\t&iquest;C&oacute;mo soluciona la instalaci&oacute;n este problema? Ayud&aacute;ndose del empleo de torres de refrigeraci&oacute;n, en las que el agua de aporte que sale caliente del condensador se lleva a la parte superior de las torres, donde cae en forma de lluvia y evapor&aacute;ndose en parte en contacto con el aire ascendente que entra por la base, mientras que el resto del agua, que no se ha evaporado, se recircula despu&eacute;s al r&iacute;o Ebro en las condiciones permitidas y adecuadas para limitar el impacto medioambiental.<\/p>\n","protected":false},"excerpt":{"rendered":"<p>De las torres de refrigeraci&oacute;n de una central nuclear, lo &uacute;nico que sale es vapor de agua. El principio de funcionamiento de una central nuclear consiste en transformar la energ&iacute;a t&eacute;rmica liberada por el combustible en energ&iacute;a mec&aacute;nica (el calor producido en el reactor calienta agua hasta generar vapor a alta presi&oacute;n y temperatura), y&hellip; <br \/> <a class=\"read-more\" href=\"https:\/\/www.jovenesnucleares.org\/blog\/te-interesa\/12-meses-12-razones\/marzo\/\">Read more<\/a><\/p>\n","protected":false},"author":1,"featured_media":0,"parent":2369,"menu_order":2,"comment_status":"closed","ping_status":"closed","template":"","meta":{"footnotes":""},"class_list":["post-2391","page","type-page","status-publish","hentry"],"yoast_head":"<!-- This site is optimized with the Yoast SEO plugin v27.4 - https:\/\/yoast.com\/product\/yoast-seo-wordpress\/ -->\n<title>MARZO - J\u00f3venes Nucleares<\/title>\n<meta name=\"robots\" content=\"index, follow, max-snippet:-1, max-image-preview:large, max-video-preview:-1\" \/>\n<link rel=\"canonical\" href=\"https:\/\/www.jovenesnucleares.org\/blog\/te-interesa\/12-meses-12-razones\/marzo\/\" \/>\n<meta property=\"og:locale\" content=\"es_ES\" \/>\n<meta property=\"og:type\" content=\"article\" \/>\n<meta property=\"og:title\" content=\"MARZO - J\u00f3venes Nucleares\" \/>\n<meta property=\"og:description\" content=\"De las torres de refrigeraci&oacute;n de una central nuclear, lo &uacute;nico que sale es vapor de agua. El principio de funcionamiento de una central nuclear consiste en transformar la energ&iacute;a t&eacute;rmica liberada por el combustible en energ&iacute;a mec&aacute;nica (el calor producido en el reactor calienta agua hasta generar vapor a alta presi&oacute;n y temperatura), y&hellip; Read more\" \/>\n<meta property=\"og:url\" content=\"https:\/\/www.jovenesnucleares.org\/blog\/te-interesa\/12-meses-12-razones\/marzo\/\" \/>\n<meta property=\"og:site_name\" content=\"J\u00f3venes Nucleares\" \/>\n<meta property=\"article:publisher\" content=\"https:\/\/www.facebook.com\/JovenesNucleares\" \/>\n<meta property=\"article:modified_time\" content=\"2017-04-12T07:33:07+00:00\" \/>\n<meta property=\"og:image\" content=\"http:\/\/www.jovenesnucleares.org\/blog\/wp-content\/uploads\/2017\/04\/12m12r_marzo_asco.jpg\" \/>\n<meta name=\"twitter:card\" content=\"summary_large_image\" \/>\n<meta name=\"twitter:site\" content=\"@jjnucleares\" \/>\n<meta name=\"twitter:label1\" content=\"Tiempo de lectura\" \/>\n\t<meta name=\"twitter:data1\" content=\"3 minutos\" \/>\n<script type=\"application\/ld+json\" class=\"yoast-schema-graph\">{\"@context\":\"https:\\\/\\\/schema.org\",\"@graph\":[{\"@type\":\"WebPage\",\"@id\":\"https:\\\/\\\/www.jovenesnucleares.org\\\/blog\\\/te-interesa\\\/12-meses-12-razones\\\/marzo\\\/\",\"url\":\"https:\\\/\\\/www.jovenesnucleares.org\\\/blog\\\/te-interesa\\\/12-meses-12-razones\\\/marzo\\\/\",\"name\":\"MARZO - J\u00f3venes Nucleares\",\"isPartOf\":{\"@id\":\"https:\\\/\\\/www.jovenesnucleares.org\\\/blog\\\/#website\"},\"primaryImageOfPage\":{\"@id\":\"https:\\\/\\\/www.jovenesnucleares.org\\\/blog\\\/te-interesa\\\/12-meses-12-razones\\\/marzo\\\/#primaryimage\"},\"image\":{\"@id\":\"https:\\\/\\\/www.jovenesnucleares.org\\\/blog\\\/te-interesa\\\/12-meses-12-razones\\\/marzo\\\/#primaryimage\"},\"thumbnailUrl\":\"http:\\\/\\\/www.jovenesnucleares.org\\\/blog\\\/wp-content\\\/uploads\\\/2017\\\/04\\\/12m12r_marzo_asco.jpg\",\"datePublished\":\"2017-04-12T07:21:06+00:00\",\"dateModified\":\"2017-04-12T07:33:07+00:00\",\"breadcrumb\":{\"@id\":\"https:\\\/\\\/www.jovenesnucleares.org\\\/blog\\\/te-interesa\\\/12-meses-12-razones\\\/marzo\\\/#breadcrumb\"},\"inLanguage\":\"es\",\"potentialAction\":[{\"@type\":\"ReadAction\",\"target\":[\"https:\\\/\\\/www.jovenesnucleares.org\\\/blog\\\/te-interesa\\\/12-meses-12-razones\\\/marzo\\\/\"]}]},{\"@type\":\"ImageObject\",\"inLanguage\":\"es\",\"@id\":\"https:\\\/\\\/www.jovenesnucleares.org\\\/blog\\\/te-interesa\\\/12-meses-12-razones\\\/marzo\\\/#primaryimage\",\"url\":\"https:\\\/\\\/www.jovenesnucleares.org\\\/blog\\\/wp-content\\\/uploads\\\/2017\\\/04\\\/12m12r_marzo_asco.jpg\",\"contentUrl\":\"https:\\\/\\\/www.jovenesnucleares.org\\\/blog\\\/wp-content\\\/uploads\\\/2017\\\/04\\\/12m12r_marzo_asco.jpg\",\"width\":1000,\"height\":750},{\"@type\":\"BreadcrumbList\",\"@id\":\"https:\\\/\\\/www.jovenesnucleares.org\\\/blog\\\/te-interesa\\\/12-meses-12-razones\\\/marzo\\\/#breadcrumb\",\"itemListElement\":[{\"@type\":\"ListItem\",\"position\":1,\"name\":\"Portada\",\"item\":\"https:\\\/\\\/www.jovenesnucleares.org\\\/blog\\\/\"},{\"@type\":\"ListItem\",\"position\":2,\"name\":\"Te interesa\",\"item\":\"https:\\\/\\\/www.jovenesnucleares.org\\\/blog\\\/te-interesa\\\/\"},{\"@type\":\"ListItem\",\"position\":3,\"name\":\"12 meses 12 razones\",\"item\":\"https:\\\/\\\/www.jovenesnucleares.org\\\/blog\\\/te-interesa\\\/12-meses-12-razones\\\/\"},{\"@type\":\"ListItem\",\"position\":4,\"name\":\"MARZO\"}]},{\"@type\":\"WebSite\",\"@id\":\"https:\\\/\\\/www.jovenesnucleares.org\\\/blog\\\/#website\",\"url\":\"https:\\\/\\\/www.jovenesnucleares.org\\\/blog\\\/\",\"name\":\"J\u00f3venes Nucleares\",\"description\":\"Divulgaci\u00f3n de Ciencia y Tecnolog\u00eda Nuclear\",\"publisher\":{\"@id\":\"https:\\\/\\\/www.jovenesnucleares.org\\\/blog\\\/#organization\"},\"potentialAction\":[{\"@type\":\"SearchAction\",\"target\":{\"@type\":\"EntryPoint\",\"urlTemplate\":\"https:\\\/\\\/www.jovenesnucleares.org\\\/blog\\\/?s={search_term_string}\"},\"query-input\":{\"@type\":\"PropertyValueSpecification\",\"valueRequired\":true,\"valueName\":\"search_term_string\"}}],\"inLanguage\":\"es\"},{\"@type\":\"Organization\",\"@id\":\"https:\\\/\\\/www.jovenesnucleares.org\\\/blog\\\/#organization\",\"name\":\"J\u00f3venes Nucleares\",\"url\":\"https:\\\/\\\/www.jovenesnucleares.org\\\/blog\\\/\",\"logo\":{\"@type\":\"ImageObject\",\"inLanguage\":\"es\",\"@id\":\"https:\\\/\\\/www.jovenesnucleares.org\\\/blog\\\/#\\\/schema\\\/logo\\\/image\\\/\",\"url\":\"http:\\\/\\\/www.jovenesnucleares.org\\\/blog\\\/wp-content\\\/uploads\\\/2022\\\/01\\\/cropped-Logo-JJNN-principal-125px.png\",\"contentUrl\":\"http:\\\/\\\/www.jovenesnucleares.org\\\/blog\\\/wp-content\\\/uploads\\\/2022\\\/01\\\/cropped-Logo-JJNN-principal-125px.png\",\"width\":170,\"height\":70,\"caption\":\"J\u00f3venes Nucleares\"},\"image\":{\"@id\":\"https:\\\/\\\/www.jovenesnucleares.org\\\/blog\\\/#\\\/schema\\\/logo\\\/image\\\/\"},\"sameAs\":[\"https:\\\/\\\/www.facebook.com\\\/JovenesNucleares\",\"https:\\\/\\\/x.com\\\/jjnucleares\",\"https:\\\/\\\/www.instagram.com\\\/jjnucleares\\\/\",\"https:\\\/\\\/www.linkedin.com\\\/company\\\/jovenesnucleares\\\/\",\"https:\\\/\\\/www.youtube.com\\\/c\\\/JovenesNuclearesSNE\",\"https:\\\/\\\/es.wikipedia.org\\\/wiki\\\/Jovenes_Nucleares\"]}]}<\/script>\n<!-- \/ Yoast SEO plugin. -->","yoast_head_json":{"title":"MARZO - J\u00f3venes Nucleares","robots":{"index":"index","follow":"follow","max-snippet":"max-snippet:-1","max-image-preview":"max-image-preview:large","max-video-preview":"max-video-preview:-1"},"canonical":"https:\/\/www.jovenesnucleares.org\/blog\/te-interesa\/12-meses-12-razones\/marzo\/","og_locale":"es_ES","og_type":"article","og_title":"MARZO - J\u00f3venes Nucleares","og_description":"De las torres de refrigeraci&oacute;n de una central nuclear, lo &uacute;nico que sale es vapor de agua. El principio de funcionamiento de una central nuclear consiste en transformar la energ&iacute;a t&eacute;rmica liberada por el combustible en energ&iacute;a mec&aacute;nica (el calor producido en el reactor calienta agua hasta generar vapor a alta presi&oacute;n y temperatura), y&hellip; Read more","og_url":"https:\/\/www.jovenesnucleares.org\/blog\/te-interesa\/12-meses-12-razones\/marzo\/","og_site_name":"J\u00f3venes Nucleares","article_publisher":"https:\/\/www.facebook.com\/JovenesNucleares","article_modified_time":"2017-04-12T07:33:07+00:00","og_image":[{"url":"http:\/\/www.jovenesnucleares.org\/blog\/wp-content\/uploads\/2017\/04\/12m12r_marzo_asco.jpg","type":"","width":"","height":""}],"twitter_card":"summary_large_image","twitter_site":"@jjnucleares","twitter_misc":{"Tiempo de lectura":"3 minutos"},"schema":{"@context":"https:\/\/schema.org","@graph":[{"@type":"WebPage","@id":"https:\/\/www.jovenesnucleares.org\/blog\/te-interesa\/12-meses-12-razones\/marzo\/","url":"https:\/\/www.jovenesnucleares.org\/blog\/te-interesa\/12-meses-12-razones\/marzo\/","name":"MARZO - J\u00f3venes Nucleares","isPartOf":{"@id":"https:\/\/www.jovenesnucleares.org\/blog\/#website"},"primaryImageOfPage":{"@id":"https:\/\/www.jovenesnucleares.org\/blog\/te-interesa\/12-meses-12-razones\/marzo\/#primaryimage"},"image":{"@id":"https:\/\/www.jovenesnucleares.org\/blog\/te-interesa\/12-meses-12-razones\/marzo\/#primaryimage"},"thumbnailUrl":"http:\/\/www.jovenesnucleares.org\/blog\/wp-content\/uploads\/2017\/04\/12m12r_marzo_asco.jpg","datePublished":"2017-04-12T07:21:06+00:00","dateModified":"2017-04-12T07:33:07+00:00","breadcrumb":{"@id":"https:\/\/www.jovenesnucleares.org\/blog\/te-interesa\/12-meses-12-razones\/marzo\/#breadcrumb"},"inLanguage":"es","potentialAction":[{"@type":"ReadAction","target":["https:\/\/www.jovenesnucleares.org\/blog\/te-interesa\/12-meses-12-razones\/marzo\/"]}]},{"@type":"ImageObject","inLanguage":"es","@id":"https:\/\/www.jovenesnucleares.org\/blog\/te-interesa\/12-meses-12-razones\/marzo\/#primaryimage","url":"https:\/\/www.jovenesnucleares.org\/blog\/wp-content\/uploads\/2017\/04\/12m12r_marzo_asco.jpg","contentUrl":"https:\/\/www.jovenesnucleares.org\/blog\/wp-content\/uploads\/2017\/04\/12m12r_marzo_asco.jpg","width":1000,"height":750},{"@type":"BreadcrumbList","@id":"https:\/\/www.jovenesnucleares.org\/blog\/te-interesa\/12-meses-12-razones\/marzo\/#breadcrumb","itemListElement":[{"@type":"ListItem","position":1,"name":"Portada","item":"https:\/\/www.jovenesnucleares.org\/blog\/"},{"@type":"ListItem","position":2,"name":"Te interesa","item":"https:\/\/www.jovenesnucleares.org\/blog\/te-interesa\/"},{"@type":"ListItem","position":3,"name":"12 meses 12 razones","item":"https:\/\/www.jovenesnucleares.org\/blog\/te-interesa\/12-meses-12-razones\/"},{"@type":"ListItem","position":4,"name":"MARZO"}]},{"@type":"WebSite","@id":"https:\/\/www.jovenesnucleares.org\/blog\/#website","url":"https:\/\/www.jovenesnucleares.org\/blog\/","name":"J\u00f3venes Nucleares","description":"Divulgaci\u00f3n de Ciencia y Tecnolog\u00eda Nuclear","publisher":{"@id":"https:\/\/www.jovenesnucleares.org\/blog\/#organization"},"potentialAction":[{"@type":"SearchAction","target":{"@type":"EntryPoint","urlTemplate":"https:\/\/www.jovenesnucleares.org\/blog\/?s={search_term_string}"},"query-input":{"@type":"PropertyValueSpecification","valueRequired":true,"valueName":"search_term_string"}}],"inLanguage":"es"},{"@type":"Organization","@id":"https:\/\/www.jovenesnucleares.org\/blog\/#organization","name":"J\u00f3venes Nucleares","url":"https:\/\/www.jovenesnucleares.org\/blog\/","logo":{"@type":"ImageObject","inLanguage":"es","@id":"https:\/\/www.jovenesnucleares.org\/blog\/#\/schema\/logo\/image\/","url":"http:\/\/www.jovenesnucleares.org\/blog\/wp-content\/uploads\/2022\/01\/cropped-Logo-JJNN-principal-125px.png","contentUrl":"http:\/\/www.jovenesnucleares.org\/blog\/wp-content\/uploads\/2022\/01\/cropped-Logo-JJNN-principal-125px.png","width":170,"height":70,"caption":"J\u00f3venes Nucleares"},"image":{"@id":"https:\/\/www.jovenesnucleares.org\/blog\/#\/schema\/logo\/image\/"},"sameAs":["https:\/\/www.facebook.com\/JovenesNucleares","https:\/\/x.com\/jjnucleares","https:\/\/www.instagram.com\/jjnucleares\/","https:\/\/www.linkedin.com\/company\/jovenesnucleares\/","https:\/\/www.youtube.com\/c\/JovenesNuclearesSNE","https:\/\/es.wikipedia.org\/wiki\/Jovenes_Nucleares"]}]}},"post_mailing_queue_ids":[],"_links":{"self":[{"href":"https:\/\/www.jovenesnucleares.org\/blog\/wp-json\/wp\/v2\/pages\/2391","targetHints":{"allow":["GET"]}}],"collection":[{"href":"https:\/\/www.jovenesnucleares.org\/blog\/wp-json\/wp\/v2\/pages"}],"about":[{"href":"https:\/\/www.jovenesnucleares.org\/blog\/wp-json\/wp\/v2\/types\/page"}],"author":[{"embeddable":true,"href":"https:\/\/www.jovenesnucleares.org\/blog\/wp-json\/wp\/v2\/users\/1"}],"replies":[{"embeddable":true,"href":"https:\/\/www.jovenesnucleares.org\/blog\/wp-json\/wp\/v2\/comments?post=2391"}],"version-history":[{"count":6,"href":"https:\/\/www.jovenesnucleares.org\/blog\/wp-json\/wp\/v2\/pages\/2391\/revisions"}],"predecessor-version":[{"id":2401,"href":"https:\/\/www.jovenesnucleares.org\/blog\/wp-json\/wp\/v2\/pages\/2391\/revisions\/2401"}],"up":[{"embeddable":true,"href":"https:\/\/www.jovenesnucleares.org\/blog\/wp-json\/wp\/v2\/pages\/2369"}],"wp:attachment":[{"href":"https:\/\/www.jovenesnucleares.org\/blog\/wp-json\/wp\/v2\/media?parent=2391"}],"curies":[{"name":"wp","href":"https:\/\/api.w.org\/{rel}","templated":true}]}}