{"id":2408,"date":"2017-04-12T09:40:35","date_gmt":"2017-04-12T07:40:35","guid":{"rendered":"http:\/\/www.jovenesnucleares.org\/blog\/?page_id=2408"},"modified":"2017-05-22T09:43:55","modified_gmt":"2017-05-22T07:43:55","slug":"el-atc-espanol","status":"publish","type":"page","link":"https:\/\/www.jovenesnucleares.org\/blog\/te-interesa\/articulos\/el-atc-espanol\/","title":{"rendered":"EL ATC ESPA\u00d1OL"},"content":{"rendered":"<p style=\"text-align: justify;\">\n\tEl Almac&eacute;n Temporal Centralizado (ATC) es uno de los proyectos m&aacute;s importantes de la industria nuclear espa&ntilde;ola en los &uacute;ltimos 25 a&ntilde;os.\n<\/p>\n<p style=\"text-align: justify;\">\n\tLos principales objetivos del ATC son:\n<\/p>\n<p style=\"text-align: justify;\">\n\t<em>&nbsp;&nbsp; (i)<\/em> albergar en un &uacute;nico emplazamiento y de manera temporal, el combustible usado de las centrales nucleares espa&ntilde;olas, de una forma segura para las personas y el medioambiente,\n<\/p>\n<p style=\"text-align: justify;\">\n\t<em>&nbsp;&nbsp; (ii)<\/em> recepcionar y almacenar los residuos de alta actividad provenientes del reprocesado del combustible gastado de la Central Nuclear de Vandell&oacute;s I, que actualmente est&aacute;n ubicados en Francia y\n<\/p>\n<p style=\"text-align: justify;\">\n\t<em>&nbsp;&nbsp; (iii)<\/em> realizar una gesti&oacute;n segura y eficaz de todos los residuos de alta actividad generados en Espa&ntilde;a, en espera de su almacenamiento definitivo en un Almac&eacute;n Geol&oacute;gico Profundo. La centralizaci&oacute;n de los materiales a almacenar permite optimizar los recursos necesarios para su control.\n<\/p>\n<p style=\"text-align: justify;\">\n\tEl ATC ser&aacute; una instalaci&oacute;n de referencia en el mundo que albergar&aacute;, adem&aacute;s de las instalaciones destinadas a la gesti&oacute;n y almacenamiento de los residuos de alta actividad, un Centro Tecnol&oacute;gico Asociado (CTA) con varios laboratorios: Laboratorio de Combustible Gastado y Residuos Radiactivos, Laboratorio de Caracterizaci&oacute;n de Procesos y Medio Ambiente, Laboratorio de Materiales, Laboratorio de Prototipos Industriales y, por &uacute;ltimo, un vivero para el desarrollo de nuevas empresas.\n<\/p>\n<p>\n\t<a href=\"http:\/\/www.jovenesnucleares.org\/blog\/wp-content\/uploads\/2017\/04\/ATC_ENRESA.png\" rel=\"attachment wp-att-2420\" rel=\"lightbox[2408]\"><img fetchpriority=\"high\" decoding=\"async\" alt=\"ATC_ENRESA\" class=\"aligncenter size-full wp-image-2420\" height=\"306\" src=\"http:\/\/www.jovenesnucleares.org\/blog\/wp-content\/uploads\/2017\/04\/ATC_ENRESA.png\" width=\"600\" srcset=\"https:\/\/www.jovenesnucleares.org\/blog\/wp-content\/uploads\/2017\/04\/ATC_ENRESA.png 600w, https:\/\/www.jovenesnucleares.org\/blog\/wp-content\/uploads\/2017\/04\/ATC_ENRESA-300x153.png 300w\" sizes=\"(max-width: 600px) 100vw, 600px\" \/><\/a>\n<\/p>\n<p style=\"text-align: justify;\">\n\tEste ambicioso proyecto, tan importante y necesario para la industria nuclear espa&ntilde;ola y para la sostenibilidad de nuestro pa&iacute;s, tuvo el pistoletazo de salida en el a&ntilde;o 2006. Ese a&ntilde;o, el Consejo de Ministros aprob&oacute; el <a href=\"http:\/\/www.jovenesnucleares.org\/blog\/wp-content\/uploads\/2017\/04\/6PGRR_Espa_ol_Libro_versi_n_indexada.pdf\">6&ordm; Plan General de Residuos Radiactivos (PGRR)<\/a>, que establece la estrategia y actividades a seguir en Espa&ntilde;a en relaci&oacute;n con los residuos radiactivos de alta actividad. Aunque en ediciones anteriores de este Plan ya se contemplaba el ATC como la soluci&oacute;n de referencia, en el 6&ordm; Plan se incluye la construcci&oacute;n y puesta en marcha del ATC como opci&oacute;n prioritaria para nuestro pa&iacute;s, como una soluci&oacute;n necesaria para desacoplar la gesti&oacute;n intermedia de la definitiva y que a su vez permita la clausura de las instalaciones nucleares y la desclasificaci&oacute;n de los emplazamientos, una vez hayan cumplido su vida operativa.\n<\/p>\n<p style=\"text-align: justify;\">\n\tEl proceso de selecci&oacute;n del emplazamiento del ATC fue aprobado por el Gobierno aprob&oacute; el 23 de junio de 2006 mediante la creaci&oacute;n de una Comisi&oacute;n Interministerial, apoyada a su vez por un Comit&eacute; Asesor T&eacute;cnico, para velar por el cumplimiento de los principios de voluntariedad, democracia y transparencia que deb&iacute;an presidir dicho proceso.\n<\/p>\n<p style=\"text-align: justify;\">\n\tSin embargo, el proyecto empez&oacute; a sufrir complicaciones en 2011, una vez que el Consejo de Ministros aprob&oacute; el emplazamiento del ATC en el municipio de Villar de Ca&ntilde;as, provincia de Cuenca (Castilla-La Mancha), seleccionado entre las cuatro candidaturas finalistas de las ocho inicialmente admitidas para evaluaci&oacute;n. Una vez iniciados los trabajos de caracterizaci&oacute;n detallada del emplazamiento y del dise&ntilde;o de detalle de la instalaci&oacute;n, comenzaron los problemas pol&iacute;ticos y medi&aacute;ticos que hasta la fecha han dificultado el normal desarrollo del proyecto. Como hito principal a destacar, se puede rese&ntilde;ar que en 2015 el nuevo equipo de Gobierno de Castilla-La Mancha decidi&oacute; ampliar la Zona de Especial Protecci&oacute;n para las Aves (ZEPA) de la Laguna del Hito, incluyendo dentro de su l&iacute;mite el emplazamiento aprobado para la construcci&oacute;n del ATC.\n<\/p>\n<p style=\"text-align: justify;\">\n\tRecientemente, en enero de 2017, el Tribunal Supremo suspendi&oacute; cautelarmente el acuerdo del Gobierno de Castilla-La Mancha, indicando que &eacute;ste est&aacute; llevando al pa&iacute;s al &laquo;entorpecimiento para la gesti&oacute;n de los residuos radioactivos y, por consiguiente, al debilitamiento de la seguridad nuclear&raquo;, con el da&ntilde;o que supone para un servicio p&uacute;blico esencial.\n<\/p>\n<p style=\"text-align: justify;\">\n\tEl retraso en la construcci&oacute;n del ATC ha derivado en que las centrales nucleares espa&ntilde;olas se han visto obligadas a construir instalaciones de <a href=\"http:\/\/www.jovenesnucleares.org\/blog\/articulos\/la-gestion-del-combustible-gastado-en-espana-los-atis\/\">almacenamiento temporal individualizado (ATI)<\/a>. Por tanto, en lugar de tener una &uacute;nica instalaci&oacute;n para el almacenamiento del combustible gastado y de los residuos de alta actividad, puede que se acabe construyendo siete ATIs, con el consiguiente sobrecoste y la imposibilidad de desclasificar los emplazamientos tras el desmantelamiento de las centrales nucleares.\n<\/p>\n<p>\n\t&nbsp;\n<\/p>\n<p style=\"text-align: justify;\">\n\tDesde J&oacute;venes Nucleares queremos destacar la importancia del proyecto del ATC. Espa&ntilde;a necesita una pol&iacute;tica claramente definida y consensuada en la gesti&oacute;n del combustible gastado y de los residuos de alta actividad. Disponer de una instalaci&oacute;n centralizada para el almacenamiento temporal del combustible gastado y de sus residuos de alta actividad, permitir&aacute; continuar con la operaci&oacute;n segura de las centrales nucleares a largo plazo y facilitar su futuro desmantelamiento tras concluir su vida operativa, tal y como se est&aacute; desarrollando en los pa&iacute;ses de nuestro entorno con el necesario consenso social y pol&iacute;tico.\n<\/p>\n<div>\n<div id=\"ftn1\">\n<p style=\"text-align: justify;\">\n\t\t\tLa desclasificaci&oacute;n de una instalaci&oacute;n nuclear se entiende como el momento en que los riesgos residuales de la central y su antiguo emplazamiento se han eliminado por completo, o bien hayan sido reducidos al m&iacute;nimo aceptable. Tras la desclasificaci&oacute;n como instalaci&oacute;n nuclear, se puede proceder a la clausura de la misma.\n\t\t<\/p>\n<p style=\"text-align: right;\">\n\t\t\t<strong>Alejandro Palacio<\/strong>\n\t\t<\/p>\n<p style=\"text-align: right;\">\n\t\t\t<em>ENSA<\/em>\n\t\t<\/p>\n<p style=\"text-align: right;\">\n\t\t\t<em>27 de febrero de 2017<\/em>\n\t\t<\/p>\n<p>\n\t\t\t&nbsp;\n\t\t<\/p>\n<p>\n\t\t\t&nbsp;\n\t\t<\/p>\n<p>\n\t\t\t&nbsp;\n\t\t<\/p>\n<p>\n\t\t\t&nbsp;\n\t\t<\/p>\n<p>\n\t\t\t&nbsp;\n\t\t<\/p>\n<p>\n\t\t\t&nbsp;\n\t\t<\/p>\n<\/p><\/div>\n<\/div>\n","protected":false},"excerpt":{"rendered":"<p>El Almac&eacute;n Temporal Centralizado (ATC) es uno de los proyectos m&aacute;s importantes de la industria nuclear espa&ntilde;ola en los &uacute;ltimos 25 a&ntilde;os. Los principales objetivos del ATC son: &nbsp;&nbsp; (i) albergar en un &uacute;nico emplazamiento y de manera temporal, el combustible usado de las centrales nucleares espa&ntilde;olas, de una forma segura para las personas y&hellip; <br \/> <a class=\"read-more\" href=\"https:\/\/www.jovenesnucleares.org\/blog\/te-interesa\/articulos\/el-atc-espanol\/\">Read more<\/a><\/p>\n","protected":false},"author":1,"featured_media":0,"parent":2382,"menu_order":0,"comment_status":"closed","ping_status":"closed","template":"","meta":{"footnotes":""},"class_list":["post-2408","page","type-page","status-publish","hentry"],"yoast_head":"<!-- This site is optimized with the Yoast SEO plugin v27.4 - https:\/\/yoast.com\/product\/yoast-seo-wordpress\/ -->\n<title>EL ATC ESPA\u00d1OL - J\u00f3venes Nucleares<\/title>\n<meta name=\"robots\" content=\"index, follow, max-snippet:-1, max-image-preview:large, max-video-preview:-1\" \/>\n<link rel=\"canonical\" href=\"https:\/\/www.jovenesnucleares.org\/blog\/te-interesa\/articulos\/el-atc-espanol\/\" \/>\n<meta property=\"og:locale\" content=\"es_ES\" \/>\n<meta property=\"og:type\" content=\"article\" \/>\n<meta property=\"og:title\" content=\"EL ATC ESPA\u00d1OL - J\u00f3venes Nucleares\" \/>\n<meta property=\"og:description\" content=\"El Almac&eacute;n Temporal Centralizado (ATC) es uno de los proyectos m&aacute;s importantes de la industria nuclear espa&ntilde;ola en los &uacute;ltimos 25 a&ntilde;os. Los principales objetivos del ATC son: &nbsp;&nbsp; (i) albergar en un &uacute;nico emplazamiento y de manera temporal, el combustible usado de las centrales nucleares espa&ntilde;olas, de una forma segura para las personas y&hellip; Read more\" \/>\n<meta property=\"og:url\" content=\"https:\/\/www.jovenesnucleares.org\/blog\/te-interesa\/articulos\/el-atc-espanol\/\" \/>\n<meta property=\"og:site_name\" content=\"J\u00f3venes Nucleares\" \/>\n<meta property=\"article:publisher\" content=\"https:\/\/www.facebook.com\/JovenesNucleares\" \/>\n<meta property=\"article:modified_time\" content=\"2017-05-22T07:43:55+00:00\" \/>\n<meta property=\"og:image\" content=\"http:\/\/www.jovenesnucleares.org\/blog\/wp-content\/uploads\/2017\/04\/ATC_ENRESA.png\" \/>\n<meta name=\"twitter:card\" content=\"summary_large_image\" \/>\n<meta name=\"twitter:site\" content=\"@jjnucleares\" \/>\n<meta name=\"twitter:label1\" content=\"Tiempo de lectura\" \/>\n\t<meta name=\"twitter:data1\" content=\"5 minutos\" \/>\n<script type=\"application\/ld+json\" class=\"yoast-schema-graph\">{\"@context\":\"https:\\\/\\\/schema.org\",\"@graph\":[{\"@type\":\"WebPage\",\"@id\":\"https:\\\/\\\/www.jovenesnucleares.org\\\/blog\\\/te-interesa\\\/articulos\\\/el-atc-espanol\\\/\",\"url\":\"https:\\\/\\\/www.jovenesnucleares.org\\\/blog\\\/te-interesa\\\/articulos\\\/el-atc-espanol\\\/\",\"name\":\"EL ATC ESPA\u00d1OL - J\u00f3venes Nucleares\",\"isPartOf\":{\"@id\":\"https:\\\/\\\/www.jovenesnucleares.org\\\/blog\\\/#website\"},\"primaryImageOfPage\":{\"@id\":\"https:\\\/\\\/www.jovenesnucleares.org\\\/blog\\\/te-interesa\\\/articulos\\\/el-atc-espanol\\\/#primaryimage\"},\"image\":{\"@id\":\"https:\\\/\\\/www.jovenesnucleares.org\\\/blog\\\/te-interesa\\\/articulos\\\/el-atc-espanol\\\/#primaryimage\"},\"thumbnailUrl\":\"http:\\\/\\\/www.jovenesnucleares.org\\\/blog\\\/wp-content\\\/uploads\\\/2017\\\/04\\\/ATC_ENRESA.png\",\"datePublished\":\"2017-04-12T07:40:35+00:00\",\"dateModified\":\"2017-05-22T07:43:55+00:00\",\"breadcrumb\":{\"@id\":\"https:\\\/\\\/www.jovenesnucleares.org\\\/blog\\\/te-interesa\\\/articulos\\\/el-atc-espanol\\\/#breadcrumb\"},\"inLanguage\":\"es\",\"potentialAction\":[{\"@type\":\"ReadAction\",\"target\":[\"https:\\\/\\\/www.jovenesnucleares.org\\\/blog\\\/te-interesa\\\/articulos\\\/el-atc-espanol\\\/\"]}]},{\"@type\":\"ImageObject\",\"inLanguage\":\"es\",\"@id\":\"https:\\\/\\\/www.jovenesnucleares.org\\\/blog\\\/te-interesa\\\/articulos\\\/el-atc-espanol\\\/#primaryimage\",\"url\":\"https:\\\/\\\/www.jovenesnucleares.org\\\/blog\\\/wp-content\\\/uploads\\\/2017\\\/04\\\/ATC_ENRESA.png\",\"contentUrl\":\"https:\\\/\\\/www.jovenesnucleares.org\\\/blog\\\/wp-content\\\/uploads\\\/2017\\\/04\\\/ATC_ENRESA.png\",\"width\":600,\"height\":306},{\"@type\":\"BreadcrumbList\",\"@id\":\"https:\\\/\\\/www.jovenesnucleares.org\\\/blog\\\/te-interesa\\\/articulos\\\/el-atc-espanol\\\/#breadcrumb\",\"itemListElement\":[{\"@type\":\"ListItem\",\"position\":1,\"name\":\"Portada\",\"item\":\"https:\\\/\\\/www.jovenesnucleares.org\\\/blog\\\/\"},{\"@type\":\"ListItem\",\"position\":2,\"name\":\"Te interesa\",\"item\":\"https:\\\/\\\/www.jovenesnucleares.org\\\/blog\\\/te-interesa\\\/\"},{\"@type\":\"ListItem\",\"position\":3,\"name\":\"Art\u00edculos\",\"item\":\"https:\\\/\\\/www.jovenesnucleares.org\\\/blog\\\/te-interesa\\\/articulos\\\/\"},{\"@type\":\"ListItem\",\"position\":4,\"name\":\"EL ATC ESPA\u00d1OL\"}]},{\"@type\":\"WebSite\",\"@id\":\"https:\\\/\\\/www.jovenesnucleares.org\\\/blog\\\/#website\",\"url\":\"https:\\\/\\\/www.jovenesnucleares.org\\\/blog\\\/\",\"name\":\"J\u00f3venes Nucleares\",\"description\":\"Divulgaci\u00f3n de Ciencia y Tecnolog\u00eda Nuclear\",\"publisher\":{\"@id\":\"https:\\\/\\\/www.jovenesnucleares.org\\\/blog\\\/#organization\"},\"potentialAction\":[{\"@type\":\"SearchAction\",\"target\":{\"@type\":\"EntryPoint\",\"urlTemplate\":\"https:\\\/\\\/www.jovenesnucleares.org\\\/blog\\\/?s={search_term_string}\"},\"query-input\":{\"@type\":\"PropertyValueSpecification\",\"valueRequired\":true,\"valueName\":\"search_term_string\"}}],\"inLanguage\":\"es\"},{\"@type\":\"Organization\",\"@id\":\"https:\\\/\\\/www.jovenesnucleares.org\\\/blog\\\/#organization\",\"name\":\"J\u00f3venes Nucleares\",\"url\":\"https:\\\/\\\/www.jovenesnucleares.org\\\/blog\\\/\",\"logo\":{\"@type\":\"ImageObject\",\"inLanguage\":\"es\",\"@id\":\"https:\\\/\\\/www.jovenesnucleares.org\\\/blog\\\/#\\\/schema\\\/logo\\\/image\\\/\",\"url\":\"http:\\\/\\\/www.jovenesnucleares.org\\\/blog\\\/wp-content\\\/uploads\\\/2022\\\/01\\\/cropped-Logo-JJNN-principal-125px.png\",\"contentUrl\":\"http:\\\/\\\/www.jovenesnucleares.org\\\/blog\\\/wp-content\\\/uploads\\\/2022\\\/01\\\/cropped-Logo-JJNN-principal-125px.png\",\"width\":170,\"height\":70,\"caption\":\"J\u00f3venes Nucleares\"},\"image\":{\"@id\":\"https:\\\/\\\/www.jovenesnucleares.org\\\/blog\\\/#\\\/schema\\\/logo\\\/image\\\/\"},\"sameAs\":[\"https:\\\/\\\/www.facebook.com\\\/JovenesNucleares\",\"https:\\\/\\\/x.com\\\/jjnucleares\",\"https:\\\/\\\/www.instagram.com\\\/jjnucleares\\\/\",\"https:\\\/\\\/www.linkedin.com\\\/company\\\/jovenesnucleares\\\/\",\"https:\\\/\\\/www.youtube.com\\\/c\\\/JovenesNuclearesSNE\",\"https:\\\/\\\/es.wikipedia.org\\\/wiki\\\/Jovenes_Nucleares\"]}]}<\/script>\n<!-- \/ Yoast SEO plugin. -->","yoast_head_json":{"title":"EL ATC ESPA\u00d1OL - J\u00f3venes Nucleares","robots":{"index":"index","follow":"follow","max-snippet":"max-snippet:-1","max-image-preview":"max-image-preview:large","max-video-preview":"max-video-preview:-1"},"canonical":"https:\/\/www.jovenesnucleares.org\/blog\/te-interesa\/articulos\/el-atc-espanol\/","og_locale":"es_ES","og_type":"article","og_title":"EL ATC ESPA\u00d1OL - J\u00f3venes Nucleares","og_description":"El Almac&eacute;n Temporal Centralizado (ATC) es uno de los proyectos m&aacute;s importantes de la industria nuclear espa&ntilde;ola en los &uacute;ltimos 25 a&ntilde;os. Los principales objetivos del ATC son: &nbsp;&nbsp; (i) albergar en un &uacute;nico emplazamiento y de manera temporal, el combustible usado de las centrales nucleares espa&ntilde;olas, de una forma segura para las personas y&hellip; Read more","og_url":"https:\/\/www.jovenesnucleares.org\/blog\/te-interesa\/articulos\/el-atc-espanol\/","og_site_name":"J\u00f3venes Nucleares","article_publisher":"https:\/\/www.facebook.com\/JovenesNucleares","article_modified_time":"2017-05-22T07:43:55+00:00","og_image":[{"url":"http:\/\/www.jovenesnucleares.org\/blog\/wp-content\/uploads\/2017\/04\/ATC_ENRESA.png","type":"","width":"","height":""}],"twitter_card":"summary_large_image","twitter_site":"@jjnucleares","twitter_misc":{"Tiempo de lectura":"5 minutos"},"schema":{"@context":"https:\/\/schema.org","@graph":[{"@type":"WebPage","@id":"https:\/\/www.jovenesnucleares.org\/blog\/te-interesa\/articulos\/el-atc-espanol\/","url":"https:\/\/www.jovenesnucleares.org\/blog\/te-interesa\/articulos\/el-atc-espanol\/","name":"EL ATC ESPA\u00d1OL - J\u00f3venes Nucleares","isPartOf":{"@id":"https:\/\/www.jovenesnucleares.org\/blog\/#website"},"primaryImageOfPage":{"@id":"https:\/\/www.jovenesnucleares.org\/blog\/te-interesa\/articulos\/el-atc-espanol\/#primaryimage"},"image":{"@id":"https:\/\/www.jovenesnucleares.org\/blog\/te-interesa\/articulos\/el-atc-espanol\/#primaryimage"},"thumbnailUrl":"http:\/\/www.jovenesnucleares.org\/blog\/wp-content\/uploads\/2017\/04\/ATC_ENRESA.png","datePublished":"2017-04-12T07:40:35+00:00","dateModified":"2017-05-22T07:43:55+00:00","breadcrumb":{"@id":"https:\/\/www.jovenesnucleares.org\/blog\/te-interesa\/articulos\/el-atc-espanol\/#breadcrumb"},"inLanguage":"es","potentialAction":[{"@type":"ReadAction","target":["https:\/\/www.jovenesnucleares.org\/blog\/te-interesa\/articulos\/el-atc-espanol\/"]}]},{"@type":"ImageObject","inLanguage":"es","@id":"https:\/\/www.jovenesnucleares.org\/blog\/te-interesa\/articulos\/el-atc-espanol\/#primaryimage","url":"https:\/\/www.jovenesnucleares.org\/blog\/wp-content\/uploads\/2017\/04\/ATC_ENRESA.png","contentUrl":"https:\/\/www.jovenesnucleares.org\/blog\/wp-content\/uploads\/2017\/04\/ATC_ENRESA.png","width":600,"height":306},{"@type":"BreadcrumbList","@id":"https:\/\/www.jovenesnucleares.org\/blog\/te-interesa\/articulos\/el-atc-espanol\/#breadcrumb","itemListElement":[{"@type":"ListItem","position":1,"name":"Portada","item":"https:\/\/www.jovenesnucleares.org\/blog\/"},{"@type":"ListItem","position":2,"name":"Te interesa","item":"https:\/\/www.jovenesnucleares.org\/blog\/te-interesa\/"},{"@type":"ListItem","position":3,"name":"Art\u00edculos","item":"https:\/\/www.jovenesnucleares.org\/blog\/te-interesa\/articulos\/"},{"@type":"ListItem","position":4,"name":"EL ATC ESPA\u00d1OL"}]},{"@type":"WebSite","@id":"https:\/\/www.jovenesnucleares.org\/blog\/#website","url":"https:\/\/www.jovenesnucleares.org\/blog\/","name":"J\u00f3venes Nucleares","description":"Divulgaci\u00f3n de Ciencia y Tecnolog\u00eda Nuclear","publisher":{"@id":"https:\/\/www.jovenesnucleares.org\/blog\/#organization"},"potentialAction":[{"@type":"SearchAction","target":{"@type":"EntryPoint","urlTemplate":"https:\/\/www.jovenesnucleares.org\/blog\/?s={search_term_string}"},"query-input":{"@type":"PropertyValueSpecification","valueRequired":true,"valueName":"search_term_string"}}],"inLanguage":"es"},{"@type":"Organization","@id":"https:\/\/www.jovenesnucleares.org\/blog\/#organization","name":"J\u00f3venes Nucleares","url":"https:\/\/www.jovenesnucleares.org\/blog\/","logo":{"@type":"ImageObject","inLanguage":"es","@id":"https:\/\/www.jovenesnucleares.org\/blog\/#\/schema\/logo\/image\/","url":"http:\/\/www.jovenesnucleares.org\/blog\/wp-content\/uploads\/2022\/01\/cropped-Logo-JJNN-principal-125px.png","contentUrl":"http:\/\/www.jovenesnucleares.org\/blog\/wp-content\/uploads\/2022\/01\/cropped-Logo-JJNN-principal-125px.png","width":170,"height":70,"caption":"J\u00f3venes Nucleares"},"image":{"@id":"https:\/\/www.jovenesnucleares.org\/blog\/#\/schema\/logo\/image\/"},"sameAs":["https:\/\/www.facebook.com\/JovenesNucleares","https:\/\/x.com\/jjnucleares","https:\/\/www.instagram.com\/jjnucleares\/","https:\/\/www.linkedin.com\/company\/jovenesnucleares\/","https:\/\/www.youtube.com\/c\/JovenesNuclearesSNE","https:\/\/es.wikipedia.org\/wiki\/Jovenes_Nucleares"]}]}},"post_mailing_queue_ids":[],"_links":{"self":[{"href":"https:\/\/www.jovenesnucleares.org\/blog\/wp-json\/wp\/v2\/pages\/2408","targetHints":{"allow":["GET"]}}],"collection":[{"href":"https:\/\/www.jovenesnucleares.org\/blog\/wp-json\/wp\/v2\/pages"}],"about":[{"href":"https:\/\/www.jovenesnucleares.org\/blog\/wp-json\/wp\/v2\/types\/page"}],"author":[{"embeddable":true,"href":"https:\/\/www.jovenesnucleares.org\/blog\/wp-json\/wp\/v2\/users\/1"}],"replies":[{"embeddable":true,"href":"https:\/\/www.jovenesnucleares.org\/blog\/wp-json\/wp\/v2\/comments?post=2408"}],"version-history":[{"count":5,"href":"https:\/\/www.jovenesnucleares.org\/blog\/wp-json\/wp\/v2\/pages\/2408\/revisions"}],"predecessor-version":[{"id":2604,"href":"https:\/\/www.jovenesnucleares.org\/blog\/wp-json\/wp\/v2\/pages\/2408\/revisions\/2604"}],"up":[{"embeddable":true,"href":"https:\/\/www.jovenesnucleares.org\/blog\/wp-json\/wp\/v2\/pages\/2382"}],"wp:attachment":[{"href":"https:\/\/www.jovenesnucleares.org\/blog\/wp-json\/wp\/v2\/media?parent=2408"}],"curies":[{"name":"wp","href":"https:\/\/api.w.org\/{rel}","templated":true}]}}