{"id":2423,"date":"2017-04-12T10:04:00","date_gmt":"2017-04-12T08:04:00","guid":{"rendered":"http:\/\/www.jovenesnucleares.org\/blog\/?page_id=2423"},"modified":"2017-04-12T10:12:46","modified_gmt":"2017-04-12T08:12:46","slug":"planes-de-emergencia-en-ccnn","status":"publish","type":"page","link":"https:\/\/www.jovenesnucleares.org\/blog\/te-interesa\/articulos\/planes-de-emergencia-en-ccnn\/","title":{"rendered":"PLANES DE EMERGENCIA EN CCNN"},"content":{"rendered":"<p style=\"text-align: justify;\">\n\tEl suceso natural acaecido en Jap&oacute;n en marzo de 2011, que deriv&oacute; en el accidente nuclear en la central de producci&oacute;n el&eacute;ctrica de Fukushima, actu&oacute; de desencadenante de diversas conversaciones y debates en torno a la seguridad de estas instalaciones. Por un lado, hizo que las compa&ntilde;&iacute;as operadoras de las centrales analizaran las capacidades reales de resistencia frente a sucesos naturales extremos, e implantaran mejoras significativas que las reforzasen. Por otro lado, hizo que la poblaci&oacute;n se cuestionara c&oacute;mo de seguras son las centrales, no ya en operaci&oacute;n normal, sino en situaciones extremas como la acaecida en Fukushima.\n<\/p>\n<p style=\"text-align: justify;\">\n\tLa preparaci&oacute;n o planificaci&oacute;n de emergencias se refiere al desarrollo de planes de actuaci&oacute;n, as&iacute; como al establecimiento de los medios y recursos necesarios para implementar dichos planes en caso de emergencia nuclear o radiol&oacute;gica. La respuesta en emergencias se refiere a la activaci&oacute;n de dichos planes en caso de emergencia, y se lleva a cabo a dos niveles, a saber, el nivel de respuesta interior, responsabilidad de la compa&ntilde;&iacute;a operadora de la central, y el nivel de respuesta exterior, responsabilidad de las autoridades competentes en la regi&oacute;n donde se ubica la central.\n<\/p>\n<p style=\"text-align: justify;\">\n\tEl Reglamento sobre Instalaciones Nucleares y Radiactivas, aprobado mediante Real Decreto, establece el requisito de disponer de un Plan de Emergencia Interior que permita identificar sucesos iniciadores de emergencia, categorizar estas en base a la extensi&oacute;n del da&ntilde;o a la planta o merma de la capacidad de control de la misma, derivadas de dicho suceso, e implementar las acciones de respuesta apropiadas seg&uacute;n la categor&iacute;a de emergencia, con objeto de mitigar las consecuencias del suceso y mantener la planta en un estado controlado y estable. Estos sucesos pueden ser fallos directos de sistemas de operaci&oacute;n, eventos naturales (terremotos, incendios, inundaciones, etc.) o acciones maliciosas y, dependiendo de la severidad del da&ntilde;o causado y la capacidad de control de la situaci&oacute;n, podr&iacute;an causar en &uacute;ltimo extremo la degradaci&oacute;n y p&eacute;rdida de varias de las barreras f&iacute;sicas a la liberaci&oacute;n de productos radiactivos al exterior.\n<\/p>\n<p style=\"text-align: justify;\">\n\tLas acciones de respuesta en emergencia se agrupan, en funci&oacute;n de su naturaleza, en: acciones de protecci&oacute;n (relativas a la protecci&oacute;n f&iacute;sica de los trabajadores de la central, incluyendo las personas que ejecutan las acciones de respuesta), acciones de correcci&oacute;n (relativas a la reparaci&oacute;n de equipos da&ntilde;ados, extinci&oacute;n de incendios, etc.), acciones de operaci&oacute;n (relativas a la parada, refrigeraci&oacute;n y enfriamiento del reactor) y acciones de asistencia y rescate de personas afectadas.\n<\/p>\n<p style=\"text-align: justify;\">\n\tLas centrales nucleares incluyen en su organizaci&oacute;n departamentos dedicados a la planificaci&oacute;n de la respuesta ante emergencias, y disponen de equipos multidisciplinares de actuaci&oacute;n en emergencia, formados por profesionales que reciben formaci&oacute;n peri&oacute;dica. Adicionalmente se llevan a cabo anualmente varios simulacros de diverso alcance, tanto dentro de la instalaci&oacute;n como en el exterior, en colaboraci&oacute;n con todas las organizaciones involucradas, &nbsp;en los que se verifica la capacidad de respuesta ante emergencias.\n<\/p>\n<p style=\"text-align: justify;\">\n\tEl Plan B&aacute;sico de Emergencia Nuclear (PLABEN), aprobado mediante Real Decreto, establece el requisito de disponer de un Plan de Emergencia Exterior, responsabilidad de las autoridades competentes en la regi&oacute;n donde se ubica la central, que defina las medidas de protecci&oacute;n de la poblaci&oacute;n alrededor de la central, en caso de que la emergencia tenga repercusiones en el exterior debido a la liberaci&oacute;n de productos radiactivos al exterior. Las medidas consideradas, aplicables en diferentes radios de alcance e intervalos temporales, son: refugio y aislamiento, profilaxis, evacuaci&oacute;n, descontaminaci&oacute;n y restricciones al consumo de agua y alimentos.\n<\/p>\n<p style=\"text-align: justify;\">\n\tDe esta manera, en Espa&ntilde;a se desarrollaron los Planes de Emergencia Nuclear del nivel de respuesta exteriores a las Centrales Nucleares de Santa Mar&iacute;a de Garo&ntilde;a (PENBU), Almaraz (PENCA), Jos&eacute; Cabrera y Trillo (PENGUA), Asc&oacute; y Vandell&ograve;s II (PENTA) y Cofrentes (PENVA).\n<\/p>\n<p style=\"text-align: justify;\">\n\t<a href=\"http:\/\/www.jovenesnucleares.org\/blog\/wp-content\/uploads\/2017\/04\/CAGE-ANAV.jpg\" rel=\"attachment wp-att-2431\" style=\"\" target=\"\" title=\"\" rel=\"lightbox[2423]\"><div id=\"attachment_2431\" style=\"width: 635px\" class=\"wp-caption aligncenter\"><img fetchpriority=\"high\" decoding=\"async\" aria-describedby=\"caption-attachment-2431\" alt=\"CAGE_ANAV\" class=\"size-large wp-image-2431 wp-caption aligncenter\" height=\"469\" src=\"http:\/\/www.jovenesnucleares.org\/blog\/wp-content\/uploads\/2017\/04\/CAGE-ANAV-1024x768.jpg\" style=\"\" title=\"\" width=\"625\" srcset=\"https:\/\/www.jovenesnucleares.org\/blog\/wp-content\/uploads\/2017\/04\/CAGE-ANAV-1024x768.jpg 1024w, https:\/\/www.jovenesnucleares.org\/blog\/wp-content\/uploads\/2017\/04\/CAGE-ANAV-300x225.jpg 300w, https:\/\/www.jovenesnucleares.org\/blog\/wp-content\/uploads\/2017\/04\/CAGE-ANAV-768x576.jpg 768w, https:\/\/www.jovenesnucleares.org\/blog\/wp-content\/uploads\/2017\/04\/CAGE-ANAV-624x468.jpg 624w\" sizes=\"(max-width: 625px) 100vw, 625px\" \/><p id=\"caption-attachment-2431\" class=\"wp-caption-text\">Centro de Apoyo y Gesti&oacute;n en Emergencia (CAGE) de la Central Nuclear de Asc&oacute;<\/p><\/div><\/a>\n<\/p>\n<p style=\"text-align: justify;\">\n\tActualmente existen protocolos de cooperaci&oacute;n entre las centrales nucleares y las autoridades competentes, tanto en materia de planificaci&oacute;n (para el desarrollo de programas de formaci&oacute;n y entrenamiento en acciones de respuesta y la dotaci&oacute;n de medios materiales para uso en emergencia), como en el &aacute;mbito de la respuesta en emergencias (para la prestaci&oacute;n de servicios de protecci&oacute;n y reparaci&oacute;n tanto dentro como fuera del emplazamiento), asegur&aacute;ndose de este modo la respuesta m&aacute;s eficiente a todos los niveles en caso de emergencia nuclear.\n<\/p>\n<p style=\"text-align: right;\">\n\t<strong>Agust&iacute;n Uruburu<\/strong>\n<\/p>\n<p style=\"text-align: right;\">\n\t<em>CNAT \/ Vocal de la Junta Directiva de JJNN<\/em>\n<\/p>\n<p style=\"text-align: right;\">\n\t<em>15 de marzo de 2017<\/em><\/p>\n","protected":false},"excerpt":{"rendered":"<p>El suceso natural acaecido en Jap&oacute;n en marzo de 2011, que deriv&oacute; en el accidente nuclear en la central de producci&oacute;n el&eacute;ctrica de Fukushima, actu&oacute; de desencadenante de diversas conversaciones y debates en torno a la seguridad de estas instalaciones. Por un lado, hizo que las compa&ntilde;&iacute;as operadoras de las centrales analizaran las capacidades reales&hellip; <br \/> <a class=\"read-more\" href=\"https:\/\/www.jovenesnucleares.org\/blog\/te-interesa\/articulos\/planes-de-emergencia-en-ccnn\/\">Read more<\/a><\/p>\n","protected":false},"author":1,"featured_media":0,"parent":2382,"menu_order":1,"comment_status":"closed","ping_status":"closed","template":"","meta":{"footnotes":""},"class_list":["post-2423","page","type-page","status-publish","hentry"],"yoast_head":"<!-- This site is optimized with the Yoast SEO plugin v27.4 - https:\/\/yoast.com\/product\/yoast-seo-wordpress\/ -->\n<title>PLANES DE EMERGENCIA EN CCNN - J\u00f3venes Nucleares<\/title>\n<meta name=\"robots\" content=\"index, follow, max-snippet:-1, max-image-preview:large, max-video-preview:-1\" \/>\n<link rel=\"canonical\" href=\"https:\/\/www.jovenesnucleares.org\/blog\/te-interesa\/articulos\/planes-de-emergencia-en-ccnn\/\" \/>\n<meta property=\"og:locale\" content=\"es_ES\" \/>\n<meta property=\"og:type\" content=\"article\" \/>\n<meta property=\"og:title\" content=\"PLANES DE EMERGENCIA EN CCNN - J\u00f3venes Nucleares\" \/>\n<meta property=\"og:description\" content=\"El suceso natural acaecido en Jap&oacute;n en marzo de 2011, que deriv&oacute; en el accidente nuclear en la central de producci&oacute;n el&eacute;ctrica de Fukushima, actu&oacute; de desencadenante de diversas conversaciones y debates en torno a la seguridad de estas instalaciones. Por un lado, hizo que las compa&ntilde;&iacute;as operadoras de las centrales analizaran las capacidades reales&hellip; Read more\" \/>\n<meta property=\"og:url\" content=\"https:\/\/www.jovenesnucleares.org\/blog\/te-interesa\/articulos\/planes-de-emergencia-en-ccnn\/\" \/>\n<meta property=\"og:site_name\" content=\"J\u00f3venes Nucleares\" \/>\n<meta property=\"article:publisher\" content=\"https:\/\/www.facebook.com\/JovenesNucleares\" \/>\n<meta property=\"article:modified_time\" content=\"2017-04-12T08:12:46+00:00\" \/>\n<meta property=\"og:image\" content=\"http:\/\/www.jovenesnucleares.org\/blog\/wp-content\/uploads\/2017\/04\/CAGE-ANAV-1024x768.jpg\" \/>\n<meta name=\"twitter:card\" content=\"summary_large_image\" \/>\n<meta name=\"twitter:site\" content=\"@jjnucleares\" \/>\n<meta name=\"twitter:label1\" content=\"Tiempo de lectura\" \/>\n\t<meta name=\"twitter:data1\" content=\"4 minutos\" \/>\n<script type=\"application\/ld+json\" class=\"yoast-schema-graph\">{\"@context\":\"https:\\\/\\\/schema.org\",\"@graph\":[{\"@type\":\"WebPage\",\"@id\":\"https:\\\/\\\/www.jovenesnucleares.org\\\/blog\\\/te-interesa\\\/articulos\\\/planes-de-emergencia-en-ccnn\\\/\",\"url\":\"https:\\\/\\\/www.jovenesnucleares.org\\\/blog\\\/te-interesa\\\/articulos\\\/planes-de-emergencia-en-ccnn\\\/\",\"name\":\"PLANES DE EMERGENCIA EN CCNN - J\u00f3venes Nucleares\",\"isPartOf\":{\"@id\":\"https:\\\/\\\/www.jovenesnucleares.org\\\/blog\\\/#website\"},\"primaryImageOfPage\":{\"@id\":\"https:\\\/\\\/www.jovenesnucleares.org\\\/blog\\\/te-interesa\\\/articulos\\\/planes-de-emergencia-en-ccnn\\\/#primaryimage\"},\"image\":{\"@id\":\"https:\\\/\\\/www.jovenesnucleares.org\\\/blog\\\/te-interesa\\\/articulos\\\/planes-de-emergencia-en-ccnn\\\/#primaryimage\"},\"thumbnailUrl\":\"http:\\\/\\\/www.jovenesnucleares.org\\\/blog\\\/wp-content\\\/uploads\\\/2017\\\/04\\\/CAGE-ANAV-1024x768.jpg\",\"datePublished\":\"2017-04-12T08:04:00+00:00\",\"dateModified\":\"2017-04-12T08:12:46+00:00\",\"breadcrumb\":{\"@id\":\"https:\\\/\\\/www.jovenesnucleares.org\\\/blog\\\/te-interesa\\\/articulos\\\/planes-de-emergencia-en-ccnn\\\/#breadcrumb\"},\"inLanguage\":\"es\",\"potentialAction\":[{\"@type\":\"ReadAction\",\"target\":[\"https:\\\/\\\/www.jovenesnucleares.org\\\/blog\\\/te-interesa\\\/articulos\\\/planes-de-emergencia-en-ccnn\\\/\"]}]},{\"@type\":\"ImageObject\",\"inLanguage\":\"es\",\"@id\":\"https:\\\/\\\/www.jovenesnucleares.org\\\/blog\\\/te-interesa\\\/articulos\\\/planes-de-emergencia-en-ccnn\\\/#primaryimage\",\"url\":\"https:\\\/\\\/www.jovenesnucleares.org\\\/blog\\\/wp-content\\\/uploads\\\/2017\\\/04\\\/CAGE-ANAV.jpg\",\"contentUrl\":\"https:\\\/\\\/www.jovenesnucleares.org\\\/blog\\\/wp-content\\\/uploads\\\/2017\\\/04\\\/CAGE-ANAV.jpg\",\"width\":4000,\"height\":3000},{\"@type\":\"BreadcrumbList\",\"@id\":\"https:\\\/\\\/www.jovenesnucleares.org\\\/blog\\\/te-interesa\\\/articulos\\\/planes-de-emergencia-en-ccnn\\\/#breadcrumb\",\"itemListElement\":[{\"@type\":\"ListItem\",\"position\":1,\"name\":\"Portada\",\"item\":\"https:\\\/\\\/www.jovenesnucleares.org\\\/blog\\\/\"},{\"@type\":\"ListItem\",\"position\":2,\"name\":\"Te interesa\",\"item\":\"https:\\\/\\\/www.jovenesnucleares.org\\\/blog\\\/te-interesa\\\/\"},{\"@type\":\"ListItem\",\"position\":3,\"name\":\"Art\u00edculos\",\"item\":\"https:\\\/\\\/www.jovenesnucleares.org\\\/blog\\\/te-interesa\\\/articulos\\\/\"},{\"@type\":\"ListItem\",\"position\":4,\"name\":\"PLANES DE EMERGENCIA EN CCNN\"}]},{\"@type\":\"WebSite\",\"@id\":\"https:\\\/\\\/www.jovenesnucleares.org\\\/blog\\\/#website\",\"url\":\"https:\\\/\\\/www.jovenesnucleares.org\\\/blog\\\/\",\"name\":\"J\u00f3venes Nucleares\",\"description\":\"Divulgaci\u00f3n de Ciencia y Tecnolog\u00eda Nuclear\",\"publisher\":{\"@id\":\"https:\\\/\\\/www.jovenesnucleares.org\\\/blog\\\/#organization\"},\"potentialAction\":[{\"@type\":\"SearchAction\",\"target\":{\"@type\":\"EntryPoint\",\"urlTemplate\":\"https:\\\/\\\/www.jovenesnucleares.org\\\/blog\\\/?s={search_term_string}\"},\"query-input\":{\"@type\":\"PropertyValueSpecification\",\"valueRequired\":true,\"valueName\":\"search_term_string\"}}],\"inLanguage\":\"es\"},{\"@type\":\"Organization\",\"@id\":\"https:\\\/\\\/www.jovenesnucleares.org\\\/blog\\\/#organization\",\"name\":\"J\u00f3venes Nucleares\",\"url\":\"https:\\\/\\\/www.jovenesnucleares.org\\\/blog\\\/\",\"logo\":{\"@type\":\"ImageObject\",\"inLanguage\":\"es\",\"@id\":\"https:\\\/\\\/www.jovenesnucleares.org\\\/blog\\\/#\\\/schema\\\/logo\\\/image\\\/\",\"url\":\"http:\\\/\\\/www.jovenesnucleares.org\\\/blog\\\/wp-content\\\/uploads\\\/2022\\\/01\\\/cropped-Logo-JJNN-principal-125px.png\",\"contentUrl\":\"http:\\\/\\\/www.jovenesnucleares.org\\\/blog\\\/wp-content\\\/uploads\\\/2022\\\/01\\\/cropped-Logo-JJNN-principal-125px.png\",\"width\":170,\"height\":70,\"caption\":\"J\u00f3venes Nucleares\"},\"image\":{\"@id\":\"https:\\\/\\\/www.jovenesnucleares.org\\\/blog\\\/#\\\/schema\\\/logo\\\/image\\\/\"},\"sameAs\":[\"https:\\\/\\\/www.facebook.com\\\/JovenesNucleares\",\"https:\\\/\\\/x.com\\\/jjnucleares\",\"https:\\\/\\\/www.instagram.com\\\/jjnucleares\\\/\",\"https:\\\/\\\/www.linkedin.com\\\/company\\\/jovenesnucleares\\\/\",\"https:\\\/\\\/www.youtube.com\\\/c\\\/JovenesNuclearesSNE\",\"https:\\\/\\\/es.wikipedia.org\\\/wiki\\\/Jovenes_Nucleares\"]}]}<\/script>\n<!-- \/ Yoast SEO plugin. -->","yoast_head_json":{"title":"PLANES DE EMERGENCIA EN CCNN - J\u00f3venes Nucleares","robots":{"index":"index","follow":"follow","max-snippet":"max-snippet:-1","max-image-preview":"max-image-preview:large","max-video-preview":"max-video-preview:-1"},"canonical":"https:\/\/www.jovenesnucleares.org\/blog\/te-interesa\/articulos\/planes-de-emergencia-en-ccnn\/","og_locale":"es_ES","og_type":"article","og_title":"PLANES DE EMERGENCIA EN CCNN - J\u00f3venes Nucleares","og_description":"El suceso natural acaecido en Jap&oacute;n en marzo de 2011, que deriv&oacute; en el accidente nuclear en la central de producci&oacute;n el&eacute;ctrica de Fukushima, actu&oacute; de desencadenante de diversas conversaciones y debates en torno a la seguridad de estas instalaciones. Por un lado, hizo que las compa&ntilde;&iacute;as operadoras de las centrales analizaran las capacidades reales&hellip; Read more","og_url":"https:\/\/www.jovenesnucleares.org\/blog\/te-interesa\/articulos\/planes-de-emergencia-en-ccnn\/","og_site_name":"J\u00f3venes Nucleares","article_publisher":"https:\/\/www.facebook.com\/JovenesNucleares","article_modified_time":"2017-04-12T08:12:46+00:00","og_image":[{"url":"http:\/\/www.jovenesnucleares.org\/blog\/wp-content\/uploads\/2017\/04\/CAGE-ANAV-1024x768.jpg","type":"","width":"","height":""}],"twitter_card":"summary_large_image","twitter_site":"@jjnucleares","twitter_misc":{"Tiempo de lectura":"4 minutos"},"schema":{"@context":"https:\/\/schema.org","@graph":[{"@type":"WebPage","@id":"https:\/\/www.jovenesnucleares.org\/blog\/te-interesa\/articulos\/planes-de-emergencia-en-ccnn\/","url":"https:\/\/www.jovenesnucleares.org\/blog\/te-interesa\/articulos\/planes-de-emergencia-en-ccnn\/","name":"PLANES DE EMERGENCIA EN CCNN - J\u00f3venes Nucleares","isPartOf":{"@id":"https:\/\/www.jovenesnucleares.org\/blog\/#website"},"primaryImageOfPage":{"@id":"https:\/\/www.jovenesnucleares.org\/blog\/te-interesa\/articulos\/planes-de-emergencia-en-ccnn\/#primaryimage"},"image":{"@id":"https:\/\/www.jovenesnucleares.org\/blog\/te-interesa\/articulos\/planes-de-emergencia-en-ccnn\/#primaryimage"},"thumbnailUrl":"http:\/\/www.jovenesnucleares.org\/blog\/wp-content\/uploads\/2017\/04\/CAGE-ANAV-1024x768.jpg","datePublished":"2017-04-12T08:04:00+00:00","dateModified":"2017-04-12T08:12:46+00:00","breadcrumb":{"@id":"https:\/\/www.jovenesnucleares.org\/blog\/te-interesa\/articulos\/planes-de-emergencia-en-ccnn\/#breadcrumb"},"inLanguage":"es","potentialAction":[{"@type":"ReadAction","target":["https:\/\/www.jovenesnucleares.org\/blog\/te-interesa\/articulos\/planes-de-emergencia-en-ccnn\/"]}]},{"@type":"ImageObject","inLanguage":"es","@id":"https:\/\/www.jovenesnucleares.org\/blog\/te-interesa\/articulos\/planes-de-emergencia-en-ccnn\/#primaryimage","url":"https:\/\/www.jovenesnucleares.org\/blog\/wp-content\/uploads\/2017\/04\/CAGE-ANAV.jpg","contentUrl":"https:\/\/www.jovenesnucleares.org\/blog\/wp-content\/uploads\/2017\/04\/CAGE-ANAV.jpg","width":4000,"height":3000},{"@type":"BreadcrumbList","@id":"https:\/\/www.jovenesnucleares.org\/blog\/te-interesa\/articulos\/planes-de-emergencia-en-ccnn\/#breadcrumb","itemListElement":[{"@type":"ListItem","position":1,"name":"Portada","item":"https:\/\/www.jovenesnucleares.org\/blog\/"},{"@type":"ListItem","position":2,"name":"Te interesa","item":"https:\/\/www.jovenesnucleares.org\/blog\/te-interesa\/"},{"@type":"ListItem","position":3,"name":"Art\u00edculos","item":"https:\/\/www.jovenesnucleares.org\/blog\/te-interesa\/articulos\/"},{"@type":"ListItem","position":4,"name":"PLANES DE EMERGENCIA EN CCNN"}]},{"@type":"WebSite","@id":"https:\/\/www.jovenesnucleares.org\/blog\/#website","url":"https:\/\/www.jovenesnucleares.org\/blog\/","name":"J\u00f3venes Nucleares","description":"Divulgaci\u00f3n de Ciencia y Tecnolog\u00eda Nuclear","publisher":{"@id":"https:\/\/www.jovenesnucleares.org\/blog\/#organization"},"potentialAction":[{"@type":"SearchAction","target":{"@type":"EntryPoint","urlTemplate":"https:\/\/www.jovenesnucleares.org\/blog\/?s={search_term_string}"},"query-input":{"@type":"PropertyValueSpecification","valueRequired":true,"valueName":"search_term_string"}}],"inLanguage":"es"},{"@type":"Organization","@id":"https:\/\/www.jovenesnucleares.org\/blog\/#organization","name":"J\u00f3venes Nucleares","url":"https:\/\/www.jovenesnucleares.org\/blog\/","logo":{"@type":"ImageObject","inLanguage":"es","@id":"https:\/\/www.jovenesnucleares.org\/blog\/#\/schema\/logo\/image\/","url":"http:\/\/www.jovenesnucleares.org\/blog\/wp-content\/uploads\/2022\/01\/cropped-Logo-JJNN-principal-125px.png","contentUrl":"http:\/\/www.jovenesnucleares.org\/blog\/wp-content\/uploads\/2022\/01\/cropped-Logo-JJNN-principal-125px.png","width":170,"height":70,"caption":"J\u00f3venes Nucleares"},"image":{"@id":"https:\/\/www.jovenesnucleares.org\/blog\/#\/schema\/logo\/image\/"},"sameAs":["https:\/\/www.facebook.com\/JovenesNucleares","https:\/\/x.com\/jjnucleares","https:\/\/www.instagram.com\/jjnucleares\/","https:\/\/www.linkedin.com\/company\/jovenesnucleares\/","https:\/\/www.youtube.com\/c\/JovenesNuclearesSNE","https:\/\/es.wikipedia.org\/wiki\/Jovenes_Nucleares"]}]}},"post_mailing_queue_ids":[],"_links":{"self":[{"href":"https:\/\/www.jovenesnucleares.org\/blog\/wp-json\/wp\/v2\/pages\/2423","targetHints":{"allow":["GET"]}}],"collection":[{"href":"https:\/\/www.jovenesnucleares.org\/blog\/wp-json\/wp\/v2\/pages"}],"about":[{"href":"https:\/\/www.jovenesnucleares.org\/blog\/wp-json\/wp\/v2\/types\/page"}],"author":[{"embeddable":true,"href":"https:\/\/www.jovenesnucleares.org\/blog\/wp-json\/wp\/v2\/users\/1"}],"replies":[{"embeddable":true,"href":"https:\/\/www.jovenesnucleares.org\/blog\/wp-json\/wp\/v2\/comments?post=2423"}],"version-history":[{"count":7,"href":"https:\/\/www.jovenesnucleares.org\/blog\/wp-json\/wp\/v2\/pages\/2423\/revisions"}],"predecessor-version":[{"id":2437,"href":"https:\/\/www.jovenesnucleares.org\/blog\/wp-json\/wp\/v2\/pages\/2423\/revisions\/2437"}],"up":[{"embeddable":true,"href":"https:\/\/www.jovenesnucleares.org\/blog\/wp-json\/wp\/v2\/pages\/2382"}],"wp:attachment":[{"href":"https:\/\/www.jovenesnucleares.org\/blog\/wp-json\/wp\/v2\/media?parent=2423"}],"curies":[{"name":"wp","href":"https:\/\/api.w.org\/{rel}","templated":true}]}}