{"id":2441,"date":"2017-04-12T10:17:36","date_gmt":"2017-04-12T08:17:36","guid":{"rendered":"http:\/\/www.jovenesnucleares.org\/blog\/?page_id=2441"},"modified":"2022-02-24T14:13:49","modified_gmt":"2022-02-24T12:13:49","slug":"empleo","status":"publish","type":"page","link":"https:\/\/www.jovenesnucleares.org\/blog\/te-interesa\/empleo-formacion\/empleo\/","title":{"rendered":"Empleo"},"content":{"rendered":"<p style=\"text-align: justify;\">Desde la Sociedad Nuclear Espa\u00f1ola (SNE) se ha creado la <strong><a href=\"https:\/\/www.sne.es\/organizacion-de-la-sociedad\/#comisiondeempleoydesarrolloprofesional\" target=\"_blank\" rel=\"noopener\">Comisi\u00f3n de Empleo y Desarrollo Profesional<\/a><\/strong>, con el objetivo de potenciar e integrar a los j\u00f3venes en las actividades de la Sociedad Nuclear. Entre varias de sus actividades, la SNE ha creado una base de datos actualizada con ofertas de empleo, becas y pr\u00e1cticas de trabajo.<\/p>\n<p style=\"text-align: justify;\">Para poder acceder a este portal de empleo, es necesario ser <a href=\"https:\/\/www.sne.es\/hazte-socio\/\" target=\"_blank\" rel=\"noopener\">socio de la SNE<\/a>. Destacar que, si se es previamente socio de J\u00f3venes Nucleares y menor de 35 a\u00f1os, el primer a\u00f1o como socio de la SNE es gratuito y los cinco siguientes a precio reducido de 13 \u20ac (socio j\u00f3ven o socio estudiante).<\/p>\n<p style=\"text-align: justify;\">Por lo tanto, os animamos a haceros socios de la SNE, puesto que a parte de la Bolsa de Empleo, tendr\u00e9is acceso a otras muchas <strong>ventajas<\/strong>:<\/p>\n<ul>\n<li style=\"text-align: justify;\">Ser\u00e1s el primero en enterarte de todas las novedades de la industria nuclear<\/li>\n<li style=\"text-align: justify;\">Descuento sustancial para asistir a la Reuni\u00f3n Anual de la Sociedad Nuclear Espa\u00f1ola<\/li>\n<li>\u00bfEres doctorando? Presenta tus avances en investigaci\u00f3n nuclear en la Reuni\u00f3n Anual<\/li>\n<li style=\"text-align: justify;\">Todo tipo de actividades de formaci\u00f3n<\/li>\n<li style=\"text-align: justify;\">Haz <em>networking<\/em> en\u00a0las actividades\u00a0sociales\u00a0(escape rooms, senderismo, visitas guiadas a museos, tours guiados por Madrid, etc.)<\/li>\n<\/ul>\n<p><a href=\"http:\/\/www.jovenesnucleares.org\/blog\/\"><img fetchpriority=\"high\" decoding=\"async\" class=\"aligncenter wp-image-5806 size-medium\" src=\"http:\/\/www.jovenesnucleares.org\/blog\/wp-content\/uploads\/2022\/02\/cropped-cropped-Untitled-3-300x200.jpg\" alt=\"\" width=\"300\" height=\"200\" srcset=\"https:\/\/www.jovenesnucleares.org\/blog\/wp-content\/uploads\/2022\/02\/cropped-cropped-Untitled-3-300x200.jpg 300w, https:\/\/www.jovenesnucleares.org\/blog\/wp-content\/uploads\/2022\/02\/cropped-cropped-Untitled-3-768x511.jpg 768w, https:\/\/www.jovenesnucleares.org\/blog\/wp-content\/uploads\/2022\/02\/cropped-cropped-Untitled-3.jpg 843w\" sizes=\"(max-width: 300px) 100vw, 300px\" \/><\/a><\/p>\n","protected":false},"excerpt":{"rendered":"<p>Desde la Sociedad Nuclear Espa\u00f1ola (SNE) se ha creado la Comisi\u00f3n de Empleo y Desarrollo Profesional, con el objetivo de potenciar e integrar a los j\u00f3venes en las actividades de la Sociedad Nuclear. Entre varias de sus actividades, la SNE ha creado una base de datos actualizada con ofertas de empleo, becas y pr\u00e1cticas de&hellip; <br \/> <a class=\"read-more\" href=\"https:\/\/www.jovenesnucleares.org\/blog\/te-interesa\/empleo-formacion\/empleo\/\">Read more<\/a><\/p>\n","protected":false},"author":1,"featured_media":0,"parent":9,"menu_order":0,"comment_status":"closed","ping_status":"closed","template":"","meta":{"footnotes":""},"class_list":["post-2441","page","type-page","status-publish","hentry"],"yoast_head":"<!-- This site is optimized with the Yoast SEO plugin v27.4 - https:\/\/yoast.com\/product\/yoast-seo-wordpress\/ -->\n<title>Empleo - J\u00f3venes Nucleares<\/title>\n<meta name=\"robots\" content=\"index, follow, max-snippet:-1, max-image-preview:large, max-video-preview:-1\" \/>\n<link rel=\"canonical\" href=\"https:\/\/www.jovenesnucleares.org\/blog\/te-interesa\/empleo-formacion\/empleo\/\" \/>\n<meta property=\"og:locale\" content=\"es_ES\" \/>\n<meta property=\"og:type\" content=\"article\" \/>\n<meta property=\"og:title\" content=\"Empleo - J\u00f3venes Nucleares\" \/>\n<meta property=\"og:description\" content=\"Desde la Sociedad Nuclear Espa\u00f1ola (SNE) se ha creado la Comisi\u00f3n de Empleo y Desarrollo Profesional, con el objetivo de potenciar e integrar a los j\u00f3venes en las actividades de la Sociedad Nuclear. Entre varias de sus actividades, la SNE ha creado una base de datos actualizada con ofertas de empleo, becas y pr\u00e1cticas de&hellip; Read more\" \/>\n<meta property=\"og:url\" content=\"https:\/\/www.jovenesnucleares.org\/blog\/te-interesa\/empleo-formacion\/empleo\/\" \/>\n<meta property=\"og:site_name\" content=\"J\u00f3venes Nucleares\" \/>\n<meta property=\"article:publisher\" content=\"https:\/\/www.facebook.com\/JovenesNucleares\" \/>\n<meta property=\"article:modified_time\" content=\"2022-02-24T12:13:49+00:00\" \/>\n<meta property=\"og:image\" content=\"http:\/\/www.jovenesnucleares.org\/blog\/wp-content\/uploads\/2022\/02\/cropped-cropped-Untitled-3-300x200.jpg\" \/>\n<meta name=\"twitter:card\" content=\"summary_large_image\" \/>\n<meta name=\"twitter:site\" content=\"@jjnucleares\" \/>\n<meta name=\"twitter:label1\" content=\"Tiempo de lectura\" \/>\n\t<meta name=\"twitter:data1\" content=\"2 minutos\" \/>\n<script type=\"application\/ld+json\" class=\"yoast-schema-graph\">{\"@context\":\"https:\\\/\\\/schema.org\",\"@graph\":[{\"@type\":\"WebPage\",\"@id\":\"https:\\\/\\\/www.jovenesnucleares.org\\\/blog\\\/te-interesa\\\/empleo-formacion\\\/empleo\\\/\",\"url\":\"https:\\\/\\\/www.jovenesnucleares.org\\\/blog\\\/te-interesa\\\/empleo-formacion\\\/empleo\\\/\",\"name\":\"Empleo - J\u00f3venes Nucleares\",\"isPartOf\":{\"@id\":\"https:\\\/\\\/www.jovenesnucleares.org\\\/blog\\\/#website\"},\"primaryImageOfPage\":{\"@id\":\"https:\\\/\\\/www.jovenesnucleares.org\\\/blog\\\/te-interesa\\\/empleo-formacion\\\/empleo\\\/#primaryimage\"},\"image\":{\"@id\":\"https:\\\/\\\/www.jovenesnucleares.org\\\/blog\\\/te-interesa\\\/empleo-formacion\\\/empleo\\\/#primaryimage\"},\"thumbnailUrl\":\"http:\\\/\\\/www.jovenesnucleares.org\\\/blog\\\/wp-content\\\/uploads\\\/2022\\\/02\\\/cropped-cropped-Untitled-3-300x200.jpg\",\"datePublished\":\"2017-04-12T08:17:36+00:00\",\"dateModified\":\"2022-02-24T12:13:49+00:00\",\"breadcrumb\":{\"@id\":\"https:\\\/\\\/www.jovenesnucleares.org\\\/blog\\\/te-interesa\\\/empleo-formacion\\\/empleo\\\/#breadcrumb\"},\"inLanguage\":\"es\",\"potentialAction\":[{\"@type\":\"ReadAction\",\"target\":[\"https:\\\/\\\/www.jovenesnucleares.org\\\/blog\\\/te-interesa\\\/empleo-formacion\\\/empleo\\\/\"]}]},{\"@type\":\"ImageObject\",\"inLanguage\":\"es\",\"@id\":\"https:\\\/\\\/www.jovenesnucleares.org\\\/blog\\\/te-interesa\\\/empleo-formacion\\\/empleo\\\/#primaryimage\",\"url\":\"https:\\\/\\\/www.jovenesnucleares.org\\\/blog\\\/wp-content\\\/uploads\\\/2022\\\/02\\\/cropped-cropped-Untitled-3.jpg\",\"contentUrl\":\"https:\\\/\\\/www.jovenesnucleares.org\\\/blog\\\/wp-content\\\/uploads\\\/2022\\\/02\\\/cropped-cropped-Untitled-3.jpg\",\"width\":843,\"height\":561},{\"@type\":\"BreadcrumbList\",\"@id\":\"https:\\\/\\\/www.jovenesnucleares.org\\\/blog\\\/te-interesa\\\/empleo-formacion\\\/empleo\\\/#breadcrumb\",\"itemListElement\":[{\"@type\":\"ListItem\",\"position\":1,\"name\":\"Portada\",\"item\":\"https:\\\/\\\/www.jovenesnucleares.org\\\/blog\\\/\"},{\"@type\":\"ListItem\",\"position\":2,\"name\":\"Te interesa\",\"item\":\"https:\\\/\\\/www.jovenesnucleares.org\\\/blog\\\/te-interesa\\\/\"},{\"@type\":\"ListItem\",\"position\":3,\"name\":\"Empleo y formaci\u00f3n\",\"item\":\"https:\\\/\\\/www.jovenesnucleares.org\\\/blog\\\/te-interesa\\\/empleo-formacion\\\/\"},{\"@type\":\"ListItem\",\"position\":4,\"name\":\"Empleo\"}]},{\"@type\":\"WebSite\",\"@id\":\"https:\\\/\\\/www.jovenesnucleares.org\\\/blog\\\/#website\",\"url\":\"https:\\\/\\\/www.jovenesnucleares.org\\\/blog\\\/\",\"name\":\"J\u00f3venes Nucleares\",\"description\":\"Divulgaci\u00f3n de Ciencia y Tecnolog\u00eda Nuclear\",\"publisher\":{\"@id\":\"https:\\\/\\\/www.jovenesnucleares.org\\\/blog\\\/#organization\"},\"potentialAction\":[{\"@type\":\"SearchAction\",\"target\":{\"@type\":\"EntryPoint\",\"urlTemplate\":\"https:\\\/\\\/www.jovenesnucleares.org\\\/blog\\\/?s={search_term_string}\"},\"query-input\":{\"@type\":\"PropertyValueSpecification\",\"valueRequired\":true,\"valueName\":\"search_term_string\"}}],\"inLanguage\":\"es\"},{\"@type\":\"Organization\",\"@id\":\"https:\\\/\\\/www.jovenesnucleares.org\\\/blog\\\/#organization\",\"name\":\"J\u00f3venes Nucleares\",\"url\":\"https:\\\/\\\/www.jovenesnucleares.org\\\/blog\\\/\",\"logo\":{\"@type\":\"ImageObject\",\"inLanguage\":\"es\",\"@id\":\"https:\\\/\\\/www.jovenesnucleares.org\\\/blog\\\/#\\\/schema\\\/logo\\\/image\\\/\",\"url\":\"http:\\\/\\\/www.jovenesnucleares.org\\\/blog\\\/wp-content\\\/uploads\\\/2022\\\/01\\\/cropped-Logo-JJNN-principal-125px.png\",\"contentUrl\":\"http:\\\/\\\/www.jovenesnucleares.org\\\/blog\\\/wp-content\\\/uploads\\\/2022\\\/01\\\/cropped-Logo-JJNN-principal-125px.png\",\"width\":170,\"height\":70,\"caption\":\"J\u00f3venes Nucleares\"},\"image\":{\"@id\":\"https:\\\/\\\/www.jovenesnucleares.org\\\/blog\\\/#\\\/schema\\\/logo\\\/image\\\/\"},\"sameAs\":[\"https:\\\/\\\/www.facebook.com\\\/JovenesNucleares\",\"https:\\\/\\\/x.com\\\/jjnucleares\",\"https:\\\/\\\/www.instagram.com\\\/jjnucleares\\\/\",\"https:\\\/\\\/www.linkedin.com\\\/company\\\/jovenesnucleares\\\/\",\"https:\\\/\\\/www.youtube.com\\\/c\\\/JovenesNuclearesSNE\",\"https:\\\/\\\/es.wikipedia.org\\\/wiki\\\/Jovenes_Nucleares\"]}]}<\/script>\n<!-- \/ Yoast SEO plugin. -->","yoast_head_json":{"title":"Empleo - J\u00f3venes Nucleares","robots":{"index":"index","follow":"follow","max-snippet":"max-snippet:-1","max-image-preview":"max-image-preview:large","max-video-preview":"max-video-preview:-1"},"canonical":"https:\/\/www.jovenesnucleares.org\/blog\/te-interesa\/empleo-formacion\/empleo\/","og_locale":"es_ES","og_type":"article","og_title":"Empleo - J\u00f3venes Nucleares","og_description":"Desde la Sociedad Nuclear Espa\u00f1ola (SNE) se ha creado la Comisi\u00f3n de Empleo y Desarrollo Profesional, con el objetivo de potenciar e integrar a los j\u00f3venes en las actividades de la Sociedad Nuclear. Entre varias de sus actividades, la SNE ha creado una base de datos actualizada con ofertas de empleo, becas y pr\u00e1cticas de&hellip; Read more","og_url":"https:\/\/www.jovenesnucleares.org\/blog\/te-interesa\/empleo-formacion\/empleo\/","og_site_name":"J\u00f3venes Nucleares","article_publisher":"https:\/\/www.facebook.com\/JovenesNucleares","article_modified_time":"2022-02-24T12:13:49+00:00","og_image":[{"url":"http:\/\/www.jovenesnucleares.org\/blog\/wp-content\/uploads\/2022\/02\/cropped-cropped-Untitled-3-300x200.jpg","type":"","width":"","height":""}],"twitter_card":"summary_large_image","twitter_site":"@jjnucleares","twitter_misc":{"Tiempo de lectura":"2 minutos"},"schema":{"@context":"https:\/\/schema.org","@graph":[{"@type":"WebPage","@id":"https:\/\/www.jovenesnucleares.org\/blog\/te-interesa\/empleo-formacion\/empleo\/","url":"https:\/\/www.jovenesnucleares.org\/blog\/te-interesa\/empleo-formacion\/empleo\/","name":"Empleo - J\u00f3venes Nucleares","isPartOf":{"@id":"https:\/\/www.jovenesnucleares.org\/blog\/#website"},"primaryImageOfPage":{"@id":"https:\/\/www.jovenesnucleares.org\/blog\/te-interesa\/empleo-formacion\/empleo\/#primaryimage"},"image":{"@id":"https:\/\/www.jovenesnucleares.org\/blog\/te-interesa\/empleo-formacion\/empleo\/#primaryimage"},"thumbnailUrl":"http:\/\/www.jovenesnucleares.org\/blog\/wp-content\/uploads\/2022\/02\/cropped-cropped-Untitled-3-300x200.jpg","datePublished":"2017-04-12T08:17:36+00:00","dateModified":"2022-02-24T12:13:49+00:00","breadcrumb":{"@id":"https:\/\/www.jovenesnucleares.org\/blog\/te-interesa\/empleo-formacion\/empleo\/#breadcrumb"},"inLanguage":"es","potentialAction":[{"@type":"ReadAction","target":["https:\/\/www.jovenesnucleares.org\/blog\/te-interesa\/empleo-formacion\/empleo\/"]}]},{"@type":"ImageObject","inLanguage":"es","@id":"https:\/\/www.jovenesnucleares.org\/blog\/te-interesa\/empleo-formacion\/empleo\/#primaryimage","url":"https:\/\/www.jovenesnucleares.org\/blog\/wp-content\/uploads\/2022\/02\/cropped-cropped-Untitled-3.jpg","contentUrl":"https:\/\/www.jovenesnucleares.org\/blog\/wp-content\/uploads\/2022\/02\/cropped-cropped-Untitled-3.jpg","width":843,"height":561},{"@type":"BreadcrumbList","@id":"https:\/\/www.jovenesnucleares.org\/blog\/te-interesa\/empleo-formacion\/empleo\/#breadcrumb","itemListElement":[{"@type":"ListItem","position":1,"name":"Portada","item":"https:\/\/www.jovenesnucleares.org\/blog\/"},{"@type":"ListItem","position":2,"name":"Te interesa","item":"https:\/\/www.jovenesnucleares.org\/blog\/te-interesa\/"},{"@type":"ListItem","position":3,"name":"Empleo y formaci\u00f3n","item":"https:\/\/www.jovenesnucleares.org\/blog\/te-interesa\/empleo-formacion\/"},{"@type":"ListItem","position":4,"name":"Empleo"}]},{"@type":"WebSite","@id":"https:\/\/www.jovenesnucleares.org\/blog\/#website","url":"https:\/\/www.jovenesnucleares.org\/blog\/","name":"J\u00f3venes Nucleares","description":"Divulgaci\u00f3n de Ciencia y Tecnolog\u00eda Nuclear","publisher":{"@id":"https:\/\/www.jovenesnucleares.org\/blog\/#organization"},"potentialAction":[{"@type":"SearchAction","target":{"@type":"EntryPoint","urlTemplate":"https:\/\/www.jovenesnucleares.org\/blog\/?s={search_term_string}"},"query-input":{"@type":"PropertyValueSpecification","valueRequired":true,"valueName":"search_term_string"}}],"inLanguage":"es"},{"@type":"Organization","@id":"https:\/\/www.jovenesnucleares.org\/blog\/#organization","name":"J\u00f3venes Nucleares","url":"https:\/\/www.jovenesnucleares.org\/blog\/","logo":{"@type":"ImageObject","inLanguage":"es","@id":"https:\/\/www.jovenesnucleares.org\/blog\/#\/schema\/logo\/image\/","url":"http:\/\/www.jovenesnucleares.org\/blog\/wp-content\/uploads\/2022\/01\/cropped-Logo-JJNN-principal-125px.png","contentUrl":"http:\/\/www.jovenesnucleares.org\/blog\/wp-content\/uploads\/2022\/01\/cropped-Logo-JJNN-principal-125px.png","width":170,"height":70,"caption":"J\u00f3venes Nucleares"},"image":{"@id":"https:\/\/www.jovenesnucleares.org\/blog\/#\/schema\/logo\/image\/"},"sameAs":["https:\/\/www.facebook.com\/JovenesNucleares","https:\/\/x.com\/jjnucleares","https:\/\/www.instagram.com\/jjnucleares\/","https:\/\/www.linkedin.com\/company\/jovenesnucleares\/","https:\/\/www.youtube.com\/c\/JovenesNuclearesSNE","https:\/\/es.wikipedia.org\/wiki\/Jovenes_Nucleares"]}]}},"post_mailing_queue_ids":[],"_links":{"self":[{"href":"https:\/\/www.jovenesnucleares.org\/blog\/wp-json\/wp\/v2\/pages\/2441","targetHints":{"allow":["GET"]}}],"collection":[{"href":"https:\/\/www.jovenesnucleares.org\/blog\/wp-json\/wp\/v2\/pages"}],"about":[{"href":"https:\/\/www.jovenesnucleares.org\/blog\/wp-json\/wp\/v2\/types\/page"}],"author":[{"embeddable":true,"href":"https:\/\/www.jovenesnucleares.org\/blog\/wp-json\/wp\/v2\/users\/1"}],"replies":[{"embeddable":true,"href":"https:\/\/www.jovenesnucleares.org\/blog\/wp-json\/wp\/v2\/comments?post=2441"}],"version-history":[{"count":5,"href":"https:\/\/www.jovenesnucleares.org\/blog\/wp-json\/wp\/v2\/pages\/2441\/revisions"}],"predecessor-version":[{"id":5909,"href":"https:\/\/www.jovenesnucleares.org\/blog\/wp-json\/wp\/v2\/pages\/2441\/revisions\/5909"}],"up":[{"embeddable":true,"href":"https:\/\/www.jovenesnucleares.org\/blog\/wp-json\/wp\/v2\/pages\/9"}],"wp:attachment":[{"href":"https:\/\/www.jovenesnucleares.org\/blog\/wp-json\/wp\/v2\/media?parent=2441"}],"curies":[{"name":"wp","href":"https:\/\/api.w.org\/{rel}","templated":true}]}}