{"id":2508,"date":"2017-04-24T14:45:02","date_gmt":"2017-04-24T12:45:02","guid":{"rendered":"http:\/\/www.jovenesnucleares.org\/blog\/?page_id=2508"},"modified":"2017-05-22T09:43:57","modified_gmt":"2017-05-22T07:43:57","slug":"agp","status":"publish","type":"page","link":"https:\/\/www.jovenesnucleares.org\/blog\/te-interesa\/articulos\/agp\/","title":{"rendered":"El AGP"},"content":{"rendered":"<p>\n\t<strong><span style=\"font-size:14px;\">Almacenamiento final de residuos nucleares &ndash; El AGP<\/span><\/strong>\n<\/p>\n<p>\n\tCuando hablamos sobre energ&iacute;a nuclear para la producci&oacute;n el&eacute;ctrica, uno de los puntos que m&aacute;s preocupan a la sociedad es qu&eacute; hacemos con los Residuos de Alta Actividad (RAA) generados por la operaci&oacute;n de las centrales nucleares. Estos RAA comprenden principalmente los elementos combustibles irradiados y los subproductos del combustible reprocesado, si este reproceso se lleva a cabo.\n<\/p>\n<p>\n\tEn el caso de Espa&ntilde;a, que ha optado por el <a href=\"http:\/\/www.foronuclear.org\/es\/energia-nuclear\/faqas-sobre-energia\/capitulo-9\">ciclo abierto<\/a>, la gesti&oacute;n de los RAA pasa por 3 fases principalmente. Hay que decir que este ciclo de combustible no incluye el posible y cada vez m&aacute;s acuciante <a href=\"http:\/\/www.world-nuclear.org\/information-library\/nuclear-fuel-cycle\/fuel-recycling\/processing-of-used-nuclear-fuel.aspx\">reprocesado del combustible gastado<\/a>, que se realizar&iacute;a entre la primera y la segunda fase.\n<\/p>\n<ul>\n<li>\n\t\t<strong>PRIMERA FASE.<\/strong> El combustible irradiado se almacena en las piscinas que poseen todas las centrales durante un periodo de al menos cinco a&ntilde;os, durante los cuales se refrigera y reduce su radiotoxicidad, permitiendo su traslado posterior y su gesti&oacute;n en la segunda fase.\n\t<\/li>\n<li>\n\t\t<strong>SEGUNDA FASE.<\/strong> Consiste en depositar los RAA en un a almac&eacute;n temporal, que puede ser en h&uacute;medo (piscinas) o en seco. En el caso de Espa&ntilde;a, &eacute;ste se realiza en <a href=\"http:\/\/www.jovenesnucleares.org\/blog\/articulos\/la-gestion-del-combustible-gastado-en-espana-los-atis\/\">Almacenes Individualizados (ATI)<\/a>, como los que existen en CN Asc&oacute;, CN Trillo o CN Jos&eacute; Cabrera, o en un Almac&eacute;n Centralizado (ATC), como el que se ha proyectado en Villar de Ca&ntilde;as, <a href=\"http:\/\/www.jovenesnucleares.org\/blog\/articulos\/el-atc-espanol\/\">el ATC Espa&ntilde;ol<\/a>.\n\t<\/li>\n<li>\n\t\t<strong>TERCERA FASE.<\/strong> El tercer y &uacute;ltimo paso ser&iacute;a su almacenamiento a largo plazo en un lugar adecuado, protegido por barreras tanto naturales como de ingenier&iacute;a, que permitan el decaimiento natural de los radiois&oacute;topos sin causar ning&uacute;n perjuicio a las personas ni al medio ambiente. De las diferentes opciones estudiadas, la que se ha erigido para la comunidad internacional como la m&aacute;s efectiva es el Almacenamiento Geol&oacute;gico Profundo (AGP).\n\t<\/li>\n<\/ul>\n<p style=\"margin-left:35.45pt;\">\n\tYa en Junio de 2006, el <a href=\"http:\/\/www.jovenesnucleares.org\/blog\/wp-content\/uploads\/2017\/04\/6PGRR_Espa_ol_Libro_versi_n_indexada.pdf\">6&ordm; Plan General de Residuos Radiactivos,<\/a> hablaba de que la posible soluci&oacute;n para el almacenamiento a largo plazo de este tipo de residuos podr&iacute;a ser el AGP.\n<\/p>\n<p>\n\tEn la actualidad son varios los pa&iacute;ses se encuentran en fase de investigaci&oacute;n o construcci&oacute;n de este tipo de instalaciones. Entre los m&aacute;s avanzados est&aacute;n EEUU, que dispone de un AGP para residuos de media y baja actividad denominado <a href=\"http:\/\/www.wipp.energy.gov\/wipprecovery\/recovery.html\">WIPP<\/a>, y Finlandia, que ya tiene la licencia y est&aacute; en fase de excavaci&oacute;n de su AGP denominado <a href=\"http:\/\/www.posiva.fi\/en\/final_disposal\/onkalo#.WNFzS_nhDIU\">ONKALO<\/a>. Otros pa&iacute;ses que est&aacute;n en b&uacute;squeda de un emplazamiento o en fase de investigaci&oacute;n son Francia, Suecia, Jap&oacute;n, Canad&aacute; y Gran Breta&ntilde;a, entre otros.\n<\/p>\n<p>\n\t&nbsp;\n<\/p>\n<p>\n\tEl AGP consiste en almacenar los RAA en instalaciones de ingenier&iacute;a subterr&aacute;neas, en el interior de formaciones geol&oacute;gicas estables y de manera pasiva. En este tipo de almacenamiento no existe la intenci&oacute;n de recuperar el material depositado y no existe o es m&iacute;nima la dependencia de controles activos de la instalaci&oacute;n a largo plazo.\n<\/p>\n<p>\n\tEl AGP se basa en el concepto de la multibarrera, el cual consiste en la interposici&oacute;n de barreras naturales y artificiales cuya misi&oacute;n es confinar y por tanto retardar la aparici&oacute;n de los radionucleidos en la biosfera hasta un momento en que no modifiquen sustancialmente la radiaci&oacute;n de fondo natural y por tanto ya no sean perjudiciales para los seres vivos.\n<\/p>\n<p>\n\t<a href=\"http:\/\/www.jovenesnucleares.org\/blog\/wp-content\/uploads\/2017\/04\/esquema-agp.png\" rel=\"attachment wp-att-2509\" rel=\"lightbox[2508]\"><img fetchpriority=\"high\" decoding=\"async\" alt=\"esquema agp\" class=\"aligncenter size-full wp-image-2509\" height=\"803\" src=\"http:\/\/www.jovenesnucleares.org\/blog\/wp-content\/uploads\/2017\/04\/esquema-agp.png\" width=\"842\" srcset=\"https:\/\/www.jovenesnucleares.org\/blog\/wp-content\/uploads\/2017\/04\/esquema-agp.png 842w, https:\/\/www.jovenesnucleares.org\/blog\/wp-content\/uploads\/2017\/04\/esquema-agp-300x286.png 300w, https:\/\/www.jovenesnucleares.org\/blog\/wp-content\/uploads\/2017\/04\/esquema-agp-768x732.png 768w, https:\/\/www.jovenesnucleares.org\/blog\/wp-content\/uploads\/2017\/04\/esquema-agp-624x595.png 624w\" sizes=\"(max-width: 842px) 100vw, 842px\" \/><\/a>\n<\/p>\n<p align=\"center\">\n\t<em>Dibujo esquem&aacute;tico de un AGP<\/em>\n<\/p>\n<p>\n\tLas barreras naturales consisten en la formaci&oacute;n geol&oacute;gica donde se ubica el repositorio, a una profundidad de entre 300 y 800 metros, y el conjunto de ecosistemas bajo los cuales est&aacute; el almac&eacute;n, junto con los suelos, agua, seres vivos y gases que estas contienen.&nbsp;&nbsp;&nbsp;\n<\/p>\n<p>\n\tLas barreras artificiales consisten en las propias del elemento combustible (pastilla y vaina), el contenedor met&aacute;lico donde se introducen los residuos y los materiales de relleno con los que se sellan dichos contenedores en las galer&iacute;as del AGP.&nbsp;\n<\/p>\n<p>\n\tEl comportamiento de los almacenes profundos de RAA queda determinado, en gran medida, por las caracter&iacute;sticas del dise&ntilde;o y la construcci&oacute;n de estas barreras de ingenier&iacute;a y especialmente por los cambios que puedan suceder en dichas barreras como resultado de los efectos combinados del calor generado por la desintegraci&oacute;n de los residuos radiactivos y el aporte de agua y solutos de las rocas circundantes, que pueden promover la corrosi&oacute;n de los contenedores met&aacute;licos y la llegada de agua a los residuos.\n<\/p>\n<p>\n\tEl elemento m&aacute;s importante a controlar en el dise&ntilde;o y la construcci&oacute;n de las barreras de ingenier&iacute;a es el agua (presencia de humedad) en las cercan&iacute;as de los radiois&oacute;topos, ya que &eacute;sta podr&iacute;a disolver los materiales que los contienen. Los residuos radiactivos liberan calor, que produce un gradiente t&eacute;rmico a trav&eacute;s de las diferentes barreras y que induce a la humedad a penetrar a trav&eacute;s de la roca. Por eso es muy importante que el dise&ntilde;o y la elecci&oacute;n de los materiales de los contenedores met&aacute;licos vayan encaminados a evitar la corrosi&oacute;n de los mismos, manteniendo a su vez unas buenas propiedades mec&aacute;nicas.\n<\/p>\n<p>\n\tLos materiales de relleno que sellan los contenedores, que fundamentalmente consisten en bloques de bentonita compactada, tambi&eacute;n est&aacute;n preparados para evitar la presencia de agua cerca de los contenedores. La bentonita es un tipo de arcilla, compuesta por el mineral montmorillonita en su mayor parte, que tiene propiedades tales como elevada plasticidad, alta capacidad de hinchamiento y baja permeabilidad que la hacen ideal para este prop&oacute;sito.\n<\/p>\n<p>\n\tComo hemos podido ver a lo largo del art&iacute;culo, el AGP es la soluci&oacute;n internacionalmente aceptada como m&aacute;s segura y viable para la gesti&oacute;n final de los Residuos de Alta Actividad. Aun as&iacute;, requiere de un consenso t&eacute;cnico y social para buscar las localizaciones m&aacute;s adecuadas, adem&aacute;s de un profundo trabajo de desarrollo e investigaci&oacute;n con el fin de lograr un dise&ntilde;o y una elecci&oacute;n adecuada de materiales que permitan un correcto funcionamiento de la instalaci&oacute;n de forma segura para las personas y el medioambiente.\n<\/p>\n<p>\n\t&nbsp;\n<\/p>\n<p align=\"right\" style=\"margin-left:106.2pt;\">\n\tBorja Mu&ntilde;oz Mardones\n<\/p>\n<p align=\"right\">\n\t<em>Miembro de J&oacute;venes Nucleares<\/em>\n<\/p>\n<p align=\"right\">\n\t<em>24 Abril 2017<\/em><\/p>\n","protected":false},"excerpt":{"rendered":"<p>Almacenamiento final de residuos nucleares &ndash; El AGP Cuando hablamos sobre energ&iacute;a nuclear para la producci&oacute;n el&eacute;ctrica, uno de los puntos que m&aacute;s preocupan a la sociedad es qu&eacute; hacemos con los Residuos de Alta Actividad (RAA) generados por la operaci&oacute;n de las centrales nucleares. Estos RAA comprenden principalmente los elementos combustibles irradiados y los&hellip; <br \/> <a class=\"read-more\" href=\"https:\/\/www.jovenesnucleares.org\/blog\/te-interesa\/articulos\/agp\/\">Read more<\/a><\/p>\n","protected":false},"author":1,"featured_media":0,"parent":2382,"menu_order":3,"comment_status":"closed","ping_status":"closed","template":"","meta":{"footnotes":""},"class_list":["post-2508","page","type-page","status-publish","hentry"],"yoast_head":"<!-- This site is optimized with the Yoast SEO plugin v27.4 - https:\/\/yoast.com\/product\/yoast-seo-wordpress\/ -->\n<title>El AGP - J\u00f3venes Nucleares<\/title>\n<meta name=\"robots\" content=\"index, follow, max-snippet:-1, max-image-preview:large, max-video-preview:-1\" \/>\n<link rel=\"canonical\" href=\"https:\/\/www.jovenesnucleares.org\/blog\/te-interesa\/articulos\/agp\/\" \/>\n<meta property=\"og:locale\" content=\"es_ES\" \/>\n<meta property=\"og:type\" content=\"article\" \/>\n<meta property=\"og:title\" content=\"El AGP - J\u00f3venes Nucleares\" \/>\n<meta property=\"og:description\" content=\"Almacenamiento final de residuos nucleares &ndash; El AGP Cuando hablamos sobre energ&iacute;a nuclear para la producci&oacute;n el&eacute;ctrica, uno de los puntos que m&aacute;s preocupan a la sociedad es qu&eacute; hacemos con los Residuos de Alta Actividad (RAA) generados por la operaci&oacute;n de las centrales nucleares. Estos RAA comprenden principalmente los elementos combustibles irradiados y los&hellip; Read more\" \/>\n<meta property=\"og:url\" content=\"https:\/\/www.jovenesnucleares.org\/blog\/te-interesa\/articulos\/agp\/\" \/>\n<meta property=\"og:site_name\" content=\"J\u00f3venes Nucleares\" \/>\n<meta property=\"article:publisher\" content=\"https:\/\/www.facebook.com\/JovenesNucleares\" \/>\n<meta property=\"article:modified_time\" content=\"2017-05-22T07:43:57+00:00\" \/>\n<meta property=\"og:image\" content=\"http:\/\/www.jovenesnucleares.org\/blog\/wp-content\/uploads\/2017\/04\/esquema-agp.png\" \/>\n<meta name=\"twitter:card\" content=\"summary_large_image\" \/>\n<meta name=\"twitter:site\" content=\"@jjnucleares\" \/>\n<meta name=\"twitter:label1\" content=\"Tiempo de lectura\" \/>\n\t<meta name=\"twitter:data1\" content=\"6 minutos\" \/>\n<script type=\"application\/ld+json\" class=\"yoast-schema-graph\">{\"@context\":\"https:\\\/\\\/schema.org\",\"@graph\":[{\"@type\":\"WebPage\",\"@id\":\"https:\\\/\\\/www.jovenesnucleares.org\\\/blog\\\/te-interesa\\\/articulos\\\/agp\\\/\",\"url\":\"https:\\\/\\\/www.jovenesnucleares.org\\\/blog\\\/te-interesa\\\/articulos\\\/agp\\\/\",\"name\":\"El AGP - J\u00f3venes Nucleares\",\"isPartOf\":{\"@id\":\"https:\\\/\\\/www.jovenesnucleares.org\\\/blog\\\/#website\"},\"primaryImageOfPage\":{\"@id\":\"https:\\\/\\\/www.jovenesnucleares.org\\\/blog\\\/te-interesa\\\/articulos\\\/agp\\\/#primaryimage\"},\"image\":{\"@id\":\"https:\\\/\\\/www.jovenesnucleares.org\\\/blog\\\/te-interesa\\\/articulos\\\/agp\\\/#primaryimage\"},\"thumbnailUrl\":\"http:\\\/\\\/www.jovenesnucleares.org\\\/blog\\\/wp-content\\\/uploads\\\/2017\\\/04\\\/esquema-agp.png\",\"datePublished\":\"2017-04-24T12:45:02+00:00\",\"dateModified\":\"2017-05-22T07:43:57+00:00\",\"breadcrumb\":{\"@id\":\"https:\\\/\\\/www.jovenesnucleares.org\\\/blog\\\/te-interesa\\\/articulos\\\/agp\\\/#breadcrumb\"},\"inLanguage\":\"es\",\"potentialAction\":[{\"@type\":\"ReadAction\",\"target\":[\"https:\\\/\\\/www.jovenesnucleares.org\\\/blog\\\/te-interesa\\\/articulos\\\/agp\\\/\"]}]},{\"@type\":\"ImageObject\",\"inLanguage\":\"es\",\"@id\":\"https:\\\/\\\/www.jovenesnucleares.org\\\/blog\\\/te-interesa\\\/articulos\\\/agp\\\/#primaryimage\",\"url\":\"https:\\\/\\\/www.jovenesnucleares.org\\\/blog\\\/wp-content\\\/uploads\\\/2017\\\/04\\\/esquema-agp.png\",\"contentUrl\":\"https:\\\/\\\/www.jovenesnucleares.org\\\/blog\\\/wp-content\\\/uploads\\\/2017\\\/04\\\/esquema-agp.png\",\"width\":842,\"height\":803},{\"@type\":\"BreadcrumbList\",\"@id\":\"https:\\\/\\\/www.jovenesnucleares.org\\\/blog\\\/te-interesa\\\/articulos\\\/agp\\\/#breadcrumb\",\"itemListElement\":[{\"@type\":\"ListItem\",\"position\":1,\"name\":\"Portada\",\"item\":\"https:\\\/\\\/www.jovenesnucleares.org\\\/blog\\\/\"},{\"@type\":\"ListItem\",\"position\":2,\"name\":\"Te interesa\",\"item\":\"https:\\\/\\\/www.jovenesnucleares.org\\\/blog\\\/te-interesa\\\/\"},{\"@type\":\"ListItem\",\"position\":3,\"name\":\"Art\u00edculos\",\"item\":\"https:\\\/\\\/www.jovenesnucleares.org\\\/blog\\\/te-interesa\\\/articulos\\\/\"},{\"@type\":\"ListItem\",\"position\":4,\"name\":\"El AGP\"}]},{\"@type\":\"WebSite\",\"@id\":\"https:\\\/\\\/www.jovenesnucleares.org\\\/blog\\\/#website\",\"url\":\"https:\\\/\\\/www.jovenesnucleares.org\\\/blog\\\/\",\"name\":\"J\u00f3venes Nucleares\",\"description\":\"Divulgaci\u00f3n de Ciencia y Tecnolog\u00eda Nuclear\",\"publisher\":{\"@id\":\"https:\\\/\\\/www.jovenesnucleares.org\\\/blog\\\/#organization\"},\"potentialAction\":[{\"@type\":\"SearchAction\",\"target\":{\"@type\":\"EntryPoint\",\"urlTemplate\":\"https:\\\/\\\/www.jovenesnucleares.org\\\/blog\\\/?s={search_term_string}\"},\"query-input\":{\"@type\":\"PropertyValueSpecification\",\"valueRequired\":true,\"valueName\":\"search_term_string\"}}],\"inLanguage\":\"es\"},{\"@type\":\"Organization\",\"@id\":\"https:\\\/\\\/www.jovenesnucleares.org\\\/blog\\\/#organization\",\"name\":\"J\u00f3venes Nucleares\",\"url\":\"https:\\\/\\\/www.jovenesnucleares.org\\\/blog\\\/\",\"logo\":{\"@type\":\"ImageObject\",\"inLanguage\":\"es\",\"@id\":\"https:\\\/\\\/www.jovenesnucleares.org\\\/blog\\\/#\\\/schema\\\/logo\\\/image\\\/\",\"url\":\"http:\\\/\\\/www.jovenesnucleares.org\\\/blog\\\/wp-content\\\/uploads\\\/2022\\\/01\\\/cropped-Logo-JJNN-principal-125px.png\",\"contentUrl\":\"http:\\\/\\\/www.jovenesnucleares.org\\\/blog\\\/wp-content\\\/uploads\\\/2022\\\/01\\\/cropped-Logo-JJNN-principal-125px.png\",\"width\":170,\"height\":70,\"caption\":\"J\u00f3venes Nucleares\"},\"image\":{\"@id\":\"https:\\\/\\\/www.jovenesnucleares.org\\\/blog\\\/#\\\/schema\\\/logo\\\/image\\\/\"},\"sameAs\":[\"https:\\\/\\\/www.facebook.com\\\/JovenesNucleares\",\"https:\\\/\\\/x.com\\\/jjnucleares\",\"https:\\\/\\\/www.instagram.com\\\/jjnucleares\\\/\",\"https:\\\/\\\/www.linkedin.com\\\/company\\\/jovenesnucleares\\\/\",\"https:\\\/\\\/www.youtube.com\\\/c\\\/JovenesNuclearesSNE\",\"https:\\\/\\\/es.wikipedia.org\\\/wiki\\\/Jovenes_Nucleares\"]}]}<\/script>\n<!-- \/ Yoast SEO plugin. -->","yoast_head_json":{"title":"El AGP - J\u00f3venes Nucleares","robots":{"index":"index","follow":"follow","max-snippet":"max-snippet:-1","max-image-preview":"max-image-preview:large","max-video-preview":"max-video-preview:-1"},"canonical":"https:\/\/www.jovenesnucleares.org\/blog\/te-interesa\/articulos\/agp\/","og_locale":"es_ES","og_type":"article","og_title":"El AGP - J\u00f3venes Nucleares","og_description":"Almacenamiento final de residuos nucleares &ndash; El AGP Cuando hablamos sobre energ&iacute;a nuclear para la producci&oacute;n el&eacute;ctrica, uno de los puntos que m&aacute;s preocupan a la sociedad es qu&eacute; hacemos con los Residuos de Alta Actividad (RAA) generados por la operaci&oacute;n de las centrales nucleares. Estos RAA comprenden principalmente los elementos combustibles irradiados y los&hellip; Read more","og_url":"https:\/\/www.jovenesnucleares.org\/blog\/te-interesa\/articulos\/agp\/","og_site_name":"J\u00f3venes Nucleares","article_publisher":"https:\/\/www.facebook.com\/JovenesNucleares","article_modified_time":"2017-05-22T07:43:57+00:00","og_image":[{"url":"http:\/\/www.jovenesnucleares.org\/blog\/wp-content\/uploads\/2017\/04\/esquema-agp.png","type":"","width":"","height":""}],"twitter_card":"summary_large_image","twitter_site":"@jjnucleares","twitter_misc":{"Tiempo de lectura":"6 minutos"},"schema":{"@context":"https:\/\/schema.org","@graph":[{"@type":"WebPage","@id":"https:\/\/www.jovenesnucleares.org\/blog\/te-interesa\/articulos\/agp\/","url":"https:\/\/www.jovenesnucleares.org\/blog\/te-interesa\/articulos\/agp\/","name":"El AGP - J\u00f3venes Nucleares","isPartOf":{"@id":"https:\/\/www.jovenesnucleares.org\/blog\/#website"},"primaryImageOfPage":{"@id":"https:\/\/www.jovenesnucleares.org\/blog\/te-interesa\/articulos\/agp\/#primaryimage"},"image":{"@id":"https:\/\/www.jovenesnucleares.org\/blog\/te-interesa\/articulos\/agp\/#primaryimage"},"thumbnailUrl":"http:\/\/www.jovenesnucleares.org\/blog\/wp-content\/uploads\/2017\/04\/esquema-agp.png","datePublished":"2017-04-24T12:45:02+00:00","dateModified":"2017-05-22T07:43:57+00:00","breadcrumb":{"@id":"https:\/\/www.jovenesnucleares.org\/blog\/te-interesa\/articulos\/agp\/#breadcrumb"},"inLanguage":"es","potentialAction":[{"@type":"ReadAction","target":["https:\/\/www.jovenesnucleares.org\/blog\/te-interesa\/articulos\/agp\/"]}]},{"@type":"ImageObject","inLanguage":"es","@id":"https:\/\/www.jovenesnucleares.org\/blog\/te-interesa\/articulos\/agp\/#primaryimage","url":"https:\/\/www.jovenesnucleares.org\/blog\/wp-content\/uploads\/2017\/04\/esquema-agp.png","contentUrl":"https:\/\/www.jovenesnucleares.org\/blog\/wp-content\/uploads\/2017\/04\/esquema-agp.png","width":842,"height":803},{"@type":"BreadcrumbList","@id":"https:\/\/www.jovenesnucleares.org\/blog\/te-interesa\/articulos\/agp\/#breadcrumb","itemListElement":[{"@type":"ListItem","position":1,"name":"Portada","item":"https:\/\/www.jovenesnucleares.org\/blog\/"},{"@type":"ListItem","position":2,"name":"Te interesa","item":"https:\/\/www.jovenesnucleares.org\/blog\/te-interesa\/"},{"@type":"ListItem","position":3,"name":"Art\u00edculos","item":"https:\/\/www.jovenesnucleares.org\/blog\/te-interesa\/articulos\/"},{"@type":"ListItem","position":4,"name":"El AGP"}]},{"@type":"WebSite","@id":"https:\/\/www.jovenesnucleares.org\/blog\/#website","url":"https:\/\/www.jovenesnucleares.org\/blog\/","name":"J\u00f3venes Nucleares","description":"Divulgaci\u00f3n de Ciencia y Tecnolog\u00eda Nuclear","publisher":{"@id":"https:\/\/www.jovenesnucleares.org\/blog\/#organization"},"potentialAction":[{"@type":"SearchAction","target":{"@type":"EntryPoint","urlTemplate":"https:\/\/www.jovenesnucleares.org\/blog\/?s={search_term_string}"},"query-input":{"@type":"PropertyValueSpecification","valueRequired":true,"valueName":"search_term_string"}}],"inLanguage":"es"},{"@type":"Organization","@id":"https:\/\/www.jovenesnucleares.org\/blog\/#organization","name":"J\u00f3venes Nucleares","url":"https:\/\/www.jovenesnucleares.org\/blog\/","logo":{"@type":"ImageObject","inLanguage":"es","@id":"https:\/\/www.jovenesnucleares.org\/blog\/#\/schema\/logo\/image\/","url":"http:\/\/www.jovenesnucleares.org\/blog\/wp-content\/uploads\/2022\/01\/cropped-Logo-JJNN-principal-125px.png","contentUrl":"http:\/\/www.jovenesnucleares.org\/blog\/wp-content\/uploads\/2022\/01\/cropped-Logo-JJNN-principal-125px.png","width":170,"height":70,"caption":"J\u00f3venes Nucleares"},"image":{"@id":"https:\/\/www.jovenesnucleares.org\/blog\/#\/schema\/logo\/image\/"},"sameAs":["https:\/\/www.facebook.com\/JovenesNucleares","https:\/\/x.com\/jjnucleares","https:\/\/www.instagram.com\/jjnucleares\/","https:\/\/www.linkedin.com\/company\/jovenesnucleares\/","https:\/\/www.youtube.com\/c\/JovenesNuclearesSNE","https:\/\/es.wikipedia.org\/wiki\/Jovenes_Nucleares"]}]}},"post_mailing_queue_ids":[],"_links":{"self":[{"href":"https:\/\/www.jovenesnucleares.org\/blog\/wp-json\/wp\/v2\/pages\/2508","targetHints":{"allow":["GET"]}}],"collection":[{"href":"https:\/\/www.jovenesnucleares.org\/blog\/wp-json\/wp\/v2\/pages"}],"about":[{"href":"https:\/\/www.jovenesnucleares.org\/blog\/wp-json\/wp\/v2\/types\/page"}],"author":[{"embeddable":true,"href":"https:\/\/www.jovenesnucleares.org\/blog\/wp-json\/wp\/v2\/users\/1"}],"replies":[{"embeddable":true,"href":"https:\/\/www.jovenesnucleares.org\/blog\/wp-json\/wp\/v2\/comments?post=2508"}],"version-history":[{"count":5,"href":"https:\/\/www.jovenesnucleares.org\/blog\/wp-json\/wp\/v2\/pages\/2508\/revisions"}],"predecessor-version":[{"id":2603,"href":"https:\/\/www.jovenesnucleares.org\/blog\/wp-json\/wp\/v2\/pages\/2508\/revisions\/2603"}],"up":[{"embeddable":true,"href":"https:\/\/www.jovenesnucleares.org\/blog\/wp-json\/wp\/v2\/pages\/2382"}],"wp:attachment":[{"href":"https:\/\/www.jovenesnucleares.org\/blog\/wp-json\/wp\/v2\/media?parent=2508"}],"curies":[{"name":"wp","href":"https:\/\/api.w.org\/{rel}","templated":true}]}}