{"id":2590,"date":"2017-05-22T08:51:06","date_gmt":"2017-05-22T06:51:06","guid":{"rendered":"http:\/\/www.jovenesnucleares.org\/blog\/?page_id=2590"},"modified":"2019-07-05T20:01:12","modified_gmt":"2019-07-05T18:01:12","slug":"la-gestion-del-combustible-gastado-en-espana-los-atis","status":"publish","type":"page","link":"https:\/\/www.jovenesnucleares.org\/blog\/te-interesa\/articulos\/la-gestion-del-combustible-gastado-en-espana-los-atis\/","title":{"rendered":"GESTI\u00d3N DEL COMBUSTIBLE GASTADO EN ESPA\u00d1A: LOS ATIs"},"content":{"rendered":"<p style=\"text-align: justify;\">En los \u00faltimos a\u00f1os no ha cesado el debate en nuestro pa\u00eds, principalmente de car\u00e1cter pol\u00edtico, sobre la construcci\u00f3n y puesta en marcha del <a href=\"http:\/\/www.jovenesnucleares.org\/blog\/articulos\/el-atc-espanol\/\">Almac\u00e9n Temporal Centralizado (ATC)<\/a> para la gesti\u00f3n de residuos radiactivos de alta actividad, fundamentalmente combustible nuclear irradiado. Mientras llega el momento de que el ATC entre en operaci\u00f3n, las centrales nucleares espa\u00f1olas, en colaboraci\u00f3n con ENRESA y de acuerdo a lo establecido en el vigente <a href=\"http:\/\/www.jovenesnucleares.org\/blog\/wp-content\/uploads\/2017\/04\/6PGRR_Espa_ol_Libro_versi_n_indexada.pdf\">6\u00ba Plan General de Residuos Radiactivos<\/a>, han optado por soluciones intermedias como son los denominados Almacenes Temporales Individualizados, o ATIs.<\/p>\n<div id=\"attachment_2596\" style=\"width: 688px\" class=\"wp-caption aligncenter wp-image-2596\"><a href=\"http:\/\/www.jovenesnucleares.org\/blog\/wp-content\/uploads\/2019\/07\/ATI_Asco.png\" rel=\"lightbox[2590]\"><img fetchpriority=\"high\" decoding=\"async\" aria-describedby=\"caption-attachment-2596\" class=\"wp-caption wp-image-2596\" src=\"http:\/\/www.jovenesnucleares.org\/blog\/wp-content\/uploads\/2019\/07\/ATI_Asco.png\" alt=\"\" width=\"678\" height=\"441\" \/><\/a><p id=\"caption-attachment-2596\" class=\"wp-caption-text\">Almac\u00e9n Temporal Individualizado de la Central Nuclear de Asc\u00f3<\/p><\/div>\n<p style=\"text-align: justify;\">Hasta hace poco tiempo, el combustible gastado generado tras cada ciclo de operaci\u00f3n de los reactores se almacenaba \u00fanicamente en las piscinas de enfriamiento que tiene cada planta; incluso se compactaron sus bastidores para incrementar la capacidad de almacenamiento.<\/p>\n<p style=\"text-align: justify;\">Sin embargo, las CCNN espa\u00f1olas, conforme han ido viendo como iba mermando significativamente el espacio disponible en sus piscinas, y dada la demora que est\u00e1 sufriendo el ATC, han tenido que ir poniendo en servicio diversos ATIs. En algunos casos, como CN Trillo, CN Asc\u00f3 y CN Jos\u00e9 Cabrera, \u00e9sta \u00faltima en fase de desmantelamiento, los ATIs ya est\u00e1n operativos; en otros, como CN Almaraz, CN Cofrentes y CN Garo\u00f1a, se est\u00e1 solicitando o procediendo a su construcci\u00f3n y puesta en servicio.<\/p>\n<p style=\"text-align: justify;\">En general, los ATIs se basan en el uso de contenedores para el almacenamiento en seco de los elementos de combustible irradiados con o sin componentes (venenos neutr\u00f3nicos, tapones restrictores de flujo y barras de control), seg\u00fan los diferentes modelos, pesos y dimensiones disponibles.<\/p>\n<p style=\"text-align: justify;\">Estos contenedores garantizan de forma pasiva el cumplimiento de los criterios t\u00e9cnicos y funciones de seguridad requeridas como son: la subcriticidad, el confinamiento del material radiactivo, la evacuaci\u00f3n del calor residual generado (refrigeraci\u00f3n), la capacidad de recuperaci\u00f3n del combustible y el control de la exposici\u00f3n operacional del p\u00fablico y el medioambiente.<\/p>\n<p style=\"text-align: justify;\">Los elementos de combustible que se pueden almacenar en estos contenedores han de cumplir con un conjunto de caracter\u00edsticas, entre las que cabe destacar el grado de quemado m\u00e1ximo, el enriquecimiento inicial en Uranio-235 y el tiempo de decaimiento y enfriamiento previo en la piscina de la central (carga t\u00e9rmica m\u00e1xima).<\/p>\n<p style=\"text-align: justify;\">Este tipo de contenedores han sido dise\u00f1ados con los mayores est\u00e1ndares de seguridad que exige la industria nuclear, adem\u00e1s de ser capaces de soportar el m\u00e1ximo terremoto previsible en el emplazamiento (categor\u00eda s\u00edsmica 1). Pueden estar, seg\u00fan estas caracter\u00edsticas, tanto a la intemperie (CN Asc\u00f3 y CN Jos\u00e9 Cabrera) como dentro de un edificio (CN Trillo), pues cumplen sobradamente con las funciones de seguridad cr\u00edticas mencionadas.<\/p>\n<p style=\"text-align: justify;\">Los contenedores para el ATI tienen la caracter\u00edstica de poseer un blindaje capaz de frenar tal cantidad de radiaci\u00f3n emitida por su contenido que, incluso en contacto con la superficie del mismo, la tasa de dosis se mantiene muy baja para permitir su carga, manejo y posterior traslado al ATI. Gran parte de estos contenedores servir\u00e1n para el futuro transporte del combustible irradiado al ATC.<\/p>\n<p style=\"text-align: justify;\">La preparaci\u00f3n y labores previas y posteriores al llenado de cada contenedor conllevan una serie de maniobras que, a\u00fan pudiendo variar en funci\u00f3n del tipo de contenedor, constan principalmente de las etapas de: carga del contenedor con el combustible irradiado en la piscina, cierre del contenedor, secado del agua y humedad contenidas y posterior llenado con un gas interte para preservar\u00a0la integridad de la vaina de los elementos de combustible y favorecer la disipaci\u00f3n t\u00e9rmica de forma pasiva. Para terminar, una vez que el contenedor est\u00e1 listo para ser depositado en el ATI, se procede al traslado y colocaci\u00f3n de sus m\u00e1s de 100 toneladas de peso desde el edificio donde se ha cargado hasta el emplazamiento del almac\u00e9n.<\/p>\n<p style=\"text-align: justify;\">En cualquier caso, no hay que perder de vista que, tanto los ATIs como el ATC son mal denominados \u00abcementerios nucleares\u00bb, ya que, puesto como sus propios nombres indican, se trata de almacenes temporales, licenciados para operar en perfectas condiciones de seguridad entre 60 y 100 a\u00f1os (ampliables), seg\u00fan los dise\u00f1os aprobados.<\/p>\n<p style=\"text-align: justify;\">El ATC supondr\u00eda \u00fanicamente el paso previo, marcado antes en muchos casos por la apuesta necesaria de los ATIs, hacia un repositorio definitivo como el <a href=\"http:\/\/www.jovenesnucleares.org\/blog\/articulos\/agp\/\">Almac\u00e9n Geol\u00f3gico Profundo (AGP)<\/a>, que ya se est\u00e1 desarrollando en pa\u00edses como Finlandia, Suecia o EEUU. El AGP se entiende, pues, como la soluci\u00f3n final a la gesti\u00f3n de los residuos de alta actividad para proporcionar el confinamiento necesario durante el per\u00edodo de tiempo suficiente, hasta que la radiotoxicidad del combustible irradiado decaiga hasta niveles de fondo natural.<\/p>\n<p>&nbsp;<\/p>\n<p style=\"text-align: right;\"><strong>Daniel Gallego Zamorano<\/strong><\/p>\n<p style=\"text-align: right;\"><em>ANAV<\/em><\/p>\n<p style=\"text-align: right;\"><em>22 de mayo de 2017<\/em><\/p>\n","protected":false},"excerpt":{"rendered":"<p>En los \u00faltimos a\u00f1os no ha cesado el debate en nuestro pa\u00eds, principalmente de car\u00e1cter pol\u00edtico, sobre la construcci\u00f3n y puesta en marcha del Almac\u00e9n Temporal Centralizado (ATC) para la gesti\u00f3n de residuos radiactivos de alta actividad, fundamentalmente combustible nuclear irradiado. Mientras llega el momento de que el ATC entre en operaci\u00f3n, las centrales nucleares&hellip; <br \/> <a class=\"read-more\" href=\"https:\/\/www.jovenesnucleares.org\/blog\/te-interesa\/articulos\/la-gestion-del-combustible-gastado-en-espana-los-atis\/\">Read more<\/a><\/p>\n","protected":false},"author":1,"featured_media":0,"parent":2382,"menu_order":3,"comment_status":"closed","ping_status":"closed","template":"","meta":{"footnotes":""},"class_list":["post-2590","page","type-page","status-publish","hentry"],"yoast_head":"<!-- This site is optimized with the Yoast SEO plugin v27.4 - https:\/\/yoast.com\/product\/yoast-seo-wordpress\/ -->\n<title>GESTI\u00d3N DEL COMBUSTIBLE GASTADO EN ESPA\u00d1A: LOS ATIs - J\u00f3venes Nucleares<\/title>\n<meta name=\"robots\" content=\"index, follow, max-snippet:-1, max-image-preview:large, max-video-preview:-1\" \/>\n<link rel=\"canonical\" href=\"https:\/\/www.jovenesnucleares.org\/blog\/te-interesa\/articulos\/la-gestion-del-combustible-gastado-en-espana-los-atis\/\" \/>\n<meta property=\"og:locale\" content=\"es_ES\" \/>\n<meta property=\"og:type\" content=\"article\" \/>\n<meta property=\"og:title\" content=\"GESTI\u00d3N DEL COMBUSTIBLE GASTADO EN ESPA\u00d1A: LOS ATIs - J\u00f3venes Nucleares\" \/>\n<meta property=\"og:description\" content=\"En los \u00faltimos a\u00f1os no ha cesado el debate en nuestro pa\u00eds, principalmente de car\u00e1cter pol\u00edtico, sobre la construcci\u00f3n y puesta en marcha del Almac\u00e9n Temporal Centralizado (ATC) para la gesti\u00f3n de residuos radiactivos de alta actividad, fundamentalmente combustible nuclear irradiado. Mientras llega el momento de que el ATC entre en operaci\u00f3n, las centrales nucleares&hellip; Read more\" \/>\n<meta property=\"og:url\" content=\"https:\/\/www.jovenesnucleares.org\/blog\/te-interesa\/articulos\/la-gestion-del-combustible-gastado-en-espana-los-atis\/\" \/>\n<meta property=\"og:site_name\" content=\"J\u00f3venes Nucleares\" \/>\n<meta property=\"article:publisher\" content=\"https:\/\/www.facebook.com\/JovenesNucleares\" \/>\n<meta property=\"article:modified_time\" content=\"2019-07-05T18:01:12+00:00\" \/>\n<meta property=\"og:image\" content=\"http:\/\/www.jovenesnucleares.org\/blog\/wp-content\/uploads\/2019\/07\/ATI_Asco.png\" \/>\n<meta name=\"twitter:card\" content=\"summary_large_image\" \/>\n<meta name=\"twitter:site\" content=\"@jjnucleares\" \/>\n<meta name=\"twitter:label1\" content=\"Tiempo de lectura\" \/>\n\t<meta name=\"twitter:data1\" content=\"4 minutos\" \/>\n<script type=\"application\/ld+json\" class=\"yoast-schema-graph\">{\"@context\":\"https:\\\/\\\/schema.org\",\"@graph\":[{\"@type\":\"WebPage\",\"@id\":\"https:\\\/\\\/www.jovenesnucleares.org\\\/blog\\\/te-interesa\\\/articulos\\\/la-gestion-del-combustible-gastado-en-espana-los-atis\\\/\",\"url\":\"https:\\\/\\\/www.jovenesnucleares.org\\\/blog\\\/te-interesa\\\/articulos\\\/la-gestion-del-combustible-gastado-en-espana-los-atis\\\/\",\"name\":\"GESTI\u00d3N DEL COMBUSTIBLE GASTADO EN ESPA\u00d1A: LOS ATIs - J\u00f3venes Nucleares\",\"isPartOf\":{\"@id\":\"https:\\\/\\\/www.jovenesnucleares.org\\\/blog\\\/#website\"},\"primaryImageOfPage\":{\"@id\":\"https:\\\/\\\/www.jovenesnucleares.org\\\/blog\\\/te-interesa\\\/articulos\\\/la-gestion-del-combustible-gastado-en-espana-los-atis\\\/#primaryimage\"},\"image\":{\"@id\":\"https:\\\/\\\/www.jovenesnucleares.org\\\/blog\\\/te-interesa\\\/articulos\\\/la-gestion-del-combustible-gastado-en-espana-los-atis\\\/#primaryimage\"},\"thumbnailUrl\":\"http:\\\/\\\/www.jovenesnucleares.org\\\/blog\\\/wp-content\\\/uploads\\\/2019\\\/07\\\/ATI_Asco.png\",\"datePublished\":\"2017-05-22T06:51:06+00:00\",\"dateModified\":\"2019-07-05T18:01:12+00:00\",\"breadcrumb\":{\"@id\":\"https:\\\/\\\/www.jovenesnucleares.org\\\/blog\\\/te-interesa\\\/articulos\\\/la-gestion-del-combustible-gastado-en-espana-los-atis\\\/#breadcrumb\"},\"inLanguage\":\"es\",\"potentialAction\":[{\"@type\":\"ReadAction\",\"target\":[\"https:\\\/\\\/www.jovenesnucleares.org\\\/blog\\\/te-interesa\\\/articulos\\\/la-gestion-del-combustible-gastado-en-espana-los-atis\\\/\"]}]},{\"@type\":\"ImageObject\",\"inLanguage\":\"es\",\"@id\":\"https:\\\/\\\/www.jovenesnucleares.org\\\/blog\\\/te-interesa\\\/articulos\\\/la-gestion-del-combustible-gastado-en-espana-los-atis\\\/#primaryimage\",\"url\":\"https:\\\/\\\/www.jovenesnucleares.org\\\/blog\\\/wp-content\\\/uploads\\\/2019\\\/07\\\/ATI_Asco.png\",\"contentUrl\":\"https:\\\/\\\/www.jovenesnucleares.org\\\/blog\\\/wp-content\\\/uploads\\\/2019\\\/07\\\/ATI_Asco.png\",\"width\":350,\"height\":186},{\"@type\":\"BreadcrumbList\",\"@id\":\"https:\\\/\\\/www.jovenesnucleares.org\\\/blog\\\/te-interesa\\\/articulos\\\/la-gestion-del-combustible-gastado-en-espana-los-atis\\\/#breadcrumb\",\"itemListElement\":[{\"@type\":\"ListItem\",\"position\":1,\"name\":\"Portada\",\"item\":\"https:\\\/\\\/www.jovenesnucleares.org\\\/blog\\\/\"},{\"@type\":\"ListItem\",\"position\":2,\"name\":\"Te interesa\",\"item\":\"https:\\\/\\\/www.jovenesnucleares.org\\\/blog\\\/te-interesa\\\/\"},{\"@type\":\"ListItem\",\"position\":3,\"name\":\"Art\u00edculos\",\"item\":\"https:\\\/\\\/www.jovenesnucleares.org\\\/blog\\\/te-interesa\\\/articulos\\\/\"},{\"@type\":\"ListItem\",\"position\":4,\"name\":\"GESTI\u00d3N DEL COMBUSTIBLE GASTADO EN ESPA\u00d1A: LOS ATIs\"}]},{\"@type\":\"WebSite\",\"@id\":\"https:\\\/\\\/www.jovenesnucleares.org\\\/blog\\\/#website\",\"url\":\"https:\\\/\\\/www.jovenesnucleares.org\\\/blog\\\/\",\"name\":\"J\u00f3venes Nucleares\",\"description\":\"Divulgaci\u00f3n de Ciencia y Tecnolog\u00eda Nuclear\",\"publisher\":{\"@id\":\"https:\\\/\\\/www.jovenesnucleares.org\\\/blog\\\/#organization\"},\"potentialAction\":[{\"@type\":\"SearchAction\",\"target\":{\"@type\":\"EntryPoint\",\"urlTemplate\":\"https:\\\/\\\/www.jovenesnucleares.org\\\/blog\\\/?s={search_term_string}\"},\"query-input\":{\"@type\":\"PropertyValueSpecification\",\"valueRequired\":true,\"valueName\":\"search_term_string\"}}],\"inLanguage\":\"es\"},{\"@type\":\"Organization\",\"@id\":\"https:\\\/\\\/www.jovenesnucleares.org\\\/blog\\\/#organization\",\"name\":\"J\u00f3venes Nucleares\",\"url\":\"https:\\\/\\\/www.jovenesnucleares.org\\\/blog\\\/\",\"logo\":{\"@type\":\"ImageObject\",\"inLanguage\":\"es\",\"@id\":\"https:\\\/\\\/www.jovenesnucleares.org\\\/blog\\\/#\\\/schema\\\/logo\\\/image\\\/\",\"url\":\"http:\\\/\\\/www.jovenesnucleares.org\\\/blog\\\/wp-content\\\/uploads\\\/2022\\\/01\\\/cropped-Logo-JJNN-principal-125px.png\",\"contentUrl\":\"http:\\\/\\\/www.jovenesnucleares.org\\\/blog\\\/wp-content\\\/uploads\\\/2022\\\/01\\\/cropped-Logo-JJNN-principal-125px.png\",\"width\":170,\"height\":70,\"caption\":\"J\u00f3venes Nucleares\"},\"image\":{\"@id\":\"https:\\\/\\\/www.jovenesnucleares.org\\\/blog\\\/#\\\/schema\\\/logo\\\/image\\\/\"},\"sameAs\":[\"https:\\\/\\\/www.facebook.com\\\/JovenesNucleares\",\"https:\\\/\\\/x.com\\\/jjnucleares\",\"https:\\\/\\\/www.instagram.com\\\/jjnucleares\\\/\",\"https:\\\/\\\/www.linkedin.com\\\/company\\\/jovenesnucleares\\\/\",\"https:\\\/\\\/www.youtube.com\\\/c\\\/JovenesNuclearesSNE\",\"https:\\\/\\\/es.wikipedia.org\\\/wiki\\\/Jovenes_Nucleares\"]}]}<\/script>\n<!-- \/ Yoast SEO plugin. -->","yoast_head_json":{"title":"GESTI\u00d3N DEL COMBUSTIBLE GASTADO EN ESPA\u00d1A: LOS ATIs - J\u00f3venes Nucleares","robots":{"index":"index","follow":"follow","max-snippet":"max-snippet:-1","max-image-preview":"max-image-preview:large","max-video-preview":"max-video-preview:-1"},"canonical":"https:\/\/www.jovenesnucleares.org\/blog\/te-interesa\/articulos\/la-gestion-del-combustible-gastado-en-espana-los-atis\/","og_locale":"es_ES","og_type":"article","og_title":"GESTI\u00d3N DEL COMBUSTIBLE GASTADO EN ESPA\u00d1A: LOS ATIs - J\u00f3venes Nucleares","og_description":"En los \u00faltimos a\u00f1os no ha cesado el debate en nuestro pa\u00eds, principalmente de car\u00e1cter pol\u00edtico, sobre la construcci\u00f3n y puesta en marcha del Almac\u00e9n Temporal Centralizado (ATC) para la gesti\u00f3n de residuos radiactivos de alta actividad, fundamentalmente combustible nuclear irradiado. Mientras llega el momento de que el ATC entre en operaci\u00f3n, las centrales nucleares&hellip; Read more","og_url":"https:\/\/www.jovenesnucleares.org\/blog\/te-interesa\/articulos\/la-gestion-del-combustible-gastado-en-espana-los-atis\/","og_site_name":"J\u00f3venes Nucleares","article_publisher":"https:\/\/www.facebook.com\/JovenesNucleares","article_modified_time":"2019-07-05T18:01:12+00:00","og_image":[{"url":"http:\/\/www.jovenesnucleares.org\/blog\/wp-content\/uploads\/2019\/07\/ATI_Asco.png","type":"","width":"","height":""}],"twitter_card":"summary_large_image","twitter_site":"@jjnucleares","twitter_misc":{"Tiempo de lectura":"4 minutos"},"schema":{"@context":"https:\/\/schema.org","@graph":[{"@type":"WebPage","@id":"https:\/\/www.jovenesnucleares.org\/blog\/te-interesa\/articulos\/la-gestion-del-combustible-gastado-en-espana-los-atis\/","url":"https:\/\/www.jovenesnucleares.org\/blog\/te-interesa\/articulos\/la-gestion-del-combustible-gastado-en-espana-los-atis\/","name":"GESTI\u00d3N DEL COMBUSTIBLE GASTADO EN ESPA\u00d1A: LOS ATIs - J\u00f3venes Nucleares","isPartOf":{"@id":"https:\/\/www.jovenesnucleares.org\/blog\/#website"},"primaryImageOfPage":{"@id":"https:\/\/www.jovenesnucleares.org\/blog\/te-interesa\/articulos\/la-gestion-del-combustible-gastado-en-espana-los-atis\/#primaryimage"},"image":{"@id":"https:\/\/www.jovenesnucleares.org\/blog\/te-interesa\/articulos\/la-gestion-del-combustible-gastado-en-espana-los-atis\/#primaryimage"},"thumbnailUrl":"http:\/\/www.jovenesnucleares.org\/blog\/wp-content\/uploads\/2019\/07\/ATI_Asco.png","datePublished":"2017-05-22T06:51:06+00:00","dateModified":"2019-07-05T18:01:12+00:00","breadcrumb":{"@id":"https:\/\/www.jovenesnucleares.org\/blog\/te-interesa\/articulos\/la-gestion-del-combustible-gastado-en-espana-los-atis\/#breadcrumb"},"inLanguage":"es","potentialAction":[{"@type":"ReadAction","target":["https:\/\/www.jovenesnucleares.org\/blog\/te-interesa\/articulos\/la-gestion-del-combustible-gastado-en-espana-los-atis\/"]}]},{"@type":"ImageObject","inLanguage":"es","@id":"https:\/\/www.jovenesnucleares.org\/blog\/te-interesa\/articulos\/la-gestion-del-combustible-gastado-en-espana-los-atis\/#primaryimage","url":"https:\/\/www.jovenesnucleares.org\/blog\/wp-content\/uploads\/2019\/07\/ATI_Asco.png","contentUrl":"https:\/\/www.jovenesnucleares.org\/blog\/wp-content\/uploads\/2019\/07\/ATI_Asco.png","width":350,"height":186},{"@type":"BreadcrumbList","@id":"https:\/\/www.jovenesnucleares.org\/blog\/te-interesa\/articulos\/la-gestion-del-combustible-gastado-en-espana-los-atis\/#breadcrumb","itemListElement":[{"@type":"ListItem","position":1,"name":"Portada","item":"https:\/\/www.jovenesnucleares.org\/blog\/"},{"@type":"ListItem","position":2,"name":"Te interesa","item":"https:\/\/www.jovenesnucleares.org\/blog\/te-interesa\/"},{"@type":"ListItem","position":3,"name":"Art\u00edculos","item":"https:\/\/www.jovenesnucleares.org\/blog\/te-interesa\/articulos\/"},{"@type":"ListItem","position":4,"name":"GESTI\u00d3N DEL COMBUSTIBLE GASTADO EN ESPA\u00d1A: LOS ATIs"}]},{"@type":"WebSite","@id":"https:\/\/www.jovenesnucleares.org\/blog\/#website","url":"https:\/\/www.jovenesnucleares.org\/blog\/","name":"J\u00f3venes Nucleares","description":"Divulgaci\u00f3n de Ciencia y Tecnolog\u00eda Nuclear","publisher":{"@id":"https:\/\/www.jovenesnucleares.org\/blog\/#organization"},"potentialAction":[{"@type":"SearchAction","target":{"@type":"EntryPoint","urlTemplate":"https:\/\/www.jovenesnucleares.org\/blog\/?s={search_term_string}"},"query-input":{"@type":"PropertyValueSpecification","valueRequired":true,"valueName":"search_term_string"}}],"inLanguage":"es"},{"@type":"Organization","@id":"https:\/\/www.jovenesnucleares.org\/blog\/#organization","name":"J\u00f3venes Nucleares","url":"https:\/\/www.jovenesnucleares.org\/blog\/","logo":{"@type":"ImageObject","inLanguage":"es","@id":"https:\/\/www.jovenesnucleares.org\/blog\/#\/schema\/logo\/image\/","url":"http:\/\/www.jovenesnucleares.org\/blog\/wp-content\/uploads\/2022\/01\/cropped-Logo-JJNN-principal-125px.png","contentUrl":"http:\/\/www.jovenesnucleares.org\/blog\/wp-content\/uploads\/2022\/01\/cropped-Logo-JJNN-principal-125px.png","width":170,"height":70,"caption":"J\u00f3venes Nucleares"},"image":{"@id":"https:\/\/www.jovenesnucleares.org\/blog\/#\/schema\/logo\/image\/"},"sameAs":["https:\/\/www.facebook.com\/JovenesNucleares","https:\/\/x.com\/jjnucleares","https:\/\/www.instagram.com\/jjnucleares\/","https:\/\/www.linkedin.com\/company\/jovenesnucleares\/","https:\/\/www.youtube.com\/c\/JovenesNuclearesSNE","https:\/\/es.wikipedia.org\/wiki\/Jovenes_Nucleares"]}]}},"post_mailing_queue_ids":[],"_links":{"self":[{"href":"https:\/\/www.jovenesnucleares.org\/blog\/wp-json\/wp\/v2\/pages\/2590","targetHints":{"allow":["GET"]}}],"collection":[{"href":"https:\/\/www.jovenesnucleares.org\/blog\/wp-json\/wp\/v2\/pages"}],"about":[{"href":"https:\/\/www.jovenesnucleares.org\/blog\/wp-json\/wp\/v2\/types\/page"}],"author":[{"embeddable":true,"href":"https:\/\/www.jovenesnucleares.org\/blog\/wp-json\/wp\/v2\/users\/1"}],"replies":[{"embeddable":true,"href":"https:\/\/www.jovenesnucleares.org\/blog\/wp-json\/wp\/v2\/comments?post=2590"}],"version-history":[{"count":5,"href":"https:\/\/www.jovenesnucleares.org\/blog\/wp-json\/wp\/v2\/pages\/2590\/revisions"}],"predecessor-version":[{"id":4735,"href":"https:\/\/www.jovenesnucleares.org\/blog\/wp-json\/wp\/v2\/pages\/2590\/revisions\/4735"}],"up":[{"embeddable":true,"href":"https:\/\/www.jovenesnucleares.org\/blog\/wp-json\/wp\/v2\/pages\/2382"}],"wp:attachment":[{"href":"https:\/\/www.jovenesnucleares.org\/blog\/wp-json\/wp\/v2\/media?parent=2590"}],"curies":[{"name":"wp","href":"https:\/\/api.w.org\/{rel}","templated":true}]}}