{"id":2684,"date":"2017-06-30T08:08:22","date_gmt":"2017-06-30T06:08:22","guid":{"rendered":"http:\/\/www.jovenesnucleares.org\/blog\/?page_id=2684"},"modified":"2022-02-24T14:32:45","modified_gmt":"2022-02-24T12:32:45","slug":"junio","status":"publish","type":"page","link":"https:\/\/www.jovenesnucleares.org\/blog\/te-interesa\/12-meses-12-razones\/junio\/","title":{"rendered":"JUNIO"},"content":{"rendered":"<p style=\"text-align: justify;\"><em>Lo nuevo \u00bfsiempre es mejor?<\/em><\/p>\n<p><a href=\"http:\/\/www.jovenesnucleares.org\/blog\/wp-content\/uploads\/2018\/07\/Presa-Aldead\u00e1vila.jpg\" rel=\"lightbox[2684]\"><img fetchpriority=\"high\" decoding=\"async\" class=\"aligncenter wp-image-3426 size-large\" src=\"http:\/\/www.jovenesnucleares.org\/blog\/wp-content\/uploads\/2018\/07\/Presa-Aldead\u00e1vila-1024x768.jpg\" alt=\"\" width=\"1024\" height=\"768\" srcset=\"https:\/\/www.jovenesnucleares.org\/blog\/wp-content\/uploads\/2018\/07\/Presa-Aldead\u00e1vila.jpg 1024w, https:\/\/www.jovenesnucleares.org\/blog\/wp-content\/uploads\/2018\/07\/Presa-Aldead\u00e1vila-300x225.jpg 300w, https:\/\/www.jovenesnucleares.org\/blog\/wp-content\/uploads\/2018\/07\/Presa-Aldead\u00e1vila-768x576.jpg 768w, https:\/\/www.jovenesnucleares.org\/blog\/wp-content\/uploads\/2018\/07\/Presa-Aldead\u00e1vila-624x468.jpg 624w\" sizes=\"(max-width: 1024px) 100vw, 1024px\" \/><\/a><\/p>\n<p style=\"text-align: justify;\">\u00bfCu\u00e1l es la vida de dise\u00f1o de una instalaci\u00f3n de generaci\u00f3n el\u00e9ctrica? \u00bfY su vida \u00fatil? Aunque ambos t\u00e9rminos parezcan confusos, es importante distinguirlos para poder determinar cu\u00e1l es el tiempo m\u00e1ximo que una central el\u00e9ctrica puede operar de manera segura y econ\u00f3micamente viable.<\/p>\n<p style=\"text-align: justify;\">Si nos fijamos en el caso de las centrales hidroel\u00e9ctricas espa\u00f1olas, encontramos que las m\u00e1s importantes fueron puestas en marcha entre los a\u00f1os 60 y 80: la presa de Aldead\u00e1vila, la de mayor potencia instalada, entr\u00f3 en operaci\u00f3n en 1963; de hecho, su edad le permiti\u00f3 convertirse en una localizaci\u00f3n determinante en el rodaje de la pel\u00edcula <em>Doctor Zhivago<\/em>.<\/p>\n<p style=\"text-align: justify;\">Parece que nadie rebate que este tipo de instalaciones, imprescindibles para una generaci\u00f3n el\u00e9ctrica libre de CO2 y una independencia energ\u00e9tica de nuestro pa\u00eds, deban mantenerse activas mientras sean capaces de mantener la calidad de su servicio, independientemente de su edad.<\/p>\n<p style=\"text-align: justify;\">\n<p style=\"text-align: justify;\">Sin embargo, cuando se habla de centrales nucleares, es habitual encontrar objeciones a que estas sigan operando una vez han alcanzado los 40 a\u00f1os de vida.<\/p>\n<p style=\"text-align: justify;\">Dado que actualmente, en Espa\u00f1a la generaci\u00f3n el\u00e9ctrica de origen nuclear <a href=\"http:\/\/www.jovenesnucleares.org\/blog\/campana-12-meses-12-razones\/enero\/\">es fundamental para nuestro sistema el\u00e9ctrico<\/a>, siendo una fuente de energ\u00eda abundante, <a href=\"http:\/\/www.jovenesnucleares.org\/blog\/campana-12-meses-12-razones\/marzo\/\">constante en el tiempo y libre de emisiones de CO2<\/a>, la pregunta que hay que responder es: \u00bfse ven comprometidas la calidad y la seguridad de las centrales nucleares, de alguna manera, con el tiempo?<\/p>\n<p style=\"text-align: justify;\">\n<p style=\"text-align: justify;\">Toda la informaci\u00f3n sobre la diferencia entre los conceptos de vida de dise\u00f1o y vida \u00fatil la pod\u00e9is encontrar en <a href=\"http:\/\/sne.es\/images\/stories\/recursos\/publicaciones\/posicionamiento\/SNE_Posicionamiento_Vida_Util.pdf\">este enlace<\/a>, aunque vamos a tratar de resumir lo m\u00e1s importante:<\/p>\n<ul>\n<li style=\"text-align: justify;\">la <strong>vida de dise\u00f1o<\/strong> es un <em>t\u00e9rmino ingenieril<\/em> que indica el tiempo m\u00ednimo, desde su puesta en servicio, durante el cual se espera que la instalaci\u00f3n funcione con plena seguridad cumpliendo los requisitos y supuestos establecidos.<\/li>\n<li style=\"text-align: justify;\">Por otra parte, la <strong>vida \u00fatil<\/strong> es el tiempo durante el cual la instalaci\u00f3n puede funcionar de forma segura y econ\u00f3micamente viable, cumpliendo los requisitos establecidos en la normativa vigente.<\/li>\n<\/ul>\n<p style=\"text-align: justify;\">Es conveniente destacar que en Espa\u00f1a no existe ninguna limitaci\u00f3n legal a la operaci\u00f3n de las centrales m\u00e1s all\u00e1 de la vida de dise\u00f1o.<\/p>\n<p style=\"text-align: justify;\">\n<p style=\"text-align: justify;\">Si analizamos el caso de la central nuclear de Almaraz, cuyas unidades I y II entraron en servicio comercial en 1983 y 1984 respectivamente, podemos observar lo siguiente:<\/p>\n<ul>\n<li style=\"text-align: justify;\">En 2016, CN Almaraz gener\u00f3 el 6,31% de la demanda el\u00e9ctrica espa\u00f1ola (<a href=\"http:\/\/www.ree.es\/sites\/default\/files\/11_PUBLICACIONES\/Documentos\/InformesSistemaElectrico\/2016\/inf_sis_elec_ree_2016.pdf\">15.780 GWh generados por CN Almaraz, de una demanda total de 249.980 GWh<\/a>).<\/li>\n<li style=\"text-align: justify;\">Adem\u00e1s, esta contribuci\u00f3n representa el 9,95% del total de generaci\u00f3n el\u00e9ctrica libre de CO2 (158.606 GWh).<\/li>\n<li style=\"text-align: justify;\">CN Almaraz ha <a href=\"https:\/\/www.csn.es\/images\/stories\/actualidad_datos\/pruebas_de_resistencia_informe_final.pdf\">superado satisfactoriamente los test de resistencia post-Fukushima<\/a> (evaluaci\u00f3n que tambi\u00e9n han aprobado el resto de instalaciones del parque nuclear espa\u00f1ol).<\/li>\n<\/ul>\n<p style=\"text-align: justify;\"><a href=\"http:\/\/www.jovenesnucleares.org\/blog\/wp-content\/uploads\/2017\/06\/Generacion_Almaraz.png\" rel=\"lightbox[2684]\"><img decoding=\"async\" class=\"aligncenter size-full wp-image-2689\" src=\"http:\/\/www.jovenesnucleares.org\/blog\/wp-content\/uploads\/2017\/06\/Generacion_Almaraz.png\" alt=\"\" width=\"857\" height=\"565\" srcset=\"https:\/\/www.jovenesnucleares.org\/blog\/wp-content\/uploads\/2017\/06\/Generacion_Almaraz.png 857w, https:\/\/www.jovenesnucleares.org\/blog\/wp-content\/uploads\/2017\/06\/Generacion_Almaraz-300x198.png 300w, https:\/\/www.jovenesnucleares.org\/blog\/wp-content\/uploads\/2017\/06\/Generacion_Almaraz-768x506.png 768w, https:\/\/www.jovenesnucleares.org\/blog\/wp-content\/uploads\/2017\/06\/Generacion_Almaraz-624x411.png 624w\" sizes=\"(max-width: 857px) 100vw, 857px\" \/><\/a><\/p>\n<p style=\"text-align: justify;\">De esta forma, se puede concluir, en primer lugar, tal y como se indica en las actas de inspecci\u00f3n del CSN, que CN Almaraz <strong>se encuentra en un estado adecuado para su funcionamiento<\/strong> y, por otra parte, que es indiscutible el papel que juega la central como agente fundamental en la lucha contra el cambio clim\u00e1tico.<\/p>\n","protected":false},"excerpt":{"rendered":"<p>Lo nuevo \u00bfsiempre es mejor? \u00bfCu\u00e1l es la vida de dise\u00f1o de una instalaci\u00f3n de generaci\u00f3n el\u00e9ctrica? \u00bfY su vida \u00fatil? Aunque ambos t\u00e9rminos parezcan confusos, es importante distinguirlos para poder determinar cu\u00e1l es el tiempo m\u00e1ximo que una central el\u00e9ctrica puede operar de manera segura y econ\u00f3micamente viable. Si nos fijamos en el caso&hellip; <br \/> <a class=\"read-more\" href=\"https:\/\/www.jovenesnucleares.org\/blog\/te-interesa\/12-meses-12-razones\/junio\/\">Read more<\/a><\/p>\n","protected":false},"author":1,"featured_media":0,"parent":2369,"menu_order":5,"comment_status":"closed","ping_status":"closed","template":"","meta":{"footnotes":""},"class_list":["post-2684","page","type-page","status-publish","hentry"],"yoast_head":"<!-- This site is optimized with the Yoast SEO plugin v27.4 - https:\/\/yoast.com\/product\/yoast-seo-wordpress\/ -->\n<title>JUNIO - J\u00f3venes Nucleares<\/title>\n<meta name=\"robots\" content=\"index, follow, max-snippet:-1, max-image-preview:large, max-video-preview:-1\" \/>\n<link rel=\"canonical\" href=\"https:\/\/www.jovenesnucleares.org\/blog\/te-interesa\/12-meses-12-razones\/junio\/\" \/>\n<meta property=\"og:locale\" content=\"es_ES\" \/>\n<meta property=\"og:type\" content=\"article\" \/>\n<meta property=\"og:title\" content=\"JUNIO - J\u00f3venes Nucleares\" \/>\n<meta property=\"og:description\" content=\"Lo nuevo \u00bfsiempre es mejor? \u00bfCu\u00e1l es la vida de dise\u00f1o de una instalaci\u00f3n de generaci\u00f3n el\u00e9ctrica? \u00bfY su vida \u00fatil? Aunque ambos t\u00e9rminos parezcan confusos, es importante distinguirlos para poder determinar cu\u00e1l es el tiempo m\u00e1ximo que una central el\u00e9ctrica puede operar de manera segura y econ\u00f3micamente viable. Si nos fijamos en el caso&hellip; Read more\" \/>\n<meta property=\"og:url\" content=\"https:\/\/www.jovenesnucleares.org\/blog\/te-interesa\/12-meses-12-razones\/junio\/\" \/>\n<meta property=\"og:site_name\" content=\"J\u00f3venes Nucleares\" \/>\n<meta property=\"article:publisher\" content=\"https:\/\/www.facebook.com\/JovenesNucleares\" \/>\n<meta property=\"article:modified_time\" content=\"2022-02-24T12:32:45+00:00\" \/>\n<meta property=\"og:image\" content=\"http:\/\/www.jovenesnucleares.org\/blog\/wp-content\/uploads\/2017\/06\/Generacion_Almaraz.png\" \/>\n<meta name=\"twitter:card\" content=\"summary_large_image\" \/>\n<meta name=\"twitter:site\" content=\"@jjnucleares\" \/>\n<meta name=\"twitter:label1\" content=\"Tiempo de lectura\" \/>\n\t<meta name=\"twitter:data1\" content=\"3 minutos\" \/>\n<script type=\"application\/ld+json\" class=\"yoast-schema-graph\">{\"@context\":\"https:\\\/\\\/schema.org\",\"@graph\":[{\"@type\":\"WebPage\",\"@id\":\"https:\\\/\\\/www.jovenesnucleares.org\\\/blog\\\/te-interesa\\\/12-meses-12-razones\\\/junio\\\/\",\"url\":\"https:\\\/\\\/www.jovenesnucleares.org\\\/blog\\\/te-interesa\\\/12-meses-12-razones\\\/junio\\\/\",\"name\":\"JUNIO - J\u00f3venes Nucleares\",\"isPartOf\":{\"@id\":\"https:\\\/\\\/www.jovenesnucleares.org\\\/blog\\\/#website\"},\"primaryImageOfPage\":{\"@id\":\"https:\\\/\\\/www.jovenesnucleares.org\\\/blog\\\/te-interesa\\\/12-meses-12-razones\\\/junio\\\/#primaryimage\"},\"image\":{\"@id\":\"https:\\\/\\\/www.jovenesnucleares.org\\\/blog\\\/te-interesa\\\/12-meses-12-razones\\\/junio\\\/#primaryimage\"},\"thumbnailUrl\":\"http:\\\/\\\/www.jovenesnucleares.org\\\/blog\\\/wp-content\\\/uploads\\\/2017\\\/06\\\/Generacion_Almaraz.png\",\"datePublished\":\"2017-06-30T06:08:22+00:00\",\"dateModified\":\"2022-02-24T12:32:45+00:00\",\"breadcrumb\":{\"@id\":\"https:\\\/\\\/www.jovenesnucleares.org\\\/blog\\\/te-interesa\\\/12-meses-12-razones\\\/junio\\\/#breadcrumb\"},\"inLanguage\":\"es\",\"potentialAction\":[{\"@type\":\"ReadAction\",\"target\":[\"https:\\\/\\\/www.jovenesnucleares.org\\\/blog\\\/te-interesa\\\/12-meses-12-razones\\\/junio\\\/\"]}]},{\"@type\":\"ImageObject\",\"inLanguage\":\"es\",\"@id\":\"https:\\\/\\\/www.jovenesnucleares.org\\\/blog\\\/te-interesa\\\/12-meses-12-razones\\\/junio\\\/#primaryimage\",\"url\":\"https:\\\/\\\/www.jovenesnucleares.org\\\/blog\\\/wp-content\\\/uploads\\\/2017\\\/06\\\/Generacion_Almaraz.png\",\"contentUrl\":\"https:\\\/\\\/www.jovenesnucleares.org\\\/blog\\\/wp-content\\\/uploads\\\/2017\\\/06\\\/Generacion_Almaraz.png\",\"width\":857,\"height\":565},{\"@type\":\"BreadcrumbList\",\"@id\":\"https:\\\/\\\/www.jovenesnucleares.org\\\/blog\\\/te-interesa\\\/12-meses-12-razones\\\/junio\\\/#breadcrumb\",\"itemListElement\":[{\"@type\":\"ListItem\",\"position\":1,\"name\":\"Portada\",\"item\":\"https:\\\/\\\/www.jovenesnucleares.org\\\/blog\\\/\"},{\"@type\":\"ListItem\",\"position\":2,\"name\":\"Te interesa\",\"item\":\"https:\\\/\\\/www.jovenesnucleares.org\\\/blog\\\/te-interesa\\\/\"},{\"@type\":\"ListItem\",\"position\":3,\"name\":\"12 meses 12 razones\",\"item\":\"https:\\\/\\\/www.jovenesnucleares.org\\\/blog\\\/te-interesa\\\/12-meses-12-razones\\\/\"},{\"@type\":\"ListItem\",\"position\":4,\"name\":\"JUNIO\"}]},{\"@type\":\"WebSite\",\"@id\":\"https:\\\/\\\/www.jovenesnucleares.org\\\/blog\\\/#website\",\"url\":\"https:\\\/\\\/www.jovenesnucleares.org\\\/blog\\\/\",\"name\":\"J\u00f3venes Nucleares\",\"description\":\"Divulgaci\u00f3n de Ciencia y Tecnolog\u00eda Nuclear\",\"publisher\":{\"@id\":\"https:\\\/\\\/www.jovenesnucleares.org\\\/blog\\\/#organization\"},\"potentialAction\":[{\"@type\":\"SearchAction\",\"target\":{\"@type\":\"EntryPoint\",\"urlTemplate\":\"https:\\\/\\\/www.jovenesnucleares.org\\\/blog\\\/?s={search_term_string}\"},\"query-input\":{\"@type\":\"PropertyValueSpecification\",\"valueRequired\":true,\"valueName\":\"search_term_string\"}}],\"inLanguage\":\"es\"},{\"@type\":\"Organization\",\"@id\":\"https:\\\/\\\/www.jovenesnucleares.org\\\/blog\\\/#organization\",\"name\":\"J\u00f3venes Nucleares\",\"url\":\"https:\\\/\\\/www.jovenesnucleares.org\\\/blog\\\/\",\"logo\":{\"@type\":\"ImageObject\",\"inLanguage\":\"es\",\"@id\":\"https:\\\/\\\/www.jovenesnucleares.org\\\/blog\\\/#\\\/schema\\\/logo\\\/image\\\/\",\"url\":\"http:\\\/\\\/www.jovenesnucleares.org\\\/blog\\\/wp-content\\\/uploads\\\/2022\\\/01\\\/cropped-Logo-JJNN-principal-125px.png\",\"contentUrl\":\"http:\\\/\\\/www.jovenesnucleares.org\\\/blog\\\/wp-content\\\/uploads\\\/2022\\\/01\\\/cropped-Logo-JJNN-principal-125px.png\",\"width\":170,\"height\":70,\"caption\":\"J\u00f3venes Nucleares\"},\"image\":{\"@id\":\"https:\\\/\\\/www.jovenesnucleares.org\\\/blog\\\/#\\\/schema\\\/logo\\\/image\\\/\"},\"sameAs\":[\"https:\\\/\\\/www.facebook.com\\\/JovenesNucleares\",\"https:\\\/\\\/x.com\\\/jjnucleares\",\"https:\\\/\\\/www.instagram.com\\\/jjnucleares\\\/\",\"https:\\\/\\\/www.linkedin.com\\\/company\\\/jovenesnucleares\\\/\",\"https:\\\/\\\/www.youtube.com\\\/c\\\/JovenesNuclearesSNE\",\"https:\\\/\\\/es.wikipedia.org\\\/wiki\\\/Jovenes_Nucleares\"]}]}<\/script>\n<!-- \/ Yoast SEO plugin. -->","yoast_head_json":{"title":"JUNIO - J\u00f3venes Nucleares","robots":{"index":"index","follow":"follow","max-snippet":"max-snippet:-1","max-image-preview":"max-image-preview:large","max-video-preview":"max-video-preview:-1"},"canonical":"https:\/\/www.jovenesnucleares.org\/blog\/te-interesa\/12-meses-12-razones\/junio\/","og_locale":"es_ES","og_type":"article","og_title":"JUNIO - J\u00f3venes Nucleares","og_description":"Lo nuevo \u00bfsiempre es mejor? \u00bfCu\u00e1l es la vida de dise\u00f1o de una instalaci\u00f3n de generaci\u00f3n el\u00e9ctrica? \u00bfY su vida \u00fatil? Aunque ambos t\u00e9rminos parezcan confusos, es importante distinguirlos para poder determinar cu\u00e1l es el tiempo m\u00e1ximo que una central el\u00e9ctrica puede operar de manera segura y econ\u00f3micamente viable. Si nos fijamos en el caso&hellip; Read more","og_url":"https:\/\/www.jovenesnucleares.org\/blog\/te-interesa\/12-meses-12-razones\/junio\/","og_site_name":"J\u00f3venes Nucleares","article_publisher":"https:\/\/www.facebook.com\/JovenesNucleares","article_modified_time":"2022-02-24T12:32:45+00:00","og_image":[{"url":"http:\/\/www.jovenesnucleares.org\/blog\/wp-content\/uploads\/2017\/06\/Generacion_Almaraz.png","type":"","width":"","height":""}],"twitter_card":"summary_large_image","twitter_site":"@jjnucleares","twitter_misc":{"Tiempo de lectura":"3 minutos"},"schema":{"@context":"https:\/\/schema.org","@graph":[{"@type":"WebPage","@id":"https:\/\/www.jovenesnucleares.org\/blog\/te-interesa\/12-meses-12-razones\/junio\/","url":"https:\/\/www.jovenesnucleares.org\/blog\/te-interesa\/12-meses-12-razones\/junio\/","name":"JUNIO - J\u00f3venes Nucleares","isPartOf":{"@id":"https:\/\/www.jovenesnucleares.org\/blog\/#website"},"primaryImageOfPage":{"@id":"https:\/\/www.jovenesnucleares.org\/blog\/te-interesa\/12-meses-12-razones\/junio\/#primaryimage"},"image":{"@id":"https:\/\/www.jovenesnucleares.org\/blog\/te-interesa\/12-meses-12-razones\/junio\/#primaryimage"},"thumbnailUrl":"http:\/\/www.jovenesnucleares.org\/blog\/wp-content\/uploads\/2017\/06\/Generacion_Almaraz.png","datePublished":"2017-06-30T06:08:22+00:00","dateModified":"2022-02-24T12:32:45+00:00","breadcrumb":{"@id":"https:\/\/www.jovenesnucleares.org\/blog\/te-interesa\/12-meses-12-razones\/junio\/#breadcrumb"},"inLanguage":"es","potentialAction":[{"@type":"ReadAction","target":["https:\/\/www.jovenesnucleares.org\/blog\/te-interesa\/12-meses-12-razones\/junio\/"]}]},{"@type":"ImageObject","inLanguage":"es","@id":"https:\/\/www.jovenesnucleares.org\/blog\/te-interesa\/12-meses-12-razones\/junio\/#primaryimage","url":"https:\/\/www.jovenesnucleares.org\/blog\/wp-content\/uploads\/2017\/06\/Generacion_Almaraz.png","contentUrl":"https:\/\/www.jovenesnucleares.org\/blog\/wp-content\/uploads\/2017\/06\/Generacion_Almaraz.png","width":857,"height":565},{"@type":"BreadcrumbList","@id":"https:\/\/www.jovenesnucleares.org\/blog\/te-interesa\/12-meses-12-razones\/junio\/#breadcrumb","itemListElement":[{"@type":"ListItem","position":1,"name":"Portada","item":"https:\/\/www.jovenesnucleares.org\/blog\/"},{"@type":"ListItem","position":2,"name":"Te interesa","item":"https:\/\/www.jovenesnucleares.org\/blog\/te-interesa\/"},{"@type":"ListItem","position":3,"name":"12 meses 12 razones","item":"https:\/\/www.jovenesnucleares.org\/blog\/te-interesa\/12-meses-12-razones\/"},{"@type":"ListItem","position":4,"name":"JUNIO"}]},{"@type":"WebSite","@id":"https:\/\/www.jovenesnucleares.org\/blog\/#website","url":"https:\/\/www.jovenesnucleares.org\/blog\/","name":"J\u00f3venes Nucleares","description":"Divulgaci\u00f3n de Ciencia y Tecnolog\u00eda Nuclear","publisher":{"@id":"https:\/\/www.jovenesnucleares.org\/blog\/#organization"},"potentialAction":[{"@type":"SearchAction","target":{"@type":"EntryPoint","urlTemplate":"https:\/\/www.jovenesnucleares.org\/blog\/?s={search_term_string}"},"query-input":{"@type":"PropertyValueSpecification","valueRequired":true,"valueName":"search_term_string"}}],"inLanguage":"es"},{"@type":"Organization","@id":"https:\/\/www.jovenesnucleares.org\/blog\/#organization","name":"J\u00f3venes Nucleares","url":"https:\/\/www.jovenesnucleares.org\/blog\/","logo":{"@type":"ImageObject","inLanguage":"es","@id":"https:\/\/www.jovenesnucleares.org\/blog\/#\/schema\/logo\/image\/","url":"http:\/\/www.jovenesnucleares.org\/blog\/wp-content\/uploads\/2022\/01\/cropped-Logo-JJNN-principal-125px.png","contentUrl":"http:\/\/www.jovenesnucleares.org\/blog\/wp-content\/uploads\/2022\/01\/cropped-Logo-JJNN-principal-125px.png","width":170,"height":70,"caption":"J\u00f3venes Nucleares"},"image":{"@id":"https:\/\/www.jovenesnucleares.org\/blog\/#\/schema\/logo\/image\/"},"sameAs":["https:\/\/www.facebook.com\/JovenesNucleares","https:\/\/x.com\/jjnucleares","https:\/\/www.instagram.com\/jjnucleares\/","https:\/\/www.linkedin.com\/company\/jovenesnucleares\/","https:\/\/www.youtube.com\/c\/JovenesNuclearesSNE","https:\/\/es.wikipedia.org\/wiki\/Jovenes_Nucleares"]}]}},"post_mailing_queue_ids":[],"_links":{"self":[{"href":"https:\/\/www.jovenesnucleares.org\/blog\/wp-json\/wp\/v2\/pages\/2684","targetHints":{"allow":["GET"]}}],"collection":[{"href":"https:\/\/www.jovenesnucleares.org\/blog\/wp-json\/wp\/v2\/pages"}],"about":[{"href":"https:\/\/www.jovenesnucleares.org\/blog\/wp-json\/wp\/v2\/types\/page"}],"author":[{"embeddable":true,"href":"https:\/\/www.jovenesnucleares.org\/blog\/wp-json\/wp\/v2\/users\/1"}],"replies":[{"embeddable":true,"href":"https:\/\/www.jovenesnucleares.org\/blog\/wp-json\/wp\/v2\/comments?post=2684"}],"version-history":[{"count":4,"href":"https:\/\/www.jovenesnucleares.org\/blog\/wp-json\/wp\/v2\/pages\/2684\/revisions"}],"predecessor-version":[{"id":5912,"href":"https:\/\/www.jovenesnucleares.org\/blog\/wp-json\/wp\/v2\/pages\/2684\/revisions\/5912"}],"up":[{"embeddable":true,"href":"https:\/\/www.jovenesnucleares.org\/blog\/wp-json\/wp\/v2\/pages\/2369"}],"wp:attachment":[{"href":"https:\/\/www.jovenesnucleares.org\/blog\/wp-json\/wp\/v2\/media?parent=2684"}],"curies":[{"name":"wp","href":"https:\/\/api.w.org\/{rel}","templated":true}]}}