{"id":2736,"date":"2017-07-21T08:20:41","date_gmt":"2017-07-21T06:20:41","guid":{"rendered":"http:\/\/www.jovenesnucleares.org\/blog\/?page_id=2736"},"modified":"2017-07-21T08:34:01","modified_gmt":"2017-07-21T06:34:01","slug":"julio","status":"publish","type":"page","link":"https:\/\/www.jovenesnucleares.org\/blog\/te-interesa\/12-meses-12-razones\/julio\/","title":{"rendered":"JULIO"},"content":{"rendered":"<p>\n\t<em>Tenemos la postal ideal para tus vacaciones.<\/em>\n<\/p>\n<p>\n\t<a href=\"http:\/\/www.jovenesnucleares.org\/blog\/wp-content\/uploads\/2017\/07\/12m12r_julio_postal.png\" rel=\"lightbox[2736]\"><img fetchpriority=\"high\" decoding=\"async\" alt=\"\" class=\"aligncenter size-full wp-image-2726\" height=\"454\" src=\"http:\/\/www.jovenesnucleares.org\/blog\/wp-content\/uploads\/2017\/07\/12m12r_julio_postal.png\" width=\"567\" srcset=\"https:\/\/www.jovenesnucleares.org\/blog\/wp-content\/uploads\/2017\/07\/12m12r_julio_postal.png 567w, https:\/\/www.jovenesnucleares.org\/blog\/wp-content\/uploads\/2017\/07\/12m12r_julio_postal-300x240.png 300w\" sizes=\"(max-width: 567px) 100vw, 567px\" \/><\/a>\n<\/p>\n<p style=\"text-align: justify;\">\n\tMucha gente piensa que pasear cerca de una central nuclear es peligroso por la radiaci&oacute;n que pueda llegar a las proximidades de la misma. Para ellos, ba&ntilde;arse en las mismas aguas que una central emplea para refrigerarse, c&oacute;mo puede ser la playa de L&#39;Almadrava, en Vandell&ograve;s, es impensable, por miedo a recibir mucha dosis de radiaci&oacute;n.\n<\/p>\n<p style=\"text-align: justify;\">\n\tEn realidad, el hombre est&aacute; constantemente expuesto a radiaciones ionizantes, procedentes del espacio exterior y de los radiois&oacute;topos contenidos en los elementos b&aacute;sicos de la biosfera (suelo, aire, agua, etc.), sea cual sea la estaci&oacute;n del a&ntilde;o y el lugar en el que se encuentre. Al conjunto de estas radiaciones se le conoce como <a href=\"http:\/\/www.foronuclear.org\/images\/stories\/imagenes\/energianuclear\/2010\/faqs\/39.gif\" rel=\"lightbox[2736]\">fondo radiactivo natural<\/a>.\n<\/p>\n<p style=\"text-align: justify;\">\n\tAdem&aacute;s, desde el siglo pasado, a la radiaci&oacute;n natural se ha sumado la radiaci&oacute;n artificial debida a actividades agr&iacute;colas, industriales, m&eacute;dicas y de investigaci&oacute;n. Pero <a href=\"http:\/\/www.foronuclear.org\/images\/stories\/imagenes\/energianuclear\/2010\/faqs\/41.jpg\" rel=\"lightbox[2736]\">de todas las radiaciones que nos rodean, menos del 0.1% est&aacute; relacionada con la energ&iacute;a nuclear<\/a>. Por tanto, podemos deducir que el nivel de radiaci&oacute;n al que nos exponemos al pasear por las proximidades de una central nuclear es el mismo que encontrar&iacute;amos si la instalaci&oacute;n no existiera y se corresponde al fondo natural de la zona.\n<\/p>\n<p>\n\t&nbsp;\n<\/p>\n<p style=\"text-align: justify;\">\n\tPero, &iquest;qui&eacute;n se asegura de que, efectivamente, no exista un riesgo radiol&oacute;gico adicional?\n<\/p>\n<p style=\"text-align: justify;\">\n\tPor un lado, las instalaciones nucleares tienen la obligaci&oacute;n de aportar los estudios adecuados para determinar el riesgo de exposici&oacute;n de la poblaci&oacute;n debido a sus actividades, en todas sus fases de ejercicio, desde su dise&ntilde;o inicial hasta su clausura y la consecuente liberaci&oacute;n del emplazamiento.\n<\/p>\n<p style=\"text-align: justify;\">\n\tPor otra parte, el <strong>Consejo de Seguridad Nuclear (CSN)<\/strong> tiene la funci&oacute;n de <a href=\"https:\/\/www.csn.es\/proteccion-radiologica\/vigilancia-radiologica-ambiental\">detectar la presencia y vigilar la evoluci&oacute;n de elementos radiactivos y de los niveles de radiaci&oacute;n en el medio ambiente<\/a>, investigar las causas de los posibles incrementos y determinar, en caso de riesgo radiol&oacute;gico potencial, la necesidad de tomar precauciones o establecer alguna medida correctora.\n<\/p>\n<p style=\"text-align: justify;\">\n\tEn este &aacute;mbito, el organismo regulador ha instituido el <a href=\"https:\/\/www.csn.es\/sistema-de-vigilancia-ambiental-en-espana\"><strong>Programa de Vigilancia Radiol&oacute;gica Ambiental (PVRA)<\/strong><\/a> que engloba una red de vigilancia y procedimientos de muestreo, an&aacute;lisis y medidas, para determinar el posible incremento de los niveles de radiaci&oacute;n y la presencia de radionucleidos en el medio ambiente producidos por el funcionamiento de las centrales nucleares.\n<\/p>\n<p style=\"text-align: justify;\">\n\tEn el entorno de las centrales nucleares en operaci&oacute;n, <a href=\"https:\/\/www.csn.es\/documents\/10182\/1001013\/PVRA%20en%20el%20entorno%20de%20las%20centrales%20nucleares%20en%20operaci%C3%B3n\">el conjunto de medidas englobadas en este programa<\/a>, sometidas a un programa de garant&iacute;a de calidad mediante an&aacute;lisis independientes en laboratorios externos, permite determinar los &iacute;ndices de actividad beta, la concentraci&oacute;n de actividad de isotopos emisores gamma, y la concentraci&oacute;n de actividad de Sr-90, I-131 y H-3 en el medio ambiente.\n<\/p>\n<p>\n\t&nbsp;\n<\/p>\n<p style=\"text-align: justify;\">\n\tEn la actualidad, en Espa&ntilde;a existen 14 PVRA en torno a las centrales nucleares y a otras instalaciones radiactivas, con un total de 1000 puntos de muestreo, recogi&eacute;ndose alrededor de 12.000 muestras al a&ntilde;o sobre las que se realizan unas 18.000 determinaciones anal&iacute;ticas.\n<\/p>\n<p style=\"text-align: center;\">\n\t<a href=\"http:\/\/www.jovenesnucleares.org\/blog\/wp-content\/uploads\/2017\/07\/Red_PVRA_CSN.png\" rel=\"\" style=\"\" target=\"\" title=\"\" rel=\"lightbox[2736]\"><div id=\"attachment_2740\" style=\"width: 689px\" class=\"wp-caption aligncenter\"><a href=\"http:\/\/www.jovenesnucleares.org\/blog\/wp-content\/uploads\/2017\/07\/Red_PVRA_CSN.png\" rel=\"\" style=\"\" target=\"\" title=\"\" rel=\"lightbox[2736]\"><img decoding=\"async\" aria-describedby=\"caption-attachment-2740\" alt=\"\" class=\"size-full wp-image-2740 aligncenter\" height=\"384\" src=\"http:\/\/www.jovenesnucleares.org\/blog\/wp-content\/uploads\/2017\/07\/Red_PVRA_CSN.png\" title=\"\" width=\"611\" srcset=\"https:\/\/www.jovenesnucleares.org\/blog\/wp-content\/uploads\/2017\/07\/Red_PVRA_CSN.png 970w, https:\/\/www.jovenesnucleares.org\/blog\/wp-content\/uploads\/2017\/07\/Red_PVRA_CSN-300x189.png 300w, https:\/\/www.jovenesnucleares.org\/blog\/wp-content\/uploads\/2017\/07\/Red_PVRA_CSN-768x483.png 768w, https:\/\/www.jovenesnucleares.org\/blog\/wp-content\/uploads\/2017\/07\/Red_PVRA_CSN-624x392.png 624w\" sizes=\"(max-width: 611px) 100vw, 611px\" \/><p id=\"caption-attachment-2740\" class=\"wp-caption-text\"><span style=\"font-size:10px;\">Red PVRA en Espa&ntilde;a (CSN)<\/span><\/p><\/div><\/a>\n<\/p>\n<p style=\"text-align: justify;\">\n\tEn el caso concreto de la <a href=\"http:\/\/anav.es\/es\/medio-ambiente\/programa-de-vigilancia-radiologica-ambiental-pvra\/\"><strong>Central Nuclear Vandell&oacute;s II<\/strong><\/a> se pueden analizar los resultados del PVRA 2015, <a href=\"https:\/\/www.csn.es\/documents\/10182\/13529\/Informe+anual+2016\">publicados por el CSN<\/a>, en los que se lista el n&uacute;mero total de muestras recogidas y se representan los valores medios anuales en las v&iacute;as de transferencia m&aacute;s significativas.\n<\/p>\n<p style=\"text-align: center;\">\n\t<a href=\"http:\/\/www.jovenesnucleares.org\/blog\/wp-content\/uploads\/2017\/07\/Red_PVRA_CNVII.png\" rel=\"\" style=\"\" target=\"\" title=\"\" rel=\"lightbox[2736]\"><div id=\"attachment_2741\" style=\"width: 448px\" class=\"wp-caption aligncenter\"><a href=\"http:\/\/www.jovenesnucleares.org\/blog\/wp-content\/uploads\/2017\/07\/Red_PVRA_CNVII.png\" rel=\"\" style=\"\" target=\"\" title=\"\" rel=\"lightbox[2736]\"><img decoding=\"async\" aria-describedby=\"caption-attachment-2741\" alt=\"\" class=\"size-large wp-image-2741 aligncenter\" height=\"228\" src=\"http:\/\/www.jovenesnucleares.org\/blog\/wp-content\/uploads\/2017\/07\/Red_PVRA_CNVII-1024x483.png\" title=\"\" width=\"482\" srcset=\"https:\/\/www.jovenesnucleares.org\/blog\/wp-content\/uploads\/2017\/07\/Red_PVRA_CNVII-1024x483.png 1024w, https:\/\/www.jovenesnucleares.org\/blog\/wp-content\/uploads\/2017\/07\/Red_PVRA_CNVII-300x142.png 300w, https:\/\/www.jovenesnucleares.org\/blog\/wp-content\/uploads\/2017\/07\/Red_PVRA_CNVII-768x362.png 768w, https:\/\/www.jovenesnucleares.org\/blog\/wp-content\/uploads\/2017\/07\/Red_PVRA_CNVII-624x295.png 624w, https:\/\/www.jovenesnucleares.org\/blog\/wp-content\/uploads\/2017\/07\/Red_PVRA_CNVII.png 1250w\" sizes=\"(max-width: 482px) 100vw, 482px\" \/><p id=\"caption-attachment-2741\" class=\"wp-caption-text\"><span style=\"font-size:10px;\">Tasa de dosis anual por radiaci&oacute;n directa en el entorno de la Central Nuclear Vandell&ograve;s II<\/span><\/p><\/div><\/a>\n<\/p>\n<p style=\"text-align: justify;\">\n\tSi prestamos atenci&oacute;n a las lecturas de los dos&iacute;metros de termoluminiscencia ubicados en la playa de L&rsquo;Almadrava, encontramos que los valores medios de dosis anual en las inmediaciones de la central corresponden al valor de 0,6 mSv, debido a la radiaci&oacute;n directa, <a href=\"https:\/\/desayunoconfotones.org\/2015\/09\/24\/la-espana-radiactiva\/\">una dosis equivalente a la que recibir&iacute;a, por radiaci&oacute;n c&oacute;smica, una persona que viviera en Madrid durante ese mismo a&ntilde;o<\/a>.<\/p>\n","protected":false},"excerpt":{"rendered":"<p>Tenemos la postal ideal para tus vacaciones. Mucha gente piensa que pasear cerca de una central nuclear es peligroso por la radiaci&oacute;n que pueda llegar a las proximidades de la misma. Para ellos, ba&ntilde;arse en las mismas aguas que una central emplea para refrigerarse, c&oacute;mo puede ser la playa de L&#39;Almadrava, en Vandell&ograve;s, es impensable,&hellip; <br \/> <a class=\"read-more\" href=\"https:\/\/www.jovenesnucleares.org\/blog\/te-interesa\/12-meses-12-razones\/julio\/\">Read more<\/a><\/p>\n","protected":false},"author":1,"featured_media":0,"parent":2369,"menu_order":6,"comment_status":"closed","ping_status":"closed","template":"","meta":{"footnotes":""},"class_list":["post-2736","page","type-page","status-publish","hentry"],"yoast_head":"<!-- This site is optimized with the Yoast SEO plugin v27.4 - https:\/\/yoast.com\/product\/yoast-seo-wordpress\/ -->\n<title>JULIO - J\u00f3venes Nucleares<\/title>\n<meta name=\"robots\" content=\"index, follow, max-snippet:-1, max-image-preview:large, max-video-preview:-1\" \/>\n<link rel=\"canonical\" href=\"https:\/\/www.jovenesnucleares.org\/blog\/te-interesa\/12-meses-12-razones\/julio\/\" \/>\n<meta property=\"og:locale\" content=\"es_ES\" \/>\n<meta property=\"og:type\" content=\"article\" \/>\n<meta property=\"og:title\" content=\"JULIO - J\u00f3venes Nucleares\" \/>\n<meta property=\"og:description\" content=\"Tenemos la postal ideal para tus vacaciones. Mucha gente piensa que pasear cerca de una central nuclear es peligroso por la radiaci&oacute;n que pueda llegar a las proximidades de la misma. Para ellos, ba&ntilde;arse en las mismas aguas que una central emplea para refrigerarse, c&oacute;mo puede ser la playa de L&#039;Almadrava, en Vandell&ograve;s, es impensable,&hellip; Read more\" \/>\n<meta property=\"og:url\" content=\"https:\/\/www.jovenesnucleares.org\/blog\/te-interesa\/12-meses-12-razones\/julio\/\" \/>\n<meta property=\"og:site_name\" content=\"J\u00f3venes Nucleares\" \/>\n<meta property=\"article:publisher\" content=\"https:\/\/www.facebook.com\/JovenesNucleares\" \/>\n<meta property=\"article:modified_time\" content=\"2017-07-21T06:34:01+00:00\" \/>\n<meta property=\"og:image\" content=\"http:\/\/www.jovenesnucleares.org\/blog\/wp-content\/uploads\/2017\/07\/12m12r_julio_postal.png\" \/>\n<meta name=\"twitter:card\" content=\"summary_large_image\" \/>\n<meta name=\"twitter:site\" content=\"@jjnucleares\" \/>\n<meta name=\"twitter:label1\" content=\"Tiempo de lectura\" \/>\n\t<meta name=\"twitter:data1\" content=\"4 minutos\" \/>\n<script type=\"application\/ld+json\" class=\"yoast-schema-graph\">{\"@context\":\"https:\\\/\\\/schema.org\",\"@graph\":[{\"@type\":\"WebPage\",\"@id\":\"https:\\\/\\\/www.jovenesnucleares.org\\\/blog\\\/te-interesa\\\/12-meses-12-razones\\\/julio\\\/\",\"url\":\"https:\\\/\\\/www.jovenesnucleares.org\\\/blog\\\/te-interesa\\\/12-meses-12-razones\\\/julio\\\/\",\"name\":\"JULIO - J\u00f3venes Nucleares\",\"isPartOf\":{\"@id\":\"https:\\\/\\\/www.jovenesnucleares.org\\\/blog\\\/#website\"},\"primaryImageOfPage\":{\"@id\":\"https:\\\/\\\/www.jovenesnucleares.org\\\/blog\\\/te-interesa\\\/12-meses-12-razones\\\/julio\\\/#primaryimage\"},\"image\":{\"@id\":\"https:\\\/\\\/www.jovenesnucleares.org\\\/blog\\\/te-interesa\\\/12-meses-12-razones\\\/julio\\\/#primaryimage\"},\"thumbnailUrl\":\"http:\\\/\\\/www.jovenesnucleares.org\\\/blog\\\/wp-content\\\/uploads\\\/2017\\\/07\\\/12m12r_julio_postal.png\",\"datePublished\":\"2017-07-21T06:20:41+00:00\",\"dateModified\":\"2017-07-21T06:34:01+00:00\",\"breadcrumb\":{\"@id\":\"https:\\\/\\\/www.jovenesnucleares.org\\\/blog\\\/te-interesa\\\/12-meses-12-razones\\\/julio\\\/#breadcrumb\"},\"inLanguage\":\"es\",\"potentialAction\":[{\"@type\":\"ReadAction\",\"target\":[\"https:\\\/\\\/www.jovenesnucleares.org\\\/blog\\\/te-interesa\\\/12-meses-12-razones\\\/julio\\\/\"]}]},{\"@type\":\"ImageObject\",\"inLanguage\":\"es\",\"@id\":\"https:\\\/\\\/www.jovenesnucleares.org\\\/blog\\\/te-interesa\\\/12-meses-12-razones\\\/julio\\\/#primaryimage\",\"url\":\"https:\\\/\\\/www.jovenesnucleares.org\\\/blog\\\/wp-content\\\/uploads\\\/2017\\\/07\\\/12m12r_julio_postal.png\",\"contentUrl\":\"https:\\\/\\\/www.jovenesnucleares.org\\\/blog\\\/wp-content\\\/uploads\\\/2017\\\/07\\\/12m12r_julio_postal.png\",\"width\":567,\"height\":454},{\"@type\":\"BreadcrumbList\",\"@id\":\"https:\\\/\\\/www.jovenesnucleares.org\\\/blog\\\/te-interesa\\\/12-meses-12-razones\\\/julio\\\/#breadcrumb\",\"itemListElement\":[{\"@type\":\"ListItem\",\"position\":1,\"name\":\"Portada\",\"item\":\"https:\\\/\\\/www.jovenesnucleares.org\\\/blog\\\/\"},{\"@type\":\"ListItem\",\"position\":2,\"name\":\"Te interesa\",\"item\":\"https:\\\/\\\/www.jovenesnucleares.org\\\/blog\\\/te-interesa\\\/\"},{\"@type\":\"ListItem\",\"position\":3,\"name\":\"12 meses 12 razones\",\"item\":\"https:\\\/\\\/www.jovenesnucleares.org\\\/blog\\\/te-interesa\\\/12-meses-12-razones\\\/\"},{\"@type\":\"ListItem\",\"position\":4,\"name\":\"JULIO\"}]},{\"@type\":\"WebSite\",\"@id\":\"https:\\\/\\\/www.jovenesnucleares.org\\\/blog\\\/#website\",\"url\":\"https:\\\/\\\/www.jovenesnucleares.org\\\/blog\\\/\",\"name\":\"J\u00f3venes Nucleares\",\"description\":\"Divulgaci\u00f3n de Ciencia y Tecnolog\u00eda Nuclear\",\"publisher\":{\"@id\":\"https:\\\/\\\/www.jovenesnucleares.org\\\/blog\\\/#organization\"},\"potentialAction\":[{\"@type\":\"SearchAction\",\"target\":{\"@type\":\"EntryPoint\",\"urlTemplate\":\"https:\\\/\\\/www.jovenesnucleares.org\\\/blog\\\/?s={search_term_string}\"},\"query-input\":{\"@type\":\"PropertyValueSpecification\",\"valueRequired\":true,\"valueName\":\"search_term_string\"}}],\"inLanguage\":\"es\"},{\"@type\":\"Organization\",\"@id\":\"https:\\\/\\\/www.jovenesnucleares.org\\\/blog\\\/#organization\",\"name\":\"J\u00f3venes Nucleares\",\"url\":\"https:\\\/\\\/www.jovenesnucleares.org\\\/blog\\\/\",\"logo\":{\"@type\":\"ImageObject\",\"inLanguage\":\"es\",\"@id\":\"https:\\\/\\\/www.jovenesnucleares.org\\\/blog\\\/#\\\/schema\\\/logo\\\/image\\\/\",\"url\":\"http:\\\/\\\/www.jovenesnucleares.org\\\/blog\\\/wp-content\\\/uploads\\\/2022\\\/01\\\/cropped-Logo-JJNN-principal-125px.png\",\"contentUrl\":\"http:\\\/\\\/www.jovenesnucleares.org\\\/blog\\\/wp-content\\\/uploads\\\/2022\\\/01\\\/cropped-Logo-JJNN-principal-125px.png\",\"width\":170,\"height\":70,\"caption\":\"J\u00f3venes Nucleares\"},\"image\":{\"@id\":\"https:\\\/\\\/www.jovenesnucleares.org\\\/blog\\\/#\\\/schema\\\/logo\\\/image\\\/\"},\"sameAs\":[\"https:\\\/\\\/www.facebook.com\\\/JovenesNucleares\",\"https:\\\/\\\/x.com\\\/jjnucleares\",\"https:\\\/\\\/www.instagram.com\\\/jjnucleares\\\/\",\"https:\\\/\\\/www.linkedin.com\\\/company\\\/jovenesnucleares\\\/\",\"https:\\\/\\\/www.youtube.com\\\/c\\\/JovenesNuclearesSNE\",\"https:\\\/\\\/es.wikipedia.org\\\/wiki\\\/Jovenes_Nucleares\"]}]}<\/script>\n<!-- \/ Yoast SEO plugin. -->","yoast_head_json":{"title":"JULIO - J\u00f3venes Nucleares","robots":{"index":"index","follow":"follow","max-snippet":"max-snippet:-1","max-image-preview":"max-image-preview:large","max-video-preview":"max-video-preview:-1"},"canonical":"https:\/\/www.jovenesnucleares.org\/blog\/te-interesa\/12-meses-12-razones\/julio\/","og_locale":"es_ES","og_type":"article","og_title":"JULIO - J\u00f3venes Nucleares","og_description":"Tenemos la postal ideal para tus vacaciones. Mucha gente piensa que pasear cerca de una central nuclear es peligroso por la radiaci&oacute;n que pueda llegar a las proximidades de la misma. Para ellos, ba&ntilde;arse en las mismas aguas que una central emplea para refrigerarse, c&oacute;mo puede ser la playa de L&#39;Almadrava, en Vandell&ograve;s, es impensable,&hellip; Read more","og_url":"https:\/\/www.jovenesnucleares.org\/blog\/te-interesa\/12-meses-12-razones\/julio\/","og_site_name":"J\u00f3venes Nucleares","article_publisher":"https:\/\/www.facebook.com\/JovenesNucleares","article_modified_time":"2017-07-21T06:34:01+00:00","og_image":[{"url":"http:\/\/www.jovenesnucleares.org\/blog\/wp-content\/uploads\/2017\/07\/12m12r_julio_postal.png","type":"","width":"","height":""}],"twitter_card":"summary_large_image","twitter_site":"@jjnucleares","twitter_misc":{"Tiempo de lectura":"4 minutos"},"schema":{"@context":"https:\/\/schema.org","@graph":[{"@type":"WebPage","@id":"https:\/\/www.jovenesnucleares.org\/blog\/te-interesa\/12-meses-12-razones\/julio\/","url":"https:\/\/www.jovenesnucleares.org\/blog\/te-interesa\/12-meses-12-razones\/julio\/","name":"JULIO - J\u00f3venes Nucleares","isPartOf":{"@id":"https:\/\/www.jovenesnucleares.org\/blog\/#website"},"primaryImageOfPage":{"@id":"https:\/\/www.jovenesnucleares.org\/blog\/te-interesa\/12-meses-12-razones\/julio\/#primaryimage"},"image":{"@id":"https:\/\/www.jovenesnucleares.org\/blog\/te-interesa\/12-meses-12-razones\/julio\/#primaryimage"},"thumbnailUrl":"http:\/\/www.jovenesnucleares.org\/blog\/wp-content\/uploads\/2017\/07\/12m12r_julio_postal.png","datePublished":"2017-07-21T06:20:41+00:00","dateModified":"2017-07-21T06:34:01+00:00","breadcrumb":{"@id":"https:\/\/www.jovenesnucleares.org\/blog\/te-interesa\/12-meses-12-razones\/julio\/#breadcrumb"},"inLanguage":"es","potentialAction":[{"@type":"ReadAction","target":["https:\/\/www.jovenesnucleares.org\/blog\/te-interesa\/12-meses-12-razones\/julio\/"]}]},{"@type":"ImageObject","inLanguage":"es","@id":"https:\/\/www.jovenesnucleares.org\/blog\/te-interesa\/12-meses-12-razones\/julio\/#primaryimage","url":"https:\/\/www.jovenesnucleares.org\/blog\/wp-content\/uploads\/2017\/07\/12m12r_julio_postal.png","contentUrl":"https:\/\/www.jovenesnucleares.org\/blog\/wp-content\/uploads\/2017\/07\/12m12r_julio_postal.png","width":567,"height":454},{"@type":"BreadcrumbList","@id":"https:\/\/www.jovenesnucleares.org\/blog\/te-interesa\/12-meses-12-razones\/julio\/#breadcrumb","itemListElement":[{"@type":"ListItem","position":1,"name":"Portada","item":"https:\/\/www.jovenesnucleares.org\/blog\/"},{"@type":"ListItem","position":2,"name":"Te interesa","item":"https:\/\/www.jovenesnucleares.org\/blog\/te-interesa\/"},{"@type":"ListItem","position":3,"name":"12 meses 12 razones","item":"https:\/\/www.jovenesnucleares.org\/blog\/te-interesa\/12-meses-12-razones\/"},{"@type":"ListItem","position":4,"name":"JULIO"}]},{"@type":"WebSite","@id":"https:\/\/www.jovenesnucleares.org\/blog\/#website","url":"https:\/\/www.jovenesnucleares.org\/blog\/","name":"J\u00f3venes Nucleares","description":"Divulgaci\u00f3n de Ciencia y Tecnolog\u00eda Nuclear","publisher":{"@id":"https:\/\/www.jovenesnucleares.org\/blog\/#organization"},"potentialAction":[{"@type":"SearchAction","target":{"@type":"EntryPoint","urlTemplate":"https:\/\/www.jovenesnucleares.org\/blog\/?s={search_term_string}"},"query-input":{"@type":"PropertyValueSpecification","valueRequired":true,"valueName":"search_term_string"}}],"inLanguage":"es"},{"@type":"Organization","@id":"https:\/\/www.jovenesnucleares.org\/blog\/#organization","name":"J\u00f3venes Nucleares","url":"https:\/\/www.jovenesnucleares.org\/blog\/","logo":{"@type":"ImageObject","inLanguage":"es","@id":"https:\/\/www.jovenesnucleares.org\/blog\/#\/schema\/logo\/image\/","url":"http:\/\/www.jovenesnucleares.org\/blog\/wp-content\/uploads\/2022\/01\/cropped-Logo-JJNN-principal-125px.png","contentUrl":"http:\/\/www.jovenesnucleares.org\/blog\/wp-content\/uploads\/2022\/01\/cropped-Logo-JJNN-principal-125px.png","width":170,"height":70,"caption":"J\u00f3venes Nucleares"},"image":{"@id":"https:\/\/www.jovenesnucleares.org\/blog\/#\/schema\/logo\/image\/"},"sameAs":["https:\/\/www.facebook.com\/JovenesNucleares","https:\/\/x.com\/jjnucleares","https:\/\/www.instagram.com\/jjnucleares\/","https:\/\/www.linkedin.com\/company\/jovenesnucleares\/","https:\/\/www.youtube.com\/c\/JovenesNuclearesSNE","https:\/\/es.wikipedia.org\/wiki\/Jovenes_Nucleares"]}]}},"post_mailing_queue_ids":[],"_links":{"self":[{"href":"https:\/\/www.jovenesnucleares.org\/blog\/wp-json\/wp\/v2\/pages\/2736","targetHints":{"allow":["GET"]}}],"collection":[{"href":"https:\/\/www.jovenesnucleares.org\/blog\/wp-json\/wp\/v2\/pages"}],"about":[{"href":"https:\/\/www.jovenesnucleares.org\/blog\/wp-json\/wp\/v2\/types\/page"}],"author":[{"embeddable":true,"href":"https:\/\/www.jovenesnucleares.org\/blog\/wp-json\/wp\/v2\/users\/1"}],"replies":[{"embeddable":true,"href":"https:\/\/www.jovenesnucleares.org\/blog\/wp-json\/wp\/v2\/comments?post=2736"}],"version-history":[{"count":5,"href":"https:\/\/www.jovenesnucleares.org\/blog\/wp-json\/wp\/v2\/pages\/2736\/revisions"}],"predecessor-version":[{"id":2753,"href":"https:\/\/www.jovenesnucleares.org\/blog\/wp-json\/wp\/v2\/pages\/2736\/revisions\/2753"}],"up":[{"embeddable":true,"href":"https:\/\/www.jovenesnucleares.org\/blog\/wp-json\/wp\/v2\/pages\/2369"}],"wp:attachment":[{"href":"https:\/\/www.jovenesnucleares.org\/blog\/wp-json\/wp\/v2\/media?parent=2736"}],"curies":[{"name":"wp","href":"https:\/\/api.w.org\/{rel}","templated":true}]}}