{"id":2945,"date":"2018-10-23T09:45:20","date_gmt":"2018-10-23T07:45:20","guid":{"rendered":"http:\/\/www.jovenesnucleares.org\/blog\/?page_id=2945"},"modified":"2019-11-25T19:16:37","modified_gmt":"2019-11-25T17:16:37","slug":"octubre","status":"publish","type":"page","link":"https:\/\/www.jovenesnucleares.org\/blog\/te-interesa\/12-meses-12-razones\/octubre\/","title":{"rendered":"OCTUBRE"},"content":{"rendered":"<p><em>Un coche el\u00e9ctrico con estas caracter\u00edsticas romper\u00eda el mercado.<\/em><\/p>\n<p><a href=\"http:\/\/www.jovenesnucleares.org\/blog\/wp-content\/uploads\/2017\/10\/12m12r-octubre_c.png\" rel=\"lightbox[2945]\"><img fetchpriority=\"high\" decoding=\"async\" class=\"aligncenter wp-image-2946 size-large\" src=\"http:\/\/www.jovenesnucleares.org\/blog\/wp-content\/uploads\/2017\/10\/12m12r-octubre_c-1024x682.png\" alt=\"\" width=\"625\" height=\"416\" srcset=\"https:\/\/www.jovenesnucleares.org\/blog\/wp-content\/uploads\/2017\/10\/12m12r-octubre_c-1024x682.png 1024w, https:\/\/www.jovenesnucleares.org\/blog\/wp-content\/uploads\/2017\/10\/12m12r-octubre_c-300x200.png 300w, https:\/\/www.jovenesnucleares.org\/blog\/wp-content\/uploads\/2017\/10\/12m12r-octubre_c-768x511.png 768w, https:\/\/www.jovenesnucleares.org\/blog\/wp-content\/uploads\/2017\/10\/12m12r-octubre_c-624x415.png 624w\" sizes=\"(max-width: 625px) 100vw, 625px\" \/><\/a><\/p>\n<p style=\"text-align: center;\">\n<p style=\"text-align: justify;\">Desde su puesta en marcha, las centrales nucleares han ido implementando <a href=\"http:\/\/www.jovenesnucleares.org\/blog\/campana-12-meses-12-razones\/junio\/\">modificaciones de componentes, estructuras y sistemas, aprovechando los avances desarrollados en t\u00e9cnicas de inspecci\u00f3n y diagn\u00f3stico<\/a>, y combinando esta l\u00ednea de trabajo con una estrategia de mayor aprovechamiento del combustible nuclear para poder alargar sus ciclos de operaci\u00f3n.<\/p>\n<p style=\"text-align: justify;\">De esta forma, a excepci\u00f3n de los <a href=\"https:\/\/es.wikipedia.org\/wiki\/Reactor_CANDU\">reactores CANDU<\/a>, capaces de recargar el combustible de manera continua durante su operaci\u00f3n normal, la mayor\u00eda de las centrales nucleares del mundo programan sus paradas de recarga cada 18 \u00f3 24 meses.<\/p>\n<p style=\"text-align: justify;\">Por tanto, podemos decir que una central nuclear, <a href=\"https:\/\/www.csn.es\/sisc\/detalles_i.do?unidad=6\">si cumple con las condiciones de seguridad requeridas<\/a>, es capaz de operar durante casi dos a\u00f1os al 100% de potencia.<\/p>\n<table style=\"width: 100%; border-collapse: collapse;\" border=\"0\">\n<tbody>\n<tr>\n<td style=\"width: 50%;\"><a href=\"http:\/\/www.jovenesnucleares.org\/blog\/wp-content\/uploads\/2019\/11\/oct1.png\" rel=\"lightbox[2945]\"><img decoding=\"async\" class=\"aligncenter size-full wp-image-5001\" src=\"http:\/\/www.jovenesnucleares.org\/blog\/wp-content\/uploads\/2019\/11\/oct1.png\" alt=\"\" width=\"275\" height=\"174\" \/><\/a><\/td>\n<td style=\"width: 50%;\"><a href=\"http:\/\/www.jovenesnucleares.org\/blog\/wp-content\/uploads\/2019\/11\/oct2.png\" rel=\"lightbox[2945]\"><img decoding=\"async\" class=\"aligncenter size-full wp-image-5004\" src=\"http:\/\/www.jovenesnucleares.org\/blog\/wp-content\/uploads\/2019\/11\/oct2.png\" alt=\"\" width=\"263\" height=\"174\" \/><\/a><\/td>\n<\/tr>\n<\/tbody>\n<\/table>\n<p style=\"text-align: justify;\">\u00a0La concepci\u00f3n de las centrales del parque nuclear espa\u00f1ol como centrales de base, es decir, de <a href=\"http:\/\/www.jovenesnucleares.org\/blog\/campana-12-meses-12-razones\/enero\/\">funcionamiento ininterrumpido y alto grado de disponibilidad<\/a>, hace que la energ\u00eda nuclear represente, a\u00f1o tras a\u00f1o, m\u00e1s de un 20% de nuestra generaci\u00f3n el\u00e9ctrica, con menos de un 8% de la potencia instalada del mix.<\/p>\n<p style=\"text-align: justify;\">En el caso concreto de <strong><a href=\"http:\/\/www.cncofrentes.es\/\">la Central Nuclear de Cofrentes<\/a><\/strong>, un reactor tipo BWR de 1.092 MW de potencia instalada, dado que no registr\u00f3 ninguna parada no programada durante su \u00faltimo ciclo de operaci\u00f3n, <strong>en 2016 funcion\u00f3 a plena potencia durante los 365 d\u00edas del a\u00f1o, produciendo un total de 9.178 GWh<\/strong>.<\/p>\n<p style=\"text-align: justify;\">Este valor, atendiendo a los datos del <a href=\"http:\/\/www.ree.es\/sites\/default\/files\/11_PUBLICACIONES\/Documentos\/InformesSistemaElectrico\/2016\/sintesis_ree_2016.pdf\">Informe del Sistema El\u00e9ctrico Espa\u00f1ol 2016<\/a> (elaborado por Red El\u00e9ctrica de Espa\u00f1a) supone:<\/p>\n<p style=\"text-align: justify;\">\u00a0&#8211; el <strong>44,46% del total de generaci\u00f3n neta en la Comunidad Valenciana<\/strong> (20.639 GWh), y<\/p>\n<p style=\"text-align: justify;\">\u00a0&#8211; al mismo tiempo, el <strong>34,01% de la demanda total de la comunidad<\/strong> (26.985 GWh).<\/p>\n<table style=\"width: 100%; border-collapse: collapse;\" border=\"0\">\n<tbody>\n<tr>\n<td style=\"width: 50%;\"><a href=\"http:\/\/www.jovenesnucleares.org\/blog\/wp-content\/uploads\/2019\/11\/oct3.png\" rel=\"lightbox[2945]\"><img loading=\"lazy\" decoding=\"async\" class=\"aligncenter size-medium wp-image-5003\" src=\"http:\/\/www.jovenesnucleares.org\/blog\/wp-content\/uploads\/2019\/11\/oct3-200x300.png\" alt=\"\" width=\"200\" height=\"300\" srcset=\"https:\/\/www.jovenesnucleares.org\/blog\/wp-content\/uploads\/2019\/11\/oct3-200x300.png 200w, https:\/\/www.jovenesnucleares.org\/blog\/wp-content\/uploads\/2019\/11\/oct3.png 268w\" sizes=\"(max-width: 200px) 100vw, 200px\" \/><\/a><\/td>\n<td style=\"width: 50%;\"><a href=\"http:\/\/www.jovenesnucleares.org\/blog\/wp-content\/uploads\/2019\/11\/oct4.png\" rel=\"lightbox[2945]\"><img loading=\"lazy\" decoding=\"async\" class=\"aligncenter size-medium wp-image-5002\" src=\"http:\/\/www.jovenesnucleares.org\/blog\/wp-content\/uploads\/2019\/11\/oct4-212x300.png\" alt=\"\" width=\"212\" height=\"300\" srcset=\"https:\/\/www.jovenesnucleares.org\/blog\/wp-content\/uploads\/2019\/11\/oct4-212x300.png 212w, https:\/\/www.jovenesnucleares.org\/blog\/wp-content\/uploads\/2019\/11\/oct4.png 283w\" sizes=\"(max-width: 212px) 100vw, 212px\" \/><\/a><\/td>\n<\/tr>\n<\/tbody>\n<\/table>\n<p style=\"text-align: justify;\">Adem\u00e1s, teniendo en cuenta la estructura de producci\u00f3n por fuente de energ\u00eda en la regi\u00f3n, es f\u00e1cil observar que <strong>C.N. Cofrentes gener\u00f3, en 2016, el 65,47% de la electricidad libre de CO2 de la Comunidad Valenciana<\/strong>.<\/p>\n<p style=\"text-align: justify;\">En conclusi\u00f3n, \u00bf<a href=\"http:\/\/www.eldiario.es\/cv\/Valencia-almacen-nuclear-Cofrentes-central_0_647436048.html\">record\u00e1is el pleno del Ayuntamiento de Valencia en el que se aprob\u00f3 una moci\u00f3n para solicitar el cierre de C.N. Cofrentes<\/a>? Pues resulta que una de cada tres bombillas de la sala en la que votaron estaba encendida gracias a la energ\u00eda nuclear.<\/p>\n","protected":false},"excerpt":{"rendered":"<p>Un coche el\u00e9ctrico con estas caracter\u00edsticas romper\u00eda el mercado. Desde su puesta en marcha, las centrales nucleares han ido implementando modificaciones de componentes, estructuras y sistemas, aprovechando los avances desarrollados en t\u00e9cnicas de inspecci\u00f3n y diagn\u00f3stico, y combinando esta l\u00ednea de trabajo con una estrategia de mayor aprovechamiento del combustible nuclear para poder alargar sus&hellip; <br \/> <a class=\"read-more\" href=\"https:\/\/www.jovenesnucleares.org\/blog\/te-interesa\/12-meses-12-razones\/octubre\/\">Read more<\/a><\/p>\n","protected":false},"author":1,"featured_media":0,"parent":2369,"menu_order":9,"comment_status":"closed","ping_status":"closed","template":"","meta":{"footnotes":""},"class_list":["post-2945","page","type-page","status-publish","hentry"],"yoast_head":"<!-- This site is optimized with the Yoast SEO plugin v27.4 - https:\/\/yoast.com\/product\/yoast-seo-wordpress\/ -->\n<title>OCTUBRE - J\u00f3venes Nucleares<\/title>\n<meta name=\"robots\" content=\"index, follow, max-snippet:-1, max-image-preview:large, max-video-preview:-1\" \/>\n<link rel=\"canonical\" href=\"https:\/\/www.jovenesnucleares.org\/blog\/te-interesa\/12-meses-12-razones\/octubre\/\" \/>\n<meta property=\"og:locale\" content=\"es_ES\" \/>\n<meta property=\"og:type\" content=\"article\" \/>\n<meta property=\"og:title\" content=\"OCTUBRE - J\u00f3venes Nucleares\" \/>\n<meta property=\"og:description\" content=\"Un coche el\u00e9ctrico con estas caracter\u00edsticas romper\u00eda el mercado. Desde su puesta en marcha, las centrales nucleares han ido implementando modificaciones de componentes, estructuras y sistemas, aprovechando los avances desarrollados en t\u00e9cnicas de inspecci\u00f3n y diagn\u00f3stico, y combinando esta l\u00ednea de trabajo con una estrategia de mayor aprovechamiento del combustible nuclear para poder alargar sus&hellip; Read more\" \/>\n<meta property=\"og:url\" content=\"https:\/\/www.jovenesnucleares.org\/blog\/te-interesa\/12-meses-12-razones\/octubre\/\" \/>\n<meta property=\"og:site_name\" content=\"J\u00f3venes Nucleares\" \/>\n<meta property=\"article:publisher\" content=\"https:\/\/www.facebook.com\/JovenesNucleares\" \/>\n<meta property=\"article:modified_time\" content=\"2019-11-25T17:16:37+00:00\" \/>\n<meta property=\"og:image\" content=\"http:\/\/www.jovenesnucleares.org\/blog\/wp-content\/uploads\/2017\/10\/12m12r-octubre_c-1024x682.png\" \/>\n<meta name=\"twitter:card\" content=\"summary_large_image\" \/>\n<meta name=\"twitter:site\" content=\"@jjnucleares\" \/>\n<meta name=\"twitter:label1\" content=\"Tiempo de lectura\" \/>\n\t<meta name=\"twitter:data1\" content=\"2 minutos\" \/>\n<script type=\"application\/ld+json\" class=\"yoast-schema-graph\">{\"@context\":\"https:\\\/\\\/schema.org\",\"@graph\":[{\"@type\":\"WebPage\",\"@id\":\"https:\\\/\\\/www.jovenesnucleares.org\\\/blog\\\/te-interesa\\\/12-meses-12-razones\\\/octubre\\\/\",\"url\":\"https:\\\/\\\/www.jovenesnucleares.org\\\/blog\\\/te-interesa\\\/12-meses-12-razones\\\/octubre\\\/\",\"name\":\"OCTUBRE - J\u00f3venes Nucleares\",\"isPartOf\":{\"@id\":\"https:\\\/\\\/www.jovenesnucleares.org\\\/blog\\\/#website\"},\"primaryImageOfPage\":{\"@id\":\"https:\\\/\\\/www.jovenesnucleares.org\\\/blog\\\/te-interesa\\\/12-meses-12-razones\\\/octubre\\\/#primaryimage\"},\"image\":{\"@id\":\"https:\\\/\\\/www.jovenesnucleares.org\\\/blog\\\/te-interesa\\\/12-meses-12-razones\\\/octubre\\\/#primaryimage\"},\"thumbnailUrl\":\"http:\\\/\\\/www.jovenesnucleares.org\\\/blog\\\/wp-content\\\/uploads\\\/2017\\\/10\\\/12m12r-octubre_c-1024x682.png\",\"datePublished\":\"2018-10-23T07:45:20+00:00\",\"dateModified\":\"2019-11-25T17:16:37+00:00\",\"breadcrumb\":{\"@id\":\"https:\\\/\\\/www.jovenesnucleares.org\\\/blog\\\/te-interesa\\\/12-meses-12-razones\\\/octubre\\\/#breadcrumb\"},\"inLanguage\":\"es\",\"potentialAction\":[{\"@type\":\"ReadAction\",\"target\":[\"https:\\\/\\\/www.jovenesnucleares.org\\\/blog\\\/te-interesa\\\/12-meses-12-razones\\\/octubre\\\/\"]}]},{\"@type\":\"ImageObject\",\"inLanguage\":\"es\",\"@id\":\"https:\\\/\\\/www.jovenesnucleares.org\\\/blog\\\/te-interesa\\\/12-meses-12-razones\\\/octubre\\\/#primaryimage\",\"url\":\"https:\\\/\\\/www.jovenesnucleares.org\\\/blog\\\/wp-content\\\/uploads\\\/2017\\\/10\\\/12m12r-octubre_c.png\",\"contentUrl\":\"https:\\\/\\\/www.jovenesnucleares.org\\\/blog\\\/wp-content\\\/uploads\\\/2017\\\/10\\\/12m12r-octubre_c.png\",\"width\":2396,\"height\":1595},{\"@type\":\"BreadcrumbList\",\"@id\":\"https:\\\/\\\/www.jovenesnucleares.org\\\/blog\\\/te-interesa\\\/12-meses-12-razones\\\/octubre\\\/#breadcrumb\",\"itemListElement\":[{\"@type\":\"ListItem\",\"position\":1,\"name\":\"Portada\",\"item\":\"https:\\\/\\\/www.jovenesnucleares.org\\\/blog\\\/\"},{\"@type\":\"ListItem\",\"position\":2,\"name\":\"Te interesa\",\"item\":\"https:\\\/\\\/www.jovenesnucleares.org\\\/blog\\\/te-interesa\\\/\"},{\"@type\":\"ListItem\",\"position\":3,\"name\":\"12 meses 12 razones\",\"item\":\"https:\\\/\\\/www.jovenesnucleares.org\\\/blog\\\/te-interesa\\\/12-meses-12-razones\\\/\"},{\"@type\":\"ListItem\",\"position\":4,\"name\":\"OCTUBRE\"}]},{\"@type\":\"WebSite\",\"@id\":\"https:\\\/\\\/www.jovenesnucleares.org\\\/blog\\\/#website\",\"url\":\"https:\\\/\\\/www.jovenesnucleares.org\\\/blog\\\/\",\"name\":\"J\u00f3venes Nucleares\",\"description\":\"Divulgaci\u00f3n de Ciencia y Tecnolog\u00eda Nuclear\",\"publisher\":{\"@id\":\"https:\\\/\\\/www.jovenesnucleares.org\\\/blog\\\/#organization\"},\"potentialAction\":[{\"@type\":\"SearchAction\",\"target\":{\"@type\":\"EntryPoint\",\"urlTemplate\":\"https:\\\/\\\/www.jovenesnucleares.org\\\/blog\\\/?s={search_term_string}\"},\"query-input\":{\"@type\":\"PropertyValueSpecification\",\"valueRequired\":true,\"valueName\":\"search_term_string\"}}],\"inLanguage\":\"es\"},{\"@type\":\"Organization\",\"@id\":\"https:\\\/\\\/www.jovenesnucleares.org\\\/blog\\\/#organization\",\"name\":\"J\u00f3venes Nucleares\",\"url\":\"https:\\\/\\\/www.jovenesnucleares.org\\\/blog\\\/\",\"logo\":{\"@type\":\"ImageObject\",\"inLanguage\":\"es\",\"@id\":\"https:\\\/\\\/www.jovenesnucleares.org\\\/blog\\\/#\\\/schema\\\/logo\\\/image\\\/\",\"url\":\"http:\\\/\\\/www.jovenesnucleares.org\\\/blog\\\/wp-content\\\/uploads\\\/2022\\\/01\\\/cropped-Logo-JJNN-principal-125px.png\",\"contentUrl\":\"http:\\\/\\\/www.jovenesnucleares.org\\\/blog\\\/wp-content\\\/uploads\\\/2022\\\/01\\\/cropped-Logo-JJNN-principal-125px.png\",\"width\":170,\"height\":70,\"caption\":\"J\u00f3venes Nucleares\"},\"image\":{\"@id\":\"https:\\\/\\\/www.jovenesnucleares.org\\\/blog\\\/#\\\/schema\\\/logo\\\/image\\\/\"},\"sameAs\":[\"https:\\\/\\\/www.facebook.com\\\/JovenesNucleares\",\"https:\\\/\\\/x.com\\\/jjnucleares\",\"https:\\\/\\\/www.instagram.com\\\/jjnucleares\\\/\",\"https:\\\/\\\/www.linkedin.com\\\/company\\\/jovenesnucleares\\\/\",\"https:\\\/\\\/www.youtube.com\\\/c\\\/JovenesNuclearesSNE\",\"https:\\\/\\\/es.wikipedia.org\\\/wiki\\\/Jovenes_Nucleares\"]}]}<\/script>\n<!-- \/ Yoast SEO plugin. -->","yoast_head_json":{"title":"OCTUBRE - J\u00f3venes Nucleares","robots":{"index":"index","follow":"follow","max-snippet":"max-snippet:-1","max-image-preview":"max-image-preview:large","max-video-preview":"max-video-preview:-1"},"canonical":"https:\/\/www.jovenesnucleares.org\/blog\/te-interesa\/12-meses-12-razones\/octubre\/","og_locale":"es_ES","og_type":"article","og_title":"OCTUBRE - J\u00f3venes Nucleares","og_description":"Un coche el\u00e9ctrico con estas caracter\u00edsticas romper\u00eda el mercado. Desde su puesta en marcha, las centrales nucleares han ido implementando modificaciones de componentes, estructuras y sistemas, aprovechando los avances desarrollados en t\u00e9cnicas de inspecci\u00f3n y diagn\u00f3stico, y combinando esta l\u00ednea de trabajo con una estrategia de mayor aprovechamiento del combustible nuclear para poder alargar sus&hellip; Read more","og_url":"https:\/\/www.jovenesnucleares.org\/blog\/te-interesa\/12-meses-12-razones\/octubre\/","og_site_name":"J\u00f3venes Nucleares","article_publisher":"https:\/\/www.facebook.com\/JovenesNucleares","article_modified_time":"2019-11-25T17:16:37+00:00","og_image":[{"url":"http:\/\/www.jovenesnucleares.org\/blog\/wp-content\/uploads\/2017\/10\/12m12r-octubre_c-1024x682.png","type":"","width":"","height":""}],"twitter_card":"summary_large_image","twitter_site":"@jjnucleares","twitter_misc":{"Tiempo de lectura":"2 minutos"},"schema":{"@context":"https:\/\/schema.org","@graph":[{"@type":"WebPage","@id":"https:\/\/www.jovenesnucleares.org\/blog\/te-interesa\/12-meses-12-razones\/octubre\/","url":"https:\/\/www.jovenesnucleares.org\/blog\/te-interesa\/12-meses-12-razones\/octubre\/","name":"OCTUBRE - J\u00f3venes Nucleares","isPartOf":{"@id":"https:\/\/www.jovenesnucleares.org\/blog\/#website"},"primaryImageOfPage":{"@id":"https:\/\/www.jovenesnucleares.org\/blog\/te-interesa\/12-meses-12-razones\/octubre\/#primaryimage"},"image":{"@id":"https:\/\/www.jovenesnucleares.org\/blog\/te-interesa\/12-meses-12-razones\/octubre\/#primaryimage"},"thumbnailUrl":"http:\/\/www.jovenesnucleares.org\/blog\/wp-content\/uploads\/2017\/10\/12m12r-octubre_c-1024x682.png","datePublished":"2018-10-23T07:45:20+00:00","dateModified":"2019-11-25T17:16:37+00:00","breadcrumb":{"@id":"https:\/\/www.jovenesnucleares.org\/blog\/te-interesa\/12-meses-12-razones\/octubre\/#breadcrumb"},"inLanguage":"es","potentialAction":[{"@type":"ReadAction","target":["https:\/\/www.jovenesnucleares.org\/blog\/te-interesa\/12-meses-12-razones\/octubre\/"]}]},{"@type":"ImageObject","inLanguage":"es","@id":"https:\/\/www.jovenesnucleares.org\/blog\/te-interesa\/12-meses-12-razones\/octubre\/#primaryimage","url":"https:\/\/www.jovenesnucleares.org\/blog\/wp-content\/uploads\/2017\/10\/12m12r-octubre_c.png","contentUrl":"https:\/\/www.jovenesnucleares.org\/blog\/wp-content\/uploads\/2017\/10\/12m12r-octubre_c.png","width":2396,"height":1595},{"@type":"BreadcrumbList","@id":"https:\/\/www.jovenesnucleares.org\/blog\/te-interesa\/12-meses-12-razones\/octubre\/#breadcrumb","itemListElement":[{"@type":"ListItem","position":1,"name":"Portada","item":"https:\/\/www.jovenesnucleares.org\/blog\/"},{"@type":"ListItem","position":2,"name":"Te interesa","item":"https:\/\/www.jovenesnucleares.org\/blog\/te-interesa\/"},{"@type":"ListItem","position":3,"name":"12 meses 12 razones","item":"https:\/\/www.jovenesnucleares.org\/blog\/te-interesa\/12-meses-12-razones\/"},{"@type":"ListItem","position":4,"name":"OCTUBRE"}]},{"@type":"WebSite","@id":"https:\/\/www.jovenesnucleares.org\/blog\/#website","url":"https:\/\/www.jovenesnucleares.org\/blog\/","name":"J\u00f3venes Nucleares","description":"Divulgaci\u00f3n de Ciencia y Tecnolog\u00eda Nuclear","publisher":{"@id":"https:\/\/www.jovenesnucleares.org\/blog\/#organization"},"potentialAction":[{"@type":"SearchAction","target":{"@type":"EntryPoint","urlTemplate":"https:\/\/www.jovenesnucleares.org\/blog\/?s={search_term_string}"},"query-input":{"@type":"PropertyValueSpecification","valueRequired":true,"valueName":"search_term_string"}}],"inLanguage":"es"},{"@type":"Organization","@id":"https:\/\/www.jovenesnucleares.org\/blog\/#organization","name":"J\u00f3venes Nucleares","url":"https:\/\/www.jovenesnucleares.org\/blog\/","logo":{"@type":"ImageObject","inLanguage":"es","@id":"https:\/\/www.jovenesnucleares.org\/blog\/#\/schema\/logo\/image\/","url":"http:\/\/www.jovenesnucleares.org\/blog\/wp-content\/uploads\/2022\/01\/cropped-Logo-JJNN-principal-125px.png","contentUrl":"http:\/\/www.jovenesnucleares.org\/blog\/wp-content\/uploads\/2022\/01\/cropped-Logo-JJNN-principal-125px.png","width":170,"height":70,"caption":"J\u00f3venes Nucleares"},"image":{"@id":"https:\/\/www.jovenesnucleares.org\/blog\/#\/schema\/logo\/image\/"},"sameAs":["https:\/\/www.facebook.com\/JovenesNucleares","https:\/\/x.com\/jjnucleares","https:\/\/www.instagram.com\/jjnucleares\/","https:\/\/www.linkedin.com\/company\/jovenesnucleares\/","https:\/\/www.youtube.com\/c\/JovenesNuclearesSNE","https:\/\/es.wikipedia.org\/wiki\/Jovenes_Nucleares"]}]}},"post_mailing_queue_ids":[],"_links":{"self":[{"href":"https:\/\/www.jovenesnucleares.org\/blog\/wp-json\/wp\/v2\/pages\/2945","targetHints":{"allow":["GET"]}}],"collection":[{"href":"https:\/\/www.jovenesnucleares.org\/blog\/wp-json\/wp\/v2\/pages"}],"about":[{"href":"https:\/\/www.jovenesnucleares.org\/blog\/wp-json\/wp\/v2\/types\/page"}],"author":[{"embeddable":true,"href":"https:\/\/www.jovenesnucleares.org\/blog\/wp-json\/wp\/v2\/users\/1"}],"replies":[{"embeddable":true,"href":"https:\/\/www.jovenesnucleares.org\/blog\/wp-json\/wp\/v2\/comments?post=2945"}],"version-history":[{"count":5,"href":"https:\/\/www.jovenesnucleares.org\/blog\/wp-json\/wp\/v2\/pages\/2945\/revisions"}],"predecessor-version":[{"id":5005,"href":"https:\/\/www.jovenesnucleares.org\/blog\/wp-json\/wp\/v2\/pages\/2945\/revisions\/5005"}],"up":[{"embeddable":true,"href":"https:\/\/www.jovenesnucleares.org\/blog\/wp-json\/wp\/v2\/pages\/2369"}],"wp:attachment":[{"href":"https:\/\/www.jovenesnucleares.org\/blog\/wp-json\/wp\/v2\/media?parent=2945"}],"curies":[{"name":"wp","href":"https:\/\/api.w.org\/{rel}","templated":true}]}}