{"id":3582,"date":"2018-10-25T14:55:08","date_gmt":"2018-10-25T12:55:08","guid":{"rendered":"http:\/\/www.jovenesnucleares.org\/blog\/?page_id=3582"},"modified":"2025-12-22T09:38:27","modified_gmt":"2025-12-22T07:38:27","slug":"politica-privacidad","status":"publish","type":"page","link":"https:\/\/www.jovenesnucleares.org\/blog\/politica-privacidad\/","title":{"rendered":"Pol\u00edtica de privacidad"},"content":{"rendered":"<h3>Pol\u00edtica de Privacidad y Protecci\u00f3n de Datos<\/h3>\n<p>En SOCIEDAD NUCLEAR ESPA\u00d1OLA estamos especialmente concienciados por la confidencialidad de los datos de car\u00e1cter personal que se nos facilitan a trav\u00e9s de la p\u00e1gina web, y mediante esta pol\u00edtica, informamos al usuario, en materia de protecci\u00f3n de datos, as\u00ed como de los derechos que le asisten.<\/p>\n<p>Por ello, y en virtud del Reglamento General de Protecci\u00f3n de Datos de la Uni\u00f3n Europea (RGPD), Reglamento UE 2016\/679 del Parlamento Europeo y del Consejo de 27 de abril de 2016, y en atenci\u00f3n al principio de transparencia, ponemos a su disposici\u00f3n informaci\u00f3n relevante sobre el tratamiento de datos personales, con el fin de dar a conocer en todo momento, c\u00f3mo tratamos los datos, con qu\u00e9 finalidad y los derechos correspondientes.<\/p>\n<h3>Responsable del tratamiento<\/h3>\n<p>SOCIEDAD NUCLEAR ESPA\u00d1OLA (en adelante EL RESPONSABLE), CIF: G28402105, domiciliada en C\/ Campoamor, 17 1\u00ba \u2013 28004 \u2013 Madrid y correo electr\u00f3nico: sne.1974@sne.es<\/p>\n<p>Contacto del delegado de protecci\u00f3n de datos (DPO): No se dispone de delegado, no obstante, puede contactarnos por cualquiera de los medios arriba indicados.<\/p>\n<h3>Obtenci\u00f3n de los datos<\/h3>\n<p>EL RESPONSABLE ha obtenido los datos personales que ser\u00e1n objeto de tratamiento, a trav\u00e9s de diferentes canales:<\/p>\n<ul>\n<li>Voluntariamente facilitados por el titular de los datos, bien a trav\u00e9s de formulario web, correo electr\u00f3nico, tel\u00e9fono o contrato, para la solicitud de cualquier tipo de informaci\u00f3n o formalizaci\u00f3n y\/o adquisici\u00f3n de servicios o productos.<\/li>\n<li>A partir de fuentes accesibles al p\u00fablico y\/o registros p\u00fablicos, y siempre que exista inter\u00e9s leg\u00edtimo por parte de EL RESPONSABLE para ello.<\/li>\n<li>Mediante la captaci\u00f3n de fotograf\u00edas y videos por cualquier medio t\u00e9cnico durante la celebraci\u00f3n de todas sus actividades.<\/li>\n<\/ul>\n<h3>Descripci\u00f3n de la finalidad del tratamiento<\/h3>\n<p>En la SNE tratamos la informaci\u00f3n que nos facilitan las personas interesadas con el fin de ser socios de la misma, recibir comunicaciones e informaci\u00f3n peri\u00f3dicamente, realizar la organizaci\u00f3n y gesti\u00f3n de los asistentes a los eventos, as\u00ed como realizar el env\u00edo de invitaciones a nuevos eventos que se organicen, inclusive, por v\u00eda electr\u00f3nica. En el caso de que no facilite sus datos personales, no podremos cumplir con las funcionalidades descritas anteriormente.<\/p>\n<p>No se van a tomar decisiones automatizadas en base a los datos proporcionados.<\/p>\n<p>Trataremos sus datos para la gesti\u00f3n comercial, administrativa, contable y fiscal, conforme a la normativa vigente y en funci\u00f3n de la informaci\u00f3n facilitada y autorizaci\u00f3n otorgada.<\/p>\n<p>Las im\u00e1genes y videos captadas durante la celebraci\u00f3n de las diversas actividades de la SNE, podr\u00e1n ser reproducidas y difundidas, haciendo uso de los medios t\u00e9cnicos y soportes conocidos en la actualidad, particularmente, soportes escritos, audiovisuales, electr\u00f3nicos, incluido Internet, p\u00e1gina web corporativa y principalmente las redes sociales, con la finalidad de ofrecer mayor visibilidad de las actividades de la SNE y publicitar las convocatorias para el desarrollo de las actividades futuras, no estableci\u00e9ndose limitaci\u00f3n geogr\u00e1fica ni temporal para su difusi\u00f3n.<\/p>\n<h3>Conservaci\u00f3n de los datos<\/h3>\n<p>Los datos personales proporcionados se conservar\u00e1n mientras se mantenga la relaci\u00f3n con la entidad, y no se solicite su supresi\u00f3n por parte del interesado. Ser\u00e1n conservados conforme a los plazos legales establecidos y en funci\u00f3n de la finalidad por la que fueron recabados.<\/p>\n<p>En el supuesto de que el interesado est\u00e9 suscrito de forma voluntaria a alg\u00fan tipo de env\u00edo de comunicaciones comerciales, newsletter, publicidad, etc. los datos permanecer\u00e1n hasta que \u00e9ste, tramite su baja de este tipo de comunicaciones.<\/p>\n<h3>Legitimizaci\u00f3n<\/h3>\n<p>Le indicamos la base legal para el tratamiento de sus datos que es el Consentimiento del Interesado por haber solicitado voluntaria y expresamente:<\/p>\n<ul>\n<li>ser socio de la SNE,<\/li>\n<li>cualquier tipo de informaci\u00f3n,<\/li>\n<li>suscribirse para recibir comunicaciones,<\/li>\n<li>inscripci\u00f3n a seminarios, congresos y eventos,<\/li>\n<li>solicitar el env\u00edo de invitaciones a nuevos eventos que se organicen, inclusive, por v\u00eda electr\u00f3nica<\/li>\n<\/ul>\n<h3>Destinatarios<\/h3>\n<p>Mientras dure el tratamiento de los datos del interesado, EL RESPONSABLE no ceder\u00e1 los datos a terceros, salvo que medie obligaci\u00f3n legal.<\/p>\n<p>En los supuestos que, para la realizaci\u00f3n de tratamientos de tipo administrativo, fiscal, contable y\/o comercial, se cuente con los servicios de terceros, se formalizar\u00e1 debidamente el preceptivo contrato de encargado de tratamiento, con la finalidad de garantizar la seguridad y confidencialidad de los datos del interesado frente a terceros.<\/p>\n<h3>Derechos<\/h3>\n<p>El interesado, en relaci\u00f3n a sus datos de car\u00e1cter personal, puede ejercer los derechos siguientes de forma libre y gratuita:<\/p>\n<ul>\n<li>derecho de acceso a sus datos personales.<\/li>\n<li>derecho de rectificaci\u00f3n de sus datos personales, cuando resulten incompletos o inexactos.<\/li>\n<li>derecho de supresi\u00f3n de sus datos personales, cuando no sean necesarios para los fines por los que fueron recabados.<\/li>\n<li>derecho de limitaci\u00f3n de su tratamiento, de todos los datos o en parte de ellos.<\/li>\n<li>derecho a oponerse al tratamiento.<\/li>\n<li>derecho a la portabilidad de los datos.<\/li>\n<li>derecho a retirar el consentimiento prestado previamente.<\/li>\n<\/ul>\n<p>En caso de que sienta vulnerados sus derechos en lo concerniente a la protecci\u00f3n de sus datos personales, especialmente cuando no haya obtenido satisfacci\u00f3n en el ejercicio de sus derechos, puede presentar una reclamaci\u00f3n ante la Autoridad de Control en materia de Protecci\u00f3n de Datos competente.<\/p>\n<h3>Autoridad de Control<\/h3>\n<p>Si usted precisa de mayor informaci\u00f3n y\/o ayuda, a parte de la que nosotros podemos y deseamos proporcionarle, en materia de Protecci\u00f3n de Datos, debe saber que, la autoridad de control en Espa\u00f1a que vela por el cumplimiento de la normativa sobre protecci\u00f3n de datos, que garantiza y tutela el derecho fundamental a la protecci\u00f3n de datos personales es:<\/p>\n<p>Agencia Espa\u00f1ola de Protecci\u00f3n de Datos (AEPD)<\/p>\n<p style=\"padding-left: 40px;\">C\/ Jorge Juan N\u00ba6<br \/>\n28001 \u2013 Madrid<br \/>\n901 100 099 \u2013 912 663 517<br \/>\n<a href=\"http:\/\/www.aepd.es\" target=\"_blank\" rel=\"noopener\">http:\/\/www.aepd.es<\/a><\/p>\n<p>Pudiendo contactar tambi\u00e9n, a trav\u00e9s de este <a href=\"https:\/\/sedeaepd.gob.es\/sede-electronica\/home\">formulario<\/a>.<\/p>\n<p>La AEPD, informa y ayuda al ciudadano a ejercitar sus derechos, as\u00ed como tambi\u00e9n a las empresas a cumplir con las obligaciones que establece la Ley.<\/p>\n<p>Como titular de sus propios datos, la AEPD tutela el ejercicio de los derechos de acceso, rectificaci\u00f3n, cancelaci\u00f3n, limitaci\u00f3n, portabilidad y oposici\u00f3n, cuando no han sido adecuadamente atendidos. Y garantiza el derecho a la protecci\u00f3n de datos, ante actuaciones que puedan ser contrarias a la ley.<\/p>\n<p style=\"text-align: right;\">Versi\u00f3n 2025.04.11<\/p>\n<p>&nbsp;<\/p>\n","protected":false},"excerpt":{"rendered":"<p>Pol\u00edtica de Privacidad y Protecci\u00f3n de Datos En SOCIEDAD NUCLEAR ESPA\u00d1OLA estamos especialmente concienciados por la confidencialidad de los datos de car\u00e1cter personal que se nos facilitan a trav\u00e9s de la p\u00e1gina web, y mediante esta pol\u00edtica, informamos al usuario, en materia de protecci\u00f3n de datos, as\u00ed como de los derechos que le asisten. Por&hellip; <br \/> <a class=\"read-more\" href=\"https:\/\/www.jovenesnucleares.org\/blog\/politica-privacidad\/\">Read more<\/a><\/p>\n","protected":false},"author":1,"featured_media":0,"parent":0,"menu_order":0,"comment_status":"closed","ping_status":"closed","template":"","meta":{"footnotes":""},"class_list":["post-3582","page","type-page","status-publish","hentry"],"yoast_head":"<!-- This site is optimized with the Yoast SEO plugin v27.4 - https:\/\/yoast.com\/product\/yoast-seo-wordpress\/ -->\n<title>Pol\u00edtica de privacidad - J\u00f3venes Nucleares<\/title>\n<meta name=\"robots\" content=\"index, follow, max-snippet:-1, max-image-preview:large, max-video-preview:-1\" \/>\n<link rel=\"canonical\" href=\"https:\/\/www.jovenesnucleares.org\/blog\/politica-privacidad\/\" \/>\n<meta property=\"og:locale\" content=\"es_ES\" \/>\n<meta property=\"og:type\" content=\"article\" \/>\n<meta property=\"og:title\" content=\"Pol\u00edtica de privacidad - J\u00f3venes Nucleares\" \/>\n<meta property=\"og:description\" content=\"Pol\u00edtica de Privacidad y Protecci\u00f3n de Datos En SOCIEDAD NUCLEAR ESPA\u00d1OLA estamos especialmente concienciados por la confidencialidad de los datos de car\u00e1cter personal que se nos facilitan a trav\u00e9s de la p\u00e1gina web, y mediante esta pol\u00edtica, informamos al usuario, en materia de protecci\u00f3n de datos, as\u00ed como de los derechos que le asisten. Por&hellip; Read more\" \/>\n<meta property=\"og:url\" content=\"https:\/\/www.jovenesnucleares.org\/blog\/politica-privacidad\/\" \/>\n<meta property=\"og:site_name\" content=\"J\u00f3venes Nucleares\" \/>\n<meta property=\"article:publisher\" content=\"https:\/\/www.facebook.com\/JovenesNucleares\" \/>\n<meta property=\"article:modified_time\" content=\"2025-12-22T07:38:27+00:00\" \/>\n<meta property=\"og:image\" content=\"https:\/\/www.jovenesnucleares.org\/blog\/wp-content\/uploads\/2021\/09\/cropped-Logo-JJNN-sec3-250px.png\" \/>\n\t<meta property=\"og:image:width\" content=\"512\" \/>\n\t<meta property=\"og:image:height\" content=\"512\" \/>\n\t<meta property=\"og:image:type\" content=\"image\/png\" \/>\n<meta name=\"twitter:card\" content=\"summary_large_image\" \/>\n<meta name=\"twitter:site\" content=\"@jjnucleares\" \/>\n<meta name=\"twitter:label1\" content=\"Tiempo de lectura\" \/>\n\t<meta name=\"twitter:data1\" content=\"5 minutos\" \/>\n<script type=\"application\/ld+json\" class=\"yoast-schema-graph\">{\"@context\":\"https:\\\/\\\/schema.org\",\"@graph\":[{\"@type\":\"WebPage\",\"@id\":\"https:\\\/\\\/www.jovenesnucleares.org\\\/blog\\\/politica-privacidad\\\/\",\"url\":\"https:\\\/\\\/www.jovenesnucleares.org\\\/blog\\\/politica-privacidad\\\/\",\"name\":\"Pol\u00edtica de privacidad - J\u00f3venes Nucleares\",\"isPartOf\":{\"@id\":\"https:\\\/\\\/www.jovenesnucleares.org\\\/blog\\\/#website\"},\"datePublished\":\"2018-10-25T12:55:08+00:00\",\"dateModified\":\"2025-12-22T07:38:27+00:00\",\"breadcrumb\":{\"@id\":\"https:\\\/\\\/www.jovenesnucleares.org\\\/blog\\\/politica-privacidad\\\/#breadcrumb\"},\"inLanguage\":\"es\",\"potentialAction\":[{\"@type\":\"ReadAction\",\"target\":[\"https:\\\/\\\/www.jovenesnucleares.org\\\/blog\\\/politica-privacidad\\\/\"]}]},{\"@type\":\"BreadcrumbList\",\"@id\":\"https:\\\/\\\/www.jovenesnucleares.org\\\/blog\\\/politica-privacidad\\\/#breadcrumb\",\"itemListElement\":[{\"@type\":\"ListItem\",\"position\":1,\"name\":\"Portada\",\"item\":\"https:\\\/\\\/www.jovenesnucleares.org\\\/blog\\\/\"},{\"@type\":\"ListItem\",\"position\":2,\"name\":\"Pol\u00edtica de privacidad\"}]},{\"@type\":\"WebSite\",\"@id\":\"https:\\\/\\\/www.jovenesnucleares.org\\\/blog\\\/#website\",\"url\":\"https:\\\/\\\/www.jovenesnucleares.org\\\/blog\\\/\",\"name\":\"J\u00f3venes Nucleares\",\"description\":\"Divulgaci\u00f3n de Ciencia y Tecnolog\u00eda Nuclear\",\"publisher\":{\"@id\":\"https:\\\/\\\/www.jovenesnucleares.org\\\/blog\\\/#organization\"},\"potentialAction\":[{\"@type\":\"SearchAction\",\"target\":{\"@type\":\"EntryPoint\",\"urlTemplate\":\"https:\\\/\\\/www.jovenesnucleares.org\\\/blog\\\/?s={search_term_string}\"},\"query-input\":{\"@type\":\"PropertyValueSpecification\",\"valueRequired\":true,\"valueName\":\"search_term_string\"}}],\"inLanguage\":\"es\"},{\"@type\":\"Organization\",\"@id\":\"https:\\\/\\\/www.jovenesnucleares.org\\\/blog\\\/#organization\",\"name\":\"J\u00f3venes Nucleares\",\"url\":\"https:\\\/\\\/www.jovenesnucleares.org\\\/blog\\\/\",\"logo\":{\"@type\":\"ImageObject\",\"inLanguage\":\"es\",\"@id\":\"https:\\\/\\\/www.jovenesnucleares.org\\\/blog\\\/#\\\/schema\\\/logo\\\/image\\\/\",\"url\":\"http:\\\/\\\/www.jovenesnucleares.org\\\/blog\\\/wp-content\\\/uploads\\\/2022\\\/01\\\/cropped-Logo-JJNN-principal-125px.png\",\"contentUrl\":\"http:\\\/\\\/www.jovenesnucleares.org\\\/blog\\\/wp-content\\\/uploads\\\/2022\\\/01\\\/cropped-Logo-JJNN-principal-125px.png\",\"width\":170,\"height\":70,\"caption\":\"J\u00f3venes Nucleares\"},\"image\":{\"@id\":\"https:\\\/\\\/www.jovenesnucleares.org\\\/blog\\\/#\\\/schema\\\/logo\\\/image\\\/\"},\"sameAs\":[\"https:\\\/\\\/www.facebook.com\\\/JovenesNucleares\",\"https:\\\/\\\/x.com\\\/jjnucleares\",\"https:\\\/\\\/www.instagram.com\\\/jjnucleares\\\/\",\"https:\\\/\\\/www.linkedin.com\\\/company\\\/jovenesnucleares\\\/\",\"https:\\\/\\\/www.youtube.com\\\/c\\\/JovenesNuclearesSNE\",\"https:\\\/\\\/es.wikipedia.org\\\/wiki\\\/Jovenes_Nucleares\"]}]}<\/script>\n<!-- \/ Yoast SEO plugin. -->","yoast_head_json":{"title":"Pol\u00edtica de privacidad - J\u00f3venes Nucleares","robots":{"index":"index","follow":"follow","max-snippet":"max-snippet:-1","max-image-preview":"max-image-preview:large","max-video-preview":"max-video-preview:-1"},"canonical":"https:\/\/www.jovenesnucleares.org\/blog\/politica-privacidad\/","og_locale":"es_ES","og_type":"article","og_title":"Pol\u00edtica de privacidad - J\u00f3venes Nucleares","og_description":"Pol\u00edtica de Privacidad y Protecci\u00f3n de Datos En SOCIEDAD NUCLEAR ESPA\u00d1OLA estamos especialmente concienciados por la confidencialidad de los datos de car\u00e1cter personal que se nos facilitan a trav\u00e9s de la p\u00e1gina web, y mediante esta pol\u00edtica, informamos al usuario, en materia de protecci\u00f3n de datos, as\u00ed como de los derechos que le asisten. Por&hellip; Read more","og_url":"https:\/\/www.jovenesnucleares.org\/blog\/politica-privacidad\/","og_site_name":"J\u00f3venes Nucleares","article_publisher":"https:\/\/www.facebook.com\/JovenesNucleares","article_modified_time":"2025-12-22T07:38:27+00:00","og_image":[{"width":512,"height":512,"url":"https:\/\/www.jovenesnucleares.org\/blog\/wp-content\/uploads\/2021\/09\/cropped-Logo-JJNN-sec3-250px.png","type":"image\/png"}],"twitter_card":"summary_large_image","twitter_site":"@jjnucleares","twitter_misc":{"Tiempo de lectura":"5 minutos"},"schema":{"@context":"https:\/\/schema.org","@graph":[{"@type":"WebPage","@id":"https:\/\/www.jovenesnucleares.org\/blog\/politica-privacidad\/","url":"https:\/\/www.jovenesnucleares.org\/blog\/politica-privacidad\/","name":"Pol\u00edtica de privacidad - J\u00f3venes Nucleares","isPartOf":{"@id":"https:\/\/www.jovenesnucleares.org\/blog\/#website"},"datePublished":"2018-10-25T12:55:08+00:00","dateModified":"2025-12-22T07:38:27+00:00","breadcrumb":{"@id":"https:\/\/www.jovenesnucleares.org\/blog\/politica-privacidad\/#breadcrumb"},"inLanguage":"es","potentialAction":[{"@type":"ReadAction","target":["https:\/\/www.jovenesnucleares.org\/blog\/politica-privacidad\/"]}]},{"@type":"BreadcrumbList","@id":"https:\/\/www.jovenesnucleares.org\/blog\/politica-privacidad\/#breadcrumb","itemListElement":[{"@type":"ListItem","position":1,"name":"Portada","item":"https:\/\/www.jovenesnucleares.org\/blog\/"},{"@type":"ListItem","position":2,"name":"Pol\u00edtica de privacidad"}]},{"@type":"WebSite","@id":"https:\/\/www.jovenesnucleares.org\/blog\/#website","url":"https:\/\/www.jovenesnucleares.org\/blog\/","name":"J\u00f3venes Nucleares","description":"Divulgaci\u00f3n de Ciencia y Tecnolog\u00eda Nuclear","publisher":{"@id":"https:\/\/www.jovenesnucleares.org\/blog\/#organization"},"potentialAction":[{"@type":"SearchAction","target":{"@type":"EntryPoint","urlTemplate":"https:\/\/www.jovenesnucleares.org\/blog\/?s={search_term_string}"},"query-input":{"@type":"PropertyValueSpecification","valueRequired":true,"valueName":"search_term_string"}}],"inLanguage":"es"},{"@type":"Organization","@id":"https:\/\/www.jovenesnucleares.org\/blog\/#organization","name":"J\u00f3venes Nucleares","url":"https:\/\/www.jovenesnucleares.org\/blog\/","logo":{"@type":"ImageObject","inLanguage":"es","@id":"https:\/\/www.jovenesnucleares.org\/blog\/#\/schema\/logo\/image\/","url":"http:\/\/www.jovenesnucleares.org\/blog\/wp-content\/uploads\/2022\/01\/cropped-Logo-JJNN-principal-125px.png","contentUrl":"http:\/\/www.jovenesnucleares.org\/blog\/wp-content\/uploads\/2022\/01\/cropped-Logo-JJNN-principal-125px.png","width":170,"height":70,"caption":"J\u00f3venes Nucleares"},"image":{"@id":"https:\/\/www.jovenesnucleares.org\/blog\/#\/schema\/logo\/image\/"},"sameAs":["https:\/\/www.facebook.com\/JovenesNucleares","https:\/\/x.com\/jjnucleares","https:\/\/www.instagram.com\/jjnucleares\/","https:\/\/www.linkedin.com\/company\/jovenesnucleares\/","https:\/\/www.youtube.com\/c\/JovenesNuclearesSNE","https:\/\/es.wikipedia.org\/wiki\/Jovenes_Nucleares"]}]}},"post_mailing_queue_ids":[],"_links":{"self":[{"href":"https:\/\/www.jovenesnucleares.org\/blog\/wp-json\/wp\/v2\/pages\/3582","targetHints":{"allow":["GET"]}}],"collection":[{"href":"https:\/\/www.jovenesnucleares.org\/blog\/wp-json\/wp\/v2\/pages"}],"about":[{"href":"https:\/\/www.jovenesnucleares.org\/blog\/wp-json\/wp\/v2\/types\/page"}],"author":[{"embeddable":true,"href":"https:\/\/www.jovenesnucleares.org\/blog\/wp-json\/wp\/v2\/users\/1"}],"replies":[{"embeddable":true,"href":"https:\/\/www.jovenesnucleares.org\/blog\/wp-json\/wp\/v2\/comments?post=3582"}],"version-history":[{"count":5,"href":"https:\/\/www.jovenesnucleares.org\/blog\/wp-json\/wp\/v2\/pages\/3582\/revisions"}],"predecessor-version":[{"id":7604,"href":"https:\/\/www.jovenesnucleares.org\/blog\/wp-json\/wp\/v2\/pages\/3582\/revisions\/7604"}],"wp:attachment":[{"href":"https:\/\/www.jovenesnucleares.org\/blog\/wp-json\/wp\/v2\/media?parent=3582"}],"curies":[{"name":"wp","href":"https:\/\/api.w.org\/{rel}","templated":true}]}}