{"id":4839,"date":"2019-10-04T01:06:22","date_gmt":"2019-10-03T23:06:22","guid":{"rendered":"http:\/\/www.jovenesnucleares.org\/blog\/?page_id=4839"},"modified":"2022-01-13T23:11:55","modified_gmt":"2022-01-13T21:11:55","slug":"hazte-socio-jjnn","status":"publish","type":"page","link":"https:\/\/www.jovenesnucleares.org\/blog\/hazte-socio-jjnn\/","title":{"rendered":"Hazte socio de JJNN"},"content":{"rendered":"<p>Cualquier persona puede ser socia de J\u00f3venes Nucleares, la juventud es un requisito recomendado, pero no imprescindible. Para participar, simplemente rellena el formulario que hay debajo. As\u00ed de simple. Si tienes alg\u00fan problema, no dudes en ponerte en <a href=\"mailto:correo@jovenesnucleares.org\" target=\"_blank\" rel=\"noopener noreferrer\">contacto con nosotros<\/a>.<\/p>\n<p style=\"text-align: justify;\"><strong>Las inscripciones tardar\u00e1n aproximadamente 1 mes en tramitarse<\/strong>.<\/p>\n<p style=\"text-align: justify;\">Muchas gracias por hacerte socio de J\u00f3venes Nucleares.<\/p>\n<p><wbr \/><\/p>\n<p><iframe src=\"https:\/\/docs.google.com\/forms\/d\/e\/1FAIpQLScX64tNvnKROTmFJ7PwtU1dzrMYqPImf6DovQjoO2fG0oIEDw\/viewform?embedded=true\" width=\"640\" height=\"2900\" frameborder=\"0\" marginwidth=\"0\" marginheight=\"0\" scrolling=\"no\" align=\"middle\" data-mce-fragment=\"1\">Cargando\u2026<\/iframe><\/p>\n<p><strong>Al hacerte socio de J\u00f3venes Nucleares aceptas nuestra <a href=\"http:\/\/www.jovenesnucleares.org\/blog\/politica-privacidad\/\">pol\u00edtica de privacidad<\/a> y nuestra <a href=\"http:\/\/www.jovenesnucleares.org\/blog\/aviso-legal\/\">pol\u00edtica legal<\/a>.<\/strong><\/p>\n<hr \/>\n<p><strong>Adem\u00e1s te interesa&#8230;<\/strong><\/p>\n<p style=\"text-align: justify;\">J\u00f3venes Nucleares, es una comisi\u00f3n de la Sociedad Nuclear Espa\u00f1ola (SNE). Ser <strong>miembro de JJNN<\/strong> <strong>no conlleva ning\u00fan tipo de gasto<\/strong>, pero no implica ser socio de la SNE.<\/p>\n<p style=\"text-align: justify;\">Hacerse socio de la SNE siendo ya miembro de JJNN y siendo menor de 35 a\u00f1os tiene las siguientes ventajas:<\/p>\n<ul>\n<li>Primer a\u00f1o <strong>gratuito<\/strong><\/li>\n<li>Siguientes a\u00f1os, cuota reducida (Cuota Joven) : <strong>13 \u20ac<\/strong><\/li>\n<li>Inscripci\u00f3n reducida en la <strong>reuni\u00f3n anual<\/strong> de la SNE (40\u20ac)<\/li>\n<li>Recibir la<strong> revista Nuclear Espa\u00f1a<\/strong>.<\/li>\n<\/ul>\n<p>Para hacerte socio de la SNE, primero ponte en <a href=\"http:\/\/www.jovenesnucleares.org\/blog\/contacto\/\" rel=\"noopener noreferrer\">contacto con nosotros<\/a>.<\/p>\n","protected":false},"excerpt":{"rendered":"<p>Cualquier persona puede ser socia de J\u00f3venes Nucleares, la juventud es un requisito recomendado, pero no imprescindible. Para participar, simplemente rellena el formulario que hay debajo. As\u00ed de simple. Si tienes alg\u00fan problema, no dudes en ponerte en contacto con nosotros. Las inscripciones tardar\u00e1n aproximadamente 1 mes en tramitarse. Muchas gracias por hacerte socio de&hellip; <br \/> <a class=\"read-more\" href=\"https:\/\/www.jovenesnucleares.org\/blog\/hazte-socio-jjnn\/\">Read more<\/a><\/p>\n","protected":false},"author":1,"featured_media":0,"parent":0,"menu_order":0,"comment_status":"closed","ping_status":"closed","template":"","meta":{"footnotes":""},"class_list":["post-4839","page","type-page","status-publish","hentry"],"yoast_head":"<!-- This site is optimized with the Yoast SEO plugin v27.4 - https:\/\/yoast.com\/product\/yoast-seo-wordpress\/ -->\n<title>Hazte socio de JJNN - J\u00f3venes Nucleares<\/title>\n<meta name=\"robots\" content=\"index, follow, max-snippet:-1, max-image-preview:large, max-video-preview:-1\" \/>\n<link rel=\"canonical\" href=\"https:\/\/www.jovenesnucleares.org\/blog\/hazte-socio-jjnn\/\" \/>\n<meta property=\"og:locale\" content=\"es_ES\" \/>\n<meta property=\"og:type\" content=\"article\" \/>\n<meta property=\"og:title\" content=\"Hazte socio de JJNN - J\u00f3venes Nucleares\" \/>\n<meta property=\"og:description\" content=\"Cualquier persona puede ser socia de J\u00f3venes Nucleares, la juventud es un requisito recomendado, pero no imprescindible. Para participar, simplemente rellena el formulario que hay debajo. As\u00ed de simple. Si tienes alg\u00fan problema, no dudes en ponerte en contacto con nosotros. Las inscripciones tardar\u00e1n aproximadamente 1 mes en tramitarse. Muchas gracias por hacerte socio de&hellip; Read more\" \/>\n<meta property=\"og:url\" content=\"https:\/\/www.jovenesnucleares.org\/blog\/hazte-socio-jjnn\/\" \/>\n<meta property=\"og:site_name\" content=\"J\u00f3venes Nucleares\" \/>\n<meta property=\"article:publisher\" content=\"https:\/\/www.facebook.com\/JovenesNucleares\" \/>\n<meta property=\"article:modified_time\" content=\"2022-01-13T21:11:55+00:00\" \/>\n<meta property=\"og:image\" content=\"https:\/\/www.jovenesnucleares.org\/blog\/wp-content\/uploads\/2021\/09\/cropped-Logo-JJNN-sec3-250px.png\" \/>\n\t<meta property=\"og:image:width\" content=\"512\" \/>\n\t<meta property=\"og:image:height\" content=\"512\" \/>\n\t<meta property=\"og:image:type\" content=\"image\/png\" \/>\n<meta name=\"twitter:card\" content=\"summary_large_image\" \/>\n<meta name=\"twitter:site\" content=\"@jjnucleares\" \/>\n<meta name=\"twitter:label1\" content=\"Tiempo de lectura\" \/>\n\t<meta name=\"twitter:data1\" content=\"1 minuto\" \/>\n<script type=\"application\/ld+json\" class=\"yoast-schema-graph\">{\"@context\":\"https:\\\/\\\/schema.org\",\"@graph\":[{\"@type\":\"WebPage\",\"@id\":\"https:\\\/\\\/www.jovenesnucleares.org\\\/blog\\\/hazte-socio-jjnn\\\/\",\"url\":\"https:\\\/\\\/www.jovenesnucleares.org\\\/blog\\\/hazte-socio-jjnn\\\/\",\"name\":\"Hazte socio de JJNN - J\u00f3venes Nucleares\",\"isPartOf\":{\"@id\":\"https:\\\/\\\/www.jovenesnucleares.org\\\/blog\\\/#website\"},\"datePublished\":\"2019-10-03T23:06:22+00:00\",\"dateModified\":\"2022-01-13T21:11:55+00:00\",\"breadcrumb\":{\"@id\":\"https:\\\/\\\/www.jovenesnucleares.org\\\/blog\\\/hazte-socio-jjnn\\\/#breadcrumb\"},\"inLanguage\":\"es\",\"potentialAction\":[{\"@type\":\"ReadAction\",\"target\":[\"https:\\\/\\\/www.jovenesnucleares.org\\\/blog\\\/hazte-socio-jjnn\\\/\"]}]},{\"@type\":\"BreadcrumbList\",\"@id\":\"https:\\\/\\\/www.jovenesnucleares.org\\\/blog\\\/hazte-socio-jjnn\\\/#breadcrumb\",\"itemListElement\":[{\"@type\":\"ListItem\",\"position\":1,\"name\":\"Portada\",\"item\":\"https:\\\/\\\/www.jovenesnucleares.org\\\/blog\\\/\"},{\"@type\":\"ListItem\",\"position\":2,\"name\":\"Hazte socio de JJNN\"}]},{\"@type\":\"WebSite\",\"@id\":\"https:\\\/\\\/www.jovenesnucleares.org\\\/blog\\\/#website\",\"url\":\"https:\\\/\\\/www.jovenesnucleares.org\\\/blog\\\/\",\"name\":\"J\u00f3venes Nucleares\",\"description\":\"Divulgaci\u00f3n de Ciencia y Tecnolog\u00eda Nuclear\",\"publisher\":{\"@id\":\"https:\\\/\\\/www.jovenesnucleares.org\\\/blog\\\/#organization\"},\"potentialAction\":[{\"@type\":\"SearchAction\",\"target\":{\"@type\":\"EntryPoint\",\"urlTemplate\":\"https:\\\/\\\/www.jovenesnucleares.org\\\/blog\\\/?s={search_term_string}\"},\"query-input\":{\"@type\":\"PropertyValueSpecification\",\"valueRequired\":true,\"valueName\":\"search_term_string\"}}],\"inLanguage\":\"es\"},{\"@type\":\"Organization\",\"@id\":\"https:\\\/\\\/www.jovenesnucleares.org\\\/blog\\\/#organization\",\"name\":\"J\u00f3venes Nucleares\",\"url\":\"https:\\\/\\\/www.jovenesnucleares.org\\\/blog\\\/\",\"logo\":{\"@type\":\"ImageObject\",\"inLanguage\":\"es\",\"@id\":\"https:\\\/\\\/www.jovenesnucleares.org\\\/blog\\\/#\\\/schema\\\/logo\\\/image\\\/\",\"url\":\"http:\\\/\\\/www.jovenesnucleares.org\\\/blog\\\/wp-content\\\/uploads\\\/2022\\\/01\\\/cropped-Logo-JJNN-principal-125px.png\",\"contentUrl\":\"http:\\\/\\\/www.jovenesnucleares.org\\\/blog\\\/wp-content\\\/uploads\\\/2022\\\/01\\\/cropped-Logo-JJNN-principal-125px.png\",\"width\":170,\"height\":70,\"caption\":\"J\u00f3venes Nucleares\"},\"image\":{\"@id\":\"https:\\\/\\\/www.jovenesnucleares.org\\\/blog\\\/#\\\/schema\\\/logo\\\/image\\\/\"},\"sameAs\":[\"https:\\\/\\\/www.facebook.com\\\/JovenesNucleares\",\"https:\\\/\\\/x.com\\\/jjnucleares\",\"https:\\\/\\\/www.instagram.com\\\/jjnucleares\\\/\",\"https:\\\/\\\/www.linkedin.com\\\/company\\\/jovenesnucleares\\\/\",\"https:\\\/\\\/www.youtube.com\\\/c\\\/JovenesNuclearesSNE\",\"https:\\\/\\\/es.wikipedia.org\\\/wiki\\\/Jovenes_Nucleares\"]}]}<\/script>\n<!-- \/ Yoast SEO plugin. -->","yoast_head_json":{"title":"Hazte socio de JJNN - J\u00f3venes Nucleares","robots":{"index":"index","follow":"follow","max-snippet":"max-snippet:-1","max-image-preview":"max-image-preview:large","max-video-preview":"max-video-preview:-1"},"canonical":"https:\/\/www.jovenesnucleares.org\/blog\/hazte-socio-jjnn\/","og_locale":"es_ES","og_type":"article","og_title":"Hazte socio de JJNN - J\u00f3venes Nucleares","og_description":"Cualquier persona puede ser socia de J\u00f3venes Nucleares, la juventud es un requisito recomendado, pero no imprescindible. Para participar, simplemente rellena el formulario que hay debajo. As\u00ed de simple. Si tienes alg\u00fan problema, no dudes en ponerte en contacto con nosotros. Las inscripciones tardar\u00e1n aproximadamente 1 mes en tramitarse. Muchas gracias por hacerte socio de&hellip; Read more","og_url":"https:\/\/www.jovenesnucleares.org\/blog\/hazte-socio-jjnn\/","og_site_name":"J\u00f3venes Nucleares","article_publisher":"https:\/\/www.facebook.com\/JovenesNucleares","article_modified_time":"2022-01-13T21:11:55+00:00","og_image":[{"width":512,"height":512,"url":"https:\/\/www.jovenesnucleares.org\/blog\/wp-content\/uploads\/2021\/09\/cropped-Logo-JJNN-sec3-250px.png","type":"image\/png"}],"twitter_card":"summary_large_image","twitter_site":"@jjnucleares","twitter_misc":{"Tiempo de lectura":"1 minuto"},"schema":{"@context":"https:\/\/schema.org","@graph":[{"@type":"WebPage","@id":"https:\/\/www.jovenesnucleares.org\/blog\/hazte-socio-jjnn\/","url":"https:\/\/www.jovenesnucleares.org\/blog\/hazte-socio-jjnn\/","name":"Hazte socio de JJNN - J\u00f3venes Nucleares","isPartOf":{"@id":"https:\/\/www.jovenesnucleares.org\/blog\/#website"},"datePublished":"2019-10-03T23:06:22+00:00","dateModified":"2022-01-13T21:11:55+00:00","breadcrumb":{"@id":"https:\/\/www.jovenesnucleares.org\/blog\/hazte-socio-jjnn\/#breadcrumb"},"inLanguage":"es","potentialAction":[{"@type":"ReadAction","target":["https:\/\/www.jovenesnucleares.org\/blog\/hazte-socio-jjnn\/"]}]},{"@type":"BreadcrumbList","@id":"https:\/\/www.jovenesnucleares.org\/blog\/hazte-socio-jjnn\/#breadcrumb","itemListElement":[{"@type":"ListItem","position":1,"name":"Portada","item":"https:\/\/www.jovenesnucleares.org\/blog\/"},{"@type":"ListItem","position":2,"name":"Hazte socio de JJNN"}]},{"@type":"WebSite","@id":"https:\/\/www.jovenesnucleares.org\/blog\/#website","url":"https:\/\/www.jovenesnucleares.org\/blog\/","name":"J\u00f3venes Nucleares","description":"Divulgaci\u00f3n de Ciencia y Tecnolog\u00eda Nuclear","publisher":{"@id":"https:\/\/www.jovenesnucleares.org\/blog\/#organization"},"potentialAction":[{"@type":"SearchAction","target":{"@type":"EntryPoint","urlTemplate":"https:\/\/www.jovenesnucleares.org\/blog\/?s={search_term_string}"},"query-input":{"@type":"PropertyValueSpecification","valueRequired":true,"valueName":"search_term_string"}}],"inLanguage":"es"},{"@type":"Organization","@id":"https:\/\/www.jovenesnucleares.org\/blog\/#organization","name":"J\u00f3venes Nucleares","url":"https:\/\/www.jovenesnucleares.org\/blog\/","logo":{"@type":"ImageObject","inLanguage":"es","@id":"https:\/\/www.jovenesnucleares.org\/blog\/#\/schema\/logo\/image\/","url":"http:\/\/www.jovenesnucleares.org\/blog\/wp-content\/uploads\/2022\/01\/cropped-Logo-JJNN-principal-125px.png","contentUrl":"http:\/\/www.jovenesnucleares.org\/blog\/wp-content\/uploads\/2022\/01\/cropped-Logo-JJNN-principal-125px.png","width":170,"height":70,"caption":"J\u00f3venes Nucleares"},"image":{"@id":"https:\/\/www.jovenesnucleares.org\/blog\/#\/schema\/logo\/image\/"},"sameAs":["https:\/\/www.facebook.com\/JovenesNucleares","https:\/\/x.com\/jjnucleares","https:\/\/www.instagram.com\/jjnucleares\/","https:\/\/www.linkedin.com\/company\/jovenesnucleares\/","https:\/\/www.youtube.com\/c\/JovenesNuclearesSNE","https:\/\/es.wikipedia.org\/wiki\/Jovenes_Nucleares"]}]}},"post_mailing_queue_ids":[],"_links":{"self":[{"href":"https:\/\/www.jovenesnucleares.org\/blog\/wp-json\/wp\/v2\/pages\/4839","targetHints":{"allow":["GET"]}}],"collection":[{"href":"https:\/\/www.jovenesnucleares.org\/blog\/wp-json\/wp\/v2\/pages"}],"about":[{"href":"https:\/\/www.jovenesnucleares.org\/blog\/wp-json\/wp\/v2\/types\/page"}],"author":[{"embeddable":true,"href":"https:\/\/www.jovenesnucleares.org\/blog\/wp-json\/wp\/v2\/users\/1"}],"replies":[{"embeddable":true,"href":"https:\/\/www.jovenesnucleares.org\/blog\/wp-json\/wp\/v2\/comments?post=4839"}],"version-history":[{"count":6,"href":"https:\/\/www.jovenesnucleares.org\/blog\/wp-json\/wp\/v2\/pages\/4839\/revisions"}],"predecessor-version":[{"id":5617,"href":"https:\/\/www.jovenesnucleares.org\/blog\/wp-json\/wp\/v2\/pages\/4839\/revisions\/5617"}],"wp:attachment":[{"href":"https:\/\/www.jovenesnucleares.org\/blog\/wp-json\/wp\/v2\/media?parent=4839"}],"curies":[{"name":"wp","href":"https:\/\/api.w.org\/{rel}","templated":true}]}}