{"id":4920,"date":"2019-10-18T01:24:11","date_gmt":"2019-10-17T23:24:11","guid":{"rendered":"http:\/\/www.jovenesnucleares.org\/blog\/?page_id=4920"},"modified":"2023-04-25T20:12:10","modified_gmt":"2023-04-25T18:12:10","slug":"voluntarios-charlas-ies","status":"publish","type":"page","link":"https:\/\/www.jovenesnucleares.org\/blog\/contacto\/colabora-con-nosotros\/voluntarios-charlas-ies\/","title":{"rendered":"\u00bfQuieres ser voluntario?"},"content":{"rendered":"<p>Cada a\u00f1o, m\u00e1s y m\u00e1s centros nos abren las puertas de sus aulas para que impartamos nuestras charlas a los alumnos. Es por ello que estamos buscando <strong>nuevos voluntarios<\/strong>\u00a0que quieran colaborar con J\u00f3venes Nucleares. No importa si nunca antes has dado una charla en p\u00fablico, o si no sabes muy bien qu\u00e9 decir. Nosotros <strong>tenemos el material<\/strong>, s\u00f3lo necesitamos que pong\u00e1is las ganas. Si tienes inter\u00e9s en participar rellena el <strong>siguiente formulario<\/strong> y en breve nos pondremos en contacto contigo.<\/p>\n<p>Por \u00faltimo, si tienes cualquier duda, puedes ponerte en contacto a trav\u00e9s del correo <a href=\"mailto:charlas@jovenesnucleares.org\">charlas@jovenesnucleares.org<\/a>.<\/p>\n<p>\u00a1An\u00edmate!<\/p>\n<p><iframe src=\"https:\/\/docs.google.com\/forms\/d\/e\/1FAIpQLSdastFARCzVvgu3_97tbYNAw85J2R3oymGi5jeBh4N7Kcwjtw\/viewform?embedded=true\" width=\"740\" height=\"2000\" frameborder=\"0\" marginwidth=\"0\" marginheight=\"0\">Loading\u2026<\/iframe><\/p>\n<p><strong>Al rellenar el formulario aceptas nuestra <a href=\"http:\/\/www.jovenesnucleares.org\/blog\/politica-privacidad\/\">pol\u00edtica de privacidad<\/a> y nuestra <a href=\"http:\/\/www.jovenesnucleares.org\/blog\/aviso-legal\/\">pol\u00edtica legal<\/a>.<\/strong><\/p>\n","protected":false},"excerpt":{"rendered":"<p>Cada a\u00f1o, m\u00e1s y m\u00e1s centros nos abren las puertas de sus aulas para que impartamos nuestras charlas a los alumnos. Es por ello que estamos buscando nuevos voluntarios\u00a0que quieran colaborar con J\u00f3venes Nucleares. No importa si nunca antes has dado una charla en p\u00fablico, o si no sabes muy bien qu\u00e9 decir. Nosotros tenemos&hellip; <br \/> <a class=\"read-more\" href=\"https:\/\/www.jovenesnucleares.org\/blog\/contacto\/colabora-con-nosotros\/voluntarios-charlas-ies\/\">Read more<\/a><\/p>\n","protected":false},"author":1,"featured_media":0,"parent":5541,"menu_order":0,"comment_status":"closed","ping_status":"closed","template":"","meta":{"footnotes":""},"class_list":["post-4920","page","type-page","status-publish","hentry"],"yoast_head":"<!-- This site is optimized with the Yoast SEO plugin v27.4 - https:\/\/yoast.com\/product\/yoast-seo-wordpress\/ -->\n<title>\u00bfQuieres ser voluntario? - J\u00f3venes Nucleares<\/title>\n<meta name=\"robots\" content=\"index, follow, max-snippet:-1, max-image-preview:large, max-video-preview:-1\" \/>\n<link rel=\"canonical\" href=\"https:\/\/www.jovenesnucleares.org\/blog\/contacto\/colabora-con-nosotros\/voluntarios-charlas-ies\/\" \/>\n<meta property=\"og:locale\" content=\"es_ES\" \/>\n<meta property=\"og:type\" content=\"article\" \/>\n<meta property=\"og:title\" content=\"\u00bfQuieres ser voluntario? - J\u00f3venes Nucleares\" \/>\n<meta property=\"og:description\" content=\"Cada a\u00f1o, m\u00e1s y m\u00e1s centros nos abren las puertas de sus aulas para que impartamos nuestras charlas a los alumnos. Es por ello que estamos buscando nuevos voluntarios\u00a0que quieran colaborar con J\u00f3venes Nucleares. No importa si nunca antes has dado una charla en p\u00fablico, o si no sabes muy bien qu\u00e9 decir. Nosotros tenemos&hellip; Read more\" \/>\n<meta property=\"og:url\" content=\"https:\/\/www.jovenesnucleares.org\/blog\/contacto\/colabora-con-nosotros\/voluntarios-charlas-ies\/\" \/>\n<meta property=\"og:site_name\" content=\"J\u00f3venes Nucleares\" \/>\n<meta property=\"article:publisher\" content=\"https:\/\/www.facebook.com\/JovenesNucleares\" \/>\n<meta property=\"article:modified_time\" content=\"2023-04-25T18:12:10+00:00\" \/>\n<meta property=\"og:image\" content=\"https:\/\/www.jovenesnucleares.org\/blog\/wp-content\/uploads\/2021\/09\/cropped-Logo-JJNN-sec3-250px.png\" \/>\n\t<meta property=\"og:image:width\" content=\"512\" \/>\n\t<meta property=\"og:image:height\" content=\"512\" \/>\n\t<meta property=\"og:image:type\" content=\"image\/png\" \/>\n<meta name=\"twitter:card\" content=\"summary_large_image\" \/>\n<meta name=\"twitter:site\" content=\"@jjnucleares\" \/>\n<meta name=\"twitter:label1\" content=\"Tiempo de lectura\" \/>\n\t<meta name=\"twitter:data1\" content=\"1 minuto\" \/>\n<script type=\"application\/ld+json\" class=\"yoast-schema-graph\">{\"@context\":\"https:\\\/\\\/schema.org\",\"@graph\":[{\"@type\":\"WebPage\",\"@id\":\"https:\\\/\\\/www.jovenesnucleares.org\\\/blog\\\/contacto\\\/colabora-con-nosotros\\\/voluntarios-charlas-ies\\\/\",\"url\":\"https:\\\/\\\/www.jovenesnucleares.org\\\/blog\\\/contacto\\\/colabora-con-nosotros\\\/voluntarios-charlas-ies\\\/\",\"name\":\"\u00bfQuieres ser voluntario? - J\u00f3venes Nucleares\",\"isPartOf\":{\"@id\":\"https:\\\/\\\/www.jovenesnucleares.org\\\/blog\\\/#website\"},\"datePublished\":\"2019-10-17T23:24:11+00:00\",\"dateModified\":\"2023-04-25T18:12:10+00:00\",\"breadcrumb\":{\"@id\":\"https:\\\/\\\/www.jovenesnucleares.org\\\/blog\\\/contacto\\\/colabora-con-nosotros\\\/voluntarios-charlas-ies\\\/#breadcrumb\"},\"inLanguage\":\"es\",\"potentialAction\":[{\"@type\":\"ReadAction\",\"target\":[\"https:\\\/\\\/www.jovenesnucleares.org\\\/blog\\\/contacto\\\/colabora-con-nosotros\\\/voluntarios-charlas-ies\\\/\"]}]},{\"@type\":\"BreadcrumbList\",\"@id\":\"https:\\\/\\\/www.jovenesnucleares.org\\\/blog\\\/contacto\\\/colabora-con-nosotros\\\/voluntarios-charlas-ies\\\/#breadcrumb\",\"itemListElement\":[{\"@type\":\"ListItem\",\"position\":1,\"name\":\"Portada\",\"item\":\"https:\\\/\\\/www.jovenesnucleares.org\\\/blog\\\/\"},{\"@type\":\"ListItem\",\"position\":2,\"name\":\"Contacto\",\"item\":\"https:\\\/\\\/www.jovenesnucleares.org\\\/blog\\\/contacto\\\/\"},{\"@type\":\"ListItem\",\"position\":3,\"name\":\"Colabora con nosotros\",\"item\":\"https:\\\/\\\/www.jovenesnucleares.org\\\/blog\\\/contacto\\\/colabora-con-nosotros\\\/\"},{\"@type\":\"ListItem\",\"position\":4,\"name\":\"\u00bfQuieres ser voluntario?\"}]},{\"@type\":\"WebSite\",\"@id\":\"https:\\\/\\\/www.jovenesnucleares.org\\\/blog\\\/#website\",\"url\":\"https:\\\/\\\/www.jovenesnucleares.org\\\/blog\\\/\",\"name\":\"J\u00f3venes Nucleares\",\"description\":\"Divulgaci\u00f3n de Ciencia y Tecnolog\u00eda Nuclear\",\"publisher\":{\"@id\":\"https:\\\/\\\/www.jovenesnucleares.org\\\/blog\\\/#organization\"},\"potentialAction\":[{\"@type\":\"SearchAction\",\"target\":{\"@type\":\"EntryPoint\",\"urlTemplate\":\"https:\\\/\\\/www.jovenesnucleares.org\\\/blog\\\/?s={search_term_string}\"},\"query-input\":{\"@type\":\"PropertyValueSpecification\",\"valueRequired\":true,\"valueName\":\"search_term_string\"}}],\"inLanguage\":\"es\"},{\"@type\":\"Organization\",\"@id\":\"https:\\\/\\\/www.jovenesnucleares.org\\\/blog\\\/#organization\",\"name\":\"J\u00f3venes Nucleares\",\"url\":\"https:\\\/\\\/www.jovenesnucleares.org\\\/blog\\\/\",\"logo\":{\"@type\":\"ImageObject\",\"inLanguage\":\"es\",\"@id\":\"https:\\\/\\\/www.jovenesnucleares.org\\\/blog\\\/#\\\/schema\\\/logo\\\/image\\\/\",\"url\":\"http:\\\/\\\/www.jovenesnucleares.org\\\/blog\\\/wp-content\\\/uploads\\\/2022\\\/01\\\/cropped-Logo-JJNN-principal-125px.png\",\"contentUrl\":\"http:\\\/\\\/www.jovenesnucleares.org\\\/blog\\\/wp-content\\\/uploads\\\/2022\\\/01\\\/cropped-Logo-JJNN-principal-125px.png\",\"width\":170,\"height\":70,\"caption\":\"J\u00f3venes Nucleares\"},\"image\":{\"@id\":\"https:\\\/\\\/www.jovenesnucleares.org\\\/blog\\\/#\\\/schema\\\/logo\\\/image\\\/\"},\"sameAs\":[\"https:\\\/\\\/www.facebook.com\\\/JovenesNucleares\",\"https:\\\/\\\/x.com\\\/jjnucleares\",\"https:\\\/\\\/www.instagram.com\\\/jjnucleares\\\/\",\"https:\\\/\\\/www.linkedin.com\\\/company\\\/jovenesnucleares\\\/\",\"https:\\\/\\\/www.youtube.com\\\/c\\\/JovenesNuclearesSNE\",\"https:\\\/\\\/es.wikipedia.org\\\/wiki\\\/Jovenes_Nucleares\"]}]}<\/script>\n<!-- \/ Yoast SEO plugin. -->","yoast_head_json":{"title":"\u00bfQuieres ser voluntario? - J\u00f3venes Nucleares","robots":{"index":"index","follow":"follow","max-snippet":"max-snippet:-1","max-image-preview":"max-image-preview:large","max-video-preview":"max-video-preview:-1"},"canonical":"https:\/\/www.jovenesnucleares.org\/blog\/contacto\/colabora-con-nosotros\/voluntarios-charlas-ies\/","og_locale":"es_ES","og_type":"article","og_title":"\u00bfQuieres ser voluntario? - J\u00f3venes Nucleares","og_description":"Cada a\u00f1o, m\u00e1s y m\u00e1s centros nos abren las puertas de sus aulas para que impartamos nuestras charlas a los alumnos. Es por ello que estamos buscando nuevos voluntarios\u00a0que quieran colaborar con J\u00f3venes Nucleares. No importa si nunca antes has dado una charla en p\u00fablico, o si no sabes muy bien qu\u00e9 decir. Nosotros tenemos&hellip; Read more","og_url":"https:\/\/www.jovenesnucleares.org\/blog\/contacto\/colabora-con-nosotros\/voluntarios-charlas-ies\/","og_site_name":"J\u00f3venes Nucleares","article_publisher":"https:\/\/www.facebook.com\/JovenesNucleares","article_modified_time":"2023-04-25T18:12:10+00:00","og_image":[{"width":512,"height":512,"url":"https:\/\/www.jovenesnucleares.org\/blog\/wp-content\/uploads\/2021\/09\/cropped-Logo-JJNN-sec3-250px.png","type":"image\/png"}],"twitter_card":"summary_large_image","twitter_site":"@jjnucleares","twitter_misc":{"Tiempo de lectura":"1 minuto"},"schema":{"@context":"https:\/\/schema.org","@graph":[{"@type":"WebPage","@id":"https:\/\/www.jovenesnucleares.org\/blog\/contacto\/colabora-con-nosotros\/voluntarios-charlas-ies\/","url":"https:\/\/www.jovenesnucleares.org\/blog\/contacto\/colabora-con-nosotros\/voluntarios-charlas-ies\/","name":"\u00bfQuieres ser voluntario? - J\u00f3venes Nucleares","isPartOf":{"@id":"https:\/\/www.jovenesnucleares.org\/blog\/#website"},"datePublished":"2019-10-17T23:24:11+00:00","dateModified":"2023-04-25T18:12:10+00:00","breadcrumb":{"@id":"https:\/\/www.jovenesnucleares.org\/blog\/contacto\/colabora-con-nosotros\/voluntarios-charlas-ies\/#breadcrumb"},"inLanguage":"es","potentialAction":[{"@type":"ReadAction","target":["https:\/\/www.jovenesnucleares.org\/blog\/contacto\/colabora-con-nosotros\/voluntarios-charlas-ies\/"]}]},{"@type":"BreadcrumbList","@id":"https:\/\/www.jovenesnucleares.org\/blog\/contacto\/colabora-con-nosotros\/voluntarios-charlas-ies\/#breadcrumb","itemListElement":[{"@type":"ListItem","position":1,"name":"Portada","item":"https:\/\/www.jovenesnucleares.org\/blog\/"},{"@type":"ListItem","position":2,"name":"Contacto","item":"https:\/\/www.jovenesnucleares.org\/blog\/contacto\/"},{"@type":"ListItem","position":3,"name":"Colabora con nosotros","item":"https:\/\/www.jovenesnucleares.org\/blog\/contacto\/colabora-con-nosotros\/"},{"@type":"ListItem","position":4,"name":"\u00bfQuieres ser voluntario?"}]},{"@type":"WebSite","@id":"https:\/\/www.jovenesnucleares.org\/blog\/#website","url":"https:\/\/www.jovenesnucleares.org\/blog\/","name":"J\u00f3venes Nucleares","description":"Divulgaci\u00f3n de Ciencia y Tecnolog\u00eda Nuclear","publisher":{"@id":"https:\/\/www.jovenesnucleares.org\/blog\/#organization"},"potentialAction":[{"@type":"SearchAction","target":{"@type":"EntryPoint","urlTemplate":"https:\/\/www.jovenesnucleares.org\/blog\/?s={search_term_string}"},"query-input":{"@type":"PropertyValueSpecification","valueRequired":true,"valueName":"search_term_string"}}],"inLanguage":"es"},{"@type":"Organization","@id":"https:\/\/www.jovenesnucleares.org\/blog\/#organization","name":"J\u00f3venes Nucleares","url":"https:\/\/www.jovenesnucleares.org\/blog\/","logo":{"@type":"ImageObject","inLanguage":"es","@id":"https:\/\/www.jovenesnucleares.org\/blog\/#\/schema\/logo\/image\/","url":"http:\/\/www.jovenesnucleares.org\/blog\/wp-content\/uploads\/2022\/01\/cropped-Logo-JJNN-principal-125px.png","contentUrl":"http:\/\/www.jovenesnucleares.org\/blog\/wp-content\/uploads\/2022\/01\/cropped-Logo-JJNN-principal-125px.png","width":170,"height":70,"caption":"J\u00f3venes Nucleares"},"image":{"@id":"https:\/\/www.jovenesnucleares.org\/blog\/#\/schema\/logo\/image\/"},"sameAs":["https:\/\/www.facebook.com\/JovenesNucleares","https:\/\/x.com\/jjnucleares","https:\/\/www.instagram.com\/jjnucleares\/","https:\/\/www.linkedin.com\/company\/jovenesnucleares\/","https:\/\/www.youtube.com\/c\/JovenesNuclearesSNE","https:\/\/es.wikipedia.org\/wiki\/Jovenes_Nucleares"]}]}},"post_mailing_queue_ids":[],"_links":{"self":[{"href":"https:\/\/www.jovenesnucleares.org\/blog\/wp-json\/wp\/v2\/pages\/4920","targetHints":{"allow":["GET"]}}],"collection":[{"href":"https:\/\/www.jovenesnucleares.org\/blog\/wp-json\/wp\/v2\/pages"}],"about":[{"href":"https:\/\/www.jovenesnucleares.org\/blog\/wp-json\/wp\/v2\/types\/page"}],"author":[{"embeddable":true,"href":"https:\/\/www.jovenesnucleares.org\/blog\/wp-json\/wp\/v2\/users\/1"}],"replies":[{"embeddable":true,"href":"https:\/\/www.jovenesnucleares.org\/blog\/wp-json\/wp\/v2\/comments?post=4920"}],"version-history":[{"count":5,"href":"https:\/\/www.jovenesnucleares.org\/blog\/wp-json\/wp\/v2\/pages\/4920\/revisions"}],"predecessor-version":[{"id":6606,"href":"https:\/\/www.jovenesnucleares.org\/blog\/wp-json\/wp\/v2\/pages\/4920\/revisions\/6606"}],"up":[{"embeddable":true,"href":"https:\/\/www.jovenesnucleares.org\/blog\/wp-json\/wp\/v2\/pages\/5541"}],"wp:attachment":[{"href":"https:\/\/www.jovenesnucleares.org\/blog\/wp-json\/wp\/v2\/media?parent=4920"}],"curies":[{"name":"wp","href":"https:\/\/api.w.org\/{rel}","templated":true}]}}