{"id":5008,"date":"2019-12-06T13:51:19","date_gmt":"2019-12-06T11:51:19","guid":{"rendered":"http:\/\/www.jovenesnucleares.org\/blog\/?page_id=5008"},"modified":"2026-02-11T16:10:26","modified_gmt":"2026-02-11T14:10:26","slug":"charlas-colegios","status":"publish","type":"page","link":"https:\/\/www.jovenesnucleares.org\/blog\/que-hacemos\/charlas-colegios\/","title":{"rendered":"Charlas en centros de educaci\u00f3n"},"content":{"rendered":"<div data-label=\"Overlappable\" data-id=\"overlappable--1\" data-export-id=\"overlappable-1\" data-category=\"overlappable\" class=\"overlappable-1 content-section content-section-spacing\" data-overlap=\"true\" id=\"overlappable-1\" style=\"background-color: #ffffff;\">\r\n<div class=\"gridContainer\">\r\n<div data-type=\"row\" class=\"row shadow-medium\">\r\n<div data-type=\"column\" class=\"col-xs-12 col-sm-4 flexcol bg-color-white col-padding col-padding-small-xs col-md-3\">\r\n\r\n<i class=\"fa icon fa-book color2\"><\/i>\r\n<h5 class=\"\">Materiales educativos<\/h5>\r\n<a class=\"button color2 outline\" href=\"https:\/\/www.jovenesnucleares.org\/blog\/que-hacemos\/charlas-colegios\/materiales-educativos\" target=\"_self\" data-cp-link=\"1\" data-icon=\"\" rel=\"noopener\">ACCEDER<\/a>\r\n\r\n<\/div>\r\n<div data-type=\"column\" class=\"col-xs-12 col-sm-4 flexcol bg-color2 col-padding col-padding-small-xs inverted col-md-3\">\r\n\r\n<i class=\"fa icon white fa-pencil-square-o color-black\"><\/i>\r\n<h5 class=\"inverted\">Formulario contacto<\/h5>\r\n<a class=\"button inverted color5 outline\" href=\"https:\/\/docs.google.com\/forms\/d\/e\/1FAIpQLSeq2COGURPysEcfwjOYcDgNifW_wZOkSeADYjQrPr-rFMGv4Q\/viewform\" target=\"_blank\" data-cp-link=\"1\" data-icon=\"\" rel=\"noopener\">ESCR\u00cdBENOS<\/a>\r\n\r\n<\/div>\r\n<div data-type=\"column\" class=\"col-xs-12 col-sm-4 flexcol bg-color6 col-padding col-padding-small-xs inverted col-md-3\">\r\n\r\n<i class=\"fa icon fa-child color3\"><\/i>\r\n<h5 class=\"inverted\">\u00a1Hazte voluntario!<\/h5>\r\n<a class=\"button color3 outline\" href=\"https:\/\/www.jovenesnucleares.org\/blog\/contacto\/colabora-con-nosotros\/\" target=\"_self\" data-cp-link=\"1\" data-icon=\"\" rel=\"noopener\">CONT\u00c1CTANOS<\/a>\r\n\r\n<\/div>\r\n<div data-type=\"column\" class=\"col-xs-12 col-sm-4 flexcol bg-color-white col-padding col-padding-small-xs col-md-3\">\r\n\r\n<i class=\"fa icon fa-file-text-o color2\"><\/i>\r\n<h5 class=\"\">Descarga dosier<\/h5>\r\n<a class=\"button color2 outline\" href=\"https:\/\/www.jovenesnucleares.org\/blog\/wp-content\/uploads\/2019\/11\/Dossier-Charlas-J\u00f3venes-Nucleares.pdf\" target=\"_self\" data-cp-link=\"1\" data-icon=\"\" rel=\"noopener\">DESCARGAR<\/a>\r\n\r\n<\/div>\r\n<\/div>\r\n<\/div>\r\n<\/div>\r\n<div data-label=\"Content\" data-id=\"content--3\" data-export-id=\"content-8\" data-category=\"content\" class=\"content-8 content-section content-section-spacing\" id=\"content-3\" style=\"background-color: #ffffff;\">\r\n<div class=\"gridContainer\">\r\n<div class=\"row middle-sm\">\r\n<div class=\"col-sm-6 space-bottom-xs space-top-xs\" data-type=\"column\"><img decoding=\"async\" class=\"shadow-large\" src=\"http:\/\/www.jovenesnucleares.org\/blog\/wp-content\/uploads\/2018\/10\/taller.png\" title=\"taller\" alt=\"\" \/><\/div>\r\n<div class=\"col-sm-6\" data-type=\"column\">\r\n<h4 class=\"\" style=\"margin-bottom: 16px; outline-color: #cccccc; outline-style: solid;\">Nuestras charlas en colegios e institutos presentan a los alumnos los conceptos b\u00e1sicos de f\u00edsica, energ\u00eda nuclear y sus aplicaciones.<\/h4>\r\nEn J\u00f3venes Nucleares, hace ya m\u00e1s de 25 a\u00f1os que tenemos como principal\r\nobjetivo la difusi\u00f3n de conocimientos sobre energ\u00eda nuclear y entre nuestra\r\nlabor divulgativa tenemos muchas actividades, como cursos b\u00e1sicos en\r\nuniversidades, seminarios, debates y charlas para institutos, colegios y\r\ncentros de formaci\u00f3n profesional.\r\n\r\n<\/div>\r\n<\/div>\r\n<\/div>\r\n<\/div>\r\n<div data-label=\"Content\" data-id=\"content--4\" data-export-id=\"content-7\" data-category=\"content\" class=\"content-7 content-section content-section-spacing\" id=\"content-4\" style=\"background-color: #ffffff; background-image: none;\">\r\n<div class=\"gridContainer\">\r\n<div class=\"row middle-sm\">\r\n<div class=\"col-sm-6 space-bottom-xs\" data-type=\"column\">\r\n<p class=\"\">El grupo de Divulgaci\u00f3n para todos los p\u00fablicos, nuclear En F\u00e1cil de JJNN, proporciona charlas y talleres STEM de divulgaci\u00f3n sobre la energ\u00eda nuclear y sus aplicaciones a centros de educaci\u00f3n de toda Espa\u00f1a de forma gratuita.\r\n\r\n\r\n\r\nEstas charlas y actividades est\u00e1n dirigidas a primaria, secundaria, centros y espacios juveniles , centros sociales, profesorado, asociaciones, administraciones y sus profesionales y todo colectivo interesado en la divulgaci\u00f3n de energ\u00eda nuclear y el medioambiente.<\/p>\r\n\r\n<\/div>\r\n<div class=\"col-sm-6\" data-type=\"column\"><img decoding=\"async\" class=\"shadow-large\" src=\"http:\/\/www.jovenesnucleares.org\/blog\/wp-content\/uploads\/2022\/03\/IMG_8274.jpg\" title=\"IMG_8274\" alt=\"\" \/><\/div>\r\n<\/div>\r\n<\/div>\r\n<\/div>\r\n<div data-label=\"Features\" data-id=\"features--1\" data-export-id=\"features-12-card\" data-category=\"features\" class=\"features-12-card content-section content-section-spacing \" id=\"features-1\" style=\"background-color: #ffffff;\">\r\n<div class=\"gridContainer\">\r\n<div class=\"row text-center\">\r\n<div class=\"section-title-col\" data-type=\"column\">\r\n<h2 class=\"\">\u00bfQu\u00e9 tipo de charlas ofrecemos?<\/h2>\r\n<\/div>\r\n<\/div>\r\n<div class=\"row spaced-cols\" data-type=\"row\">\r\n<div class=\"col-sm-6\">\r\n<div class=\"card row-card\">\r\n<div class=\"row\">\r\n<div class=\"col-sm-fit icon-column\" data-preview-empty=\"1\"><\/div>\r\n<div class=\"col-sm\" data-type=\"column\">\r\n<p class=\"\">Charlas de 4\u00ba de ESO a 2\u00ba de Bachillerato gen\u00e9ricas sobre energ\u00eda y tecnolog\u00eda nuclear con orientaci\u00f3n profesional.<\/p>\r\n\r\n<\/div>\r\n<\/div>\r\n<\/div>\r\n<\/div>\r\n<div class=\"col-sm-6\">\r\n<div class=\"card row-card\">\r\n<div class=\"row\">\r\n<div class=\"col-sm-fit icon-column\" data-preview-empty=\"1\"><\/div>\r\n<div class=\"col-sm\" data-type=\"column\">\r\n<p class=\"\">Charlas sobre tem\u00e1ticas concretas: residuos nucleares, protecci\u00f3n radiol\u00f3gica, seguridad nuclear, aplicaciones m\u00e9dicas y mucho m\u00e1s.<\/p>\r\n\r\n<\/div>\r\n<\/div>\r\n<\/div>\r\n<\/div>\r\n<div class=\"col-sm-6\">\r\n<div class=\"card row-card\">\r\n<div class=\"row\">\r\n<div class=\"col-sm-fit icon-column\" data-preview-empty=\"1\"><\/div>\r\n<div class=\"col-sm\" data-type=\"column\">\r\n<p class=\"\">Talleres STEM orientados a primaria y 1\u00ba-2\u00ba de ESO:\r\n\r\n\u2013 Construye tu CCNN\r\n\u2013 Radiaciones ionizantes\r\n\u2013 Hologramas y radiaci\u00f3n\r\n\u2013 Programaci\u00f3n sin ordenadores<\/p>\r\n\r\n<\/div>\r\n<\/div>\r\n<\/div>\r\n<\/div>\r\n<div class=\"col-sm-6\">\r\n<div class=\"card row-card\">\r\n<div class=\"row\">\r\n<div class=\"col-sm-fit icon-column\" data-preview-empty=\"1\"><\/div>\r\n<div class=\"col-sm\" data-type=\"column\">\r\n<p class=\"\">Peticiones particulares : Si sus alumnos o petici\u00f3n no est\u00e1n en ese espectro, contacte con nosotros igualmente, intentaremos buscar la estrategia de encajar nuestros contenidos divulgativos a la petici\u00f3n.<\/p>\r\n\r\n<\/div>\r\n<\/div>\r\n<\/div>\r\n<\/div>\r\n<\/div>\r\n<\/div>\r\n<\/div>\r\n<div data-label=\"Content\" data-id=\"content--5\" data-export-id=\"content-3\" data-category=\"content\" class=\"content-3 content-section content-section-spacing\" id=\"content-5\" style=\"background-color: #f5fafd;\">\r\n<div>\r\n<div class=\"row middle-xs\">\r\n<div class=\"col-sm-7 full-col-left-padding full-col-right-padding\">\r\n<div class=\"row\">\r\n<div data-type=\"column\" class=\"space-bottom-small content-title-col\">\r\n<h5 class=\"\">\u00bfQUIERES QUE VAYAMOS A DAR UNA CHARLA?<\/h5>\r\n<p class=\"\">Rellena el siguiente formulario y \u00e9chale un ojo a <a href=\"..\/..\/wp-content\/uploads\/2019\/11\/Dossier-Charlas-J\u00f3venes-Nucleares.pdf\" target=\"_self\" data-cp-link=\"1\" rel=\"noopener\" class=\"\">este dosier<\/a> donde tienes toda la informaci\u00f3n que necesitas. Si quieres compartir esta informaci\u00f3n, tenemos a tu disposici\u00f3n <a href=\"http:\/\/www.jovenesnucleares.org\/blog\/wp-content\/uploads\/2023\/04\/JJNN-Coles.pdf\" target=\"_self\" data-cp-link=\"1\" rel=\"noopener\" class=\"\">este folleto informativo.<\/a>\r\n\r\n\r\nAsimismo, JJNN tiene disponible <a href=\"materiales-educativos\/\" target=\"_self\" data-cp-link=\"1\" rel=\"noopener\">material educativo<\/a> para complementar tus acciones de divulgaci\u00f3n nuclear. Si necesitas solicitar otro material adicional, consulta <a href=\"..\/..\/contacto\/charlas-coles-ies\/formulario-peticion-material\/\" target=\"_self\" data-cp-link=\"1\" class=\"\" rel=\"noopener\">esta p\u00e1gina.<\/a><\/p>\r\n\r\n<\/div>\r\n<\/div>\r\n<div class=\"row spaced-cols\" data-type=\"row\">\r\n<div class=\"col-xs-6\" data-type=\"column\"><\/div>\r\n<\/div>\r\n<\/div>\r\n<div class=\"col-sm-5 bg-image shadow-large-black revert-classes-holder\" data-bg=\"image\" style=\"background-image: url('http:\/\/www.jovenesnucleares.org\/blog\/wp-content\/uploads\/2015\/06\/cropped-valencia1.jpg');\"><\/div>\r\n<\/div>\r\n<\/div>\r\n<\/div>","protected":false},"excerpt":{"rendered":"<p>Materiales educativos ACCEDER Formulario contacto ESCR\u00cdBENOS \u00a1Hazte voluntario! CONT\u00c1CTANOS Descarga dosier DESCARGAR Nuestras charlas en colegios e institutos presentan a los alumnos los conceptos b\u00e1sicos de f\u00edsica, energ\u00eda nuclear y sus aplicaciones. En J\u00f3venes Nucleares, hace ya m\u00e1s de 25 a\u00f1os que tenemos como principal objetivo la difusi\u00f3n de conocimientos sobre energ\u00eda nuclear y entre&hellip; <br \/> <a class=\"read-more\" href=\"https:\/\/www.jovenesnucleares.org\/blog\/que-hacemos\/charlas-colegios\/\">Read more<\/a><\/p>\n","protected":false},"author":1,"featured_media":0,"parent":173,"menu_order":0,"comment_status":"closed","ping_status":"closed","template":"pro\/page-templates\/full-width-page.php","meta":{"footnotes":""},"class_list":["post-5008","page","type-page","status-publish","hentry"],"yoast_head":"<!-- This site is optimized with the Yoast SEO plugin v27.5 - https:\/\/yoast.com\/product\/yoast-seo-wordpress\/ -->\n<title>Charlas en centros de educaci\u00f3n - J\u00f3venes Nucleares<\/title>\n<meta name=\"robots\" content=\"index, follow, max-snippet:-1, max-image-preview:large, max-video-preview:-1\" \/>\n<link rel=\"canonical\" href=\"https:\/\/www.jovenesnucleares.org\/blog\/que-hacemos\/charlas-colegios\/\" \/>\n<meta property=\"og:locale\" content=\"es_ES\" \/>\n<meta property=\"og:type\" content=\"article\" \/>\n<meta property=\"og:title\" content=\"Charlas en centros de educaci\u00f3n - J\u00f3venes Nucleares\" \/>\n<meta property=\"og:description\" content=\"Materiales educativos ACCEDER Formulario contacto ESCR\u00cdBENOS \u00a1Hazte voluntario! CONT\u00c1CTANOS Descarga dosier DESCARGAR Nuestras charlas en colegios e institutos presentan a los alumnos los conceptos b\u00e1sicos de f\u00edsica, energ\u00eda nuclear y sus aplicaciones. En J\u00f3venes Nucleares, hace ya m\u00e1s de 25 a\u00f1os que tenemos como principal objetivo la difusi\u00f3n de conocimientos sobre energ\u00eda nuclear y entre&hellip; Read more\" \/>\n<meta property=\"og:url\" content=\"https:\/\/www.jovenesnucleares.org\/blog\/que-hacemos\/charlas-colegios\/\" \/>\n<meta property=\"og:site_name\" content=\"J\u00f3venes Nucleares\" \/>\n<meta property=\"article:publisher\" content=\"https:\/\/www.facebook.com\/JovenesNucleares\" \/>\n<meta property=\"article:modified_time\" content=\"2026-02-11T14:10:26+00:00\" \/>\n<meta property=\"og:image\" content=\"http:\/\/www.jovenesnucleares.org\/blog\/wp-content\/uploads\/2018\/10\/taller.png\" \/>\n<meta name=\"twitter:card\" content=\"summary_large_image\" \/>\n<meta name=\"twitter:site\" content=\"@jjnucleares\" \/>\n<meta name=\"twitter:label1\" content=\"Tiempo de lectura\" \/>\n\t<meta name=\"twitter:data1\" content=\"2 minutos\" \/>\n<script type=\"application\/ld+json\" class=\"yoast-schema-graph\">{\"@context\":\"https:\\\/\\\/schema.org\",\"@graph\":[{\"@type\":\"WebPage\",\"@id\":\"https:\\\/\\\/www.jovenesnucleares.org\\\/blog\\\/que-hacemos\\\/charlas-colegios\\\/\",\"url\":\"https:\\\/\\\/www.jovenesnucleares.org\\\/blog\\\/que-hacemos\\\/charlas-colegios\\\/\",\"name\":\"Charlas en centros de educaci\u00f3n - J\u00f3venes Nucleares\",\"isPartOf\":{\"@id\":\"https:\\\/\\\/www.jovenesnucleares.org\\\/blog\\\/#website\"},\"primaryImageOfPage\":{\"@id\":\"https:\\\/\\\/www.jovenesnucleares.org\\\/blog\\\/que-hacemos\\\/charlas-colegios\\\/#primaryimage\"},\"image\":{\"@id\":\"https:\\\/\\\/www.jovenesnucleares.org\\\/blog\\\/que-hacemos\\\/charlas-colegios\\\/#primaryimage\"},\"thumbnailUrl\":\"http:\\\/\\\/www.jovenesnucleares.org\\\/blog\\\/wp-content\\\/uploads\\\/2018\\\/10\\\/taller.png\",\"datePublished\":\"2019-12-06T11:51:19+00:00\",\"dateModified\":\"2026-02-11T14:10:26+00:00\",\"breadcrumb\":{\"@id\":\"https:\\\/\\\/www.jovenesnucleares.org\\\/blog\\\/que-hacemos\\\/charlas-colegios\\\/#breadcrumb\"},\"inLanguage\":\"es\",\"potentialAction\":[{\"@type\":\"ReadAction\",\"target\":[\"https:\\\/\\\/www.jovenesnucleares.org\\\/blog\\\/que-hacemos\\\/charlas-colegios\\\/\"]}]},{\"@type\":\"ImageObject\",\"inLanguage\":\"es\",\"@id\":\"https:\\\/\\\/www.jovenesnucleares.org\\\/blog\\\/que-hacemos\\\/charlas-colegios\\\/#primaryimage\",\"url\":\"http:\\\/\\\/www.jovenesnucleares.org\\\/blog\\\/wp-content\\\/uploads\\\/2018\\\/10\\\/taller.png\",\"contentUrl\":\"http:\\\/\\\/www.jovenesnucleares.org\\\/blog\\\/wp-content\\\/uploads\\\/2018\\\/10\\\/taller.png\"},{\"@type\":\"BreadcrumbList\",\"@id\":\"https:\\\/\\\/www.jovenesnucleares.org\\\/blog\\\/que-hacemos\\\/charlas-colegios\\\/#breadcrumb\",\"itemListElement\":[{\"@type\":\"ListItem\",\"position\":1,\"name\":\"Portada\",\"item\":\"https:\\\/\\\/www.jovenesnucleares.org\\\/blog\\\/\"},{\"@type\":\"ListItem\",\"position\":2,\"name\":\"\u00bfQu\u00e9 hacemos?\",\"item\":\"https:\\\/\\\/www.jovenesnucleares.org\\\/blog\\\/que-hacemos\\\/\"},{\"@type\":\"ListItem\",\"position\":3,\"name\":\"Charlas en centros de educaci\u00f3n\"}]},{\"@type\":\"WebSite\",\"@id\":\"https:\\\/\\\/www.jovenesnucleares.org\\\/blog\\\/#website\",\"url\":\"https:\\\/\\\/www.jovenesnucleares.org\\\/blog\\\/\",\"name\":\"J\u00f3venes Nucleares\",\"description\":\"Divulgaci\u00f3n de Ciencia y Tecnolog\u00eda Nuclear\",\"publisher\":{\"@id\":\"https:\\\/\\\/www.jovenesnucleares.org\\\/blog\\\/#organization\"},\"potentialAction\":[{\"@type\":\"SearchAction\",\"target\":{\"@type\":\"EntryPoint\",\"urlTemplate\":\"https:\\\/\\\/www.jovenesnucleares.org\\\/blog\\\/?s={search_term_string}\"},\"query-input\":{\"@type\":\"PropertyValueSpecification\",\"valueRequired\":true,\"valueName\":\"search_term_string\"}}],\"inLanguage\":\"es\"},{\"@type\":\"Organization\",\"@id\":\"https:\\\/\\\/www.jovenesnucleares.org\\\/blog\\\/#organization\",\"name\":\"J\u00f3venes Nucleares\",\"url\":\"https:\\\/\\\/www.jovenesnucleares.org\\\/blog\\\/\",\"logo\":{\"@type\":\"ImageObject\",\"inLanguage\":\"es\",\"@id\":\"https:\\\/\\\/www.jovenesnucleares.org\\\/blog\\\/#\\\/schema\\\/logo\\\/image\\\/\",\"url\":\"http:\\\/\\\/www.jovenesnucleares.org\\\/blog\\\/wp-content\\\/uploads\\\/2022\\\/01\\\/cropped-Logo-JJNN-principal-125px.png\",\"contentUrl\":\"http:\\\/\\\/www.jovenesnucleares.org\\\/blog\\\/wp-content\\\/uploads\\\/2022\\\/01\\\/cropped-Logo-JJNN-principal-125px.png\",\"width\":170,\"height\":70,\"caption\":\"J\u00f3venes Nucleares\"},\"image\":{\"@id\":\"https:\\\/\\\/www.jovenesnucleares.org\\\/blog\\\/#\\\/schema\\\/logo\\\/image\\\/\"},\"sameAs\":[\"https:\\\/\\\/www.facebook.com\\\/JovenesNucleares\",\"https:\\\/\\\/x.com\\\/jjnucleares\",\"https:\\\/\\\/www.instagram.com\\\/jjnucleares\\\/\",\"https:\\\/\\\/www.linkedin.com\\\/company\\\/jovenesnucleares\\\/\",\"https:\\\/\\\/www.youtube.com\\\/c\\\/JovenesNuclearesSNE\",\"https:\\\/\\\/es.wikipedia.org\\\/wiki\\\/Jovenes_Nucleares\"]}]}<\/script>\n<!-- \/ Yoast SEO plugin. -->","yoast_head_json":{"title":"Charlas en centros de educaci\u00f3n - J\u00f3venes Nucleares","robots":{"index":"index","follow":"follow","max-snippet":"max-snippet:-1","max-image-preview":"max-image-preview:large","max-video-preview":"max-video-preview:-1"},"canonical":"https:\/\/www.jovenesnucleares.org\/blog\/que-hacemos\/charlas-colegios\/","og_locale":"es_ES","og_type":"article","og_title":"Charlas en centros de educaci\u00f3n - J\u00f3venes Nucleares","og_description":"Materiales educativos ACCEDER Formulario contacto ESCR\u00cdBENOS \u00a1Hazte voluntario! CONT\u00c1CTANOS Descarga dosier DESCARGAR Nuestras charlas en colegios e institutos presentan a los alumnos los conceptos b\u00e1sicos de f\u00edsica, energ\u00eda nuclear y sus aplicaciones. En J\u00f3venes Nucleares, hace ya m\u00e1s de 25 a\u00f1os que tenemos como principal objetivo la difusi\u00f3n de conocimientos sobre energ\u00eda nuclear y entre&hellip; Read more","og_url":"https:\/\/www.jovenesnucleares.org\/blog\/que-hacemos\/charlas-colegios\/","og_site_name":"J\u00f3venes Nucleares","article_publisher":"https:\/\/www.facebook.com\/JovenesNucleares","article_modified_time":"2026-02-11T14:10:26+00:00","og_image":[{"url":"http:\/\/www.jovenesnucleares.org\/blog\/wp-content\/uploads\/2018\/10\/taller.png","type":"","width":"","height":""}],"twitter_card":"summary_large_image","twitter_site":"@jjnucleares","twitter_misc":{"Tiempo de lectura":"2 minutos"},"schema":{"@context":"https:\/\/schema.org","@graph":[{"@type":"WebPage","@id":"https:\/\/www.jovenesnucleares.org\/blog\/que-hacemos\/charlas-colegios\/","url":"https:\/\/www.jovenesnucleares.org\/blog\/que-hacemos\/charlas-colegios\/","name":"Charlas en centros de educaci\u00f3n - J\u00f3venes Nucleares","isPartOf":{"@id":"https:\/\/www.jovenesnucleares.org\/blog\/#website"},"primaryImageOfPage":{"@id":"https:\/\/www.jovenesnucleares.org\/blog\/que-hacemos\/charlas-colegios\/#primaryimage"},"image":{"@id":"https:\/\/www.jovenesnucleares.org\/blog\/que-hacemos\/charlas-colegios\/#primaryimage"},"thumbnailUrl":"http:\/\/www.jovenesnucleares.org\/blog\/wp-content\/uploads\/2018\/10\/taller.png","datePublished":"2019-12-06T11:51:19+00:00","dateModified":"2026-02-11T14:10:26+00:00","breadcrumb":{"@id":"https:\/\/www.jovenesnucleares.org\/blog\/que-hacemos\/charlas-colegios\/#breadcrumb"},"inLanguage":"es","potentialAction":[{"@type":"ReadAction","target":["https:\/\/www.jovenesnucleares.org\/blog\/que-hacemos\/charlas-colegios\/"]}]},{"@type":"ImageObject","inLanguage":"es","@id":"https:\/\/www.jovenesnucleares.org\/blog\/que-hacemos\/charlas-colegios\/#primaryimage","url":"http:\/\/www.jovenesnucleares.org\/blog\/wp-content\/uploads\/2018\/10\/taller.png","contentUrl":"http:\/\/www.jovenesnucleares.org\/blog\/wp-content\/uploads\/2018\/10\/taller.png"},{"@type":"BreadcrumbList","@id":"https:\/\/www.jovenesnucleares.org\/blog\/que-hacemos\/charlas-colegios\/#breadcrumb","itemListElement":[{"@type":"ListItem","position":1,"name":"Portada","item":"https:\/\/www.jovenesnucleares.org\/blog\/"},{"@type":"ListItem","position":2,"name":"\u00bfQu\u00e9 hacemos?","item":"https:\/\/www.jovenesnucleares.org\/blog\/que-hacemos\/"},{"@type":"ListItem","position":3,"name":"Charlas en centros de educaci\u00f3n"}]},{"@type":"WebSite","@id":"https:\/\/www.jovenesnucleares.org\/blog\/#website","url":"https:\/\/www.jovenesnucleares.org\/blog\/","name":"J\u00f3venes Nucleares","description":"Divulgaci\u00f3n de Ciencia y Tecnolog\u00eda Nuclear","publisher":{"@id":"https:\/\/www.jovenesnucleares.org\/blog\/#organization"},"potentialAction":[{"@type":"SearchAction","target":{"@type":"EntryPoint","urlTemplate":"https:\/\/www.jovenesnucleares.org\/blog\/?s={search_term_string}"},"query-input":{"@type":"PropertyValueSpecification","valueRequired":true,"valueName":"search_term_string"}}],"inLanguage":"es"},{"@type":"Organization","@id":"https:\/\/www.jovenesnucleares.org\/blog\/#organization","name":"J\u00f3venes Nucleares","url":"https:\/\/www.jovenesnucleares.org\/blog\/","logo":{"@type":"ImageObject","inLanguage":"es","@id":"https:\/\/www.jovenesnucleares.org\/blog\/#\/schema\/logo\/image\/","url":"http:\/\/www.jovenesnucleares.org\/blog\/wp-content\/uploads\/2022\/01\/cropped-Logo-JJNN-principal-125px.png","contentUrl":"http:\/\/www.jovenesnucleares.org\/blog\/wp-content\/uploads\/2022\/01\/cropped-Logo-JJNN-principal-125px.png","width":170,"height":70,"caption":"J\u00f3venes Nucleares"},"image":{"@id":"https:\/\/www.jovenesnucleares.org\/blog\/#\/schema\/logo\/image\/"},"sameAs":["https:\/\/www.facebook.com\/JovenesNucleares","https:\/\/x.com\/jjnucleares","https:\/\/www.instagram.com\/jjnucleares\/","https:\/\/www.linkedin.com\/company\/jovenesnucleares\/","https:\/\/www.youtube.com\/c\/JovenesNuclearesSNE","https:\/\/es.wikipedia.org\/wiki\/Jovenes_Nucleares"]}]}},"post_mailing_queue_ids":[],"_links":{"self":[{"href":"https:\/\/www.jovenesnucleares.org\/blog\/wp-json\/wp\/v2\/pages\/5008","targetHints":{"allow":["GET"]}}],"collection":[{"href":"https:\/\/www.jovenesnucleares.org\/blog\/wp-json\/wp\/v2\/pages"}],"about":[{"href":"https:\/\/www.jovenesnucleares.org\/blog\/wp-json\/wp\/v2\/types\/page"}],"author":[{"embeddable":true,"href":"https:\/\/www.jovenesnucleares.org\/blog\/wp-json\/wp\/v2\/users\/1"}],"replies":[{"embeddable":true,"href":"https:\/\/www.jovenesnucleares.org\/blog\/wp-json\/wp\/v2\/comments?post=5008"}],"version-history":[{"count":5,"href":"https:\/\/www.jovenesnucleares.org\/blog\/wp-json\/wp\/v2\/pages\/5008\/revisions"}],"predecessor-version":[{"id":7689,"href":"https:\/\/www.jovenesnucleares.org\/blog\/wp-json\/wp\/v2\/pages\/5008\/revisions\/7689"}],"up":[{"embeddable":true,"href":"https:\/\/www.jovenesnucleares.org\/blog\/wp-json\/wp\/v2\/pages\/173"}],"wp:attachment":[{"href":"https:\/\/www.jovenesnucleares.org\/blog\/wp-json\/wp\/v2\/media?parent=5008"}],"curies":[{"name":"wp","href":"https:\/\/api.w.org\/{rel}","templated":true}]}}