{"id":5012,"date":"2019-12-06T13:52:49","date_gmt":"2019-12-06T11:52:49","guid":{"rendered":"http:\/\/www.jovenesnucleares.org\/blog\/?page_id=5012"},"modified":"2022-04-21T19:58:07","modified_gmt":"2022-04-21T17:58:07","slug":"conferencias-debates","status":"publish","type":"page","link":"https:\/\/www.jovenesnucleares.org\/blog\/que-hacemos\/conferencias-debates\/","title":{"rendered":"Conferencias y debates"},"content":{"rendered":"<div data-label=\"About\" data-id=\"about--2\" data-export-id=\"about-1\" data-category=\"about\" class=\"about-1 content-section\" id=\"about-2\"  style=\"background-color: rgb(255, 255, 255); background-image: none;\"><div class=\"gridContainer\" > <div class=\"row text-center\" ><div class=\"section-title-col\" data-type=\"column\" > <h5 class=\"\" >Objetividad, transparencia y rigor cient\u00edfico<\/h5>  <p class=\"lead\" >En J\u00f3venes Nucleares nuestro objetivo es divulgar sobre tecnolog\u00eda nuclear siempre desde el rigor cient\u00edfico, siendo transparentes y objetivos.<br >\n<br ><\/p><\/div> <\/div> <div class=\"row\" > <div class=\"button-holder space-bottom space-bottom-small\" data-type=\"column\" > <\/div> <div class=\"col-xs bottom-xs flexbox image-group-bottom-3-img space-bottom-xs center-xs\" > <img decoding=\"async\" class=\"left-img shadow-large-black\" data-size=\"500x300\" src=\"http:\/\/www.jovenesnucleares.org\/blog\/wp-content\/uploads\/2022\/04\/cropped-Screenshot-2022-04-21-at-19.39.32.jpg\"  title=\"cropped-Screenshot-2022-04-21-at-19.39.32.jpg\" alt=\"\"> <img decoding=\"async\" class=\"center-img shadow-large-black\" data-size=\"500x300\" src=\"http:\/\/www.jovenesnucleares.org\/blog\/wp-content\/uploads\/2022\/04\/cropped-Screenshot-2022-04-21-at-19.27.11.jpg\"  title=\"cropped-Screenshot-2022-04-21-at-19.27.11.jpg\" alt=\"\"> <img decoding=\"async\" class=\"right-img shadow-large-black\" data-size=\"500x300\" src=\"http:\/\/www.jovenesnucleares.org\/blog\/wp-content\/uploads\/2022\/04\/cropped-Screenshot-2022-04-21-at-19.32.35.jpg\"  title=\"cropped-Screenshot-2022-04-21-at-19.32.35.jpg\" alt=\"\"><\/div> <\/div><\/div> <\/div><div data-label=\"Features\" data-id=\"features--1\" data-export-id=\"features-12\" data-category=\"features\" class=\"features-12 content-section content-section-spacing \" id=\"features-1\"  style=\"background-color: rgb(255, 255, 255);\"><div class=\"gridContainer\" > <div class=\"row text-center\" ><div class=\"section-title-col\" data-type=\"column\" >  <p class=\"lead\" >En JJNN somos una asociaci\u00f3n de j\u00f3venes profesionales y por ello buscamos divulgar con los datos cient\u00edficos en la mano, sin entrar en pol\u00edtica u opiniones subjetivas.<\/p><h4 class=\"\" >\n<br ><br ><span style=\"font-weight: 300;\" >\u00bfNo te lo crees? \u00a1Puedes comprobarlo \ud83d\ude1b ! Aqu\u00ed tienes una recopilaci\u00f3n de nuestras apariciones en medios:<\/span>\n<br ><\/h4><a class=\"button color1\" href=\"http:\/\/www.jovenesnucleares.org\/blog\/te-interesa\/jovenes-medios\" target=\"_blank\" data-cp-link=\"1\" data-icon=\"\" rel=\"noopener\">JJNN en medios<\/a><\/div> <\/div> <div class=\"row spaced-cols\" data-type=\"row\" > <div class=\"col-sm-6 col-md-12 \" > <div class=\"row space-bottom\" > <div class=\"col-sm-fit icon-column\"  data-preview-empty=\"1\">  <\/div> <div class=\"col-sm\" data-type=\"column\" >  <\/div> <\/div><\/div>    <\/div><\/div> <\/div>","protected":false},"excerpt":{"rendered":"<p>Objetividad, transparencia y rigor cient\u00edfico En J\u00f3venes Nucleares nuestro objetivo es divulgar sobre tecnolog\u00eda nuclear siempre desde el rigor cient\u00edfico, siendo transparentes y objetivos. En JJNN somos una asociaci\u00f3n de j\u00f3venes profesionales y por ello buscamos divulgar con los datos cient\u00edficos en la mano, sin entrar en pol\u00edtica u opiniones subjetivas. \u00bfNo te lo crees?&hellip; <br \/> <a class=\"read-more\" href=\"https:\/\/www.jovenesnucleares.org\/blog\/que-hacemos\/conferencias-debates\/\">Read more<\/a><\/p>\n","protected":false},"author":1,"featured_media":0,"parent":173,"menu_order":0,"comment_status":"closed","ping_status":"closed","template":"pro\/page-templates\/full-width-page.php","meta":{"footnotes":""},"class_list":["post-5012","page","type-page","status-publish","hentry"],"yoast_head":"<!-- This site is optimized with the Yoast SEO plugin v27.4 - https:\/\/yoast.com\/product\/yoast-seo-wordpress\/ -->\n<title>Conferencias y debates - J\u00f3venes Nucleares<\/title>\n<meta name=\"robots\" content=\"index, follow, max-snippet:-1, max-image-preview:large, max-video-preview:-1\" \/>\n<link rel=\"canonical\" href=\"https:\/\/www.jovenesnucleares.org\/blog\/que-hacemos\/conferencias-debates\/\" \/>\n<meta property=\"og:locale\" content=\"es_ES\" \/>\n<meta property=\"og:type\" content=\"article\" \/>\n<meta property=\"og:title\" content=\"Conferencias y debates - J\u00f3venes Nucleares\" \/>\n<meta property=\"og:description\" content=\"Objetividad, transparencia y rigor cient\u00edfico En J\u00f3venes Nucleares nuestro objetivo es divulgar sobre tecnolog\u00eda nuclear siempre desde el rigor cient\u00edfico, siendo transparentes y objetivos. En JJNN somos una asociaci\u00f3n de j\u00f3venes profesionales y por ello buscamos divulgar con los datos cient\u00edficos en la mano, sin entrar en pol\u00edtica u opiniones subjetivas. \u00bfNo te lo crees?&hellip; Read more\" \/>\n<meta property=\"og:url\" content=\"https:\/\/www.jovenesnucleares.org\/blog\/que-hacemos\/conferencias-debates\/\" \/>\n<meta property=\"og:site_name\" content=\"J\u00f3venes Nucleares\" \/>\n<meta property=\"article:publisher\" content=\"https:\/\/www.facebook.com\/JovenesNucleares\" \/>\n<meta property=\"article:modified_time\" content=\"2022-04-21T17:58:07+00:00\" \/>\n<meta property=\"og:image\" content=\"http:\/\/www.jovenesnucleares.org\/blog\/wp-content\/uploads\/2022\/04\/cropped-Screenshot-2022-04-21-at-19.39.32.jpg\" \/>\n<meta name=\"twitter:card\" content=\"summary_large_image\" \/>\n<meta name=\"twitter:site\" content=\"@jjnucleares\" \/>\n<script type=\"application\/ld+json\" class=\"yoast-schema-graph\">{\"@context\":\"https:\\\/\\\/schema.org\",\"@graph\":[{\"@type\":\"WebPage\",\"@id\":\"https:\\\/\\\/www.jovenesnucleares.org\\\/blog\\\/que-hacemos\\\/conferencias-debates\\\/\",\"url\":\"https:\\\/\\\/www.jovenesnucleares.org\\\/blog\\\/que-hacemos\\\/conferencias-debates\\\/\",\"name\":\"Conferencias y debates - J\u00f3venes Nucleares\",\"isPartOf\":{\"@id\":\"https:\\\/\\\/www.jovenesnucleares.org\\\/blog\\\/#website\"},\"primaryImageOfPage\":{\"@id\":\"https:\\\/\\\/www.jovenesnucleares.org\\\/blog\\\/que-hacemos\\\/conferencias-debates\\\/#primaryimage\"},\"image\":{\"@id\":\"https:\\\/\\\/www.jovenesnucleares.org\\\/blog\\\/que-hacemos\\\/conferencias-debates\\\/#primaryimage\"},\"thumbnailUrl\":\"http:\\\/\\\/www.jovenesnucleares.org\\\/blog\\\/wp-content\\\/uploads\\\/2022\\\/04\\\/cropped-Screenshot-2022-04-21-at-19.39.32.jpg\",\"datePublished\":\"2019-12-06T11:52:49+00:00\",\"dateModified\":\"2022-04-21T17:58:07+00:00\",\"breadcrumb\":{\"@id\":\"https:\\\/\\\/www.jovenesnucleares.org\\\/blog\\\/que-hacemos\\\/conferencias-debates\\\/#breadcrumb\"},\"inLanguage\":\"es\",\"potentialAction\":[{\"@type\":\"ReadAction\",\"target\":[\"https:\\\/\\\/www.jovenesnucleares.org\\\/blog\\\/que-hacemos\\\/conferencias-debates\\\/\"]}]},{\"@type\":\"ImageObject\",\"inLanguage\":\"es\",\"@id\":\"https:\\\/\\\/www.jovenesnucleares.org\\\/blog\\\/que-hacemos\\\/conferencias-debates\\\/#primaryimage\",\"url\":\"https:\\\/\\\/www.jovenesnucleares.org\\\/blog\\\/wp-content\\\/uploads\\\/2022\\\/04\\\/cropped-Screenshot-2022-04-21-at-19.39.32.jpg\",\"contentUrl\":\"https:\\\/\\\/www.jovenesnucleares.org\\\/blog\\\/wp-content\\\/uploads\\\/2022\\\/04\\\/cropped-Screenshot-2022-04-21-at-19.39.32.jpg\",\"width\":1846,\"height\":1132},{\"@type\":\"BreadcrumbList\",\"@id\":\"https:\\\/\\\/www.jovenesnucleares.org\\\/blog\\\/que-hacemos\\\/conferencias-debates\\\/#breadcrumb\",\"itemListElement\":[{\"@type\":\"ListItem\",\"position\":1,\"name\":\"Portada\",\"item\":\"https:\\\/\\\/www.jovenesnucleares.org\\\/blog\\\/\"},{\"@type\":\"ListItem\",\"position\":2,\"name\":\"\u00bfQu\u00e9 hacemos?\",\"item\":\"https:\\\/\\\/www.jovenesnucleares.org\\\/blog\\\/que-hacemos\\\/\"},{\"@type\":\"ListItem\",\"position\":3,\"name\":\"Conferencias y debates\"}]},{\"@type\":\"WebSite\",\"@id\":\"https:\\\/\\\/www.jovenesnucleares.org\\\/blog\\\/#website\",\"url\":\"https:\\\/\\\/www.jovenesnucleares.org\\\/blog\\\/\",\"name\":\"J\u00f3venes Nucleares\",\"description\":\"Divulgaci\u00f3n de Ciencia y Tecnolog\u00eda Nuclear\",\"publisher\":{\"@id\":\"https:\\\/\\\/www.jovenesnucleares.org\\\/blog\\\/#organization\"},\"potentialAction\":[{\"@type\":\"SearchAction\",\"target\":{\"@type\":\"EntryPoint\",\"urlTemplate\":\"https:\\\/\\\/www.jovenesnucleares.org\\\/blog\\\/?s={search_term_string}\"},\"query-input\":{\"@type\":\"PropertyValueSpecification\",\"valueRequired\":true,\"valueName\":\"search_term_string\"}}],\"inLanguage\":\"es\"},{\"@type\":\"Organization\",\"@id\":\"https:\\\/\\\/www.jovenesnucleares.org\\\/blog\\\/#organization\",\"name\":\"J\u00f3venes Nucleares\",\"url\":\"https:\\\/\\\/www.jovenesnucleares.org\\\/blog\\\/\",\"logo\":{\"@type\":\"ImageObject\",\"inLanguage\":\"es\",\"@id\":\"https:\\\/\\\/www.jovenesnucleares.org\\\/blog\\\/#\\\/schema\\\/logo\\\/image\\\/\",\"url\":\"http:\\\/\\\/www.jovenesnucleares.org\\\/blog\\\/wp-content\\\/uploads\\\/2022\\\/01\\\/cropped-Logo-JJNN-principal-125px.png\",\"contentUrl\":\"http:\\\/\\\/www.jovenesnucleares.org\\\/blog\\\/wp-content\\\/uploads\\\/2022\\\/01\\\/cropped-Logo-JJNN-principal-125px.png\",\"width\":170,\"height\":70,\"caption\":\"J\u00f3venes Nucleares\"},\"image\":{\"@id\":\"https:\\\/\\\/www.jovenesnucleares.org\\\/blog\\\/#\\\/schema\\\/logo\\\/image\\\/\"},\"sameAs\":[\"https:\\\/\\\/www.facebook.com\\\/JovenesNucleares\",\"https:\\\/\\\/x.com\\\/jjnucleares\",\"https:\\\/\\\/www.instagram.com\\\/jjnucleares\\\/\",\"https:\\\/\\\/www.linkedin.com\\\/company\\\/jovenesnucleares\\\/\",\"https:\\\/\\\/www.youtube.com\\\/c\\\/JovenesNuclearesSNE\",\"https:\\\/\\\/es.wikipedia.org\\\/wiki\\\/Jovenes_Nucleares\"]}]}<\/script>\n<!-- \/ Yoast SEO plugin. -->","yoast_head_json":{"title":"Conferencias y debates - J\u00f3venes Nucleares","robots":{"index":"index","follow":"follow","max-snippet":"max-snippet:-1","max-image-preview":"max-image-preview:large","max-video-preview":"max-video-preview:-1"},"canonical":"https:\/\/www.jovenesnucleares.org\/blog\/que-hacemos\/conferencias-debates\/","og_locale":"es_ES","og_type":"article","og_title":"Conferencias y debates - J\u00f3venes Nucleares","og_description":"Objetividad, transparencia y rigor cient\u00edfico En J\u00f3venes Nucleares nuestro objetivo es divulgar sobre tecnolog\u00eda nuclear siempre desde el rigor cient\u00edfico, siendo transparentes y objetivos. En JJNN somos una asociaci\u00f3n de j\u00f3venes profesionales y por ello buscamos divulgar con los datos cient\u00edficos en la mano, sin entrar en pol\u00edtica u opiniones subjetivas. \u00bfNo te lo crees?&hellip; Read more","og_url":"https:\/\/www.jovenesnucleares.org\/blog\/que-hacemos\/conferencias-debates\/","og_site_name":"J\u00f3venes Nucleares","article_publisher":"https:\/\/www.facebook.com\/JovenesNucleares","article_modified_time":"2022-04-21T17:58:07+00:00","og_image":[{"url":"http:\/\/www.jovenesnucleares.org\/blog\/wp-content\/uploads\/2022\/04\/cropped-Screenshot-2022-04-21-at-19.39.32.jpg","type":"","width":"","height":""}],"twitter_card":"summary_large_image","twitter_site":"@jjnucleares","schema":{"@context":"https:\/\/schema.org","@graph":[{"@type":"WebPage","@id":"https:\/\/www.jovenesnucleares.org\/blog\/que-hacemos\/conferencias-debates\/","url":"https:\/\/www.jovenesnucleares.org\/blog\/que-hacemos\/conferencias-debates\/","name":"Conferencias y debates - J\u00f3venes Nucleares","isPartOf":{"@id":"https:\/\/www.jovenesnucleares.org\/blog\/#website"},"primaryImageOfPage":{"@id":"https:\/\/www.jovenesnucleares.org\/blog\/que-hacemos\/conferencias-debates\/#primaryimage"},"image":{"@id":"https:\/\/www.jovenesnucleares.org\/blog\/que-hacemos\/conferencias-debates\/#primaryimage"},"thumbnailUrl":"http:\/\/www.jovenesnucleares.org\/blog\/wp-content\/uploads\/2022\/04\/cropped-Screenshot-2022-04-21-at-19.39.32.jpg","datePublished":"2019-12-06T11:52:49+00:00","dateModified":"2022-04-21T17:58:07+00:00","breadcrumb":{"@id":"https:\/\/www.jovenesnucleares.org\/blog\/que-hacemos\/conferencias-debates\/#breadcrumb"},"inLanguage":"es","potentialAction":[{"@type":"ReadAction","target":["https:\/\/www.jovenesnucleares.org\/blog\/que-hacemos\/conferencias-debates\/"]}]},{"@type":"ImageObject","inLanguage":"es","@id":"https:\/\/www.jovenesnucleares.org\/blog\/que-hacemos\/conferencias-debates\/#primaryimage","url":"https:\/\/www.jovenesnucleares.org\/blog\/wp-content\/uploads\/2022\/04\/cropped-Screenshot-2022-04-21-at-19.39.32.jpg","contentUrl":"https:\/\/www.jovenesnucleares.org\/blog\/wp-content\/uploads\/2022\/04\/cropped-Screenshot-2022-04-21-at-19.39.32.jpg","width":1846,"height":1132},{"@type":"BreadcrumbList","@id":"https:\/\/www.jovenesnucleares.org\/blog\/que-hacemos\/conferencias-debates\/#breadcrumb","itemListElement":[{"@type":"ListItem","position":1,"name":"Portada","item":"https:\/\/www.jovenesnucleares.org\/blog\/"},{"@type":"ListItem","position":2,"name":"\u00bfQu\u00e9 hacemos?","item":"https:\/\/www.jovenesnucleares.org\/blog\/que-hacemos\/"},{"@type":"ListItem","position":3,"name":"Conferencias y debates"}]},{"@type":"WebSite","@id":"https:\/\/www.jovenesnucleares.org\/blog\/#website","url":"https:\/\/www.jovenesnucleares.org\/blog\/","name":"J\u00f3venes Nucleares","description":"Divulgaci\u00f3n de Ciencia y Tecnolog\u00eda Nuclear","publisher":{"@id":"https:\/\/www.jovenesnucleares.org\/blog\/#organization"},"potentialAction":[{"@type":"SearchAction","target":{"@type":"EntryPoint","urlTemplate":"https:\/\/www.jovenesnucleares.org\/blog\/?s={search_term_string}"},"query-input":{"@type":"PropertyValueSpecification","valueRequired":true,"valueName":"search_term_string"}}],"inLanguage":"es"},{"@type":"Organization","@id":"https:\/\/www.jovenesnucleares.org\/blog\/#organization","name":"J\u00f3venes Nucleares","url":"https:\/\/www.jovenesnucleares.org\/blog\/","logo":{"@type":"ImageObject","inLanguage":"es","@id":"https:\/\/www.jovenesnucleares.org\/blog\/#\/schema\/logo\/image\/","url":"http:\/\/www.jovenesnucleares.org\/blog\/wp-content\/uploads\/2022\/01\/cropped-Logo-JJNN-principal-125px.png","contentUrl":"http:\/\/www.jovenesnucleares.org\/blog\/wp-content\/uploads\/2022\/01\/cropped-Logo-JJNN-principal-125px.png","width":170,"height":70,"caption":"J\u00f3venes Nucleares"},"image":{"@id":"https:\/\/www.jovenesnucleares.org\/blog\/#\/schema\/logo\/image\/"},"sameAs":["https:\/\/www.facebook.com\/JovenesNucleares","https:\/\/x.com\/jjnucleares","https:\/\/www.instagram.com\/jjnucleares\/","https:\/\/www.linkedin.com\/company\/jovenesnucleares\/","https:\/\/www.youtube.com\/c\/JovenesNuclearesSNE","https:\/\/es.wikipedia.org\/wiki\/Jovenes_Nucleares"]}]}},"post_mailing_queue_ids":[],"_links":{"self":[{"href":"https:\/\/www.jovenesnucleares.org\/blog\/wp-json\/wp\/v2\/pages\/5012","targetHints":{"allow":["GET"]}}],"collection":[{"href":"https:\/\/www.jovenesnucleares.org\/blog\/wp-json\/wp\/v2\/pages"}],"about":[{"href":"https:\/\/www.jovenesnucleares.org\/blog\/wp-json\/wp\/v2\/types\/page"}],"author":[{"embeddable":true,"href":"https:\/\/www.jovenesnucleares.org\/blog\/wp-json\/wp\/v2\/users\/1"}],"replies":[{"embeddable":true,"href":"https:\/\/www.jovenesnucleares.org\/blog\/wp-json\/wp\/v2\/comments?post=5012"}],"version-history":[{"count":5,"href":"https:\/\/www.jovenesnucleares.org\/blog\/wp-json\/wp\/v2\/pages\/5012\/revisions"}],"predecessor-version":[{"id":6299,"href":"https:\/\/www.jovenesnucleares.org\/blog\/wp-json\/wp\/v2\/pages\/5012\/revisions\/6299"}],"up":[{"embeddable":true,"href":"https:\/\/www.jovenesnucleares.org\/blog\/wp-json\/wp\/v2\/pages\/173"}],"wp:attachment":[{"href":"https:\/\/www.jovenesnucleares.org\/blog\/wp-json\/wp\/v2\/media?parent=5012"}],"curies":[{"name":"wp","href":"https:\/\/api.w.org\/{rel}","templated":true}]}}