{"id":5014,"date":"2019-12-06T13:54:37","date_gmt":"2019-12-06T11:54:37","guid":{"rendered":"http:\/\/www.jovenesnucleares.org\/blog\/?page_id=5014"},"modified":"2022-04-22T10:37:08","modified_gmt":"2022-04-22T08:37:08","slug":"eventos-internacionales","status":"publish","type":"page","link":"https:\/\/www.jovenesnucleares.org\/blog\/que-hacemos\/eventos-internacionales\/","title":{"rendered":"Eventos internacionales"},"content":{"rendered":"<div  data-label=\"About\" data-id=\"about--1\" data-export-id=\"about-9\" data-category=\"about\" class=\"about-9 content-section content-section-spacing\" id=\"about-1\" style=\"background-color: rgb(255, 255, 255); background-image: none;\"><div  class=\"gridContainer\"> <div  class=\"row middle-sm text-center\"><div  class=\"col-sm-5 space-bottom-xs content-column content-right-sm\" data-type=\"column\">  <h2  class=\"\">\u00a1En septiembre 2021 lo petamos en Tarragona!\n<\/h2> <p  class=\"\"><span  style=\"font-weight: 900;\">\n<br ><br >\u00a1 Look Ahead !<\/span><br ><br >Con este lema organizamos el congreso europeo ENYGF 2021.<br ><br >\u00bfComo ser\u00eda el congreso de tus sue\u00f1os? Este es nuestra predicci\u00f3n del futuro de la indutria nuclear.<\/p> <a class=\"button color1\" href=\"https:\/\/www.revistanuclear.es\/mas\/enygf-a-hombros-de-gigantes\" target=\"_blank\" data-cp-link=\"1\" data-icon=\"\" rel=\"noopener\">ARTICULO<\/a><\/div> <div  class=\"col-sm-7 flexbox flexbox middle-xs center-xs space-bottom-xs\"><div  class=\"overlay-box flexbox middle-xs center-xs overlay-holder \"> <div  class=\"overlay-box-offset offset-background shadow-medium bg-color2 hide-xs\"><\/div> <img decoding=\"async\"  class=\"flexbox shadow-large img1\" src=\"http:\/\/www.jovenesnucleares.org\/blog\/wp-content\/uploads\/2022\/04\/cropped-F5.jpeg\" data-size=\"600x400\" title=\"cropped-F5.jpeg\" alt=\"\"><\/div> <\/div><\/div> <\/div><\/div><div  data-id=\"initial-content-section\" data-export-id=\"initial-content-section\" data-label=\"Initial Content\" id=\"initial-content-section\" class=\"content-section content-section-spacing\" style=\"background-image: none; background-color: rgb(255, 255, 255);\">\n   <div  class=\"gridContainer\">\n     <div  class=\"row\">\n\n        <div  class=\"col-xs-12 col-sm-12\">                <p >Son muchas las actividades que se realizan en el plano internacional relacionadas con la industria y la investigaci\u00f3n nuclear: algunas de ellas son congresos y otras son reuniones y foros t\u00e9cnicos sobre temas concretos.<\/p>\n<p >En los \u00faltimos a\u00f1os, JJNN ha participado de manera intensa en este tipo de actividades y organizando dos congresos internacionales.<\/p>\n<p >Ejemplo de participaci\u00f3n en la conferencia <a  href=\"http:\/\/www.jovenesnucleares.org\/blog\/iyncwin-2018\">IYNCWiN 2018<\/a> en Argentina, reuni\u00f3n con j\u00f3venes europeos en el <a  href=\"http:\/\/www.jovenesnucleares.org\/blog\/core-committee-meeting-viena\">CCM#3 de Viena<\/a> 2019 o el <a  href=\"http:\/\/www.jovenesnucleares.org\/blog\/27-edicion-congreso-win-global\">congreso WiN Global<\/a> en Madrid del 2019.<\/p>\n<p ><\/p>\n\n          <\/div>\n      <\/div>\n  <\/div>\n<\/div><div  data-label=\"Content\" data-id=\"content--1\" data-export-id=\"content-12\" data-category=\"content\" class=\"content-12 content-section content-section-spacing\" id=\"content-1\" style=\"background-color: rgb(255, 255, 255); background-image: none;\"><div  class=\"gridContainer\"> <div  class=\"row text-center\"><div  class=\"section-title-col\" data-type=\"column\">  <\/div> <\/div> <div  class=\"row center-xs middle-xs\"> <div  class=\"col-sm-9\" data-type=\"column\"> <img decoding=\"async\"  class=\"shadow-large\" src=\"http:\/\/www.jovenesnucleares.org\/blog\/wp-content\/uploads\/2019\/06\/foto1win.jpg\" title=\"foto1win\" alt=\"\"><\/div> <\/div><\/div> <\/div>","protected":false},"excerpt":{"rendered":"<p>\u00a1En septiembre 2021 lo petamos en Tarragona! \u00a1 Look Ahead !Con este lema organizamos el congreso europeo ENYGF 2021.\u00bfComo ser\u00eda el congreso de tus sue\u00f1os? Este es nuestra predicci\u00f3n del futuro de la indutria nuclear. ARTICULO Son muchas las actividades que se realizan en el plano internacional relacionadas con la industria y la investigaci\u00f3n nuclear:&hellip; <br \/> <a class=\"read-more\" href=\"https:\/\/www.jovenesnucleares.org\/blog\/que-hacemos\/eventos-internacionales\/\">Read more<\/a><\/p>\n","protected":false},"author":1,"featured_media":0,"parent":173,"menu_order":0,"comment_status":"closed","ping_status":"closed","template":"pro\/page-templates\/full-width-page.php","meta":{"footnotes":""},"class_list":["post-5014","page","type-page","status-publish","hentry"],"yoast_head":"<!-- This site is optimized with the Yoast SEO plugin v27.4 - https:\/\/yoast.com\/product\/yoast-seo-wordpress\/ -->\n<title>Eventos internacionales - J\u00f3venes Nucleares<\/title>\n<meta name=\"robots\" content=\"index, follow, max-snippet:-1, max-image-preview:large, max-video-preview:-1\" \/>\n<link rel=\"canonical\" href=\"https:\/\/www.jovenesnucleares.org\/blog\/que-hacemos\/eventos-internacionales\/\" \/>\n<meta property=\"og:locale\" content=\"es_ES\" \/>\n<meta property=\"og:type\" content=\"article\" \/>\n<meta property=\"og:title\" content=\"Eventos internacionales - J\u00f3venes Nucleares\" \/>\n<meta property=\"og:description\" content=\"\u00a1En septiembre 2021 lo petamos en Tarragona! \u00a1 Look Ahead !Con este lema organizamos el congreso europeo ENYGF 2021.\u00bfComo ser\u00eda el congreso de tus sue\u00f1os? Este es nuestra predicci\u00f3n del futuro de la indutria nuclear. ARTICULO Son muchas las actividades que se realizan en el plano internacional relacionadas con la industria y la investigaci\u00f3n nuclear:&hellip; Read more\" \/>\n<meta property=\"og:url\" content=\"https:\/\/www.jovenesnucleares.org\/blog\/que-hacemos\/eventos-internacionales\/\" \/>\n<meta property=\"og:site_name\" content=\"J\u00f3venes Nucleares\" \/>\n<meta property=\"article:publisher\" content=\"https:\/\/www.facebook.com\/JovenesNucleares\" \/>\n<meta property=\"article:modified_time\" content=\"2022-04-22T08:37:08+00:00\" \/>\n<meta property=\"og:image\" content=\"http:\/\/www.jovenesnucleares.org\/blog\/wp-content\/uploads\/2022\/04\/cropped-F5.jpeg\" \/>\n<meta name=\"twitter:card\" content=\"summary_large_image\" \/>\n<meta name=\"twitter:site\" content=\"@jjnucleares\" \/>\n<meta name=\"twitter:label1\" content=\"Tiempo de lectura\" \/>\n\t<meta name=\"twitter:data1\" content=\"1 minuto\" \/>\n<script type=\"application\/ld+json\" class=\"yoast-schema-graph\">{\"@context\":\"https:\\\/\\\/schema.org\",\"@graph\":[{\"@type\":\"WebPage\",\"@id\":\"https:\\\/\\\/www.jovenesnucleares.org\\\/blog\\\/que-hacemos\\\/eventos-internacionales\\\/\",\"url\":\"https:\\\/\\\/www.jovenesnucleares.org\\\/blog\\\/que-hacemos\\\/eventos-internacionales\\\/\",\"name\":\"Eventos internacionales - J\u00f3venes Nucleares\",\"isPartOf\":{\"@id\":\"https:\\\/\\\/www.jovenesnucleares.org\\\/blog\\\/#website\"},\"primaryImageOfPage\":{\"@id\":\"https:\\\/\\\/www.jovenesnucleares.org\\\/blog\\\/que-hacemos\\\/eventos-internacionales\\\/#primaryimage\"},\"image\":{\"@id\":\"https:\\\/\\\/www.jovenesnucleares.org\\\/blog\\\/que-hacemos\\\/eventos-internacionales\\\/#primaryimage\"},\"thumbnailUrl\":\"http:\\\/\\\/www.jovenesnucleares.org\\\/blog\\\/wp-content\\\/uploads\\\/2022\\\/04\\\/cropped-F5.jpeg\",\"datePublished\":\"2019-12-06T11:54:37+00:00\",\"dateModified\":\"2022-04-22T08:37:08+00:00\",\"breadcrumb\":{\"@id\":\"https:\\\/\\\/www.jovenesnucleares.org\\\/blog\\\/que-hacemos\\\/eventos-internacionales\\\/#breadcrumb\"},\"inLanguage\":\"es\",\"potentialAction\":[{\"@type\":\"ReadAction\",\"target\":[\"https:\\\/\\\/www.jovenesnucleares.org\\\/blog\\\/que-hacemos\\\/eventos-internacionales\\\/\"]}]},{\"@type\":\"ImageObject\",\"inLanguage\":\"es\",\"@id\":\"https:\\\/\\\/www.jovenesnucleares.org\\\/blog\\\/que-hacemos\\\/eventos-internacionales\\\/#primaryimage\",\"url\":\"https:\\\/\\\/www.jovenesnucleares.org\\\/blog\\\/wp-content\\\/uploads\\\/2022\\\/04\\\/cropped-F5.jpeg\",\"contentUrl\":\"https:\\\/\\\/www.jovenesnucleares.org\\\/blog\\\/wp-content\\\/uploads\\\/2022\\\/04\\\/cropped-F5.jpeg\",\"width\":1000,\"height\":965},{\"@type\":\"BreadcrumbList\",\"@id\":\"https:\\\/\\\/www.jovenesnucleares.org\\\/blog\\\/que-hacemos\\\/eventos-internacionales\\\/#breadcrumb\",\"itemListElement\":[{\"@type\":\"ListItem\",\"position\":1,\"name\":\"Portada\",\"item\":\"https:\\\/\\\/www.jovenesnucleares.org\\\/blog\\\/\"},{\"@type\":\"ListItem\",\"position\":2,\"name\":\"\u00bfQu\u00e9 hacemos?\",\"item\":\"https:\\\/\\\/www.jovenesnucleares.org\\\/blog\\\/que-hacemos\\\/\"},{\"@type\":\"ListItem\",\"position\":3,\"name\":\"Eventos internacionales\"}]},{\"@type\":\"WebSite\",\"@id\":\"https:\\\/\\\/www.jovenesnucleares.org\\\/blog\\\/#website\",\"url\":\"https:\\\/\\\/www.jovenesnucleares.org\\\/blog\\\/\",\"name\":\"J\u00f3venes Nucleares\",\"description\":\"Divulgaci\u00f3n de Ciencia y Tecnolog\u00eda Nuclear\",\"publisher\":{\"@id\":\"https:\\\/\\\/www.jovenesnucleares.org\\\/blog\\\/#organization\"},\"potentialAction\":[{\"@type\":\"SearchAction\",\"target\":{\"@type\":\"EntryPoint\",\"urlTemplate\":\"https:\\\/\\\/www.jovenesnucleares.org\\\/blog\\\/?s={search_term_string}\"},\"query-input\":{\"@type\":\"PropertyValueSpecification\",\"valueRequired\":true,\"valueName\":\"search_term_string\"}}],\"inLanguage\":\"es\"},{\"@type\":\"Organization\",\"@id\":\"https:\\\/\\\/www.jovenesnucleares.org\\\/blog\\\/#organization\",\"name\":\"J\u00f3venes Nucleares\",\"url\":\"https:\\\/\\\/www.jovenesnucleares.org\\\/blog\\\/\",\"logo\":{\"@type\":\"ImageObject\",\"inLanguage\":\"es\",\"@id\":\"https:\\\/\\\/www.jovenesnucleares.org\\\/blog\\\/#\\\/schema\\\/logo\\\/image\\\/\",\"url\":\"http:\\\/\\\/www.jovenesnucleares.org\\\/blog\\\/wp-content\\\/uploads\\\/2022\\\/01\\\/cropped-Logo-JJNN-principal-125px.png\",\"contentUrl\":\"http:\\\/\\\/www.jovenesnucleares.org\\\/blog\\\/wp-content\\\/uploads\\\/2022\\\/01\\\/cropped-Logo-JJNN-principal-125px.png\",\"width\":170,\"height\":70,\"caption\":\"J\u00f3venes Nucleares\"},\"image\":{\"@id\":\"https:\\\/\\\/www.jovenesnucleares.org\\\/blog\\\/#\\\/schema\\\/logo\\\/image\\\/\"},\"sameAs\":[\"https:\\\/\\\/www.facebook.com\\\/JovenesNucleares\",\"https:\\\/\\\/x.com\\\/jjnucleares\",\"https:\\\/\\\/www.instagram.com\\\/jjnucleares\\\/\",\"https:\\\/\\\/www.linkedin.com\\\/company\\\/jovenesnucleares\\\/\",\"https:\\\/\\\/www.youtube.com\\\/c\\\/JovenesNuclearesSNE\",\"https:\\\/\\\/es.wikipedia.org\\\/wiki\\\/Jovenes_Nucleares\"]}]}<\/script>\n<!-- \/ Yoast SEO plugin. -->","yoast_head_json":{"title":"Eventos internacionales - J\u00f3venes Nucleares","robots":{"index":"index","follow":"follow","max-snippet":"max-snippet:-1","max-image-preview":"max-image-preview:large","max-video-preview":"max-video-preview:-1"},"canonical":"https:\/\/www.jovenesnucleares.org\/blog\/que-hacemos\/eventos-internacionales\/","og_locale":"es_ES","og_type":"article","og_title":"Eventos internacionales - J\u00f3venes Nucleares","og_description":"\u00a1En septiembre 2021 lo petamos en Tarragona! \u00a1 Look Ahead !Con este lema organizamos el congreso europeo ENYGF 2021.\u00bfComo ser\u00eda el congreso de tus sue\u00f1os? Este es nuestra predicci\u00f3n del futuro de la indutria nuclear. ARTICULO Son muchas las actividades que se realizan en el plano internacional relacionadas con la industria y la investigaci\u00f3n nuclear:&hellip; Read more","og_url":"https:\/\/www.jovenesnucleares.org\/blog\/que-hacemos\/eventos-internacionales\/","og_site_name":"J\u00f3venes Nucleares","article_publisher":"https:\/\/www.facebook.com\/JovenesNucleares","article_modified_time":"2022-04-22T08:37:08+00:00","og_image":[{"url":"http:\/\/www.jovenesnucleares.org\/blog\/wp-content\/uploads\/2022\/04\/cropped-F5.jpeg","type":"","width":"","height":""}],"twitter_card":"summary_large_image","twitter_site":"@jjnucleares","twitter_misc":{"Tiempo de lectura":"1 minuto"},"schema":{"@context":"https:\/\/schema.org","@graph":[{"@type":"WebPage","@id":"https:\/\/www.jovenesnucleares.org\/blog\/que-hacemos\/eventos-internacionales\/","url":"https:\/\/www.jovenesnucleares.org\/blog\/que-hacemos\/eventos-internacionales\/","name":"Eventos internacionales - J\u00f3venes Nucleares","isPartOf":{"@id":"https:\/\/www.jovenesnucleares.org\/blog\/#website"},"primaryImageOfPage":{"@id":"https:\/\/www.jovenesnucleares.org\/blog\/que-hacemos\/eventos-internacionales\/#primaryimage"},"image":{"@id":"https:\/\/www.jovenesnucleares.org\/blog\/que-hacemos\/eventos-internacionales\/#primaryimage"},"thumbnailUrl":"http:\/\/www.jovenesnucleares.org\/blog\/wp-content\/uploads\/2022\/04\/cropped-F5.jpeg","datePublished":"2019-12-06T11:54:37+00:00","dateModified":"2022-04-22T08:37:08+00:00","breadcrumb":{"@id":"https:\/\/www.jovenesnucleares.org\/blog\/que-hacemos\/eventos-internacionales\/#breadcrumb"},"inLanguage":"es","potentialAction":[{"@type":"ReadAction","target":["https:\/\/www.jovenesnucleares.org\/blog\/que-hacemos\/eventos-internacionales\/"]}]},{"@type":"ImageObject","inLanguage":"es","@id":"https:\/\/www.jovenesnucleares.org\/blog\/que-hacemos\/eventos-internacionales\/#primaryimage","url":"https:\/\/www.jovenesnucleares.org\/blog\/wp-content\/uploads\/2022\/04\/cropped-F5.jpeg","contentUrl":"https:\/\/www.jovenesnucleares.org\/blog\/wp-content\/uploads\/2022\/04\/cropped-F5.jpeg","width":1000,"height":965},{"@type":"BreadcrumbList","@id":"https:\/\/www.jovenesnucleares.org\/blog\/que-hacemos\/eventos-internacionales\/#breadcrumb","itemListElement":[{"@type":"ListItem","position":1,"name":"Portada","item":"https:\/\/www.jovenesnucleares.org\/blog\/"},{"@type":"ListItem","position":2,"name":"\u00bfQu\u00e9 hacemos?","item":"https:\/\/www.jovenesnucleares.org\/blog\/que-hacemos\/"},{"@type":"ListItem","position":3,"name":"Eventos internacionales"}]},{"@type":"WebSite","@id":"https:\/\/www.jovenesnucleares.org\/blog\/#website","url":"https:\/\/www.jovenesnucleares.org\/blog\/","name":"J\u00f3venes Nucleares","description":"Divulgaci\u00f3n de Ciencia y Tecnolog\u00eda Nuclear","publisher":{"@id":"https:\/\/www.jovenesnucleares.org\/blog\/#organization"},"potentialAction":[{"@type":"SearchAction","target":{"@type":"EntryPoint","urlTemplate":"https:\/\/www.jovenesnucleares.org\/blog\/?s={search_term_string}"},"query-input":{"@type":"PropertyValueSpecification","valueRequired":true,"valueName":"search_term_string"}}],"inLanguage":"es"},{"@type":"Organization","@id":"https:\/\/www.jovenesnucleares.org\/blog\/#organization","name":"J\u00f3venes Nucleares","url":"https:\/\/www.jovenesnucleares.org\/blog\/","logo":{"@type":"ImageObject","inLanguage":"es","@id":"https:\/\/www.jovenesnucleares.org\/blog\/#\/schema\/logo\/image\/","url":"http:\/\/www.jovenesnucleares.org\/blog\/wp-content\/uploads\/2022\/01\/cropped-Logo-JJNN-principal-125px.png","contentUrl":"http:\/\/www.jovenesnucleares.org\/blog\/wp-content\/uploads\/2022\/01\/cropped-Logo-JJNN-principal-125px.png","width":170,"height":70,"caption":"J\u00f3venes Nucleares"},"image":{"@id":"https:\/\/www.jovenesnucleares.org\/blog\/#\/schema\/logo\/image\/"},"sameAs":["https:\/\/www.facebook.com\/JovenesNucleares","https:\/\/x.com\/jjnucleares","https:\/\/www.instagram.com\/jjnucleares\/","https:\/\/www.linkedin.com\/company\/jovenesnucleares\/","https:\/\/www.youtube.com\/c\/JovenesNuclearesSNE","https:\/\/es.wikipedia.org\/wiki\/Jovenes_Nucleares"]}]}},"post_mailing_queue_ids":[],"_links":{"self":[{"href":"https:\/\/www.jovenesnucleares.org\/blog\/wp-json\/wp\/v2\/pages\/5014","targetHints":{"allow":["GET"]}}],"collection":[{"href":"https:\/\/www.jovenesnucleares.org\/blog\/wp-json\/wp\/v2\/pages"}],"about":[{"href":"https:\/\/www.jovenesnucleares.org\/blog\/wp-json\/wp\/v2\/types\/page"}],"author":[{"embeddable":true,"href":"https:\/\/www.jovenesnucleares.org\/blog\/wp-json\/wp\/v2\/users\/1"}],"replies":[{"embeddable":true,"href":"https:\/\/www.jovenesnucleares.org\/blog\/wp-json\/wp\/v2\/comments?post=5014"}],"version-history":[{"count":5,"href":"https:\/\/www.jovenesnucleares.org\/blog\/wp-json\/wp\/v2\/pages\/5014\/revisions"}],"predecessor-version":[{"id":6333,"href":"https:\/\/www.jovenesnucleares.org\/blog\/wp-json\/wp\/v2\/pages\/5014\/revisions\/6333"}],"up":[{"embeddable":true,"href":"https:\/\/www.jovenesnucleares.org\/blog\/wp-json\/wp\/v2\/pages\/173"}],"wp:attachment":[{"href":"https:\/\/www.jovenesnucleares.org\/blog\/wp-json\/wp\/v2\/media?parent=5014"}],"curies":[{"name":"wp","href":"https:\/\/api.w.org\/{rel}","templated":true}]}}