{"id":5016,"date":"2019-12-06T13:55:25","date_gmt":"2019-12-06T11:55:25","guid":{"rendered":"http:\/\/www.jovenesnucleares.org\/blog\/?page_id=5016"},"modified":"2022-04-22T18:39:25","modified_gmt":"2022-04-22T16:39:25","slug":"visitas-tecnicas","status":"publish","type":"page","link":"https:\/\/www.jovenesnucleares.org\/blog\/que-hacemos\/visitas-tecnicas\/","title":{"rendered":"Visitas T\u00e9cnicas"},"content":{"rendered":"<p>La competitividad del mundo moderno ha dado lugar a la necesidad de que los estudiantes est\u00e9n m\u00e1s preparados para el mercado laboral. De este modo, las visitas t\u00e9cnicas proporcionan una mayor interacci\u00f3n entre ambas partes: el hecho de visualizar y entender los procedimientos operativos de una instalaci\u00f3n e intercambiar experiencias con colegas de profesi\u00f3n, son factores que pueden determinar una mejor participaci\u00f3n y la aceptaci\u00f3n por gran parte de los estudiantes.<\/p>\n<p>Por ese motivo, desde JJNN llevamos a\u00f1os fomentando el\u00a0<strong><em>turismo pedag\u00f3gico<\/em><\/strong>, organizando visitas a instalaciones nucleares a lo largo de toda la geograf\u00eda espa\u00f1ola, en las que los expertos explican, de primera mano, el funcionamiento de las mismas a los visitantes.<\/p>\n<p>Ejemplo visita a <a href=\"http:\/\/www.jovenesnucleares.org\/blog\/chernobyl-110-introduccion-a-la-visita\/\">Chenobyl<\/a>, visita a la <a href=\"http:\/\/www.jovenesnucleares.org\/blog\/visita-tecnica-central-cofrentes-19\/\">Central Nuclear de Cofrentes<\/a> o la visita a la <a href=\"http:\/\/www.jovenesnucleares.org\/blog\/jjnn-visita-hidraulica-aldeadavila-mina-uranio-saelices-chico\/\">Central Hidr\u00e1ulica de Aldead\u00e1vila<\/a> (Salamanca).<\/p>\n<div id=\"attachment_4714\" style=\"width: 510px\" class=\"wp-caption aligncenter\"><a href=\"ttp:\/\/www.jovenesnucleares.org\/blog\/wp-content\/uploads\/2019\/04\/IMG-20190412-WA0010-copia-1024x887.jpg\" rel=\"lightbox[5016]\"><img fetchpriority=\"high\" decoding=\"async\" aria-describedby=\"caption-attachment-4714\" class=\"aligncenter wp-image-4035\" src=\"http:\/\/www.jovenesnucleares.org\/blog\/wp-content\/uploads\/2019\/04\/IMG-20190412-WA0010-copia-1024x887.jpg\" alt=\"\" width=\"500\" height=\"433\" srcset=\"https:\/\/www.jovenesnucleares.org\/blog\/wp-content\/uploads\/2019\/04\/IMG-20190412-WA0010-copia-1024x887.jpg 1024w, https:\/\/www.jovenesnucleares.org\/blog\/wp-content\/uploads\/2019\/04\/IMG-20190412-WA0010-copia-300x260.jpg 300w, https:\/\/www.jovenesnucleares.org\/blog\/wp-content\/uploads\/2019\/04\/IMG-20190412-WA0010-copia-768x665.jpg 768w, https:\/\/www.jovenesnucleares.org\/blog\/wp-content\/uploads\/2019\/04\/IMG-20190412-WA0010-copia-624x540.jpg 624w, https:\/\/www.jovenesnucleares.org\/blog\/wp-content\/uploads\/2019\/04\/IMG-20190412-WA0010-copia.jpg 1245w\" sizes=\"(max-width: 500px) 100vw, 500px\" \/><\/a><p id=\"caption-attachment-4714\" class=\"wp-caption-text\">Miembros de JJNN visitan la Central Nuclear de Cofrentes.<\/p><\/div>\n","protected":false},"excerpt":{"rendered":"<p>La competitividad del mundo moderno ha dado lugar a la necesidad de que los estudiantes est\u00e9n m\u00e1s preparados para el mercado laboral. De este modo, las visitas t\u00e9cnicas proporcionan una mayor interacci\u00f3n entre ambas partes: el hecho de visualizar y entender los procedimientos operativos de una instalaci\u00f3n e intercambiar experiencias con colegas de profesi\u00f3n, son&hellip; <br \/> <a class=\"read-more\" href=\"https:\/\/www.jovenesnucleares.org\/blog\/que-hacemos\/visitas-tecnicas\/\">Read more<\/a><\/p>\n","protected":false},"author":1,"featured_media":0,"parent":173,"menu_order":0,"comment_status":"closed","ping_status":"closed","template":"","meta":{"footnotes":""},"class_list":["post-5016","page","type-page","status-publish","hentry"],"yoast_head":"<!-- This site is optimized with the Yoast SEO plugin v27.4 - https:\/\/yoast.com\/product\/yoast-seo-wordpress\/ -->\n<title>Visitas T\u00e9cnicas - J\u00f3venes Nucleares<\/title>\n<meta name=\"robots\" content=\"index, follow, max-snippet:-1, max-image-preview:large, max-video-preview:-1\" \/>\n<link rel=\"canonical\" href=\"https:\/\/www.jovenesnucleares.org\/blog\/que-hacemos\/visitas-tecnicas\/\" \/>\n<meta property=\"og:locale\" content=\"es_ES\" \/>\n<meta property=\"og:type\" content=\"article\" \/>\n<meta property=\"og:title\" content=\"Visitas T\u00e9cnicas - J\u00f3venes Nucleares\" \/>\n<meta property=\"og:description\" content=\"La competitividad del mundo moderno ha dado lugar a la necesidad de que los estudiantes est\u00e9n m\u00e1s preparados para el mercado laboral. De este modo, las visitas t\u00e9cnicas proporcionan una mayor interacci\u00f3n entre ambas partes: el hecho de visualizar y entender los procedimientos operativos de una instalaci\u00f3n e intercambiar experiencias con colegas de profesi\u00f3n, son&hellip; Read more\" \/>\n<meta property=\"og:url\" content=\"https:\/\/www.jovenesnucleares.org\/blog\/que-hacemos\/visitas-tecnicas\/\" \/>\n<meta property=\"og:site_name\" content=\"J\u00f3venes Nucleares\" \/>\n<meta property=\"article:publisher\" content=\"https:\/\/www.facebook.com\/JovenesNucleares\" \/>\n<meta property=\"article:modified_time\" content=\"2022-04-22T16:39:25+00:00\" \/>\n<meta property=\"og:image\" content=\"http:\/\/www.jovenesnucleares.org\/blog\/wp-content\/uploads\/2019\/04\/IMG-20190412-WA0010-copia-1024x887.jpg\" \/>\n<meta name=\"twitter:card\" content=\"summary_large_image\" \/>\n<meta name=\"twitter:site\" content=\"@jjnucleares\" \/>\n<meta name=\"twitter:label1\" content=\"Tiempo de lectura\" \/>\n\t<meta name=\"twitter:data1\" content=\"1 minuto\" \/>\n<script type=\"application\/ld+json\" class=\"yoast-schema-graph\">{\"@context\":\"https:\\\/\\\/schema.org\",\"@graph\":[{\"@type\":\"WebPage\",\"@id\":\"https:\\\/\\\/www.jovenesnucleares.org\\\/blog\\\/que-hacemos\\\/visitas-tecnicas\\\/\",\"url\":\"https:\\\/\\\/www.jovenesnucleares.org\\\/blog\\\/que-hacemos\\\/visitas-tecnicas\\\/\",\"name\":\"Visitas T\u00e9cnicas - J\u00f3venes Nucleares\",\"isPartOf\":{\"@id\":\"https:\\\/\\\/www.jovenesnucleares.org\\\/blog\\\/#website\"},\"primaryImageOfPage\":{\"@id\":\"https:\\\/\\\/www.jovenesnucleares.org\\\/blog\\\/que-hacemos\\\/visitas-tecnicas\\\/#primaryimage\"},\"image\":{\"@id\":\"https:\\\/\\\/www.jovenesnucleares.org\\\/blog\\\/que-hacemos\\\/visitas-tecnicas\\\/#primaryimage\"},\"thumbnailUrl\":\"http:\\\/\\\/www.jovenesnucleares.org\\\/blog\\\/wp-content\\\/uploads\\\/2019\\\/04\\\/IMG-20190412-WA0010-copia-1024x887.jpg\",\"datePublished\":\"2019-12-06T11:55:25+00:00\",\"dateModified\":\"2022-04-22T16:39:25+00:00\",\"breadcrumb\":{\"@id\":\"https:\\\/\\\/www.jovenesnucleares.org\\\/blog\\\/que-hacemos\\\/visitas-tecnicas\\\/#breadcrumb\"},\"inLanguage\":\"es\",\"potentialAction\":[{\"@type\":\"ReadAction\",\"target\":[\"https:\\\/\\\/www.jovenesnucleares.org\\\/blog\\\/que-hacemos\\\/visitas-tecnicas\\\/\"]}]},{\"@type\":\"ImageObject\",\"inLanguage\":\"es\",\"@id\":\"https:\\\/\\\/www.jovenesnucleares.org\\\/blog\\\/que-hacemos\\\/visitas-tecnicas\\\/#primaryimage\",\"url\":\"https:\\\/\\\/www.jovenesnucleares.org\\\/blog\\\/wp-content\\\/uploads\\\/2019\\\/04\\\/IMG-20190412-WA0010-copia.jpg\",\"contentUrl\":\"https:\\\/\\\/www.jovenesnucleares.org\\\/blog\\\/wp-content\\\/uploads\\\/2019\\\/04\\\/IMG-20190412-WA0010-copia.jpg\",\"width\":1245,\"height\":1078},{\"@type\":\"BreadcrumbList\",\"@id\":\"https:\\\/\\\/www.jovenesnucleares.org\\\/blog\\\/que-hacemos\\\/visitas-tecnicas\\\/#breadcrumb\",\"itemListElement\":[{\"@type\":\"ListItem\",\"position\":1,\"name\":\"Portada\",\"item\":\"https:\\\/\\\/www.jovenesnucleares.org\\\/blog\\\/\"},{\"@type\":\"ListItem\",\"position\":2,\"name\":\"\u00bfQu\u00e9 hacemos?\",\"item\":\"https:\\\/\\\/www.jovenesnucleares.org\\\/blog\\\/que-hacemos\\\/\"},{\"@type\":\"ListItem\",\"position\":3,\"name\":\"Visitas T\u00e9cnicas\"}]},{\"@type\":\"WebSite\",\"@id\":\"https:\\\/\\\/www.jovenesnucleares.org\\\/blog\\\/#website\",\"url\":\"https:\\\/\\\/www.jovenesnucleares.org\\\/blog\\\/\",\"name\":\"J\u00f3venes Nucleares\",\"description\":\"Divulgaci\u00f3n de Ciencia y Tecnolog\u00eda Nuclear\",\"publisher\":{\"@id\":\"https:\\\/\\\/www.jovenesnucleares.org\\\/blog\\\/#organization\"},\"potentialAction\":[{\"@type\":\"SearchAction\",\"target\":{\"@type\":\"EntryPoint\",\"urlTemplate\":\"https:\\\/\\\/www.jovenesnucleares.org\\\/blog\\\/?s={search_term_string}\"},\"query-input\":{\"@type\":\"PropertyValueSpecification\",\"valueRequired\":true,\"valueName\":\"search_term_string\"}}],\"inLanguage\":\"es\"},{\"@type\":\"Organization\",\"@id\":\"https:\\\/\\\/www.jovenesnucleares.org\\\/blog\\\/#organization\",\"name\":\"J\u00f3venes Nucleares\",\"url\":\"https:\\\/\\\/www.jovenesnucleares.org\\\/blog\\\/\",\"logo\":{\"@type\":\"ImageObject\",\"inLanguage\":\"es\",\"@id\":\"https:\\\/\\\/www.jovenesnucleares.org\\\/blog\\\/#\\\/schema\\\/logo\\\/image\\\/\",\"url\":\"http:\\\/\\\/www.jovenesnucleares.org\\\/blog\\\/wp-content\\\/uploads\\\/2022\\\/01\\\/cropped-Logo-JJNN-principal-125px.png\",\"contentUrl\":\"http:\\\/\\\/www.jovenesnucleares.org\\\/blog\\\/wp-content\\\/uploads\\\/2022\\\/01\\\/cropped-Logo-JJNN-principal-125px.png\",\"width\":170,\"height\":70,\"caption\":\"J\u00f3venes Nucleares\"},\"image\":{\"@id\":\"https:\\\/\\\/www.jovenesnucleares.org\\\/blog\\\/#\\\/schema\\\/logo\\\/image\\\/\"},\"sameAs\":[\"https:\\\/\\\/www.facebook.com\\\/JovenesNucleares\",\"https:\\\/\\\/x.com\\\/jjnucleares\",\"https:\\\/\\\/www.instagram.com\\\/jjnucleares\\\/\",\"https:\\\/\\\/www.linkedin.com\\\/company\\\/jovenesnucleares\\\/\",\"https:\\\/\\\/www.youtube.com\\\/c\\\/JovenesNuclearesSNE\",\"https:\\\/\\\/es.wikipedia.org\\\/wiki\\\/Jovenes_Nucleares\"]}]}<\/script>\n<!-- \/ Yoast SEO plugin. -->","yoast_head_json":{"title":"Visitas T\u00e9cnicas - J\u00f3venes Nucleares","robots":{"index":"index","follow":"follow","max-snippet":"max-snippet:-1","max-image-preview":"max-image-preview:large","max-video-preview":"max-video-preview:-1"},"canonical":"https:\/\/www.jovenesnucleares.org\/blog\/que-hacemos\/visitas-tecnicas\/","og_locale":"es_ES","og_type":"article","og_title":"Visitas T\u00e9cnicas - J\u00f3venes Nucleares","og_description":"La competitividad del mundo moderno ha dado lugar a la necesidad de que los estudiantes est\u00e9n m\u00e1s preparados para el mercado laboral. De este modo, las visitas t\u00e9cnicas proporcionan una mayor interacci\u00f3n entre ambas partes: el hecho de visualizar y entender los procedimientos operativos de una instalaci\u00f3n e intercambiar experiencias con colegas de profesi\u00f3n, son&hellip; Read more","og_url":"https:\/\/www.jovenesnucleares.org\/blog\/que-hacemos\/visitas-tecnicas\/","og_site_name":"J\u00f3venes Nucleares","article_publisher":"https:\/\/www.facebook.com\/JovenesNucleares","article_modified_time":"2022-04-22T16:39:25+00:00","og_image":[{"url":"http:\/\/www.jovenesnucleares.org\/blog\/wp-content\/uploads\/2019\/04\/IMG-20190412-WA0010-copia-1024x887.jpg","type":"","width":"","height":""}],"twitter_card":"summary_large_image","twitter_site":"@jjnucleares","twitter_misc":{"Tiempo de lectura":"1 minuto"},"schema":{"@context":"https:\/\/schema.org","@graph":[{"@type":"WebPage","@id":"https:\/\/www.jovenesnucleares.org\/blog\/que-hacemos\/visitas-tecnicas\/","url":"https:\/\/www.jovenesnucleares.org\/blog\/que-hacemos\/visitas-tecnicas\/","name":"Visitas T\u00e9cnicas - J\u00f3venes Nucleares","isPartOf":{"@id":"https:\/\/www.jovenesnucleares.org\/blog\/#website"},"primaryImageOfPage":{"@id":"https:\/\/www.jovenesnucleares.org\/blog\/que-hacemos\/visitas-tecnicas\/#primaryimage"},"image":{"@id":"https:\/\/www.jovenesnucleares.org\/blog\/que-hacemos\/visitas-tecnicas\/#primaryimage"},"thumbnailUrl":"http:\/\/www.jovenesnucleares.org\/blog\/wp-content\/uploads\/2019\/04\/IMG-20190412-WA0010-copia-1024x887.jpg","datePublished":"2019-12-06T11:55:25+00:00","dateModified":"2022-04-22T16:39:25+00:00","breadcrumb":{"@id":"https:\/\/www.jovenesnucleares.org\/blog\/que-hacemos\/visitas-tecnicas\/#breadcrumb"},"inLanguage":"es","potentialAction":[{"@type":"ReadAction","target":["https:\/\/www.jovenesnucleares.org\/blog\/que-hacemos\/visitas-tecnicas\/"]}]},{"@type":"ImageObject","inLanguage":"es","@id":"https:\/\/www.jovenesnucleares.org\/blog\/que-hacemos\/visitas-tecnicas\/#primaryimage","url":"https:\/\/www.jovenesnucleares.org\/blog\/wp-content\/uploads\/2019\/04\/IMG-20190412-WA0010-copia.jpg","contentUrl":"https:\/\/www.jovenesnucleares.org\/blog\/wp-content\/uploads\/2019\/04\/IMG-20190412-WA0010-copia.jpg","width":1245,"height":1078},{"@type":"BreadcrumbList","@id":"https:\/\/www.jovenesnucleares.org\/blog\/que-hacemos\/visitas-tecnicas\/#breadcrumb","itemListElement":[{"@type":"ListItem","position":1,"name":"Portada","item":"https:\/\/www.jovenesnucleares.org\/blog\/"},{"@type":"ListItem","position":2,"name":"\u00bfQu\u00e9 hacemos?","item":"https:\/\/www.jovenesnucleares.org\/blog\/que-hacemos\/"},{"@type":"ListItem","position":3,"name":"Visitas T\u00e9cnicas"}]},{"@type":"WebSite","@id":"https:\/\/www.jovenesnucleares.org\/blog\/#website","url":"https:\/\/www.jovenesnucleares.org\/blog\/","name":"J\u00f3venes Nucleares","description":"Divulgaci\u00f3n de Ciencia y Tecnolog\u00eda Nuclear","publisher":{"@id":"https:\/\/www.jovenesnucleares.org\/blog\/#organization"},"potentialAction":[{"@type":"SearchAction","target":{"@type":"EntryPoint","urlTemplate":"https:\/\/www.jovenesnucleares.org\/blog\/?s={search_term_string}"},"query-input":{"@type":"PropertyValueSpecification","valueRequired":true,"valueName":"search_term_string"}}],"inLanguage":"es"},{"@type":"Organization","@id":"https:\/\/www.jovenesnucleares.org\/blog\/#organization","name":"J\u00f3venes Nucleares","url":"https:\/\/www.jovenesnucleares.org\/blog\/","logo":{"@type":"ImageObject","inLanguage":"es","@id":"https:\/\/www.jovenesnucleares.org\/blog\/#\/schema\/logo\/image\/","url":"http:\/\/www.jovenesnucleares.org\/blog\/wp-content\/uploads\/2022\/01\/cropped-Logo-JJNN-principal-125px.png","contentUrl":"http:\/\/www.jovenesnucleares.org\/blog\/wp-content\/uploads\/2022\/01\/cropped-Logo-JJNN-principal-125px.png","width":170,"height":70,"caption":"J\u00f3venes Nucleares"},"image":{"@id":"https:\/\/www.jovenesnucleares.org\/blog\/#\/schema\/logo\/image\/"},"sameAs":["https:\/\/www.facebook.com\/JovenesNucleares","https:\/\/x.com\/jjnucleares","https:\/\/www.instagram.com\/jjnucleares\/","https:\/\/www.linkedin.com\/company\/jovenesnucleares\/","https:\/\/www.youtube.com\/c\/JovenesNuclearesSNE","https:\/\/es.wikipedia.org\/wiki\/Jovenes_Nucleares"]}]}},"post_mailing_queue_ids":[],"_links":{"self":[{"href":"https:\/\/www.jovenesnucleares.org\/blog\/wp-json\/wp\/v2\/pages\/5016","targetHints":{"allow":["GET"]}}],"collection":[{"href":"https:\/\/www.jovenesnucleares.org\/blog\/wp-json\/wp\/v2\/pages"}],"about":[{"href":"https:\/\/www.jovenesnucleares.org\/blog\/wp-json\/wp\/v2\/types\/page"}],"author":[{"embeddable":true,"href":"https:\/\/www.jovenesnucleares.org\/blog\/wp-json\/wp\/v2\/users\/1"}],"replies":[{"embeddable":true,"href":"https:\/\/www.jovenesnucleares.org\/blog\/wp-json\/wp\/v2\/comments?post=5016"}],"version-history":[{"count":5,"href":"https:\/\/www.jovenesnucleares.org\/blog\/wp-json\/wp\/v2\/pages\/5016\/revisions"}],"predecessor-version":[{"id":6375,"href":"https:\/\/www.jovenesnucleares.org\/blog\/wp-json\/wp\/v2\/pages\/5016\/revisions\/6375"}],"up":[{"embeddable":true,"href":"https:\/\/www.jovenesnucleares.org\/blog\/wp-json\/wp\/v2\/pages\/173"}],"wp:attachment":[{"href":"https:\/\/www.jovenesnucleares.org\/blog\/wp-json\/wp\/v2\/media?parent=5016"}],"curies":[{"name":"wp","href":"https:\/\/api.w.org\/{rel}","templated":true}]}}