{"id":5536,"date":"2022-01-13T20:08:39","date_gmt":"2022-01-13T18:08:39","guid":{"rendered":"http:\/\/www.jovenesnucleares.org\/blog\/?page_id=5536"},"modified":"2025-12-22T12:54:29","modified_gmt":"2025-12-22T10:54:29","slug":"contacto","status":"publish","type":"page","link":"https:\/\/www.jovenesnucleares.org\/blog\/contacto\/","title":{"rendered":"Contacto"},"content":{"rendered":"<div  data-label=\"Portfolio\" data-id=\"portfolio--1\" data-export-id=\"portfolio-3\" data-category=\"portfolio\" class=\"portfolio-3 content-section content-section-spacing\" id=\"portfolio-1\" style=\"background-color: #ffffff;\">\n<div  class=\"gridContainer\">\n<div  class=\"row text-center\">\n<div  class=\"section-title-col\" data-type=\"column\">\n<p  class=\"lead\">\u00bfQu\u00e9 quieres contarnos?\nTrataremos de atenderte lo antes posible<\/p>\n\n<\/div>\n<\/div>\n<div  class=\"row spaced-cols space-bottom\" data-type=\"row\">\n<div  class=\"col-xs-12 col-sm-4 col-sm-offset-2 text-center col-md-4 \">\n<div  class=\"card no-padding bottom-border-color1 no-shadow\">\n<div  data-hover-fx=\"portfolio-3\" class=\"contentswap-effect\">\n<div  class=\"initial-image\"><img  decoding=\"async\" data-size=\"500x333\" src=\"https:\/\/www.jovenesnucleares.org\/blog\/wp-content\/uploads\/2022\/02\/cropped-Ilustraciones-JJNN-copy-sentadito.jpg\"><\/div>\n<div  class=\"overlay bg-color6\"><\/div>\n<div  class=\"swap-inner col-xs-12\">\n<div  class=\"row full-height-row middle-xs middle-sm\">\n<div  class=\"col-xs-12 text-center content-holder\"><a  class=\"button small color1\" href=\"https:\/\/www.jovenesnucleares.org\/blog\/contacto\/colabora-con-nosotros\" target=\"_blank\" data-cp-link=\"1\" data-icon=\"\" rel=\"noopener\">Escr\u00edbenos<\/a><\/div>\n<\/div>\n<\/div>\n<\/div>\n<div  class=\"space-bottom space-top col-xs-12\" data-type=\"column\">\n<h4  class=\"\">Colabora con nosotros<\/h4>\n<p  class=\"\">\u00bfQuieres que acerquemos la tecnolog\u00eda nuclear a los m\u00e1s peques o no tan peques?<\/p>\n<p  class=\"\">\u00bfTe gustar\u00eda colaborar dando charlas en tu centro o asociaci\u00f3n?<\/p>\n\n<\/div>\n<\/div>\n<\/div>\n<!-- SEPARACION ENTRE LAS DOS CAJAS -->\n\n<!-- SEPARACION ENTRE LAS DOS CAJAS -->\n<div  class=\"col-xs-12 col-sm-4 text-center col-md-4 \">\n<div  class=\"card no-padding bottom-border-color1 no-shadow\">\n<div  data-hover-fx=\"portfolio-3\" class=\"contentswap-effect\">\n<div  class=\"initial-image\"><img  decoding=\"async\" data-size=\"500x333\" src=\"https:\/\/www.jovenesnucleares.org\/blog\/wp-content\/uploads\/2022\/02\/cropped-cropped-Untitled-3.jpg\"><\/div>\n<div  class=\"overlay bg-color6\"><\/div>\n<div  class=\"swap-inner col-xs-12\">\n<div  class=\"row full-height-row middle-xs middle-sm\">\n<div  class=\"col-xs-12 text-center content-holder\"><a  class=\"button small color1\" href=\"https:\/\/www.jovenesnucleares.org\/blog\/contacto\/contacta-con-nosotros\" target=\"_blank\" data-cp-link=\"1\" data-icon=\"\" rel=\"noopener\">Escr\u00edbenos<\/a><\/div>\n<\/div>\n<\/div>\n<\/div>\n<div  class=\"space-bottom space-top col-xs-12\" data-type=\"column\">\n<h4  class=\"\">Contacta con nosotros<\/h4>\n<p  class=\"\">Cont\u00e1ctanos para apariciones en medios de comunicaci\u00f3n o art\u00edculos<\/p>\n<p  class=\"\">\u00bfQuieres colaborar con nuestro equipo de redes?<\/p>\n\n<\/div>\n<\/div>\n<\/div>\n<\/div>\n<div  class=\"row\">\n<div  data-type=\"column\" class=\"col-xs-12 text-center\">\n<h3  class=\"\"><span  style=\"font-family: 'Open Sans', Helvetica, Arial, sans-serif; font-size: 19.2px; font-weight: 300;\">Para cualquier otro tema, puedes escribirnos al correo electr\u00f3nico general:<\/span><br  style=\"font-family: 'Open Sans', Helvetica, Arial, sans-serif; font-size: 19.2px; font-weight: 300;\"><a  href=\"mailto:correo@jovenesnucleares.org\" target=\"_blank\" rel=\"noopener\" data-cp-link=\"1\"><span  style=\"font-family: 'Open Sans', Helvetica, Arial, sans-serif; font-size: 19.2px; font-weight: 300; font-style: italic;\">correo@jovenesnucleares.org<\/span><\/a><\/h3>\n<\/div>\n<\/div>\n<\/div>\n<\/div>","protected":false},"excerpt":{"rendered":"<p>\u00bfQu\u00e9 quieres contarnos? Trataremos de atenderte lo antes posible Escr\u00edbenos Colabora con nosotros \u00bfQuieres que acerquemos la tecnolog\u00eda nuclear a los m\u00e1s peques o no tan peques? \u00bfTe gustar\u00eda colaborar dando charlas en tu centro o asociaci\u00f3n? Escr\u00edbenos Contacta con nosotros Cont\u00e1ctanos para apariciones en medios de comunicaci\u00f3n o art\u00edculos \u00bfQuieres colaborar con nuestro equipo&hellip; <br \/> <a class=\"read-more\" href=\"https:\/\/www.jovenesnucleares.org\/blog\/contacto\/\">Read more<\/a><\/p>\n","protected":false},"author":1,"featured_media":0,"parent":0,"menu_order":0,"comment_status":"closed","ping_status":"closed","template":"pro\/page-templates\/full-width-page.php","meta":{"footnotes":""},"class_list":["post-5536","page","type-page","status-publish","hentry"],"yoast_head":"<!-- This site is optimized with the Yoast SEO plugin v27.4 - https:\/\/yoast.com\/product\/yoast-seo-wordpress\/ -->\n<title>Contacto - J\u00f3venes Nucleares<\/title>\n<meta name=\"robots\" content=\"index, follow, max-snippet:-1, max-image-preview:large, max-video-preview:-1\" \/>\n<link rel=\"canonical\" href=\"https:\/\/www.jovenesnucleares.org\/blog\/contacto\/\" \/>\n<meta property=\"og:locale\" content=\"es_ES\" \/>\n<meta property=\"og:type\" content=\"article\" \/>\n<meta property=\"og:title\" content=\"Contacto - J\u00f3venes Nucleares\" \/>\n<meta property=\"og:description\" content=\"\u00bfQu\u00e9 quieres contarnos? Trataremos de atenderte lo antes posible Escr\u00edbenos Colabora con nosotros \u00bfQuieres que acerquemos la tecnolog\u00eda nuclear a los m\u00e1s peques o no tan peques? \u00bfTe gustar\u00eda colaborar dando charlas en tu centro o asociaci\u00f3n? Escr\u00edbenos Contacta con nosotros Cont\u00e1ctanos para apariciones en medios de comunicaci\u00f3n o art\u00edculos \u00bfQuieres colaborar con nuestro equipo&hellip; Read more\" \/>\n<meta property=\"og:url\" content=\"https:\/\/www.jovenesnucleares.org\/blog\/contacto\/\" \/>\n<meta property=\"og:site_name\" content=\"J\u00f3venes Nucleares\" \/>\n<meta property=\"article:publisher\" content=\"https:\/\/www.facebook.com\/JovenesNucleares\" \/>\n<meta property=\"article:modified_time\" content=\"2025-12-22T10:54:29+00:00\" \/>\n<meta property=\"og:image\" content=\"https:\/\/www.jovenesnucleares.org\/blog\/wp-content\/uploads\/2022\/02\/cropped-Ilustraciones-JJNN-copy-sentadito.jpg\" \/>\n<meta name=\"twitter:card\" content=\"summary_large_image\" \/>\n<meta name=\"twitter:site\" content=\"@jjnucleares\" \/>\n<script type=\"application\/ld+json\" class=\"yoast-schema-graph\">{\"@context\":\"https:\\\/\\\/schema.org\",\"@graph\":[{\"@type\":\"WebPage\",\"@id\":\"https:\\\/\\\/www.jovenesnucleares.org\\\/blog\\\/contacto\\\/\",\"url\":\"https:\\\/\\\/www.jovenesnucleares.org\\\/blog\\\/contacto\\\/\",\"name\":\"Contacto - J\u00f3venes Nucleares\",\"isPartOf\":{\"@id\":\"https:\\\/\\\/www.jovenesnucleares.org\\\/blog\\\/#website\"},\"primaryImageOfPage\":{\"@id\":\"https:\\\/\\\/www.jovenesnucleares.org\\\/blog\\\/contacto\\\/#primaryimage\"},\"image\":{\"@id\":\"https:\\\/\\\/www.jovenesnucleares.org\\\/blog\\\/contacto\\\/#primaryimage\"},\"thumbnailUrl\":\"https:\\\/\\\/www.jovenesnucleares.org\\\/blog\\\/wp-content\\\/uploads\\\/2022\\\/02\\\/cropped-Ilustraciones-JJNN-copy-sentadito.jpg\",\"datePublished\":\"2022-01-13T18:08:39+00:00\",\"dateModified\":\"2025-12-22T10:54:29+00:00\",\"breadcrumb\":{\"@id\":\"https:\\\/\\\/www.jovenesnucleares.org\\\/blog\\\/contacto\\\/#breadcrumb\"},\"inLanguage\":\"es\",\"potentialAction\":[{\"@type\":\"ReadAction\",\"target\":[\"https:\\\/\\\/www.jovenesnucleares.org\\\/blog\\\/contacto\\\/\"]}]},{\"@type\":\"ImageObject\",\"inLanguage\":\"es\",\"@id\":\"https:\\\/\\\/www.jovenesnucleares.org\\\/blog\\\/contacto\\\/#primaryimage\",\"url\":\"https:\\\/\\\/www.jovenesnucleares.org\\\/blog\\\/wp-content\\\/uploads\\\/2022\\\/02\\\/cropped-Ilustraciones-JJNN-copy-sentadito.jpg\",\"contentUrl\":\"https:\\\/\\\/www.jovenesnucleares.org\\\/blog\\\/wp-content\\\/uploads\\\/2022\\\/02\\\/cropped-Ilustraciones-JJNN-copy-sentadito.jpg\"},{\"@type\":\"BreadcrumbList\",\"@id\":\"https:\\\/\\\/www.jovenesnucleares.org\\\/blog\\\/contacto\\\/#breadcrumb\",\"itemListElement\":[{\"@type\":\"ListItem\",\"position\":1,\"name\":\"Portada\",\"item\":\"https:\\\/\\\/www.jovenesnucleares.org\\\/blog\\\/\"},{\"@type\":\"ListItem\",\"position\":2,\"name\":\"Contacto\"}]},{\"@type\":\"WebSite\",\"@id\":\"https:\\\/\\\/www.jovenesnucleares.org\\\/blog\\\/#website\",\"url\":\"https:\\\/\\\/www.jovenesnucleares.org\\\/blog\\\/\",\"name\":\"J\u00f3venes Nucleares\",\"description\":\"Divulgaci\u00f3n de Ciencia y Tecnolog\u00eda Nuclear\",\"publisher\":{\"@id\":\"https:\\\/\\\/www.jovenesnucleares.org\\\/blog\\\/#organization\"},\"potentialAction\":[{\"@type\":\"SearchAction\",\"target\":{\"@type\":\"EntryPoint\",\"urlTemplate\":\"https:\\\/\\\/www.jovenesnucleares.org\\\/blog\\\/?s={search_term_string}\"},\"query-input\":{\"@type\":\"PropertyValueSpecification\",\"valueRequired\":true,\"valueName\":\"search_term_string\"}}],\"inLanguage\":\"es\"},{\"@type\":\"Organization\",\"@id\":\"https:\\\/\\\/www.jovenesnucleares.org\\\/blog\\\/#organization\",\"name\":\"J\u00f3venes Nucleares\",\"url\":\"https:\\\/\\\/www.jovenesnucleares.org\\\/blog\\\/\",\"logo\":{\"@type\":\"ImageObject\",\"inLanguage\":\"es\",\"@id\":\"https:\\\/\\\/www.jovenesnucleares.org\\\/blog\\\/#\\\/schema\\\/logo\\\/image\\\/\",\"url\":\"http:\\\/\\\/www.jovenesnucleares.org\\\/blog\\\/wp-content\\\/uploads\\\/2022\\\/01\\\/cropped-Logo-JJNN-principal-125px.png\",\"contentUrl\":\"http:\\\/\\\/www.jovenesnucleares.org\\\/blog\\\/wp-content\\\/uploads\\\/2022\\\/01\\\/cropped-Logo-JJNN-principal-125px.png\",\"width\":170,\"height\":70,\"caption\":\"J\u00f3venes Nucleares\"},\"image\":{\"@id\":\"https:\\\/\\\/www.jovenesnucleares.org\\\/blog\\\/#\\\/schema\\\/logo\\\/image\\\/\"},\"sameAs\":[\"https:\\\/\\\/www.facebook.com\\\/JovenesNucleares\",\"https:\\\/\\\/x.com\\\/jjnucleares\",\"https:\\\/\\\/www.instagram.com\\\/jjnucleares\\\/\",\"https:\\\/\\\/www.linkedin.com\\\/company\\\/jovenesnucleares\\\/\",\"https:\\\/\\\/www.youtube.com\\\/c\\\/JovenesNuclearesSNE\",\"https:\\\/\\\/es.wikipedia.org\\\/wiki\\\/Jovenes_Nucleares\"]}]}<\/script>\n<!-- \/ Yoast SEO plugin. -->","yoast_head_json":{"title":"Contacto - J\u00f3venes Nucleares","robots":{"index":"index","follow":"follow","max-snippet":"max-snippet:-1","max-image-preview":"max-image-preview:large","max-video-preview":"max-video-preview:-1"},"canonical":"https:\/\/www.jovenesnucleares.org\/blog\/contacto\/","og_locale":"es_ES","og_type":"article","og_title":"Contacto - J\u00f3venes Nucleares","og_description":"\u00bfQu\u00e9 quieres contarnos? Trataremos de atenderte lo antes posible Escr\u00edbenos Colabora con nosotros \u00bfQuieres que acerquemos la tecnolog\u00eda nuclear a los m\u00e1s peques o no tan peques? \u00bfTe gustar\u00eda colaborar dando charlas en tu centro o asociaci\u00f3n? Escr\u00edbenos Contacta con nosotros Cont\u00e1ctanos para apariciones en medios de comunicaci\u00f3n o art\u00edculos \u00bfQuieres colaborar con nuestro equipo&hellip; Read more","og_url":"https:\/\/www.jovenesnucleares.org\/blog\/contacto\/","og_site_name":"J\u00f3venes Nucleares","article_publisher":"https:\/\/www.facebook.com\/JovenesNucleares","article_modified_time":"2025-12-22T10:54:29+00:00","og_image":[{"url":"https:\/\/www.jovenesnucleares.org\/blog\/wp-content\/uploads\/2022\/02\/cropped-Ilustraciones-JJNN-copy-sentadito.jpg","type":"","width":"","height":""}],"twitter_card":"summary_large_image","twitter_site":"@jjnucleares","schema":{"@context":"https:\/\/schema.org","@graph":[{"@type":"WebPage","@id":"https:\/\/www.jovenesnucleares.org\/blog\/contacto\/","url":"https:\/\/www.jovenesnucleares.org\/blog\/contacto\/","name":"Contacto - J\u00f3venes Nucleares","isPartOf":{"@id":"https:\/\/www.jovenesnucleares.org\/blog\/#website"},"primaryImageOfPage":{"@id":"https:\/\/www.jovenesnucleares.org\/blog\/contacto\/#primaryimage"},"image":{"@id":"https:\/\/www.jovenesnucleares.org\/blog\/contacto\/#primaryimage"},"thumbnailUrl":"https:\/\/www.jovenesnucleares.org\/blog\/wp-content\/uploads\/2022\/02\/cropped-Ilustraciones-JJNN-copy-sentadito.jpg","datePublished":"2022-01-13T18:08:39+00:00","dateModified":"2025-12-22T10:54:29+00:00","breadcrumb":{"@id":"https:\/\/www.jovenesnucleares.org\/blog\/contacto\/#breadcrumb"},"inLanguage":"es","potentialAction":[{"@type":"ReadAction","target":["https:\/\/www.jovenesnucleares.org\/blog\/contacto\/"]}]},{"@type":"ImageObject","inLanguage":"es","@id":"https:\/\/www.jovenesnucleares.org\/blog\/contacto\/#primaryimage","url":"https:\/\/www.jovenesnucleares.org\/blog\/wp-content\/uploads\/2022\/02\/cropped-Ilustraciones-JJNN-copy-sentadito.jpg","contentUrl":"https:\/\/www.jovenesnucleares.org\/blog\/wp-content\/uploads\/2022\/02\/cropped-Ilustraciones-JJNN-copy-sentadito.jpg"},{"@type":"BreadcrumbList","@id":"https:\/\/www.jovenesnucleares.org\/blog\/contacto\/#breadcrumb","itemListElement":[{"@type":"ListItem","position":1,"name":"Portada","item":"https:\/\/www.jovenesnucleares.org\/blog\/"},{"@type":"ListItem","position":2,"name":"Contacto"}]},{"@type":"WebSite","@id":"https:\/\/www.jovenesnucleares.org\/blog\/#website","url":"https:\/\/www.jovenesnucleares.org\/blog\/","name":"J\u00f3venes Nucleares","description":"Divulgaci\u00f3n de Ciencia y Tecnolog\u00eda Nuclear","publisher":{"@id":"https:\/\/www.jovenesnucleares.org\/blog\/#organization"},"potentialAction":[{"@type":"SearchAction","target":{"@type":"EntryPoint","urlTemplate":"https:\/\/www.jovenesnucleares.org\/blog\/?s={search_term_string}"},"query-input":{"@type":"PropertyValueSpecification","valueRequired":true,"valueName":"search_term_string"}}],"inLanguage":"es"},{"@type":"Organization","@id":"https:\/\/www.jovenesnucleares.org\/blog\/#organization","name":"J\u00f3venes Nucleares","url":"https:\/\/www.jovenesnucleares.org\/blog\/","logo":{"@type":"ImageObject","inLanguage":"es","@id":"https:\/\/www.jovenesnucleares.org\/blog\/#\/schema\/logo\/image\/","url":"http:\/\/www.jovenesnucleares.org\/blog\/wp-content\/uploads\/2022\/01\/cropped-Logo-JJNN-principal-125px.png","contentUrl":"http:\/\/www.jovenesnucleares.org\/blog\/wp-content\/uploads\/2022\/01\/cropped-Logo-JJNN-principal-125px.png","width":170,"height":70,"caption":"J\u00f3venes Nucleares"},"image":{"@id":"https:\/\/www.jovenesnucleares.org\/blog\/#\/schema\/logo\/image\/"},"sameAs":["https:\/\/www.facebook.com\/JovenesNucleares","https:\/\/x.com\/jjnucleares","https:\/\/www.instagram.com\/jjnucleares\/","https:\/\/www.linkedin.com\/company\/jovenesnucleares\/","https:\/\/www.youtube.com\/c\/JovenesNuclearesSNE","https:\/\/es.wikipedia.org\/wiki\/Jovenes_Nucleares"]}]}},"post_mailing_queue_ids":[],"_links":{"self":[{"href":"https:\/\/www.jovenesnucleares.org\/blog\/wp-json\/wp\/v2\/pages\/5536","targetHints":{"allow":["GET"]}}],"collection":[{"href":"https:\/\/www.jovenesnucleares.org\/blog\/wp-json\/wp\/v2\/pages"}],"about":[{"href":"https:\/\/www.jovenesnucleares.org\/blog\/wp-json\/wp\/v2\/types\/page"}],"author":[{"embeddable":true,"href":"https:\/\/www.jovenesnucleares.org\/blog\/wp-json\/wp\/v2\/users\/1"}],"replies":[{"embeddable":true,"href":"https:\/\/www.jovenesnucleares.org\/blog\/wp-json\/wp\/v2\/comments?post=5536"}],"version-history":[{"count":5,"href":"https:\/\/www.jovenesnucleares.org\/blog\/wp-json\/wp\/v2\/pages\/5536\/revisions"}],"predecessor-version":[{"id":7636,"href":"https:\/\/www.jovenesnucleares.org\/blog\/wp-json\/wp\/v2\/pages\/5536\/revisions\/7636"}],"wp:attachment":[{"href":"https:\/\/www.jovenesnucleares.org\/blog\/wp-json\/wp\/v2\/media?parent=5536"}],"curies":[{"name":"wp","href":"https:\/\/api.w.org\/{rel}","templated":true}]}}