{"id":5541,"date":"2022-01-13T20:35:15","date_gmt":"2022-01-13T18:35:15","guid":{"rendered":"http:\/\/www.jovenesnucleares.org\/blog\/?page_id=5541"},"modified":"2025-12-22T13:49:59","modified_gmt":"2025-12-22T11:49:59","slug":"colabora-con-nosotros","status":"publish","type":"page","link":"https:\/\/www.jovenesnucleares.org\/blog\/contacto\/colabora-con-nosotros\/","title":{"rendered":"Colabora con nosotros"},"content":{"rendered":"<div id=\"initial-content-section\" class=\"content-section content-section-spacing\" data-id=\"initial-content-section\" data-export-id=\"initial-content-section\" data-label=\"Initial Content\">\r\n<div class=\"gridContainer\" style=\"text-align: left;\">\r\n<div class=\"row\">\r\n<div class=\"col-xs-12 col-sm-12\">\r\n<p style=\"text-align: left;\">Hace ya m\u00e1s de 25 a\u00f1os que desde J\u00f3venes Nucleares tenemos como principal objetivo la difusi\u00f3n de conocimientos sobre energ\u00eda nuclear y otras aplicaciones de las radiaciones ionizantes, se\u00f1alando el papel que juega esta industria en el bienestar de nuestra sociedad.<\/p>\r\nEntre nuestra labor divulgativa est\u00e1n los cursos b\u00e1sicos en universidades, participaci\u00f3n en eventos cient\u00edficos como Pint of Science y charlas de divulgaci\u00f3n que llevamos a institutos, colegios y centros de formaci\u00f3n profesional.\r\n<p style=\"text-align: left;\">Si est\u00e1s leyendo esto, nos alegra saber que compartes nuestra pasi\u00f3n por la divulgaci\u00f3n cient\u00edfica y la educaci\u00f3n. Si est\u00e1s interesado en acercar esta tecnolog\u00eda a los m\u00e1s peque\u00f1os o a cualquier\u00a0 grupo de edad, ofrecemos charlas en centros educativos, puedes ser ponente con nosotros a trav\u00e9s del siguiente <a href=\"https:\/\/docs.google.com\/forms\/d\/e\/1FAIpQLSeq2COGURPysEcfwjOYcDgNifW_wZOkSeADYjQrPr-rFMGv4Q\/viewform\" target=\"_blank\" rel=\"noopener\">formulario<\/a>.<\/p>\r\n<p style=\"text-align: left;\">Si tienes cualquier otro requerimiento, \u00a1No dudes en contactarnos para ver c\u00f3mo podemos ayudarte! Puedes hacerlo a trav\u00e9s de\u00a0<a href=\"mailto:charlas@jovenesnucleares.org\" data-cp-link=\"1\">charlas@jovenesnucleares.org.<\/a><\/p>\r\n<p style=\"text-align: center;\">Juntos podemos marcar la diferencia y construir un futuro m\u00e1s brillante a trav\u00e9s del conocimiento y la educaci\u00f3n.<\/p>\r\n\r\n\r\n<hr \/>\r\n\r\n<!-- TODO: Move to Template File. -->\r\n\r\n<\/div>\r\n<\/div>\r\n<\/div>\r\n<\/div>","protected":false},"excerpt":{"rendered":"<p>Hace ya m\u00e1s de 25 a\u00f1os que desde J\u00f3venes Nucleares tenemos como principal objetivo la difusi\u00f3n de conocimientos sobre energ\u00eda nuclear y otras aplicaciones de las radiaciones ionizantes, se\u00f1alando el papel que juega esta industria en el bienestar de nuestra sociedad. Entre nuestra labor divulgativa est\u00e1n los cursos b\u00e1sicos en universidades, participaci\u00f3n en eventos cient\u00edficos&hellip; <br \/> <a class=\"read-more\" href=\"https:\/\/www.jovenesnucleares.org\/blog\/contacto\/colabora-con-nosotros\/\">Read more<\/a><\/p>\n","protected":false},"author":1,"featured_media":0,"parent":5536,"menu_order":0,"comment_status":"closed","ping_status":"closed","template":"","meta":{"footnotes":""},"class_list":["post-5541","page","type-page","status-publish","hentry"],"yoast_head":"<!-- This site is optimized with the Yoast SEO plugin v27.4 - https:\/\/yoast.com\/product\/yoast-seo-wordpress\/ -->\n<title>Colabora con nosotros - J\u00f3venes Nucleares<\/title>\n<meta name=\"robots\" content=\"index, follow, max-snippet:-1, max-image-preview:large, max-video-preview:-1\" \/>\n<link rel=\"canonical\" href=\"https:\/\/www.jovenesnucleares.org\/blog\/contacto\/colabora-con-nosotros\/\" \/>\n<meta property=\"og:locale\" content=\"es_ES\" \/>\n<meta property=\"og:type\" content=\"article\" \/>\n<meta property=\"og:title\" content=\"Colabora con nosotros - J\u00f3venes Nucleares\" \/>\n<meta property=\"og:description\" content=\"Hace ya m\u00e1s de 25 a\u00f1os que desde J\u00f3venes Nucleares tenemos como principal objetivo la difusi\u00f3n de conocimientos sobre energ\u00eda nuclear y otras aplicaciones de las radiaciones ionizantes, se\u00f1alando el papel que juega esta industria en el bienestar de nuestra sociedad. Entre nuestra labor divulgativa est\u00e1n los cursos b\u00e1sicos en universidades, participaci\u00f3n en eventos cient\u00edficos&hellip; Read more\" \/>\n<meta property=\"og:url\" content=\"https:\/\/www.jovenesnucleares.org\/blog\/contacto\/colabora-con-nosotros\/\" \/>\n<meta property=\"og:site_name\" content=\"J\u00f3venes Nucleares\" \/>\n<meta property=\"article:publisher\" content=\"https:\/\/www.facebook.com\/JovenesNucleares\" \/>\n<meta property=\"article:modified_time\" content=\"2025-12-22T11:49:59+00:00\" \/>\n<meta property=\"og:image\" content=\"https:\/\/www.jovenesnucleares.org\/blog\/wp-content\/uploads\/2021\/09\/cropped-Logo-JJNN-sec3-250px.png\" \/>\n\t<meta property=\"og:image:width\" content=\"512\" \/>\n\t<meta property=\"og:image:height\" content=\"512\" \/>\n\t<meta property=\"og:image:type\" content=\"image\/png\" \/>\n<meta name=\"twitter:card\" content=\"summary_large_image\" \/>\n<meta name=\"twitter:site\" content=\"@jjnucleares\" \/>\n<meta name=\"twitter:label1\" content=\"Tiempo de lectura\" \/>\n\t<meta name=\"twitter:data1\" content=\"1 minuto\" \/>\n<script type=\"application\/ld+json\" class=\"yoast-schema-graph\">{\"@context\":\"https:\\\/\\\/schema.org\",\"@graph\":[{\"@type\":\"WebPage\",\"@id\":\"https:\\\/\\\/www.jovenesnucleares.org\\\/blog\\\/contacto\\\/colabora-con-nosotros\\\/\",\"url\":\"https:\\\/\\\/www.jovenesnucleares.org\\\/blog\\\/contacto\\\/colabora-con-nosotros\\\/\",\"name\":\"Colabora con nosotros - J\u00f3venes Nucleares\",\"isPartOf\":{\"@id\":\"https:\\\/\\\/www.jovenesnucleares.org\\\/blog\\\/#website\"},\"datePublished\":\"2022-01-13T18:35:15+00:00\",\"dateModified\":\"2025-12-22T11:49:59+00:00\",\"breadcrumb\":{\"@id\":\"https:\\\/\\\/www.jovenesnucleares.org\\\/blog\\\/contacto\\\/colabora-con-nosotros\\\/#breadcrumb\"},\"inLanguage\":\"es\",\"potentialAction\":[{\"@type\":\"ReadAction\",\"target\":[\"https:\\\/\\\/www.jovenesnucleares.org\\\/blog\\\/contacto\\\/colabora-con-nosotros\\\/\"]}]},{\"@type\":\"BreadcrumbList\",\"@id\":\"https:\\\/\\\/www.jovenesnucleares.org\\\/blog\\\/contacto\\\/colabora-con-nosotros\\\/#breadcrumb\",\"itemListElement\":[{\"@type\":\"ListItem\",\"position\":1,\"name\":\"Portada\",\"item\":\"https:\\\/\\\/www.jovenesnucleares.org\\\/blog\\\/\"},{\"@type\":\"ListItem\",\"position\":2,\"name\":\"Contacto\",\"item\":\"https:\\\/\\\/www.jovenesnucleares.org\\\/blog\\\/contacto\\\/\"},{\"@type\":\"ListItem\",\"position\":3,\"name\":\"Colabora con nosotros\"}]},{\"@type\":\"WebSite\",\"@id\":\"https:\\\/\\\/www.jovenesnucleares.org\\\/blog\\\/#website\",\"url\":\"https:\\\/\\\/www.jovenesnucleares.org\\\/blog\\\/\",\"name\":\"J\u00f3venes Nucleares\",\"description\":\"Divulgaci\u00f3n de Ciencia y Tecnolog\u00eda Nuclear\",\"publisher\":{\"@id\":\"https:\\\/\\\/www.jovenesnucleares.org\\\/blog\\\/#organization\"},\"potentialAction\":[{\"@type\":\"SearchAction\",\"target\":{\"@type\":\"EntryPoint\",\"urlTemplate\":\"https:\\\/\\\/www.jovenesnucleares.org\\\/blog\\\/?s={search_term_string}\"},\"query-input\":{\"@type\":\"PropertyValueSpecification\",\"valueRequired\":true,\"valueName\":\"search_term_string\"}}],\"inLanguage\":\"es\"},{\"@type\":\"Organization\",\"@id\":\"https:\\\/\\\/www.jovenesnucleares.org\\\/blog\\\/#organization\",\"name\":\"J\u00f3venes Nucleares\",\"url\":\"https:\\\/\\\/www.jovenesnucleares.org\\\/blog\\\/\",\"logo\":{\"@type\":\"ImageObject\",\"inLanguage\":\"es\",\"@id\":\"https:\\\/\\\/www.jovenesnucleares.org\\\/blog\\\/#\\\/schema\\\/logo\\\/image\\\/\",\"url\":\"http:\\\/\\\/www.jovenesnucleares.org\\\/blog\\\/wp-content\\\/uploads\\\/2022\\\/01\\\/cropped-Logo-JJNN-principal-125px.png\",\"contentUrl\":\"http:\\\/\\\/www.jovenesnucleares.org\\\/blog\\\/wp-content\\\/uploads\\\/2022\\\/01\\\/cropped-Logo-JJNN-principal-125px.png\",\"width\":170,\"height\":70,\"caption\":\"J\u00f3venes Nucleares\"},\"image\":{\"@id\":\"https:\\\/\\\/www.jovenesnucleares.org\\\/blog\\\/#\\\/schema\\\/logo\\\/image\\\/\"},\"sameAs\":[\"https:\\\/\\\/www.facebook.com\\\/JovenesNucleares\",\"https:\\\/\\\/x.com\\\/jjnucleares\",\"https:\\\/\\\/www.instagram.com\\\/jjnucleares\\\/\",\"https:\\\/\\\/www.linkedin.com\\\/company\\\/jovenesnucleares\\\/\",\"https:\\\/\\\/www.youtube.com\\\/c\\\/JovenesNuclearesSNE\",\"https:\\\/\\\/es.wikipedia.org\\\/wiki\\\/Jovenes_Nucleares\"]}]}<\/script>\n<!-- \/ Yoast SEO plugin. -->","yoast_head_json":{"title":"Colabora con nosotros - J\u00f3venes Nucleares","robots":{"index":"index","follow":"follow","max-snippet":"max-snippet:-1","max-image-preview":"max-image-preview:large","max-video-preview":"max-video-preview:-1"},"canonical":"https:\/\/www.jovenesnucleares.org\/blog\/contacto\/colabora-con-nosotros\/","og_locale":"es_ES","og_type":"article","og_title":"Colabora con nosotros - J\u00f3venes Nucleares","og_description":"Hace ya m\u00e1s de 25 a\u00f1os que desde J\u00f3venes Nucleares tenemos como principal objetivo la difusi\u00f3n de conocimientos sobre energ\u00eda nuclear y otras aplicaciones de las radiaciones ionizantes, se\u00f1alando el papel que juega esta industria en el bienestar de nuestra sociedad. Entre nuestra labor divulgativa est\u00e1n los cursos b\u00e1sicos en universidades, participaci\u00f3n en eventos cient\u00edficos&hellip; Read more","og_url":"https:\/\/www.jovenesnucleares.org\/blog\/contacto\/colabora-con-nosotros\/","og_site_name":"J\u00f3venes Nucleares","article_publisher":"https:\/\/www.facebook.com\/JovenesNucleares","article_modified_time":"2025-12-22T11:49:59+00:00","og_image":[{"width":512,"height":512,"url":"https:\/\/www.jovenesnucleares.org\/blog\/wp-content\/uploads\/2021\/09\/cropped-Logo-JJNN-sec3-250px.png","type":"image\/png"}],"twitter_card":"summary_large_image","twitter_site":"@jjnucleares","twitter_misc":{"Tiempo de lectura":"1 minuto"},"schema":{"@context":"https:\/\/schema.org","@graph":[{"@type":"WebPage","@id":"https:\/\/www.jovenesnucleares.org\/blog\/contacto\/colabora-con-nosotros\/","url":"https:\/\/www.jovenesnucleares.org\/blog\/contacto\/colabora-con-nosotros\/","name":"Colabora con nosotros - J\u00f3venes Nucleares","isPartOf":{"@id":"https:\/\/www.jovenesnucleares.org\/blog\/#website"},"datePublished":"2022-01-13T18:35:15+00:00","dateModified":"2025-12-22T11:49:59+00:00","breadcrumb":{"@id":"https:\/\/www.jovenesnucleares.org\/blog\/contacto\/colabora-con-nosotros\/#breadcrumb"},"inLanguage":"es","potentialAction":[{"@type":"ReadAction","target":["https:\/\/www.jovenesnucleares.org\/blog\/contacto\/colabora-con-nosotros\/"]}]},{"@type":"BreadcrumbList","@id":"https:\/\/www.jovenesnucleares.org\/blog\/contacto\/colabora-con-nosotros\/#breadcrumb","itemListElement":[{"@type":"ListItem","position":1,"name":"Portada","item":"https:\/\/www.jovenesnucleares.org\/blog\/"},{"@type":"ListItem","position":2,"name":"Contacto","item":"https:\/\/www.jovenesnucleares.org\/blog\/contacto\/"},{"@type":"ListItem","position":3,"name":"Colabora con nosotros"}]},{"@type":"WebSite","@id":"https:\/\/www.jovenesnucleares.org\/blog\/#website","url":"https:\/\/www.jovenesnucleares.org\/blog\/","name":"J\u00f3venes Nucleares","description":"Divulgaci\u00f3n de Ciencia y Tecnolog\u00eda Nuclear","publisher":{"@id":"https:\/\/www.jovenesnucleares.org\/blog\/#organization"},"potentialAction":[{"@type":"SearchAction","target":{"@type":"EntryPoint","urlTemplate":"https:\/\/www.jovenesnucleares.org\/blog\/?s={search_term_string}"},"query-input":{"@type":"PropertyValueSpecification","valueRequired":true,"valueName":"search_term_string"}}],"inLanguage":"es"},{"@type":"Organization","@id":"https:\/\/www.jovenesnucleares.org\/blog\/#organization","name":"J\u00f3venes Nucleares","url":"https:\/\/www.jovenesnucleares.org\/blog\/","logo":{"@type":"ImageObject","inLanguage":"es","@id":"https:\/\/www.jovenesnucleares.org\/blog\/#\/schema\/logo\/image\/","url":"http:\/\/www.jovenesnucleares.org\/blog\/wp-content\/uploads\/2022\/01\/cropped-Logo-JJNN-principal-125px.png","contentUrl":"http:\/\/www.jovenesnucleares.org\/blog\/wp-content\/uploads\/2022\/01\/cropped-Logo-JJNN-principal-125px.png","width":170,"height":70,"caption":"J\u00f3venes Nucleares"},"image":{"@id":"https:\/\/www.jovenesnucleares.org\/blog\/#\/schema\/logo\/image\/"},"sameAs":["https:\/\/www.facebook.com\/JovenesNucleares","https:\/\/x.com\/jjnucleares","https:\/\/www.instagram.com\/jjnucleares\/","https:\/\/www.linkedin.com\/company\/jovenesnucleares\/","https:\/\/www.youtube.com\/c\/JovenesNuclearesSNE","https:\/\/es.wikipedia.org\/wiki\/Jovenes_Nucleares"]}]}},"post_mailing_queue_ids":[],"_links":{"self":[{"href":"https:\/\/www.jovenesnucleares.org\/blog\/wp-json\/wp\/v2\/pages\/5541","targetHints":{"allow":["GET"]}}],"collection":[{"href":"https:\/\/www.jovenesnucleares.org\/blog\/wp-json\/wp\/v2\/pages"}],"about":[{"href":"https:\/\/www.jovenesnucleares.org\/blog\/wp-json\/wp\/v2\/types\/page"}],"author":[{"embeddable":true,"href":"https:\/\/www.jovenesnucleares.org\/blog\/wp-json\/wp\/v2\/users\/1"}],"replies":[{"embeddable":true,"href":"https:\/\/www.jovenesnucleares.org\/blog\/wp-json\/wp\/v2\/comments?post=5541"}],"version-history":[{"count":5,"href":"https:\/\/www.jovenesnucleares.org\/blog\/wp-json\/wp\/v2\/pages\/5541\/revisions"}],"predecessor-version":[{"id":7655,"href":"https:\/\/www.jovenesnucleares.org\/blog\/wp-json\/wp\/v2\/pages\/5541\/revisions\/7655"}],"up":[{"embeddable":true,"href":"https:\/\/www.jovenesnucleares.org\/blog\/wp-json\/wp\/v2\/pages\/5536"}],"wp:attachment":[{"href":"https:\/\/www.jovenesnucleares.org\/blog\/wp-json\/wp\/v2\/media?parent=5541"}],"curies":[{"name":"wp","href":"https:\/\/api.w.org\/{rel}","templated":true}]}}