{"id":5556,"date":"2022-01-13T21:01:01","date_gmt":"2022-01-13T19:01:01","guid":{"rendered":"http:\/\/www.jovenesnucleares.org\/blog\/?page_id=5556"},"modified":"2026-03-04T18:54:30","modified_gmt":"2026-03-04T16:54:30","slug":"junta-directiva","status":"publish","type":"page","link":"https:\/\/www.jovenesnucleares.org\/blog\/quienes-somos\/junta-directiva\/","title":{"rendered":"Junta Directiva"},"content":{"rendered":"<div  data-label=\"Team\" data-id=\"team--1\" data-export-id=\"team-5\" data-category=\"team\" class=\"team-5 content-section content-section-spacing\" id=\"team-1\" style=\"background-color: #ffffff;\">\n<div  class=\"gridContainer\">\n<div  class=\"row spaced-cols content-center-sm center-sm\" data-type=\"row\">\n<div  class=\"col-xs-12 col-sm-6 col-padding col-md-6\">\n<div  class=\"row \">\n<div  data-type=\"column\" class=\"col-xs-12 col-sm-12\">\n\n<img  decoding=\"async\" class=\"round face\" src=\"http:\/\/www.jovenesnucleares.org\/blog\/wp-content\/uploads\/2023\/02\/cropped-WhatsApp-Image-2023-02-26-at-20.14.56.jpeg\" title=\"Pau_Aragon\" alt=\"\">\n<h4  class=\"font-500\">Pau Arag\u00f3n Grabiel<\/h4>\n<p  class=\"\"><a  href=\"mailto:p.aragon@jovenesnucleares.org\" target=\"_self\" data-cp-link=\"1\" rel=\"noopener\">p.aragon@jovenesnucleares.org<\/a><\/p>\n<p  class=\"italic\">Presidente<\/p>\n\n<\/div>\n<\/div>\n<\/div>\n<div  class=\"col-xs-12 col-sm-6 col-padding col-md-6\">\n<div  class=\"row \">\n<div  data-type=\"column\" class=\"col-xs-12 col-sm-12\">\n\n<img  decoding=\"async\" class=\"round face\" src=\"http:\/\/www.jovenesnucleares.org\/blog\/wp-content\/uploads\/2023\/02\/cropped-20211022_183807-scaled-e1677517229268.jpg\" title=\"Miriam_Diaz\" alt=\"\">\n<h4  class=\"font-500\">Miriam D\u00edaz Hern\u00e1ndez<\/h4>\n<p  class=\"\"><a  href=\"mailto:m.diazo@jovenesnucleares.org\" target=\"_self\" data-cp-link=\"1\" rel=\"noopener\">m.diaz@jovenesnucleares.org<\/a><\/p>\n<p  class=\"italic\">Vicepresidenta<\/p>\n\n<\/div>\n<\/div>\n<\/div>\n<div  class=\"col-xs-12 col-sm-6 col-padding col-md-6\">\n<div  class=\"row \">\n<div  data-type=\"column\" class=\"col-xs-12 col-sm-12\">\n\n<img  decoding=\"async\" class=\"round face\" src=\"http:\/\/www.jovenesnucleares.org\/blog\/wp-content\/uploads\/2024\/03\/cropped-David_Alvarez_Romero.jpeg\" title=\"cropped-David_Alvarez_Romero.jpeg\" alt=\"\">\n<h4  class=\"font-500\">David \u00c1lvarez Romero<\/h4>\n<p  class=\"\"><a  href=\"mailto:d.alvarez@jovenesnucleares.org\" target=\"_self\" data-cp-link=\"1\" rel=\"noopener\">d.alvarez@jovenesnucleares.org<\/a><\/p>\n<p  class=\"italic\">Tesorer\u00eda<\/p>\n\n<\/div>\n<\/div>\n<\/div>\n<div  class=\"col-xs-12 col-sm-6 col-padding col-md-6 \">\n<div  class=\"row \">\n<div  data-type=\"column\" class=\"col-xs-12 col-sm-12\">\n\n<img  decoding=\"async\" class=\"round face\" src=\"http:\/\/www.jovenesnucleares.org\/blog\/wp-content\/uploads\/2026\/03\/cropped-WhatsApp-Image-2026-03-04-at-17.30.32.jpeg\" title=\"cropped-WhatsApp-Image-2026-03-04-at-17.30.32.jpeg\" alt=\"\">\n<h4  class=\"font-500\">Sof\u00eda Arfinengo del Carpio<\/h4>\n<p  class=\"\"><a  href=\"mailto:s.arfinengo@jovenesnucleares.org\" target=\"_self\" data-cp-link=\"1\" rel=\"noopener\">s.arfinengo@jovenesnucleares.org<\/a><\/p>\n<p  class=\"italic\">Transferencia de conocimiento<\/p>\n\n<\/div>\n<\/div>\n<\/div>\n<div  class=\"col-xs-12 col-sm-6 col-padding col-md-6\">\n<div  class=\"row \">\n<div  data-type=\"column\" class=\"col-xs-12 col-sm-12\">\n\n<img  decoding=\"async\" class=\"round face\" src=\"http:\/\/www.jovenesnucleares.org\/blog\/wp-content\/uploads\/2026\/03\/cropped-WhatsApp-Image-2026-03-03-at-11.20.42.jpeg\" title=\"cropped-WhatsApp-Image-2026-03-03-at-11.20.42.jpeg\" alt=\"\">\n<h4  class=\"font-500\">Abril Bes Monge<\/h4>\n<p  class=\"\"><a  href=\"mailto:a.bes@jovenesnucleares.org\">a.bes@jovenesnucleares.org<\/a><\/p>\n<p  class=\"italic\">Vocal<\/p>\n\n<\/div>\n<\/div>\n<\/div>\n<div  class=\"col-xs-12 col-sm-6 col-padding col-md-6\">\n<div  class=\"row \">\n<div  data-type=\"column\" class=\"col-xs-12 col-sm-12\">\n\n<img  decoding=\"async\" class=\"round face\" src=\"http:\/\/www.jovenesnucleares.org\/blog\/wp-content\/uploads\/2025\/02\/cropped-Beatriz-Chover-Diaz.jpg\" title=\"cropped-Beatriz-Chover-Diaz.jpg\" alt=\"\">\n<h4  class=\"font-500\">Beatriz Chover D\u00edaz<\/h4>\n<p  class=\"\"><a  href=\"mailto:b.chover@jovenesnucleares.org\" target=\"_self\" data-cp-link=\"1\" rel=\"noopener\">b.chover@jovenesnucleares.org<\/a><\/p>\n<p  class=\"italic\">Vocal<\/p>\n\n<\/div>\n<\/div>\n<\/div>\n<div  class=\"col-xs-12 col-sm-6 col-padding col-md-6\">\n<div  class=\"row \">\n<div  data-type=\"column\" class=\"col-xs-12 col-sm-12\">\n\n<img  decoding=\"async\" class=\"round face\" src=\"http:\/\/www.jovenesnucleares.org\/blog\/wp-content\/uploads\/2026\/03\/cropped-WhatsApp-Image-2026-03-04-at-17.30.31-1.jpeg\" title=\"cropped-WhatsApp-Image-2026-03-04-at-17.30.31-1.jpeg\" alt=\"\">\n<h4  class=\"font-500\">Cristina Rosario Domingo Jim\u00e9nez<\/h4>\n<p  class=\"\"><a  href=\"mailto:c.domingo@jovenesnucleares.org\">c.domingo@jovenesnucleares.org<\/a><\/p>\n<p  class=\"italic\">Co-responsable de Comunicaci\u00f3n<\/p>\n\n<\/div>\n<\/div>\n<\/div>\n<div  class=\"col-xs-12 col-sm-6 col-padding col-md-6\">\n<div  class=\"row \">\n<div  data-type=\"column\" class=\"col-xs-12 col-sm-12\">\n\n<img  decoding=\"async\" class=\"round face\" src=\"http:\/\/www.jovenesnucleares.org\/blog\/wp-content\/uploads\/2026\/03\/cropped-1697618067390.jpeg\" title=\"cropped-1697618067390.jpeg\" alt=\"\">\n<h4  class=\"font-500\">Carlota Gabicagogeascoa Cuesta<\/h4>\n<p  class=\"\"><a  href=\"mailto:c.gabica@jovenesnucleares.org\">c.gabica@jovenesnucleares.org<\/a><\/p>\n<p  class=\"italic\">Vocal<\/p>\n\n<\/div>\n<\/div>\n<\/div>\n<div  class=\"col-xs-12 col-sm-6 col-padding col-md-6\">\n<div  class=\"row \">\n<div  data-type=\"column\" class=\"col-xs-12 col-sm-12\">\n\n<img  decoding=\"async\" class=\"round face\" src=\"http:\/\/www.jovenesnucleares.org\/blog\/wp-content\/uploads\/2026\/03\/cropped-1748441373192.jpeg\" title=\"cropped-1748441373192.jpeg\" alt=\"\">\n<h4  class=\"font-500\">Alberto Garc\u00eda Herranz<\/h4>\n<p  class=\"\"><a  href=\"mailto:a.garcia@jovenesnucleares.org\">a.garcia@jovenesnucleares.org<\/a><\/p>\n<p  class=\"italic\">Vocal<\/p>\n\n<\/div>\n<\/div>\n<\/div>\n<div  class=\"col-xs-12 col-sm-6 col-padding col-md-6 \">\n<div  class=\"row \">\n<div  data-type=\"column\" class=\"col-xs-12 col-sm-12\">\n\n<img  decoding=\"async\" class=\"round face\" src=\"http:\/\/www.jovenesnucleares.org\/blog\/wp-content\/uploads\/2026\/03\/cropped-WhatsApp-Image-2026-03-04-at-17.30.32-1.jpeg\" title=\"cropped-WhatsApp-Image-2026-03-04-at-17.30.32-1.jpeg\" alt=\"\">\n<h4  class=\"font-500\">I\u00f1igo Gayo de Le\u00f3n<\/h4>\n<p  class=\"\"><a  href=\"mailto:i.gayo@jovenesnucleares.org\">i.gayo@jovenesnucleares.org<\/a><\/p>\n<p  class=\"italic\">Responsable de Nuclear en F\u00e1cil<\/p>\n\n<\/div>\n<\/div>\n<\/div>\n<div  class=\"col-xs-12 col-sm-6 col-padding col-md-6\">\n<div  class=\"row \">\n<div  data-type=\"column\" class=\"col-xs-12 col-sm-12\">\n\n<img  decoding=\"async\" class=\"round face\" src=\"http:\/\/www.jovenesnucleares.org\/blog\/wp-content\/uploads\/2025\/02\/cropped-cropped-Alberto-Gil-Cordero.jpg\" title=\"cropped-cropped-Alberto-Gil-Cordero.jpg\" alt=\"\">\n<h4  class=\"font-500\">Alberto Gil Cordero<\/h4>\n<p  class=\"\"><a  href=\"mailto:a.gil@jovenesnucleares.org\"><span  style=\"text-decoration: underline;\">a.gil@jovenesnucleares.org<\/span><\/a><\/p>\n<p  class=\"italic\">Vocal<\/p>\n\n<\/div>\n<\/div>\n<\/div>\n<div  class=\"col-xs-12 col-sm-6 col-padding col-md-6\">\n<div  class=\"row \">\n<div  data-type=\"column\" class=\"col-xs-12 col-sm-12\">\n\n<img  decoding=\"async\" class=\"round face\" src=\"http:\/\/www.jovenesnucleares.org\/blog\/wp-content\/uploads\/2026\/03\/cropped-cropped-WhatsApp-Image-2026-03-04-at-17.29.12.jpeg\" title=\"cropped-cropped-WhatsApp-Image-2026-03-04-at-17.29.12.jpeg\" alt=\"\">\n<h4  class=\"font-500\">\u00c1ngela Guill\u00e9n Mu\u00f1oz<\/h4>\n<p  class=\"\"><a  href=\"mailto:a.guillen@jovenesnucleares.org\">a.guillen@jovenesnucleares.org<\/a><\/p>\n<p  class=\"italic\">Co-responsable de Comunicaci\u00f3n<\/p>\n\n<\/div>\n<\/div>\n<\/div>\n<div  class=\"col-xs-12 col-sm-6 col-padding col-md-6 \">\n<div  class=\"row \">\n<div  data-type=\"column\" class=\"col-xs-12 col-sm-12\">\n\n<img  decoding=\"async\" class=\"round face\" src=\"http:\/\/www.jovenesnucleares.org\/blog\/wp-content\/uploads\/2025\/02\/cropped-Emilio-Mora-Rodriguez.png\" title=\"cropped-Emilio-Mora-Rodriguez.png\" alt=\"\">\n<h4  class=\"font-500\">Emilio Mora Rodr\u00edguez<\/h4>\n<p  class=\"\"><a  href=\"mailto:e.mora@jovenesnucleares.org\" target=\"_self\" data-cp-link=\"1\" rel=\"noopener\">e.mora@jovenesnucleares.org<\/a><\/p>\n<p  class=\"italic\">Coordinador Innovatom<\/p>\n\n<\/div>\n<\/div>\n<\/div>\n<div  class=\"col-xs-12 col-sm-6 col-padding col-md-6 \">\n<div  class=\"row \">\n<div  data-type=\"column\" class=\"col-xs-12 col-sm-12\">\n\n<img  decoding=\"async\" class=\"round face\" src=\"http:\/\/www.jovenesnucleares.org\/blog\/wp-content\/uploads\/2026\/03\/cropped-WhatsApp-Image-2026-03-04-at-17.30.46.jpeg\" title=\"cropped-WhatsApp-Image-2026-03-04-at-17.30.46.jpeg\" alt=\"\">\n<h4  class=\"font-500\">Paco Morales P\u00e9rez<\/h4>\n<p  class=\"\"><a  href=\"mailto:f.morales@jovenesnucleares.org\" target=\"_self\" data-cp-link=\"1\" rel=\"noopener\">f.morales@jovenesnucleares.org<\/a><\/p>\n<p  class=\"italic\">Coordinador de Actividades en Catalu\u00f1a (Equipo PROCAT)\n\n<br ><br >Coordinador de Visitas T\u00e9cnicas<\/p>\n\n<\/div>\n<\/div>\n<\/div>\n<div  class=\"col-xs-12 col-sm-6 col-padding col-md-6 \">\n<div  class=\"row \">\n<div  data-type=\"column\" class=\"col-xs-12 col-sm-12\">\n\n<img  decoding=\"async\" class=\"round face\" src=\"http:\/\/www.jovenesnucleares.org\/blog\/wp-content\/uploads\/2023\/02\/cropped-1653334955228.jpg\" title=\"Jesus_Saiz_de_Ome\u00f1aca_Tijero\" alt=\"\">\n<h4  class=\"font-500\">Jes\u00fas Saiz de Ome\u00f1aca Tijero<\/h4>\n<p  class=\"\"><a  href=\"mailto:j.saizdeomenaca@jovenesnucleares.org\" target=\"_self\" data-cp-link=\"1\" rel=\"noopener\">j.saizdeomenaca@jovenesnucleares.org<\/a><\/p>\n<p  class=\"italic\">Coordinador de Divulgaci\u00f3n T\u00e9cnica<\/p>\n\n<\/div>\n<\/div>\n<\/div>\n<div  class=\"col-xs-12 col-sm-6 col-padding col-md-6\">\n<div  class=\"row \">\n<div  data-type=\"column\" class=\"col-xs-12 col-sm-12\">\n\n<img  decoding=\"async\" class=\"round face\" src=\"http:\/\/www.jovenesnucleares.org\/blog\/wp-content\/uploads\/2025\/02\/cropped-Javier-Pelegrina-Cortes.jpg\" title=\"cropped-Javier-Pelegrina-Cortes.jpg\" alt=\"\">\n<h4  class=\"font-500\">Javi Pelegrina Cort\u00e9s<\/h4>\n<p  class=\"\"><a  href=\"mailto:j.pelegrina@jovenesnucleares.org\" target=\"_self\" data-cp-link=\"1\" rel=\"noopener\">j.pelegrina@jovenesnucleares.org<\/a><\/p>\n<p  class=\"italic\">Secretar\u00eda<\/p>\n\n<\/div>\n<\/div>\n<\/div>\n<div  class=\"col-xs-12 col-sm-6 col-padding col-md-6 \">\n<div  class=\"row \">\n<div  data-type=\"column\" class=\"col-xs-12 col-sm-12\">\n\n<img  decoding=\"async\" class=\"round face\" src=\"http:\/\/www.jovenesnucleares.org\/blog\/wp-content\/uploads\/2025\/02\/cropped-Luis-Serra-Lopez.jpg\" title=\"cropped-Luis-Serra-Lopez.jpg\" alt=\"\">\n<h4  class=\"font-500\">Luis Serra L\u00f3pez<\/h4>\n<p  class=\"\"><a  href=\"mailto:l.serra@jovenesnucleares.org\" target=\"_self\" data-cp-link=\"1\" rel=\"noopener\">l.serra@jovenesnucleares.org<\/a><\/p>\n<p  class=\"italic\">Coordinador de Divulgaci\u00f3n T\u00e9cnica<\/p>\n\n<\/div>\n<\/div>\n<\/div>\n<div  class=\"col-xs-12 col-sm-6 col-padding col-md-6 \">\n<div  class=\"row \">\n<div  data-type=\"column\" class=\"col-xs-12 col-sm-12\">\n\n<img  decoding=\"async\" class=\"round face\" src=\"http:\/\/www.jovenesnucleares.org\/blog\/wp-content\/uploads\/2024\/03\/Cristina_Trull_Hernandis-e1709835096547.jpeg\" title=\"Cristina_Trull_Hernandis\" alt=\"\">\n<h4  class=\"font-500\">Cristina Trull Hernandis<a  href=\"mailto:l.fallot@jovenesnucleares.org\" target=\"_blank\" rel=\"noopener\" data-cp-link=\"1\"><\/a><\/h4>\n<p  class=\"\"><a  href=\"mailto:c.trull@jovenesnucleares.org\">c.trull@jovenesnucleares.org<\/a><\/p>\n<p  class=\"italic\">Coordinadora de Divulgaci\u00f3n T\u00e9cnica<\/p>\n\n<\/div>\n<\/div>\n<\/div>\n<\/div>\n<\/div>\n<\/div>","protected":false},"excerpt":{"rendered":"<p>Pau Arag\u00f3n Grabiel p.aragon@jovenesnucleares.org Presidente Miriam D\u00edaz Hern\u00e1ndez m.diaz@jovenesnucleares.org Vicepresidenta David \u00c1lvarez Romero d.alvarez@jovenesnucleares.org Tesorer\u00eda Sof\u00eda Arfinengo del Carpio s.arfinengo@jovenesnucleares.org Transferencia de conocimiento Abril Bes Monge a.bes@jovenesnucleares.org Vocal Beatriz Chover D\u00edaz b.chover@jovenesnucleares.org Vocal Cristina Rosario Domingo Jim\u00e9nez c.domingo@jovenesnucleares.org Co-responsable de Comunicaci\u00f3n Carlota Gabicagogeascoa Cuesta c.gabica@jovenesnucleares.org Vocal Alberto Garc\u00eda Herranz a.garcia@jovenesnucleares.org Vocal I\u00f1igo Gayo de Le\u00f3n&hellip; <br \/> <a class=\"read-more\" href=\"https:\/\/www.jovenesnucleares.org\/blog\/quienes-somos\/junta-directiva\/\">Read more<\/a><\/p>\n","protected":false},"author":1,"featured_media":0,"parent":189,"menu_order":0,"comment_status":"closed","ping_status":"closed","template":"pro\/page-templates\/full-width-page.php","meta":{"footnotes":""},"class_list":["post-5556","page","type-page","status-publish","hentry"],"yoast_head":"<!-- This site is optimized with the Yoast SEO plugin v27.4 - https:\/\/yoast.com\/product\/yoast-seo-wordpress\/ -->\n<title>Junta Directiva - J\u00f3venes Nucleares<\/title>\n<meta name=\"robots\" content=\"index, follow, max-snippet:-1, max-image-preview:large, max-video-preview:-1\" \/>\n<link rel=\"canonical\" href=\"https:\/\/www.jovenesnucleares.org\/blog\/quienes-somos\/junta-directiva\/\" \/>\n<meta property=\"og:locale\" content=\"es_ES\" \/>\n<meta property=\"og:type\" content=\"article\" \/>\n<meta property=\"og:title\" content=\"Junta Directiva - J\u00f3venes Nucleares\" \/>\n<meta property=\"og:description\" content=\"Pau Arag\u00f3n Grabiel p.aragon@jovenesnucleares.org Presidente Miriam D\u00edaz Hern\u00e1ndez m.diaz@jovenesnucleares.org Vicepresidenta David \u00c1lvarez Romero d.alvarez@jovenesnucleares.org Tesorer\u00eda Sof\u00eda Arfinengo del Carpio s.arfinengo@jovenesnucleares.org Transferencia de conocimiento Abril Bes Monge a.bes@jovenesnucleares.org Vocal Beatriz Chover D\u00edaz b.chover@jovenesnucleares.org Vocal Cristina Rosario Domingo Jim\u00e9nez c.domingo@jovenesnucleares.org Co-responsable de Comunicaci\u00f3n Carlota Gabicagogeascoa Cuesta c.gabica@jovenesnucleares.org Vocal Alberto Garc\u00eda Herranz a.garcia@jovenesnucleares.org Vocal I\u00f1igo Gayo de Le\u00f3n&hellip; Read more\" \/>\n<meta property=\"og:url\" content=\"https:\/\/www.jovenesnucleares.org\/blog\/quienes-somos\/junta-directiva\/\" \/>\n<meta property=\"og:site_name\" content=\"J\u00f3venes Nucleares\" \/>\n<meta property=\"article:publisher\" content=\"https:\/\/www.facebook.com\/JovenesNucleares\" \/>\n<meta property=\"article:modified_time\" content=\"2026-03-04T16:54:30+00:00\" \/>\n<meta property=\"og:image\" content=\"http:\/\/www.jovenesnucleares.org\/blog\/wp-content\/uploads\/2023\/02\/cropped-WhatsApp-Image-2023-02-26-at-20.14.56.jpeg\" \/>\n<meta name=\"twitter:card\" content=\"summary_large_image\" \/>\n<meta name=\"twitter:site\" content=\"@jjnucleares\" \/>\n<meta name=\"twitter:label1\" content=\"Tiempo de lectura\" \/>\n\t<meta name=\"twitter:data1\" content=\"1 minuto\" \/>\n<script type=\"application\/ld+json\" class=\"yoast-schema-graph\">{\"@context\":\"https:\\\/\\\/schema.org\",\"@graph\":[{\"@type\":\"WebPage\",\"@id\":\"https:\\\/\\\/www.jovenesnucleares.org\\\/blog\\\/quienes-somos\\\/junta-directiva\\\/\",\"url\":\"https:\\\/\\\/www.jovenesnucleares.org\\\/blog\\\/quienes-somos\\\/junta-directiva\\\/\",\"name\":\"Junta Directiva - J\u00f3venes Nucleares\",\"isPartOf\":{\"@id\":\"https:\\\/\\\/www.jovenesnucleares.org\\\/blog\\\/#website\"},\"primaryImageOfPage\":{\"@id\":\"https:\\\/\\\/www.jovenesnucleares.org\\\/blog\\\/quienes-somos\\\/junta-directiva\\\/#primaryimage\"},\"image\":{\"@id\":\"https:\\\/\\\/www.jovenesnucleares.org\\\/blog\\\/quienes-somos\\\/junta-directiva\\\/#primaryimage\"},\"thumbnailUrl\":\"http:\\\/\\\/www.jovenesnucleares.org\\\/blog\\\/wp-content\\\/uploads\\\/2023\\\/02\\\/cropped-WhatsApp-Image-2023-02-26-at-20.14.56.jpeg\",\"datePublished\":\"2022-01-13T19:01:01+00:00\",\"dateModified\":\"2026-03-04T16:54:30+00:00\",\"breadcrumb\":{\"@id\":\"https:\\\/\\\/www.jovenesnucleares.org\\\/blog\\\/quienes-somos\\\/junta-directiva\\\/#breadcrumb\"},\"inLanguage\":\"es\",\"potentialAction\":[{\"@type\":\"ReadAction\",\"target\":[\"https:\\\/\\\/www.jovenesnucleares.org\\\/blog\\\/quienes-somos\\\/junta-directiva\\\/\"]}]},{\"@type\":\"ImageObject\",\"inLanguage\":\"es\",\"@id\":\"https:\\\/\\\/www.jovenesnucleares.org\\\/blog\\\/quienes-somos\\\/junta-directiva\\\/#primaryimage\",\"url\":\"http:\\\/\\\/www.jovenesnucleares.org\\\/blog\\\/wp-content\\\/uploads\\\/2023\\\/02\\\/cropped-WhatsApp-Image-2023-02-26-at-20.14.56.jpeg\",\"contentUrl\":\"http:\\\/\\\/www.jovenesnucleares.org\\\/blog\\\/wp-content\\\/uploads\\\/2023\\\/02\\\/cropped-WhatsApp-Image-2023-02-26-at-20.14.56.jpeg\"},{\"@type\":\"BreadcrumbList\",\"@id\":\"https:\\\/\\\/www.jovenesnucleares.org\\\/blog\\\/quienes-somos\\\/junta-directiva\\\/#breadcrumb\",\"itemListElement\":[{\"@type\":\"ListItem\",\"position\":1,\"name\":\"Portada\",\"item\":\"https:\\\/\\\/www.jovenesnucleares.org\\\/blog\\\/\"},{\"@type\":\"ListItem\",\"position\":2,\"name\":\"\u00bfQui\u00e9nes somos?\",\"item\":\"https:\\\/\\\/www.jovenesnucleares.org\\\/blog\\\/quienes-somos\\\/\"},{\"@type\":\"ListItem\",\"position\":3,\"name\":\"Junta Directiva\"}]},{\"@type\":\"WebSite\",\"@id\":\"https:\\\/\\\/www.jovenesnucleares.org\\\/blog\\\/#website\",\"url\":\"https:\\\/\\\/www.jovenesnucleares.org\\\/blog\\\/\",\"name\":\"J\u00f3venes Nucleares\",\"description\":\"Divulgaci\u00f3n de Ciencia y Tecnolog\u00eda Nuclear\",\"publisher\":{\"@id\":\"https:\\\/\\\/www.jovenesnucleares.org\\\/blog\\\/#organization\"},\"potentialAction\":[{\"@type\":\"SearchAction\",\"target\":{\"@type\":\"EntryPoint\",\"urlTemplate\":\"https:\\\/\\\/www.jovenesnucleares.org\\\/blog\\\/?s={search_term_string}\"},\"query-input\":{\"@type\":\"PropertyValueSpecification\",\"valueRequired\":true,\"valueName\":\"search_term_string\"}}],\"inLanguage\":\"es\"},{\"@type\":\"Organization\",\"@id\":\"https:\\\/\\\/www.jovenesnucleares.org\\\/blog\\\/#organization\",\"name\":\"J\u00f3venes Nucleares\",\"url\":\"https:\\\/\\\/www.jovenesnucleares.org\\\/blog\\\/\",\"logo\":{\"@type\":\"ImageObject\",\"inLanguage\":\"es\",\"@id\":\"https:\\\/\\\/www.jovenesnucleares.org\\\/blog\\\/#\\\/schema\\\/logo\\\/image\\\/\",\"url\":\"http:\\\/\\\/www.jovenesnucleares.org\\\/blog\\\/wp-content\\\/uploads\\\/2022\\\/01\\\/cropped-Logo-JJNN-principal-125px.png\",\"contentUrl\":\"http:\\\/\\\/www.jovenesnucleares.org\\\/blog\\\/wp-content\\\/uploads\\\/2022\\\/01\\\/cropped-Logo-JJNN-principal-125px.png\",\"width\":170,\"height\":70,\"caption\":\"J\u00f3venes Nucleares\"},\"image\":{\"@id\":\"https:\\\/\\\/www.jovenesnucleares.org\\\/blog\\\/#\\\/schema\\\/logo\\\/image\\\/\"},\"sameAs\":[\"https:\\\/\\\/www.facebook.com\\\/JovenesNucleares\",\"https:\\\/\\\/x.com\\\/jjnucleares\",\"https:\\\/\\\/www.instagram.com\\\/jjnucleares\\\/\",\"https:\\\/\\\/www.linkedin.com\\\/company\\\/jovenesnucleares\\\/\",\"https:\\\/\\\/www.youtube.com\\\/c\\\/JovenesNuclearesSNE\",\"https:\\\/\\\/es.wikipedia.org\\\/wiki\\\/Jovenes_Nucleares\"]}]}<\/script>\n<!-- \/ Yoast SEO plugin. -->","yoast_head_json":{"title":"Junta Directiva - J\u00f3venes Nucleares","robots":{"index":"index","follow":"follow","max-snippet":"max-snippet:-1","max-image-preview":"max-image-preview:large","max-video-preview":"max-video-preview:-1"},"canonical":"https:\/\/www.jovenesnucleares.org\/blog\/quienes-somos\/junta-directiva\/","og_locale":"es_ES","og_type":"article","og_title":"Junta Directiva - J\u00f3venes Nucleares","og_description":"Pau Arag\u00f3n Grabiel p.aragon@jovenesnucleares.org Presidente Miriam D\u00edaz Hern\u00e1ndez m.diaz@jovenesnucleares.org Vicepresidenta David \u00c1lvarez Romero d.alvarez@jovenesnucleares.org Tesorer\u00eda Sof\u00eda Arfinengo del Carpio s.arfinengo@jovenesnucleares.org Transferencia de conocimiento Abril Bes Monge a.bes@jovenesnucleares.org Vocal Beatriz Chover D\u00edaz b.chover@jovenesnucleares.org Vocal Cristina Rosario Domingo Jim\u00e9nez c.domingo@jovenesnucleares.org Co-responsable de Comunicaci\u00f3n Carlota Gabicagogeascoa Cuesta c.gabica@jovenesnucleares.org Vocal Alberto Garc\u00eda Herranz a.garcia@jovenesnucleares.org Vocal I\u00f1igo Gayo de Le\u00f3n&hellip; Read more","og_url":"https:\/\/www.jovenesnucleares.org\/blog\/quienes-somos\/junta-directiva\/","og_site_name":"J\u00f3venes Nucleares","article_publisher":"https:\/\/www.facebook.com\/JovenesNucleares","article_modified_time":"2026-03-04T16:54:30+00:00","og_image":[{"url":"http:\/\/www.jovenesnucleares.org\/blog\/wp-content\/uploads\/2023\/02\/cropped-WhatsApp-Image-2023-02-26-at-20.14.56.jpeg","type":"","width":"","height":""}],"twitter_card":"summary_large_image","twitter_site":"@jjnucleares","twitter_misc":{"Tiempo de lectura":"1 minuto"},"schema":{"@context":"https:\/\/schema.org","@graph":[{"@type":"WebPage","@id":"https:\/\/www.jovenesnucleares.org\/blog\/quienes-somos\/junta-directiva\/","url":"https:\/\/www.jovenesnucleares.org\/blog\/quienes-somos\/junta-directiva\/","name":"Junta Directiva - J\u00f3venes Nucleares","isPartOf":{"@id":"https:\/\/www.jovenesnucleares.org\/blog\/#website"},"primaryImageOfPage":{"@id":"https:\/\/www.jovenesnucleares.org\/blog\/quienes-somos\/junta-directiva\/#primaryimage"},"image":{"@id":"https:\/\/www.jovenesnucleares.org\/blog\/quienes-somos\/junta-directiva\/#primaryimage"},"thumbnailUrl":"http:\/\/www.jovenesnucleares.org\/blog\/wp-content\/uploads\/2023\/02\/cropped-WhatsApp-Image-2023-02-26-at-20.14.56.jpeg","datePublished":"2022-01-13T19:01:01+00:00","dateModified":"2026-03-04T16:54:30+00:00","breadcrumb":{"@id":"https:\/\/www.jovenesnucleares.org\/blog\/quienes-somos\/junta-directiva\/#breadcrumb"},"inLanguage":"es","potentialAction":[{"@type":"ReadAction","target":["https:\/\/www.jovenesnucleares.org\/blog\/quienes-somos\/junta-directiva\/"]}]},{"@type":"ImageObject","inLanguage":"es","@id":"https:\/\/www.jovenesnucleares.org\/blog\/quienes-somos\/junta-directiva\/#primaryimage","url":"http:\/\/www.jovenesnucleares.org\/blog\/wp-content\/uploads\/2023\/02\/cropped-WhatsApp-Image-2023-02-26-at-20.14.56.jpeg","contentUrl":"http:\/\/www.jovenesnucleares.org\/blog\/wp-content\/uploads\/2023\/02\/cropped-WhatsApp-Image-2023-02-26-at-20.14.56.jpeg"},{"@type":"BreadcrumbList","@id":"https:\/\/www.jovenesnucleares.org\/blog\/quienes-somos\/junta-directiva\/#breadcrumb","itemListElement":[{"@type":"ListItem","position":1,"name":"Portada","item":"https:\/\/www.jovenesnucleares.org\/blog\/"},{"@type":"ListItem","position":2,"name":"\u00bfQui\u00e9nes somos?","item":"https:\/\/www.jovenesnucleares.org\/blog\/quienes-somos\/"},{"@type":"ListItem","position":3,"name":"Junta Directiva"}]},{"@type":"WebSite","@id":"https:\/\/www.jovenesnucleares.org\/blog\/#website","url":"https:\/\/www.jovenesnucleares.org\/blog\/","name":"J\u00f3venes Nucleares","description":"Divulgaci\u00f3n de Ciencia y Tecnolog\u00eda Nuclear","publisher":{"@id":"https:\/\/www.jovenesnucleares.org\/blog\/#organization"},"potentialAction":[{"@type":"SearchAction","target":{"@type":"EntryPoint","urlTemplate":"https:\/\/www.jovenesnucleares.org\/blog\/?s={search_term_string}"},"query-input":{"@type":"PropertyValueSpecification","valueRequired":true,"valueName":"search_term_string"}}],"inLanguage":"es"},{"@type":"Organization","@id":"https:\/\/www.jovenesnucleares.org\/blog\/#organization","name":"J\u00f3venes Nucleares","url":"https:\/\/www.jovenesnucleares.org\/blog\/","logo":{"@type":"ImageObject","inLanguage":"es","@id":"https:\/\/www.jovenesnucleares.org\/blog\/#\/schema\/logo\/image\/","url":"http:\/\/www.jovenesnucleares.org\/blog\/wp-content\/uploads\/2022\/01\/cropped-Logo-JJNN-principal-125px.png","contentUrl":"http:\/\/www.jovenesnucleares.org\/blog\/wp-content\/uploads\/2022\/01\/cropped-Logo-JJNN-principal-125px.png","width":170,"height":70,"caption":"J\u00f3venes Nucleares"},"image":{"@id":"https:\/\/www.jovenesnucleares.org\/blog\/#\/schema\/logo\/image\/"},"sameAs":["https:\/\/www.facebook.com\/JovenesNucleares","https:\/\/x.com\/jjnucleares","https:\/\/www.instagram.com\/jjnucleares\/","https:\/\/www.linkedin.com\/company\/jovenesnucleares\/","https:\/\/www.youtube.com\/c\/JovenesNuclearesSNE","https:\/\/es.wikipedia.org\/wiki\/Jovenes_Nucleares"]}]}},"post_mailing_queue_ids":[],"_links":{"self":[{"href":"https:\/\/www.jovenesnucleares.org\/blog\/wp-json\/wp\/v2\/pages\/5556","targetHints":{"allow":["GET"]}}],"collection":[{"href":"https:\/\/www.jovenesnucleares.org\/blog\/wp-json\/wp\/v2\/pages"}],"about":[{"href":"https:\/\/www.jovenesnucleares.org\/blog\/wp-json\/wp\/v2\/types\/page"}],"author":[{"embeddable":true,"href":"https:\/\/www.jovenesnucleares.org\/blog\/wp-json\/wp\/v2\/users\/1"}],"replies":[{"embeddable":true,"href":"https:\/\/www.jovenesnucleares.org\/blog\/wp-json\/wp\/v2\/comments?post=5556"}],"version-history":[{"count":6,"href":"https:\/\/www.jovenesnucleares.org\/blog\/wp-json\/wp\/v2\/pages\/5556\/revisions"}],"predecessor-version":[{"id":7721,"href":"https:\/\/www.jovenesnucleares.org\/blog\/wp-json\/wp\/v2\/pages\/5556\/revisions\/7721"}],"up":[{"embeddable":true,"href":"https:\/\/www.jovenesnucleares.org\/blog\/wp-json\/wp\/v2\/pages\/189"}],"wp:attachment":[{"href":"https:\/\/www.jovenesnucleares.org\/blog\/wp-json\/wp\/v2\/media?parent=5556"}],"curies":[{"name":"wp","href":"https:\/\/api.w.org\/{rel}","templated":true}]}}