{"id":5665,"date":"2022-01-15T21:39:32","date_gmt":"2022-01-15T19:39:32","guid":{"rendered":"http:\/\/www.jovenesnucleares.org\/blog\/?page_id=5665"},"modified":"2024-01-29T14:23:00","modified_gmt":"2024-01-29T12:23:00","slug":"mision-vision-valores","status":"publish","type":"page","link":"https:\/\/www.jovenesnucleares.org\/blog\/quienes-somos\/mision-vision-valores\/","title":{"rendered":"Misi\u00f3n, visi\u00f3n y valores"},"content":{"rendered":"<div data-label=\"Content\" data-id=\"content--4\" data-export-id=\"content-12\" data-category=\"content\" class=\"content-12 content-section content-section-spacing\" id=\"content-4\"  style=\"background-color: rgb(245, 250, 253);\"><div class=\"gridContainer\" > <div class=\"row text-center\" ><div class=\"section-title-col\" data-type=\"column\" > <h2 class=\"\" >Nuestro Posicionamiento<\/h2> <p class=\"lead\"  style=\"text-align: justify;\">J\u00f3venes Nucleares es una organizaci\u00f3n comprometida con la divulgaci\u00f3n de la Ciencia y Tecnolog\u00eda nuclear.\n<br ><br >\nNuestra misi\u00f3n primordial es proporcionar<span style=\"font-weight: 600;\" > informaci\u00f3n objetiva<\/span>, respaldada tanto por la&nbsp;<span style=\"font-weight: 600;\" >evidencia cient\u00edfica<\/span> como por la experiencia y conocimientos que hemos adquirido a trav\u00e9s de nuestra formaci\u00f3n y profesi\u00f3n. Trabajamos por promover un <span style=\"font-weight: 600;\" >di\u00e1logo&nbsp;<\/span><span style=\"font-weight: 600;\" >constructivo<\/span> en torno a las<span style=\"font-weight: 600;\" > aplicaciones pac\u00edficas<\/span> de la energ\u00eda nuclear, evitando posicionamientos basados en ideolog\u00edas.\n<br ><br >\nNos esforzamos por ser un <span style=\"font-weight: 600;\" >espacio inclusivo<\/span> y diverso en el que todos los miembros y colaboradores se sientan bienvenidos, independientemente de su origen, religi\u00f3n, g\u00e9nero, condici\u00f3n o posici\u00f3n, estando comprometidos a escuchar todas las peticiones que recibimos siempre y cuando se realicen desde el respeto, la voluntad de aprender y las ganas de buscar una nueva aproximaci\u00f3n a la ciencia y la tecnolog\u00eda nuclear.<\/p><p  class=\"lead\" style=\"text-align: right;\"><span style=\"font-style: italic;\" >Junta Directiva de JJNN<\/span><br ><span style=\"font-style: italic;\" >\nNoviembre 2023<\/span><\/p><\/div> <\/div> <div class=\"row center-xs middle-xs\" > <div class=\"col-sm-9\" data-type=\"column\" > <\/div> <\/div><\/div> <\/div><div  data-label=\"Content\" data-id=\"content--1\" data-export-id=\"content-8\" data-category=\"content\" class=\"content-8 content-section content-section-spacing\" id=\"content-1\" style=\"background-color: rgb(255, 255, 255); background-image: none;\"><div  class=\"gridContainer\"> <div  class=\"row middle-sm\"><div  class=\"col-sm-6 space-bottom-xs space-top-xs\" data-type=\"column\"> <img decoding=\"async\"  class=\"shadow-large\" src=\"http:\/\/www.jovenesnucleares.org\/blog\/wp-content\/uploads\/2022\/04\/cropped-1-1.jpg\" title=\"cropped-1-1\" alt=\"\"><\/div> <div  class=\"col-sm-6\" data-type=\"column\"><h2  class=\"\"><span  style=\"color: rgb(29, 113, 184);\">Nuestros objetivos<\/span><\/h2> <p  class=\"\">Promover la transferencia de conocimientos y experiencias entre las generaciones madura y joven de profesionales del sector nuclear.\n<br ><br >Fomentar la comunicaci\u00f3n y el debate acerca de la energ\u00eda nuclear y otras aplicaciones de las radiaciones ionizantes.\n<br ><br >\nDifundir conocimientos sobre energ\u00eda nuclear y otras aplicaciones de las radiaciones ionizantes, se\u00f1alando el papel que juega esta industria en el bienestar de nuestra sociedad.\n<br ><br >Facilitar la incorporaci\u00f3n de j\u00f3venes profesionales al sector.<\/p> <\/div> <\/div><\/div> <\/div><div  data-label=\"Content\" data-id=\"content--2\" data-export-id=\"content-7\" data-category=\"content\" class=\"content-7 content-section content-section-spacing\" id=\"content-2\" style=\"background-color: rgb(255, 255, 255); background-image: none;\"><div  class=\"gridContainer\"> <div  class=\"row middle-sm\"><div  class=\"col-sm-6 space-bottom-xs\" data-type=\"column\"> <h2  class=\"\"><span  style=\"color: rgb(29, 113, 184);\">Nuestra visi\u00f3n<\/span><\/h2> <p  class=\"\">\nJJNN supone un medio de divulgaci\u00f3n de la Ciencia y la Tecnolog\u00eda Nuclear.<br ><br >Los miembros de JJNN, desde la veracidad y la transparencia, forman parte del canal de comunicaci\u00f3n con la sociedad, desde un nivel b\u00e1sico, como charlas y actividades en colegios, hasta un nivel especializado, como cursos en universidades y visitas t\u00e9cnicas.<\/p> <\/div> <div  class=\"col-sm-6\" data-type=\"column\"> <img decoding=\"async\"  class=\"shadow-large\" src=\"http:\/\/www.jovenesnucleares.org\/blog\/wp-content\/uploads\/2022\/03\/cropped-2.png\" title=\"cropped-2.png\" alt=\"\"><\/div> <\/div><\/div> <\/div><div  data-label=\"Content\" data-id=\"content--3\" data-export-id=\"content-8\" data-category=\"content\" class=\"content-8 content-section content-section-spacing\" id=\"content-3\" style=\"background-color: rgb(255, 255, 255); background-image: none;\"><div  class=\"gridContainer\"> <div  class=\"row middle-sm\"><div  class=\"col-sm-6 space-bottom-xs space-top-xs\" data-type=\"column\"> <img decoding=\"async\"  class=\"shadow-large\" src=\"http:\/\/www.jovenesnucleares.org\/blog\/wp-content\/uploads\/2022\/03\/cropped-3.png\" title=\"cropped-3.png\" alt=\"\"><\/div> <div  class=\"col-sm-6\" data-type=\"column\"><h2  class=\"\"><span  style=\"color: rgb(29, 113, 184);\">Nuestros valores<\/span><\/h2> <p  class=\"\">Compromiso, profesionalidad, trabajo en equipo y objetividad.\n<br ><br >Participamos y colaboramos de forma voluntaria y gratuita.&nbsp;Trabajamos en equipo para la organizaci\u00f3n de las actividades.<br >\n<br >Sabemos que la comunicaci\u00f3n con la sociedad es un elemento clave para el cambio en la percepci\u00f3n social. Transmitimos la informaciones de la forma m\u00e1s objetiva y rigurosa posible.<\/p> <\/div> <\/div><\/div> <\/div><div  data-label=\"Features\" data-id=\"features--1\" data-export-id=\"features-13\" data-category=\"features\" class=\"features-13 content-section content-section-spacing\" id=\"features-1\" style=\"background-color: rgb(255, 255, 255); background-image: none;\"><div  class=\"gridContainer\"> <div  class=\"row text-center\"><div  class=\"section-title-col\" data-type=\"column\"><p  class=\"lead\">Reglamento interno<\/p>  <\/div> <\/div> <div  class=\"row spaced-cols center-sm\" data-type=\"row\"> <div  class=\"col col-sm-6 space-bottom col-md-12\">   <p  class=\"\">Por \u00faltimo, queremos ser transparentes, revisa nuestro reglamento interno.<\/p> <a class=\"button y-move big color1\" href=\"https:\/\/www.jovenesnucleares.org\/blog\/wp-content\/uploads\/2022\/02\/Reglamento-Interno-JJNN.pdf\" target=\"_blank\" data-cp-link=\"1\" data-icon=\"fa-book\" rel=\"noopener\"><span  class=\"button-icon fa fa-book\"><\/span>Descargar<\/a><\/div>    <\/div><\/div> <\/div>","protected":false},"excerpt":{"rendered":"<p>Nuestro Posicionamiento J\u00f3venes Nucleares es una organizaci\u00f3n comprometida con la divulgaci\u00f3n de la Ciencia y Tecnolog\u00eda nuclear. Nuestra misi\u00f3n primordial es proporcionar informaci\u00f3n objetiva, respaldada tanto por la&nbsp;evidencia cient\u00edfica como por la experiencia y conocimientos que hemos adquirido a trav\u00e9s de nuestra formaci\u00f3n y profesi\u00f3n. Trabajamos por promover un di\u00e1logo&nbsp;constructivo en torno a las aplicaciones&hellip; <br \/> <a class=\"read-more\" href=\"https:\/\/www.jovenesnucleares.org\/blog\/quienes-somos\/mision-vision-valores\/\">Read more<\/a><\/p>\n","protected":false},"author":1,"featured_media":0,"parent":189,"menu_order":0,"comment_status":"closed","ping_status":"closed","template":"pro\/page-templates\/full-width-page.php","meta":{"footnotes":""},"class_list":["post-5665","page","type-page","status-publish","hentry"],"yoast_head":"<!-- This site is optimized with the Yoast SEO plugin v27.4 - https:\/\/yoast.com\/product\/yoast-seo-wordpress\/ -->\n<title>Misi\u00f3n, visi\u00f3n y valores - J\u00f3venes Nucleares<\/title>\n<meta name=\"robots\" content=\"index, follow, max-snippet:-1, max-image-preview:large, max-video-preview:-1\" \/>\n<link rel=\"canonical\" href=\"https:\/\/www.jovenesnucleares.org\/blog\/quienes-somos\/mision-vision-valores\/\" \/>\n<meta property=\"og:locale\" content=\"es_ES\" \/>\n<meta property=\"og:type\" content=\"article\" \/>\n<meta property=\"og:title\" content=\"Misi\u00f3n, visi\u00f3n y valores - J\u00f3venes Nucleares\" \/>\n<meta property=\"og:description\" content=\"Nuestro Posicionamiento J\u00f3venes Nucleares es una organizaci\u00f3n comprometida con la divulgaci\u00f3n de la Ciencia y Tecnolog\u00eda nuclear. Nuestra misi\u00f3n primordial es proporcionar informaci\u00f3n objetiva, respaldada tanto por la&nbsp;evidencia cient\u00edfica como por la experiencia y conocimientos que hemos adquirido a trav\u00e9s de nuestra formaci\u00f3n y profesi\u00f3n. Trabajamos por promover un di\u00e1logo&nbsp;constructivo en torno a las aplicaciones&hellip; Read more\" \/>\n<meta property=\"og:url\" content=\"https:\/\/www.jovenesnucleares.org\/blog\/quienes-somos\/mision-vision-valores\/\" \/>\n<meta property=\"og:site_name\" content=\"J\u00f3venes Nucleares\" \/>\n<meta property=\"article:publisher\" content=\"https:\/\/www.facebook.com\/JovenesNucleares\" \/>\n<meta property=\"article:modified_time\" content=\"2024-01-29T12:23:00+00:00\" \/>\n<meta property=\"og:image\" content=\"http:\/\/www.jovenesnucleares.org\/blog\/wp-content\/uploads\/2022\/04\/cropped-1-1.jpg\" \/>\n<meta name=\"twitter:card\" content=\"summary_large_image\" \/>\n<meta name=\"twitter:site\" content=\"@jjnucleares\" \/>\n<meta name=\"twitter:label1\" content=\"Tiempo de lectura\" \/>\n\t<meta name=\"twitter:data1\" content=\"2 minutos\" \/>\n<script type=\"application\/ld+json\" class=\"yoast-schema-graph\">{\"@context\":\"https:\\\/\\\/schema.org\",\"@graph\":[{\"@type\":\"WebPage\",\"@id\":\"https:\\\/\\\/www.jovenesnucleares.org\\\/blog\\\/quienes-somos\\\/mision-vision-valores\\\/\",\"url\":\"https:\\\/\\\/www.jovenesnucleares.org\\\/blog\\\/quienes-somos\\\/mision-vision-valores\\\/\",\"name\":\"Misi\u00f3n, visi\u00f3n y valores - J\u00f3venes Nucleares\",\"isPartOf\":{\"@id\":\"https:\\\/\\\/www.jovenesnucleares.org\\\/blog\\\/#website\"},\"primaryImageOfPage\":{\"@id\":\"https:\\\/\\\/www.jovenesnucleares.org\\\/blog\\\/quienes-somos\\\/mision-vision-valores\\\/#primaryimage\"},\"image\":{\"@id\":\"https:\\\/\\\/www.jovenesnucleares.org\\\/blog\\\/quienes-somos\\\/mision-vision-valores\\\/#primaryimage\"},\"thumbnailUrl\":\"http:\\\/\\\/www.jovenesnucleares.org\\\/blog\\\/wp-content\\\/uploads\\\/2022\\\/04\\\/cropped-1-1.jpg\",\"datePublished\":\"2022-01-15T19:39:32+00:00\",\"dateModified\":\"2024-01-29T12:23:00+00:00\",\"breadcrumb\":{\"@id\":\"https:\\\/\\\/www.jovenesnucleares.org\\\/blog\\\/quienes-somos\\\/mision-vision-valores\\\/#breadcrumb\"},\"inLanguage\":\"es\",\"potentialAction\":[{\"@type\":\"ReadAction\",\"target\":[\"https:\\\/\\\/www.jovenesnucleares.org\\\/blog\\\/quienes-somos\\\/mision-vision-valores\\\/\"]}]},{\"@type\":\"ImageObject\",\"inLanguage\":\"es\",\"@id\":\"https:\\\/\\\/www.jovenesnucleares.org\\\/blog\\\/quienes-somos\\\/mision-vision-valores\\\/#primaryimage\",\"url\":\"https:\\\/\\\/www.jovenesnucleares.org\\\/blog\\\/wp-content\\\/uploads\\\/2022\\\/04\\\/cropped-1-1.jpg\",\"contentUrl\":\"https:\\\/\\\/www.jovenesnucleares.org\\\/blog\\\/wp-content\\\/uploads\\\/2022\\\/04\\\/cropped-1-1.jpg\",\"width\":1351,\"height\":900},{\"@type\":\"BreadcrumbList\",\"@id\":\"https:\\\/\\\/www.jovenesnucleares.org\\\/blog\\\/quienes-somos\\\/mision-vision-valores\\\/#breadcrumb\",\"itemListElement\":[{\"@type\":\"ListItem\",\"position\":1,\"name\":\"Portada\",\"item\":\"https:\\\/\\\/www.jovenesnucleares.org\\\/blog\\\/\"},{\"@type\":\"ListItem\",\"position\":2,\"name\":\"\u00bfQui\u00e9nes somos?\",\"item\":\"https:\\\/\\\/www.jovenesnucleares.org\\\/blog\\\/quienes-somos\\\/\"},{\"@type\":\"ListItem\",\"position\":3,\"name\":\"Misi\u00f3n, visi\u00f3n y valores\"}]},{\"@type\":\"WebSite\",\"@id\":\"https:\\\/\\\/www.jovenesnucleares.org\\\/blog\\\/#website\",\"url\":\"https:\\\/\\\/www.jovenesnucleares.org\\\/blog\\\/\",\"name\":\"J\u00f3venes Nucleares\",\"description\":\"Divulgaci\u00f3n de Ciencia y Tecnolog\u00eda Nuclear\",\"publisher\":{\"@id\":\"https:\\\/\\\/www.jovenesnucleares.org\\\/blog\\\/#organization\"},\"potentialAction\":[{\"@type\":\"SearchAction\",\"target\":{\"@type\":\"EntryPoint\",\"urlTemplate\":\"https:\\\/\\\/www.jovenesnucleares.org\\\/blog\\\/?s={search_term_string}\"},\"query-input\":{\"@type\":\"PropertyValueSpecification\",\"valueRequired\":true,\"valueName\":\"search_term_string\"}}],\"inLanguage\":\"es\"},{\"@type\":\"Organization\",\"@id\":\"https:\\\/\\\/www.jovenesnucleares.org\\\/blog\\\/#organization\",\"name\":\"J\u00f3venes Nucleares\",\"url\":\"https:\\\/\\\/www.jovenesnucleares.org\\\/blog\\\/\",\"logo\":{\"@type\":\"ImageObject\",\"inLanguage\":\"es\",\"@id\":\"https:\\\/\\\/www.jovenesnucleares.org\\\/blog\\\/#\\\/schema\\\/logo\\\/image\\\/\",\"url\":\"http:\\\/\\\/www.jovenesnucleares.org\\\/blog\\\/wp-content\\\/uploads\\\/2022\\\/01\\\/cropped-Logo-JJNN-principal-125px.png\",\"contentUrl\":\"http:\\\/\\\/www.jovenesnucleares.org\\\/blog\\\/wp-content\\\/uploads\\\/2022\\\/01\\\/cropped-Logo-JJNN-principal-125px.png\",\"width\":170,\"height\":70,\"caption\":\"J\u00f3venes Nucleares\"},\"image\":{\"@id\":\"https:\\\/\\\/www.jovenesnucleares.org\\\/blog\\\/#\\\/schema\\\/logo\\\/image\\\/\"},\"sameAs\":[\"https:\\\/\\\/www.facebook.com\\\/JovenesNucleares\",\"https:\\\/\\\/x.com\\\/jjnucleares\",\"https:\\\/\\\/www.instagram.com\\\/jjnucleares\\\/\",\"https:\\\/\\\/www.linkedin.com\\\/company\\\/jovenesnucleares\\\/\",\"https:\\\/\\\/www.youtube.com\\\/c\\\/JovenesNuclearesSNE\",\"https:\\\/\\\/es.wikipedia.org\\\/wiki\\\/Jovenes_Nucleares\"]}]}<\/script>\n<!-- \/ Yoast SEO plugin. -->","yoast_head_json":{"title":"Misi\u00f3n, visi\u00f3n y valores - J\u00f3venes Nucleares","robots":{"index":"index","follow":"follow","max-snippet":"max-snippet:-1","max-image-preview":"max-image-preview:large","max-video-preview":"max-video-preview:-1"},"canonical":"https:\/\/www.jovenesnucleares.org\/blog\/quienes-somos\/mision-vision-valores\/","og_locale":"es_ES","og_type":"article","og_title":"Misi\u00f3n, visi\u00f3n y valores - J\u00f3venes Nucleares","og_description":"Nuestro Posicionamiento J\u00f3venes Nucleares es una organizaci\u00f3n comprometida con la divulgaci\u00f3n de la Ciencia y Tecnolog\u00eda nuclear. Nuestra misi\u00f3n primordial es proporcionar informaci\u00f3n objetiva, respaldada tanto por la&nbsp;evidencia cient\u00edfica como por la experiencia y conocimientos que hemos adquirido a trav\u00e9s de nuestra formaci\u00f3n y profesi\u00f3n. Trabajamos por promover un di\u00e1logo&nbsp;constructivo en torno a las aplicaciones&hellip; Read more","og_url":"https:\/\/www.jovenesnucleares.org\/blog\/quienes-somos\/mision-vision-valores\/","og_site_name":"J\u00f3venes Nucleares","article_publisher":"https:\/\/www.facebook.com\/JovenesNucleares","article_modified_time":"2024-01-29T12:23:00+00:00","og_image":[{"url":"http:\/\/www.jovenesnucleares.org\/blog\/wp-content\/uploads\/2022\/04\/cropped-1-1.jpg","type":"","width":"","height":""}],"twitter_card":"summary_large_image","twitter_site":"@jjnucleares","twitter_misc":{"Tiempo de lectura":"2 minutos"},"schema":{"@context":"https:\/\/schema.org","@graph":[{"@type":"WebPage","@id":"https:\/\/www.jovenesnucleares.org\/blog\/quienes-somos\/mision-vision-valores\/","url":"https:\/\/www.jovenesnucleares.org\/blog\/quienes-somos\/mision-vision-valores\/","name":"Misi\u00f3n, visi\u00f3n y valores - J\u00f3venes Nucleares","isPartOf":{"@id":"https:\/\/www.jovenesnucleares.org\/blog\/#website"},"primaryImageOfPage":{"@id":"https:\/\/www.jovenesnucleares.org\/blog\/quienes-somos\/mision-vision-valores\/#primaryimage"},"image":{"@id":"https:\/\/www.jovenesnucleares.org\/blog\/quienes-somos\/mision-vision-valores\/#primaryimage"},"thumbnailUrl":"http:\/\/www.jovenesnucleares.org\/blog\/wp-content\/uploads\/2022\/04\/cropped-1-1.jpg","datePublished":"2022-01-15T19:39:32+00:00","dateModified":"2024-01-29T12:23:00+00:00","breadcrumb":{"@id":"https:\/\/www.jovenesnucleares.org\/blog\/quienes-somos\/mision-vision-valores\/#breadcrumb"},"inLanguage":"es","potentialAction":[{"@type":"ReadAction","target":["https:\/\/www.jovenesnucleares.org\/blog\/quienes-somos\/mision-vision-valores\/"]}]},{"@type":"ImageObject","inLanguage":"es","@id":"https:\/\/www.jovenesnucleares.org\/blog\/quienes-somos\/mision-vision-valores\/#primaryimage","url":"https:\/\/www.jovenesnucleares.org\/blog\/wp-content\/uploads\/2022\/04\/cropped-1-1.jpg","contentUrl":"https:\/\/www.jovenesnucleares.org\/blog\/wp-content\/uploads\/2022\/04\/cropped-1-1.jpg","width":1351,"height":900},{"@type":"BreadcrumbList","@id":"https:\/\/www.jovenesnucleares.org\/blog\/quienes-somos\/mision-vision-valores\/#breadcrumb","itemListElement":[{"@type":"ListItem","position":1,"name":"Portada","item":"https:\/\/www.jovenesnucleares.org\/blog\/"},{"@type":"ListItem","position":2,"name":"\u00bfQui\u00e9nes somos?","item":"https:\/\/www.jovenesnucleares.org\/blog\/quienes-somos\/"},{"@type":"ListItem","position":3,"name":"Misi\u00f3n, visi\u00f3n y valores"}]},{"@type":"WebSite","@id":"https:\/\/www.jovenesnucleares.org\/blog\/#website","url":"https:\/\/www.jovenesnucleares.org\/blog\/","name":"J\u00f3venes Nucleares","description":"Divulgaci\u00f3n de Ciencia y Tecnolog\u00eda Nuclear","publisher":{"@id":"https:\/\/www.jovenesnucleares.org\/blog\/#organization"},"potentialAction":[{"@type":"SearchAction","target":{"@type":"EntryPoint","urlTemplate":"https:\/\/www.jovenesnucleares.org\/blog\/?s={search_term_string}"},"query-input":{"@type":"PropertyValueSpecification","valueRequired":true,"valueName":"search_term_string"}}],"inLanguage":"es"},{"@type":"Organization","@id":"https:\/\/www.jovenesnucleares.org\/blog\/#organization","name":"J\u00f3venes Nucleares","url":"https:\/\/www.jovenesnucleares.org\/blog\/","logo":{"@type":"ImageObject","inLanguage":"es","@id":"https:\/\/www.jovenesnucleares.org\/blog\/#\/schema\/logo\/image\/","url":"http:\/\/www.jovenesnucleares.org\/blog\/wp-content\/uploads\/2022\/01\/cropped-Logo-JJNN-principal-125px.png","contentUrl":"http:\/\/www.jovenesnucleares.org\/blog\/wp-content\/uploads\/2022\/01\/cropped-Logo-JJNN-principal-125px.png","width":170,"height":70,"caption":"J\u00f3venes Nucleares"},"image":{"@id":"https:\/\/www.jovenesnucleares.org\/blog\/#\/schema\/logo\/image\/"},"sameAs":["https:\/\/www.facebook.com\/JovenesNucleares","https:\/\/x.com\/jjnucleares","https:\/\/www.instagram.com\/jjnucleares\/","https:\/\/www.linkedin.com\/company\/jovenesnucleares\/","https:\/\/www.youtube.com\/c\/JovenesNuclearesSNE","https:\/\/es.wikipedia.org\/wiki\/Jovenes_Nucleares"]}]}},"post_mailing_queue_ids":[],"_links":{"self":[{"href":"https:\/\/www.jovenesnucleares.org\/blog\/wp-json\/wp\/v2\/pages\/5665","targetHints":{"allow":["GET"]}}],"collection":[{"href":"https:\/\/www.jovenesnucleares.org\/blog\/wp-json\/wp\/v2\/pages"}],"about":[{"href":"https:\/\/www.jovenesnucleares.org\/blog\/wp-json\/wp\/v2\/types\/page"}],"author":[{"embeddable":true,"href":"https:\/\/www.jovenesnucleares.org\/blog\/wp-json\/wp\/v2\/users\/1"}],"replies":[{"embeddable":true,"href":"https:\/\/www.jovenesnucleares.org\/blog\/wp-json\/wp\/v2\/comments?post=5665"}],"version-history":[{"count":6,"href":"https:\/\/www.jovenesnucleares.org\/blog\/wp-json\/wp\/v2\/pages\/5665\/revisions"}],"predecessor-version":[{"id":6969,"href":"https:\/\/www.jovenesnucleares.org\/blog\/wp-json\/wp\/v2\/pages\/5665\/revisions\/6969"}],"up":[{"embeddable":true,"href":"https:\/\/www.jovenesnucleares.org\/blog\/wp-json\/wp\/v2\/pages\/189"}],"wp:attachment":[{"href":"https:\/\/www.jovenesnucleares.org\/blog\/wp-json\/wp\/v2\/media?parent=5665"}],"curies":[{"name":"wp","href":"https:\/\/api.w.org\/{rel}","templated":true}]}}