{"id":6237,"date":"2022-04-21T18:40:07","date_gmt":"2022-04-21T16:40:07","guid":{"rendered":"http:\/\/www.jovenesnucleares.org\/blog\/?page_id=6237"},"modified":"2022-04-22T11:08:50","modified_gmt":"2022-04-22T09:08:50","slug":"divulgacion","status":"publish","type":"page","link":"https:\/\/www.jovenesnucleares.org\/blog\/te-interesa\/divulgacion\/","title":{"rendered":"Divulgaci\u00f3n"},"content":{"rendered":"<div  data-label=\"Features\" data-id=\"features--1\" data-export-id=\"features-12\" data-category=\"features\" class=\"features-12 content-section content-section-spacing \" id=\"features-1\" style=\"background-color: rgb(255, 255, 255);\"><div  class=\"gridContainer\"> <div  class=\"row text-center\"><div  class=\"section-title-col\" data-type=\"column\"> <h2  class=\"\">ART\u00cdCULOS<\/h2> <p  class=\"lead\">Os dejamos una selecci\u00f3n de nuestros mejores art\u00edculos:<\/p><\/div> <\/div> <div  class=\"row spaced-cols\" data-type=\"row\"> <div  class=\"col-sm-6\"> <div  class=\"row space-bottom\"> <div  class=\"col-sm-fit icon-column\"> <i  class=\"fa icon fa-newspaper-o bordered round color1\"><\/i> <\/div> <div  class=\"col-sm\" data-type=\"column\"> <h5  class=\"color2\"><a data-mce-href=\"..\/..\/chernobyl-verdades-pasado-decisiones-futuro\/\" href=\"http:\/\/www.jovenesnucleares.org\/blog\/chernobyl-verdades-pasado-decisiones-futuro\" target=\"_self\" data-mce-selected=\"inline-boundary\" rel=\"noopener\">CHERNOBYL: VERDADES DEL PASADO, DECISIONES DE FUTURO<\/a><\/h5> <p  class=\"\">\u201cChernobyl nos ense\u00f1a el precio de ignorar la verdad\u201d Craig Mazin, director de la serie de HBO.&nbsp;Chernobyl nos ense\u00f1a el precio de ignorar la verdad, pero tambi\u00e9n las consecuencias de ocultarla.<\/p><\/div> <\/div><\/div>    <div  class=\"col-sm-6\"> <div  class=\"row space-bottom\"> <div  class=\"col-sm-fit icon-column\"> <i  class=\"fa icon fa-newspaper-o bordered round color1\"><\/i> <\/div> <div  class=\"col-sm\" data-type=\"column\"> <h5  class=\"color2\"><a data-mce-href=\"..\/articulos\/el-atc-espanol\/\" href=\"http:\/\/www.jovenesnucleares.org\/blog\/te-interesa\/articulos\/el-atc-espanol\" target=\"_self\" data-mce-selected=\"inline-boundary\" data-cp-link=\"1\" rel=\"noopener\">EL ATC ESPA\u00d1OL<\/a><\/h5> <p  class=\"\">El Almac\u00e9n Temporal Centralizado (ATC) es uno de los proyectos m\u00e1s importantes de la industria nuclear espa\u00f1ola en los \u00faltimos 25 a\u00f1os.&nbsp;<\/p><\/div> <\/div><\/div><div  class=\"col-sm-6\"> <div  class=\"row space-bottom\"> <div  class=\"col-sm-fit icon-column\"> <i  class=\"fa icon fa-newspaper-o bordered round color1\"><\/i> <\/div> <div  class=\"col-sm\" data-type=\"column\"> <h5  class=\"color2\"><a data-mce-href=\"..\/articulos\/planes-de-emergencia-en-ccnn\/\" href=\"http:\/\/www.jovenesnucleares.org\/blog\/te-interesa\/articulos\/planes-de-emergencia-en-ccnn\" target=\"_self\" data-mce-selected=\"inline-boundary\" data-cp-link=\"1\" rel=\"noopener\">PLANES DE EMERGENCIA EN CCNN<\/a><\/h5> <p  class=\"\" style=\"text-align: justify;\">\u00bfC\u00f3mo de seguras son las centrales, no ya en operaci\u00f3n normal? \u00bfY qu\u00e9 pasa en situaciones extremas como la acaecida en Fukushima?<\/p><\/div> <\/div><\/div><div  class=\"col-sm-6\"> <div  class=\"row space-bottom\"> <div  class=\"col-sm-fit icon-column\"> <i  class=\"fa icon fa-newspaper-o bordered round color1\"><\/i> <\/div> <div  class=\"col-sm\" data-type=\"column\"> <h5  class=\"color2\"><a data-mce-href=\"..\/articulos\/agp\/\" href=\"http:\/\/www.jovenesnucleares.org\/blog\/te-interesa\/articulos\/agp\" target=\"_self\" data-mce-selected=\"inline-boundary\" rel=\"noopener\">EL AGP<\/a><\/h5> <p  class=\"\" style=\"text-align: justify;\">Cuando hablamos sobre energ\u00eda nuclear para la producci\u00f3n el\u00e9ctrica, uno de los puntos que m\u00e1s preocupan a la sociedad es qu\u00e9 hacemos con los Residuos de Alta Actividad (RAA) generados por la operaci\u00f3n de las centrales nucleares.<\/p><\/div> <\/div><\/div><div  class=\"col-sm-6\"> <div  class=\"row space-bottom\"> <div  class=\"col-sm-fit icon-column\"> <i  class=\"fa icon fa-newspaper-o bordered round color1\"><\/i> <\/div> <div  class=\"col-sm\" data-type=\"column\"> <h5  class=\"color2\"><a data-mce-href=\"..\/articulos\/la-gestion-del-combustible-gastado-en-espana-los-atis\/\" href=\"http:\/\/www.jovenesnucleares.org\/blog\/te-interesa\/articulos\/la-gestion-del-combustible-gastado-en-espana-los-atis\" target=\"_self\" data-mce-selected=\"inline-boundary\" data-cp-link=\"1\" rel=\"noopener\">GESTI\u00d3N DE COMBUSTIBLE GASTADO EN ESPA\u00d1A: ATIs<\/a><\/h5> <p  class=\"\" style=\"text-align: justify;\">Las centrales nucleares espa\u00f1olas, en colaboraci\u00f3n con ENRESA y de acuerdo a lo establecido en el&nbsp; 6\u00ba PGRR, han optado por una sluci\u00f3n de residuos: los denominados Almacenes Temporales Individualizados, o ATIs.<\/p><\/div> <\/div><\/div><div  class=\"col-sm-6\"> <div  class=\"row space-bottom\"> <div  class=\"col-sm-fit icon-column\"> <i  class=\"fa icon fa-newspaper-o bordered round color1\"><\/i> <\/div> <div  class=\"col-sm\" data-type=\"column\"> <h5  class=\"color2\"><a data-mce-href=\"..\/articulos\/reactores-reproductores\/\" href=\"http:\/\/www.jovenesnucleares.org\/blog\/te-interesa\/articulos\/reactores-reproductores\" target=\"_self\" data-mce-selected=\"inline-boundary\" rel=\"noopener\">REACTORES REPRODUCTORES<\/a><\/h5> <p  class=\"\" style=\"text-align: justify;\">Los&nbsp; reactores reproductores, durante su operaci\u00f3n, inducen reacciones de captura neutr\u00f3nica en el combustible, U-238 o Th-232, produciendo cantidades significativas de nuevo material f\u00edsil, son capaces de extraer un gran porcentaje de energ\u00eda a partir del uranio presente inicialmente en el n\u00facleo.<\/p><\/div> <\/div><\/div><div  class=\"col-sm-6\"> <div  class=\"row space-bottom\"> <div  class=\"col-sm-fit icon-column\"> <i  class=\"fa icon fa-newspaper-o bordered round color1\"><\/i> <\/div> <div  class=\"col-sm\" data-type=\"column\"> <h5  class=\"color2\"><a data-mce-href=\"..\/articulos\/gen-iv\/\" href=\"http:\/\/www.jovenesnucleares.org\/blog\/te-interesa\/articulos\/gen-iv\" target=\"_self\" data-mce-selected=\"inline-boundary\" rel=\"noopener\">REACTORES DE GENERACI\u00d3N IV<\/a><\/h5> <p  class=\"\" style=\"text-align: justify;\">La Generaci\u00f3n IV consta de un conjunto de reactores cuyas tecnolog\u00edas, actualmente en fase de investigaci\u00f3n, no se basan en las de los reactores que a d\u00eda de hoy se encuentran en operaci\u00f3n, sino que constituyen nuevos y revolucionarios dise\u00f1os.<\/p><\/div> <\/div><\/div><div  class=\"col-sm-6\"> <div  class=\"row space-bottom\"> <div  class=\"col-sm-fit icon-column\"> <i  class=\"fa icon fa-newspaper-o bordered round color1\"><\/i> <\/div> <div  class=\"col-sm\" data-type=\"column\"> <h5  class=\"color2\"><a data-mce-href=\"..\/articulos\/detectores-de-antineutrinos\/\" href=\"http:\/\/www.jovenesnucleares.org\/blog\/te-interesa\/articulos\/detectores-de-antineutrinos\" target=\"_self\" data-mce-selected=\"inline-boundary\" data-cp-link=\"1\" rel=\"noopener\">DETECTORES DE ANTINEUTRINOS<\/a><\/h5> <p  class=\"\" style=\"text-align: justify;\">El OIEA, teniendo como objetivo asegurar que la tecnolog\u00eda nuclear no se utilice con fines militares, trabaja para desarrollar una herramienta que monitorice el funcionamiento de los reactores y que sea a la vez port\u00e1til, segura, barata y controlable remotamente. Los detectores de antineutrinos prometen cumplir con todas estas caracter\u00edsticas.<\/p><\/div> <\/div><\/div><\/div><\/div> <\/div><div  data-label=\"Features\" data-id=\"features--2\" data-export-id=\"features-12\" data-category=\"features\" class=\"features-12 content-section content-section-spacing \" id=\"features-2\" style=\"background-color: rgb(245, 250, 253);\"><div  class=\"gridContainer\"> <div  class=\"row text-center\"><div  class=\"section-title-col\" data-type=\"column\"> <h2  class=\"\">12 MESES 12 RAZONES<\/h2> <p  class=\"lead\" style=\"text-align: center;\">Para tratar de cumplir con nuestros objetivos de divulgaci\u00f3n, hemos decidido lanzar una campa\u00f1a con periodicidad mensual en la que publicamos breves rese\u00f1as destacando diferentes aspectos de la industria nuclear.<\/p><\/div> <\/div> <div  class=\"row spaced-cols\" data-type=\"row\"> <div  class=\"col-sm-6\"> <div  class=\"row space-bottom\"> <div  class=\"col-sm-fit icon-column\"> <i  class=\"fa icon fa-calendar bordered round color1\"><\/i> <\/div> <div  class=\"col-sm\" data-type=\"column\"> <h5  class=\"color2\"><a data-mce-href=\"..\/..\/campana-12-meses-12-razones\/enero\/\" href=\"http:\/\/www.jovenesnucleares.org\/blog\/campana-12-meses-12-razones\/enero\" target=\"_self\" data-mce-selected=\"inline-boundary\" data-cp-link=\"1\" rel=\"noopener\">ENERO<\/a><\/h5> <p  class=\"\">En un lugar de La Mancha\u2026<\/p><\/div> <\/div><\/div>    <div  class=\"col-sm-6\"> <div  class=\"row space-bottom\"> <div  class=\"col-sm-fit icon-column\"> <i  class=\"fa icon fa-calendar bordered round color1\"><\/i> <\/div> <div  class=\"col-sm\" data-type=\"column\"> <h5  class=\"color2\"><a data-mce-href=\"..\/..\/campana-12-meses-12-razones\/febrero\/\" href=\"http:\/\/www.jovenesnucleares.org\/blog\/campana-12-meses-12-razones\/febrero\" target=\"_self\" data-mce-selected=\"inline-boundary\" data-cp-link=\"1\" rel=\"noopener\">FEBRERO<\/a><\/h5> <p  class=\"\">\u00bfSabes cu\u00e1ntos residuos radiactivos generas a lo largo de tu vida?<\/p><\/div> <\/div><\/div><div  class=\"col-sm-6\"> <div  class=\"row space-bottom\"> <div  class=\"col-sm-fit icon-column\"> <i  class=\"fa icon fa-calendar bordered round color1\"><\/i> <\/div> <div  class=\"col-sm\" data-type=\"column\"> <h5  class=\"color2\"><a data-mce-href=\"..\/..\/campana-12-meses-12-razones\/marzo\/\" href=\"http:\/\/www.jovenesnucleares.org\/blog\/campana-12-meses-12-razones\/marzo\" target=\"_self\" data-mce-selected=\"inline-boundary\" rel=\"noopener\">MARZO<\/a><\/h5> <p  class=\"\">De las torres de refrigeraci\u00f3n de una central nuclear s\u00f3lo sale vapor de agua.<\/p><\/div> <\/div><\/div><div  class=\"col-sm-6\"> <div  class=\"row space-bottom\"> <div  class=\"col-sm-fit icon-column\"> <i  class=\"fa icon fa-calendar bordered round color1\"><\/i> <\/div> <div  class=\"col-sm\" data-type=\"column\"> <h5  class=\"color2\"><a data-mce-href=\"..\/..\/campana-12-meses-12-razones\/abril\/\" href=\"http:\/\/www.jovenesnucleares.org\/blog\/campana-12-meses-12-razones\/abril\" target=\"_self\" data-mce-selected=\"inline-boundary\" rel=\"noopener\">ABRIL<\/a><\/h5> <p  class=\"\">Si empleas bien la radiaci\u00f3n, puede ser una gran aliada.<\/p><\/div> <\/div><\/div><div  class=\"col-sm-6\"> <div  class=\"row space-bottom\"> <div  class=\"col-sm-fit icon-column\"> <i  class=\"fa icon fa-calendar bordered round color1\"><\/i> <\/div> <div  class=\"col-sm\" data-type=\"column\"> <h5  class=\"color2\"><a data-mce-href=\"..\/..\/campana-12-meses-12-razones\/mayo\/\" href=\"http:\/\/www.jovenesnucleares.org\/blog\/campana-12-meses-12-razones\/mayo\" target=\"_self\" data-mce-selected=\"inline-boundary\" data-cp-link=\"1\" rel=\"noopener\">MAYO<\/a><\/h5> <p  class=\"\">Adivina, adivinanza.<\/p><\/div> <\/div><\/div><div  class=\"col-sm-6\"> <div  class=\"row space-bottom\"> <div  class=\"col-sm-fit icon-column\"> <i  class=\"fa icon fa-calendar bordered round color1\"><\/i> <\/div> <div  class=\"col-sm\" data-type=\"column\"> <h5  class=\"color2\"><a data-mce-href=\"..\/..\/campana-12-meses-12-razones\/junio\/\" href=\"http:\/\/www.jovenesnucleares.org\/blog\/campana-12-meses-12-razones\/junio\" target=\"_self\" data-mce-selected=\"inline-boundary\" rel=\"noopener\">JUNIO<\/a><\/h5> <p  class=\"\">Lo nuevo \u00bfsiempre es mejor?<\/p><\/div> <\/div><\/div><div  class=\"col-sm-6\"> <div  class=\"row space-bottom\"> <div  class=\"col-sm-fit icon-column\"> <i  class=\"fa icon fa-calendar bordered round color1\"><\/i> <\/div> <div  class=\"col-sm\" data-type=\"column\"> <h5  class=\"color2\"><a data-mce-href=\"..\/..\/campana-12-meses-12-razones\/julio\/\" href=\"http:\/\/www.jovenesnucleares.org\/blog\/campana-12-meses-12-razones\/julio\" target=\"_self\" data-mce-selected=\"inline-boundary\" data-cp-link=\"1\" rel=\"noopener\">JULIO<\/a><\/h5> <p  class=\"\">Tenemos la postal ideal para tus vacaciones.<\/p><\/div> <\/div><\/div><div  class=\"col-sm-6\"> <div  class=\"row space-bottom\"> <div  class=\"col-sm-fit icon-column\"> <i  class=\"fa icon fa-calendar bordered round color1\"><\/i> <\/div> <div  class=\"col-sm\" data-type=\"column\"> <h5  class=\"color2\"><a data-mce-href=\"..\/..\/campana-12-meses-12-razones\/agosto\/\" href=\"http:\/\/www.jovenesnucleares.org\/blog\/campana-12-meses-12-razones\/agosto\" target=\"_self\" data-mce-selected=\"inline-boundary\" data-cp-link=\"1\" rel=\"noopener\">AGOSTO<\/a><\/h5> <p  class=\"\">Sabemos que somos unos pesados, pero\u2026<\/p><\/div> <\/div><\/div><div  class=\"col-sm-6\"> <div  class=\"row space-bottom\"> <div  class=\"col-sm-fit icon-column\"> <i  class=\"fa icon fa-calendar bordered round color1\"><\/i> <\/div> <div  class=\"col-sm\" data-type=\"column\"> <h5  class=\"color2\"><a data-mce-href=\"..\/..\/campana-12-meses-12-razones\/septiembre\/\" href=\"http:\/\/www.jovenesnucleares.org\/blog\/campana-12-meses-12-razones\/septiembre\" target=\"_self\" data-mce-selected=\"inline-boundary\" data-cp-link=\"1\" rel=\"noopener\">SEPTIEMBRE<\/a><\/h5> <p  class=\"\">M\u00e1s nos vale que la energ\u00eda nuclear sea la base verde del sistema.<\/p><\/div> <\/div><\/div><div  class=\"col-sm-6\"> <div  class=\"row space-bottom\"> <div  class=\"col-sm-fit icon-column\"> <i  class=\"fa icon fa-calendar bordered round color1\"><\/i> <\/div> <div  class=\"col-sm\" data-type=\"column\"> <h5  class=\"color2\"><a data-mce-href=\"..\/..\/campana-12-meses-12-razones\/octubre\/\" href=\"http:\/\/www.jovenesnucleares.org\/blog\/campana-12-meses-12-razones\/octubre\" target=\"_self\" data-mce-selected=\"inline-boundary\" rel=\"noopener\">OCTUBRE<\/a><\/h5> <p  class=\"\">Un coche el\u00e9ctrico con estas caracter\u00edsticas romper\u00eda el mercado.<\/p><\/div> <\/div><\/div><div  class=\"col-sm-6\"> <div  class=\"row space-bottom\"> <div  class=\"col-sm-fit icon-column\"> <i  class=\"fa icon fa-calendar bordered round color1\"><\/i> <\/div> <div  class=\"col-sm\" data-type=\"column\"> <h5  class=\"color2\"><a data-mce-href=\"..\/..\/campana-12-meses-12-razones\/noviembre\/\" href=\"http:\/\/www.jovenesnucleares.org\/blog\/campana-12-meses-12-razones\/noviembre\" target=\"_self\" data-mce-selected=\"inline-boundary\" rel=\"noopener\">NOVIEMBRE<\/a><\/h5> <p  class=\"\">Darwinismo tecnol\u00f3gico: innovar o desaparecer.<\/p><\/div> <\/div><\/div><div  class=\"col-sm-6\"> <div  class=\"row space-bottom\"> <div  class=\"col-sm-fit icon-column\"> <i  class=\"fa icon fa-calendar bordered round color1\"><\/i> <\/div> <div  class=\"col-sm\" data-type=\"column\"> <h5  class=\"color2\">\ufeffDICIEMBRE<\/h5> <p  class=\"\">Pr\u00f3ximamente&#8230;<\/p><\/div> <\/div><\/div><\/div><\/div> <\/div>","protected":false},"excerpt":{"rendered":"<p>ART\u00cdCULOS Os dejamos una selecci\u00f3n de nuestros mejores art\u00edculos: CHERNOBYL: VERDADES DEL PASADO, DECISIONES DE FUTURO \u201cChernobyl nos ense\u00f1a el precio de ignorar la verdad\u201d Craig Mazin, director de la serie de HBO.&nbsp;Chernobyl nos ense\u00f1a el precio de ignorar la verdad, pero tambi\u00e9n las consecuencias de ocultarla. EL ATC ESPA\u00d1OL El Almac\u00e9n Temporal Centralizado (ATC)&hellip; <br \/> <a class=\"read-more\" href=\"https:\/\/www.jovenesnucleares.org\/blog\/te-interesa\/divulgacion\/\">Read more<\/a><\/p>\n","protected":false},"author":1,"featured_media":0,"parent":1836,"menu_order":0,"comment_status":"closed","ping_status":"closed","template":"pro\/page-templates\/full-width-page.php","meta":{"footnotes":""},"class_list":["post-6237","page","type-page","status-publish","hentry"],"yoast_head":"<!-- This site is optimized with the Yoast SEO plugin v27.4 - https:\/\/yoast.com\/product\/yoast-seo-wordpress\/ -->\n<title>Divulgaci\u00f3n - J\u00f3venes Nucleares<\/title>\n<meta name=\"robots\" content=\"index, follow, max-snippet:-1, max-image-preview:large, max-video-preview:-1\" \/>\n<link rel=\"canonical\" href=\"https:\/\/www.jovenesnucleares.org\/blog\/te-interesa\/divulgacion\/\" \/>\n<meta property=\"og:locale\" content=\"es_ES\" \/>\n<meta property=\"og:type\" content=\"article\" \/>\n<meta property=\"og:title\" content=\"Divulgaci\u00f3n - J\u00f3venes Nucleares\" \/>\n<meta property=\"og:description\" content=\"ART\u00cdCULOS Os dejamos una selecci\u00f3n de nuestros mejores art\u00edculos: CHERNOBYL: VERDADES DEL PASADO, DECISIONES DE FUTURO \u201cChernobyl nos ense\u00f1a el precio de ignorar la verdad\u201d Craig Mazin, director de la serie de HBO.&nbsp;Chernobyl nos ense\u00f1a el precio de ignorar la verdad, pero tambi\u00e9n las consecuencias de ocultarla. EL ATC ESPA\u00d1OL El Almac\u00e9n Temporal Centralizado (ATC)&hellip; Read more\" \/>\n<meta property=\"og:url\" content=\"https:\/\/www.jovenesnucleares.org\/blog\/te-interesa\/divulgacion\/\" \/>\n<meta property=\"og:site_name\" content=\"J\u00f3venes Nucleares\" \/>\n<meta property=\"article:publisher\" content=\"https:\/\/www.facebook.com\/JovenesNucleares\" \/>\n<meta property=\"article:modified_time\" content=\"2022-04-22T09:08:50+00:00\" \/>\n<meta property=\"og:image\" content=\"https:\/\/www.jovenesnucleares.org\/blog\/wp-content\/uploads\/2021\/09\/cropped-Logo-JJNN-sec3-250px.png\" \/>\n\t<meta property=\"og:image:width\" content=\"512\" \/>\n\t<meta property=\"og:image:height\" content=\"512\" \/>\n\t<meta property=\"og:image:type\" content=\"image\/png\" \/>\n<meta name=\"twitter:card\" content=\"summary_large_image\" \/>\n<meta name=\"twitter:site\" content=\"@jjnucleares\" \/>\n<meta name=\"twitter:label1\" content=\"Tiempo de lectura\" \/>\n\t<meta name=\"twitter:data1\" content=\"3 minutos\" \/>\n<script type=\"application\/ld+json\" class=\"yoast-schema-graph\">{\"@context\":\"https:\\\/\\\/schema.org\",\"@graph\":[{\"@type\":\"WebPage\",\"@id\":\"https:\\\/\\\/www.jovenesnucleares.org\\\/blog\\\/te-interesa\\\/divulgacion\\\/\",\"url\":\"https:\\\/\\\/www.jovenesnucleares.org\\\/blog\\\/te-interesa\\\/divulgacion\\\/\",\"name\":\"Divulgaci\u00f3n - J\u00f3venes Nucleares\",\"isPartOf\":{\"@id\":\"https:\\\/\\\/www.jovenesnucleares.org\\\/blog\\\/#website\"},\"datePublished\":\"2022-04-21T16:40:07+00:00\",\"dateModified\":\"2022-04-22T09:08:50+00:00\",\"breadcrumb\":{\"@id\":\"https:\\\/\\\/www.jovenesnucleares.org\\\/blog\\\/te-interesa\\\/divulgacion\\\/#breadcrumb\"},\"inLanguage\":\"es\",\"potentialAction\":[{\"@type\":\"ReadAction\",\"target\":[\"https:\\\/\\\/www.jovenesnucleares.org\\\/blog\\\/te-interesa\\\/divulgacion\\\/\"]}]},{\"@type\":\"BreadcrumbList\",\"@id\":\"https:\\\/\\\/www.jovenesnucleares.org\\\/blog\\\/te-interesa\\\/divulgacion\\\/#breadcrumb\",\"itemListElement\":[{\"@type\":\"ListItem\",\"position\":1,\"name\":\"Portada\",\"item\":\"https:\\\/\\\/www.jovenesnucleares.org\\\/blog\\\/\"},{\"@type\":\"ListItem\",\"position\":2,\"name\":\"Te interesa\",\"item\":\"https:\\\/\\\/www.jovenesnucleares.org\\\/blog\\\/te-interesa\\\/\"},{\"@type\":\"ListItem\",\"position\":3,\"name\":\"Divulgaci\u00f3n\"}]},{\"@type\":\"WebSite\",\"@id\":\"https:\\\/\\\/www.jovenesnucleares.org\\\/blog\\\/#website\",\"url\":\"https:\\\/\\\/www.jovenesnucleares.org\\\/blog\\\/\",\"name\":\"J\u00f3venes Nucleares\",\"description\":\"Divulgaci\u00f3n de Ciencia y Tecnolog\u00eda Nuclear\",\"publisher\":{\"@id\":\"https:\\\/\\\/www.jovenesnucleares.org\\\/blog\\\/#organization\"},\"potentialAction\":[{\"@type\":\"SearchAction\",\"target\":{\"@type\":\"EntryPoint\",\"urlTemplate\":\"https:\\\/\\\/www.jovenesnucleares.org\\\/blog\\\/?s={search_term_string}\"},\"query-input\":{\"@type\":\"PropertyValueSpecification\",\"valueRequired\":true,\"valueName\":\"search_term_string\"}}],\"inLanguage\":\"es\"},{\"@type\":\"Organization\",\"@id\":\"https:\\\/\\\/www.jovenesnucleares.org\\\/blog\\\/#organization\",\"name\":\"J\u00f3venes Nucleares\",\"url\":\"https:\\\/\\\/www.jovenesnucleares.org\\\/blog\\\/\",\"logo\":{\"@type\":\"ImageObject\",\"inLanguage\":\"es\",\"@id\":\"https:\\\/\\\/www.jovenesnucleares.org\\\/blog\\\/#\\\/schema\\\/logo\\\/image\\\/\",\"url\":\"http:\\\/\\\/www.jovenesnucleares.org\\\/blog\\\/wp-content\\\/uploads\\\/2022\\\/01\\\/cropped-Logo-JJNN-principal-125px.png\",\"contentUrl\":\"http:\\\/\\\/www.jovenesnucleares.org\\\/blog\\\/wp-content\\\/uploads\\\/2022\\\/01\\\/cropped-Logo-JJNN-principal-125px.png\",\"width\":170,\"height\":70,\"caption\":\"J\u00f3venes Nucleares\"},\"image\":{\"@id\":\"https:\\\/\\\/www.jovenesnucleares.org\\\/blog\\\/#\\\/schema\\\/logo\\\/image\\\/\"},\"sameAs\":[\"https:\\\/\\\/www.facebook.com\\\/JovenesNucleares\",\"https:\\\/\\\/x.com\\\/jjnucleares\",\"https:\\\/\\\/www.instagram.com\\\/jjnucleares\\\/\",\"https:\\\/\\\/www.linkedin.com\\\/company\\\/jovenesnucleares\\\/\",\"https:\\\/\\\/www.youtube.com\\\/c\\\/JovenesNuclearesSNE\",\"https:\\\/\\\/es.wikipedia.org\\\/wiki\\\/Jovenes_Nucleares\"]}]}<\/script>\n<!-- \/ Yoast SEO plugin. -->","yoast_head_json":{"title":"Divulgaci\u00f3n - J\u00f3venes Nucleares","robots":{"index":"index","follow":"follow","max-snippet":"max-snippet:-1","max-image-preview":"max-image-preview:large","max-video-preview":"max-video-preview:-1"},"canonical":"https:\/\/www.jovenesnucleares.org\/blog\/te-interesa\/divulgacion\/","og_locale":"es_ES","og_type":"article","og_title":"Divulgaci\u00f3n - J\u00f3venes Nucleares","og_description":"ART\u00cdCULOS Os dejamos una selecci\u00f3n de nuestros mejores art\u00edculos: CHERNOBYL: VERDADES DEL PASADO, DECISIONES DE FUTURO \u201cChernobyl nos ense\u00f1a el precio de ignorar la verdad\u201d Craig Mazin, director de la serie de HBO.&nbsp;Chernobyl nos ense\u00f1a el precio de ignorar la verdad, pero tambi\u00e9n las consecuencias de ocultarla. EL ATC ESPA\u00d1OL El Almac\u00e9n Temporal Centralizado (ATC)&hellip; Read more","og_url":"https:\/\/www.jovenesnucleares.org\/blog\/te-interesa\/divulgacion\/","og_site_name":"J\u00f3venes Nucleares","article_publisher":"https:\/\/www.facebook.com\/JovenesNucleares","article_modified_time":"2022-04-22T09:08:50+00:00","og_image":[{"width":512,"height":512,"url":"https:\/\/www.jovenesnucleares.org\/blog\/wp-content\/uploads\/2021\/09\/cropped-Logo-JJNN-sec3-250px.png","type":"image\/png"}],"twitter_card":"summary_large_image","twitter_site":"@jjnucleares","twitter_misc":{"Tiempo de lectura":"3 minutos"},"schema":{"@context":"https:\/\/schema.org","@graph":[{"@type":"WebPage","@id":"https:\/\/www.jovenesnucleares.org\/blog\/te-interesa\/divulgacion\/","url":"https:\/\/www.jovenesnucleares.org\/blog\/te-interesa\/divulgacion\/","name":"Divulgaci\u00f3n - J\u00f3venes Nucleares","isPartOf":{"@id":"https:\/\/www.jovenesnucleares.org\/blog\/#website"},"datePublished":"2022-04-21T16:40:07+00:00","dateModified":"2022-04-22T09:08:50+00:00","breadcrumb":{"@id":"https:\/\/www.jovenesnucleares.org\/blog\/te-interesa\/divulgacion\/#breadcrumb"},"inLanguage":"es","potentialAction":[{"@type":"ReadAction","target":["https:\/\/www.jovenesnucleares.org\/blog\/te-interesa\/divulgacion\/"]}]},{"@type":"BreadcrumbList","@id":"https:\/\/www.jovenesnucleares.org\/blog\/te-interesa\/divulgacion\/#breadcrumb","itemListElement":[{"@type":"ListItem","position":1,"name":"Portada","item":"https:\/\/www.jovenesnucleares.org\/blog\/"},{"@type":"ListItem","position":2,"name":"Te interesa","item":"https:\/\/www.jovenesnucleares.org\/blog\/te-interesa\/"},{"@type":"ListItem","position":3,"name":"Divulgaci\u00f3n"}]},{"@type":"WebSite","@id":"https:\/\/www.jovenesnucleares.org\/blog\/#website","url":"https:\/\/www.jovenesnucleares.org\/blog\/","name":"J\u00f3venes Nucleares","description":"Divulgaci\u00f3n de Ciencia y Tecnolog\u00eda Nuclear","publisher":{"@id":"https:\/\/www.jovenesnucleares.org\/blog\/#organization"},"potentialAction":[{"@type":"SearchAction","target":{"@type":"EntryPoint","urlTemplate":"https:\/\/www.jovenesnucleares.org\/blog\/?s={search_term_string}"},"query-input":{"@type":"PropertyValueSpecification","valueRequired":true,"valueName":"search_term_string"}}],"inLanguage":"es"},{"@type":"Organization","@id":"https:\/\/www.jovenesnucleares.org\/blog\/#organization","name":"J\u00f3venes Nucleares","url":"https:\/\/www.jovenesnucleares.org\/blog\/","logo":{"@type":"ImageObject","inLanguage":"es","@id":"https:\/\/www.jovenesnucleares.org\/blog\/#\/schema\/logo\/image\/","url":"http:\/\/www.jovenesnucleares.org\/blog\/wp-content\/uploads\/2022\/01\/cropped-Logo-JJNN-principal-125px.png","contentUrl":"http:\/\/www.jovenesnucleares.org\/blog\/wp-content\/uploads\/2022\/01\/cropped-Logo-JJNN-principal-125px.png","width":170,"height":70,"caption":"J\u00f3venes Nucleares"},"image":{"@id":"https:\/\/www.jovenesnucleares.org\/blog\/#\/schema\/logo\/image\/"},"sameAs":["https:\/\/www.facebook.com\/JovenesNucleares","https:\/\/x.com\/jjnucleares","https:\/\/www.instagram.com\/jjnucleares\/","https:\/\/www.linkedin.com\/company\/jovenesnucleares\/","https:\/\/www.youtube.com\/c\/JovenesNuclearesSNE","https:\/\/es.wikipedia.org\/wiki\/Jovenes_Nucleares"]}]}},"post_mailing_queue_ids":[],"_links":{"self":[{"href":"https:\/\/www.jovenesnucleares.org\/blog\/wp-json\/wp\/v2\/pages\/6237","targetHints":{"allow":["GET"]}}],"collection":[{"href":"https:\/\/www.jovenesnucleares.org\/blog\/wp-json\/wp\/v2\/pages"}],"about":[{"href":"https:\/\/www.jovenesnucleares.org\/blog\/wp-json\/wp\/v2\/types\/page"}],"author":[{"embeddable":true,"href":"https:\/\/www.jovenesnucleares.org\/blog\/wp-json\/wp\/v2\/users\/1"}],"replies":[{"embeddable":true,"href":"https:\/\/www.jovenesnucleares.org\/blog\/wp-json\/wp\/v2\/comments?post=6237"}],"version-history":[{"count":5,"href":"https:\/\/www.jovenesnucleares.org\/blog\/wp-json\/wp\/v2\/pages\/6237\/revisions"}],"predecessor-version":[{"id":6344,"href":"https:\/\/www.jovenesnucleares.org\/blog\/wp-json\/wp\/v2\/pages\/6237\/revisions\/6344"}],"up":[{"embeddable":true,"href":"https:\/\/www.jovenesnucleares.org\/blog\/wp-json\/wp\/v2\/pages\/1836"}],"wp:attachment":[{"href":"https:\/\/www.jovenesnucleares.org\/blog\/wp-json\/wp\/v2\/media?parent=6237"}],"curies":[{"name":"wp","href":"https:\/\/api.w.org\/{rel}","templated":true}]}}