{"id":6247,"date":"2022-04-21T18:49:06","date_gmt":"2022-04-21T16:49:06","guid":{"rendered":"http:\/\/www.jovenesnucleares.org\/blog\/?page_id=6247"},"modified":"2023-05-01T11:47:54","modified_gmt":"2023-05-01T09:47:54","slug":"masteres","status":"publish","type":"page","link":"https:\/\/www.jovenesnucleares.org\/blog\/te-interesa\/masteres\/","title":{"rendered":"M\u00e1steres"},"content":{"rendered":"<div  data-label=\"Content\" data-id=\"content--1\" data-export-id=\"content-12\" data-category=\"content\" class=\"content-12 content-section content-section-spacing\" id=\"content-1\" style=\"background-color: rgb(255, 255, 255); background-image: none;\">\n<div  class=\"\">\n<div  data-section-title-area=\"true\" class=\"row text-center\">\n<div  class=\"section-title-col\" data-type=\"column\">\n<p  class=\"lead\">En esta secci\u00f3n encontrar\u00e1s informaci\u00f3n acerca de los m\u00e1steres de tecnolog\u00eda nuclear.\n<br >Podr\u00e1s formarte y unirte al sector y ser parte del relevo generacional de la industria nuclear espa\u00f1ola.<\/p>\n\n<\/div>\n<\/div>\n<div  class=\"row center-xs middle-xs\">\n<div  class=\"col-sm-9\" data-type=\"column\"><\/div>\n<\/div>\n<\/div>\n<\/div><div  data-label=\"About\" data-id=\"about--1\" data-export-id=\"about-2\" data-category=\"about\" class=\"about-2 content-section content-section-spacing\" id=\"about-1\" style=\"background-color: #ffffff;\">\n<div  class=\"gridContainer\">\n<div  class=\"row\">\n<div  class=\"col-sm-6 no-gutter-col flexbox-strech center-xs middle-xs\">\n<div  class=\"lightbox-video dark-overlay shadow-large overlap-right-large flexbox middle-xs center-xs\" data-type=\"group\" data-bg=\"image\" style=\"background-image: url(&quot;http:\/\/www.jovenesnucleares.org\/blog\/wp-content\/uploads\/2022\/04\/cropped-ii_jornada_virtual_yt.jpeg&quot;);\"><a  data-fancybox=\"\" data-video-lightbox=\"true\" href=\"https:\/\/www.youtube.com\/watch?v=xg9vwtbNAZg\" class=\"\"> <i  class=\"fa video-icon fa-play-circle-o color-white\" data-cp-fa=\"true\"><\/i><\/a><\/div>\n<\/div>\n<div  class=\"col-sm-6 space-bottom-xs col-padding-small-xs col-sm-padding-large white-text content-col bg-color5\" data-type=\"column\">\n<h2  class=\"\">Jornada de Puertas Abiertas Virtuales<\/h2>\n<p  class=\"\">En nuestro canal de Youtube y en Twitch puedes ver la Jornada de Puertas Abiertas Virtuales que organizamos con los responsables de los principales m\u00e1steres del sector nuclear en Espa\u00f1a.<\/p>\n\n<\/div>\n<\/div>\n<\/div>\n<\/div><div  data-label=\"Content\" data-id=\"content--2\" data-export-id=\"content-12\" data-category=\"content\" class=\"content-12 content-section content-section-spacing\" id=\"content-2\" style=\"background-color: rgb(255, 255, 255); background-image: none;\">\n<div  class=\"gridContainer\">\n<div  class=\"row text-center\">\n<div  class=\"section-title-col\" data-type=\"column\">\n<p  class=\"lead\">Te interesar\u00e1 saber que la Sociedad Nuclear Espa\u00f1ola oferta todos los a\u00f1os <span  style=\"font-weight: bold;\"><a href=\"https:\/\/www.sne.es\/noticias\/convocatoria-sne-de-becas-para-cursar-masteres-en-especializacion-nuclear\" target=\"_blank\" rel=\"noopener\" data-cp-link=\"1\" class=\"\">becas para cursar m\u00e1steres de especializaci\u00f3n nuclear<\/a><\/span>.<\/p>\n\n<\/div>\n<\/div>\n<div  class=\"row center-xs middle-xs\">\n<div  class=\"col-sm-9\" data-type=\"column\"><\/div>\n<\/div>\n<\/div>\n<\/div><div  data-label=\"Overlappable\" data-id=\"overlappable--1\" data-export-id=\"overlappable-1\" data-category=\"overlappable\" class=\"overlappable-1 content-section content-section-spacing\" data-overlap=\"true\" id=\"overlappable-1\" style=\"background-color: #ffffff;\">\n<div  class=\"gridContainer\">\n<div  data-type=\"row\" class=\"row shadow-medium\">\n<div  data-type=\"column\" class=\"col-xs-12 col-sm-4 flexcol bg-color-white col-padding col-padding-small-xs\">\n\n<i  class=\"fa icon fa-university color2\"><\/i>\n<h5  class=\"\">M\u00e1ster Universitario de Ciencia y Tecnolog\u00eda Nuclear (UPM)<\/h5>\n<p  class=\"\">El M\u00e1ster Universitario de Ciencia y Tecnolog\u00eda Nuclear (MCyTN) pertenece al Programa de Postgrado Oficial que ofrece la Universidad Polit\u00e9cnica de Madrid. Ha recibido la acreditaci\u00f3n de la ANECA por segunda vez en 2015.<\/p>\n<a class=\"button color2 outline\" href=\"http:\/\/www.din.industriales.upm.es\/index.php\/docencia\/masteres\/master-en-ciencia-y-tecnologia-nuclear\" target=\"_blank\" data-cp-link=\"1\" data-icon=\"\" rel=\"noopener\">Saber m\u00e1s<\/a>\n\n<\/div>\n<div  data-type=\"column\" class=\"col-xs-12 col-sm-4 flexcol col-padding col-padding-small-xs inverted bg-color1\">\n\n<i  class=\"fa icon fa-cubes color-white\"><\/i>\n<h5  class=\"inverted\">M\u00e1ster Universitario en Ingenier\u00eda Nuclear (UPC)<\/h5>\n<p  class=\"\">El M\u00e1ster Universitario en Ingenier\u00eda Nuclear permite adquirir un conocimiento profundo de los fundamentos te\u00f3ricos y pr\u00e1cticos de la ingenier\u00eda nuclear y de la tecnolog\u00eda asociada a la producci\u00f3n de energ\u00eda mediante la fisi\u00f3n nuclear en cadena.<\/p>\n<a class=\"button inverted color-white outline\" href=\"https:\/\/nuclearengineering.masters.upc.edu\/es\" target=\"_blank\" data-cp-link=\"1\" data-icon=\"\" rel=\"noopener\">Saber m\u00e1s<\/a>\n\n<\/div>\n<div  data-type=\"column\" class=\"col-xs-12 col-sm-4 flexcol bg-color6 col-padding col-padding-small-xs inverted bg-color-black\">\n\n<i  class=\"fa icon fa-graduation-cap color3\"><\/i>\n<h5  class=\"inverted\">M\u00e1ster Universitario en Seguridad Nuclear y Protecci\u00f3n Radiol\u00f3gica (UPV)<\/h5>\n<p  class=\"\">El M\u00e1ster Universitario en Seguridad Nuclear y Protecci\u00f3n Radiol\u00f3gica tiene por objetivo principal que los estudiantes adquieran capacidades y destrezas en el \u00e1mbito de la seguridad nuclear y la protecci\u00f3n radiol\u00f3gica.<\/p>\n<a class=\"button color3 outline\" href=\"https:\/\/www.upv.es\/titulaciones\/MUSNPR\/indexc.html\" target=\"_blank\" data-cp-link=\"1\" data-icon=\"\" rel=\"noopener\">Saber m\u00e1s<\/a>\n\n<\/div>\n<div  data-type=\"column\" class=\"col-xs-12 col-sm-4 flexcol col-padding col-padding-small-xs bg-color1\">\n\n<i  class=\"fa icon fa-cubes color-white\"><\/i>\n<h5  class=\"color-white\">M\u00e1ster en Ingenier\u00eda de la Energ\u00eda (UPM)<\/h5>\n<p  class=\"color-white\">El M\u00e1ster Universitario en Ingenier\u00eda de la Energ\u00eda tiene como objetivo acad\u00e9mico la formaci\u00f3n de alto nivel de los futuros profesionales que ejercer\u00e1n sus funciones en el campo energ\u00e9tico, desde sus fuentes hasta sus aplicaciones.<\/p>\n<a class=\"button color-white outline\" href=\"https:\/\/www.industriales.upm.es\/docencia\/master-en-ingenieria-de-la-energia\" target=\"_blank\" data-cp-link=\"1\" data-icon=\"\" rel=\"noopener\">Saber m\u00e1s<\/a>\n\n<\/div>\n<div  data-type=\"column\" class=\"col-xs-12 col-sm-4 flexcol col-padding col-padding-small-xs bg-color-black\">\n\n<i  class=\"fa icon fa-graduation-cap color3\"><\/i>\n<h5  class=\"color-white\">M\u00e1ster Universitario Erasmus Mundus en F\u00edsica de Plasmas y Fusi\u00f3n Nuclear (UC3M)<\/h5>\n<p  class=\"color-white\"><span  style=\"font-family: Roboto, arial, helvetica, sans-serif;\">El objetivo del M\u00e1ster Universitario Erasmus Mundus en F\u00edsica de Plasmas y Fusi\u00f3n Nuclear es proporcionar una educaci\u00f3n internacional de alto nivel orientada a la investigaci\u00f3n relacionada con la energ\u00eda de fusi\u00f3n, en estrecha relaci\u00f3n con las actividades de investigaci\u00f3n de las instituciones participantes, y con una experiencia cultural bien integrada.<\/span><\/p>\n<a class=\"button color3 outline\" href=\"https:\/\/www.uc3m.es\/master\/master-em-fusion\" target=\"_blank\" data-cp-link=\"1\" data-icon=\"\" rel=\"noopener\">Saber m\u00e1s<\/a>\n\n<\/div>\n<div  data-type=\"column\" class=\"col-xs-12 col-sm-4 flexcol bg-color-white col-padding col-padding-small-xs\">\n\n<i  class=\"fa icon fa-university color2\"><\/i>\n<h5  class=\"\">M\u00e1ster Interuniversitario en F\u00edsica Nuclear<\/h5>\n<p  class=\"\">El M\u00e1ster Interuniversitario en F\u00edsica Nuclear es un m\u00e1ster oficial de postgrado en el que participan seis universidades espa\u00f1olas (Sevilla, Aut\u00f3noma de Madrid, Barcelona, Complutense de Madrid, Granada y Salamanca) y colaboran distintos grupos del CSIC y el CIEMAT.<\/p>\n<a class=\"button color2 outline\" href=\"http:\/\/master.us.es\/fisicanuclear\" target=\"_blank\" data-cp-link=\"1\" data-icon=\"\" rel=\"noopener\">Saber m\u00e1s<\/a>\n\n<\/div>\n<div  data-type=\"column\" class=\"col-xs-12 col-sm-4 flexcol col-padding col-padding-small-xs bg-color-black\">\n\n<i  class=\"fa icon fa-graduation-cap color3\"><\/i>\n<h5  class=\"color-white\">M\u00e1ster Universitario Erasmus Mundus en F\u00edsica Nuclear (US)<\/h5>\n<p  class=\"color-white\">NucPhys es un m\u00e1ster conjunto dentro del programa Erasmus+ financiado por la Uni\u00f3n Europea. Se ha creado a trav\u00e9s de un consorcio de universidades espa\u00f1olas (Sevilla, Aut\u00f3noma de Madrid, Barcelona, Complutense de Madrid y Salamanca) m\u00e1s las universidades italianas de Catania y Padua y la francesa de Caen Basse-Normandie.<\/p>\n<a class=\"button color3 outline\" href=\"http:\/\/www.emm-nucphys.eu\" target=\"_blank\" data-cp-link=\"1\" data-icon=\"\" rel=\"noopener\">Saber m\u00e1s<\/a>\n\n<\/div>\n\n\n<\/div>\n<\/div>\n<\/div><div  data-label=\"Features\" data-id=\"features--2\" data-export-id=\"features-13\" data-category=\"features\" class=\"features-13 content-section content-section-spacing\" id=\"features-2\" style=\"background-color: rgb(255, 255, 255); background-image: none;\"><div  class=\"gridContainer\"> <div  class=\"row text-center\"><div  class=\"section-title-col\" data-type=\"column\">  <p  class=\"lead\">Por \u00faltimo, revisa estos documentos donde podr\u00e1s encontrar informaci\u00f3n detallada de todos los m\u00e1steres nucleares y energ\u00e9ticos.<\/p><\/div> <\/div> <div  class=\"row spaced-cols\" data-type=\"row\"> <div  class=\"col col-sm-6 space-bottom col-md-6\">  <h4  class=\"\">M\u00c1STERES NUCLEARES<\/h4> <p  class=\"\">Prep\u00e1rate como profesional o investigador&nbsp;en el campo de la tecnolog\u00eda nuclear, aplicaciones energ\u00e9ticas e industriales. Conoce los aspectos cient\u00edficos y tecnol\u00f3gicos de los avances en reactores de fisi\u00f3n o fusi\u00f3n, seguridad nuclear, protecci\u00f3n radiol\u00f3gica o f\u00edsica nuclear entre otros.<\/p> <a class=\"button y-move color1\" href=\"https:\/\/ceiden.com\/wp-content\/uploads\/2022\/01\/catalogo_masteres_nucleares_1.pdf\" target=\"_self\" data-cp-link=\"1\" data-icon=\"fa-book\" rel=\"noopener\"><span  class=\"button-icon fa fa-book\"><\/span>DESCARGAR<\/a><\/div> <div  class=\"col col-sm-6 space-bottom col-md-6\"> <h4  class=\"\">M\u00c1STERES ENERG\u00c9TICOS<\/h4> <p  class=\"\">F\u00f3rmate como futuro profesional en el campo energ\u00e9tico, desde sus fuentes (combustibles f\u00f3siles, energ\u00eda solar, e\u00f3lica, hidr\u00e1ulica, nuclear, etc.) hasta sus aplicaciones. Elige entre diferentes itinerarios concebidos para completar la especializaci\u00f3n en diferentes aspectos del sector.<\/p> <a class=\"button y-move color1\" href=\"https:\/\/ceiden.com\/wp-content\/uploads\/2022\/01\/catalogo_masteres_energeticos.pdf\" target=\"_self\" data-cp-link=\"1\" data-icon=\"fa-book\" rel=\"noopener\"><span  class=\"button-icon fa fa-book\"><\/span>DESCARGAR<\/a><\/div>   <\/div><\/div> <\/div>","protected":false},"excerpt":{"rendered":"<p>En esta secci\u00f3n encontrar\u00e1s informaci\u00f3n acerca de los m\u00e1steres de tecnolog\u00eda nuclear. Podr\u00e1s formarte y unirte al sector y ser parte del relevo generacional de la industria nuclear espa\u00f1ola. Jornada de Puertas Abiertas Virtuales En nuestro canal de Youtube y en Twitch puedes ver la Jornada de Puertas Abiertas Virtuales que organizamos con los responsables&hellip; <br \/> <a class=\"read-more\" href=\"https:\/\/www.jovenesnucleares.org\/blog\/te-interesa\/masteres\/\">Read more<\/a><\/p>\n","protected":false},"author":1,"featured_media":0,"parent":1836,"menu_order":0,"comment_status":"closed","ping_status":"closed","template":"pro\/page-templates\/full-width-page.php","meta":{"footnotes":""},"class_list":["post-6247","page","type-page","status-publish","hentry"],"yoast_head":"<!-- This site is optimized with the Yoast SEO plugin v27.4 - https:\/\/yoast.com\/product\/yoast-seo-wordpress\/ -->\n<title>M\u00e1steres - J\u00f3venes Nucleares<\/title>\n<meta name=\"robots\" content=\"index, follow, max-snippet:-1, max-image-preview:large, max-video-preview:-1\" \/>\n<link rel=\"canonical\" href=\"https:\/\/www.jovenesnucleares.org\/blog\/te-interesa\/masteres\/\" \/>\n<meta property=\"og:locale\" content=\"es_ES\" \/>\n<meta property=\"og:type\" content=\"article\" \/>\n<meta property=\"og:title\" content=\"M\u00e1steres - J\u00f3venes Nucleares\" \/>\n<meta property=\"og:description\" content=\"En esta secci\u00f3n encontrar\u00e1s informaci\u00f3n acerca de los m\u00e1steres de tecnolog\u00eda nuclear. Podr\u00e1s formarte y unirte al sector y ser parte del relevo generacional de la industria nuclear espa\u00f1ola. Jornada de Puertas Abiertas Virtuales En nuestro canal de Youtube y en Twitch puedes ver la Jornada de Puertas Abiertas Virtuales que organizamos con los responsables&hellip; Read more\" \/>\n<meta property=\"og:url\" content=\"https:\/\/www.jovenesnucleares.org\/blog\/te-interesa\/masteres\/\" \/>\n<meta property=\"og:site_name\" content=\"J\u00f3venes Nucleares\" \/>\n<meta property=\"article:publisher\" content=\"https:\/\/www.facebook.com\/JovenesNucleares\" \/>\n<meta property=\"article:modified_time\" content=\"2023-05-01T09:47:54+00:00\" \/>\n<meta property=\"og:image\" content=\"https:\/\/www.jovenesnucleares.org\/blog\/wp-content\/uploads\/2021\/09\/cropped-Logo-JJNN-sec3-250px.png\" \/>\n\t<meta property=\"og:image:width\" content=\"512\" \/>\n\t<meta property=\"og:image:height\" content=\"512\" \/>\n\t<meta property=\"og:image:type\" content=\"image\/png\" \/>\n<meta name=\"twitter:card\" content=\"summary_large_image\" \/>\n<meta name=\"twitter:site\" content=\"@jjnucleares\" \/>\n<meta name=\"twitter:label1\" content=\"Tiempo de lectura\" \/>\n\t<meta name=\"twitter:data1\" content=\"3 minutos\" \/>\n<script type=\"application\/ld+json\" class=\"yoast-schema-graph\">{\"@context\":\"https:\\\/\\\/schema.org\",\"@graph\":[{\"@type\":\"WebPage\",\"@id\":\"https:\\\/\\\/www.jovenesnucleares.org\\\/blog\\\/te-interesa\\\/masteres\\\/\",\"url\":\"https:\\\/\\\/www.jovenesnucleares.org\\\/blog\\\/te-interesa\\\/masteres\\\/\",\"name\":\"M\u00e1steres - J\u00f3venes Nucleares\",\"isPartOf\":{\"@id\":\"https:\\\/\\\/www.jovenesnucleares.org\\\/blog\\\/#website\"},\"datePublished\":\"2022-04-21T16:49:06+00:00\",\"dateModified\":\"2023-05-01T09:47:54+00:00\",\"breadcrumb\":{\"@id\":\"https:\\\/\\\/www.jovenesnucleares.org\\\/blog\\\/te-interesa\\\/masteres\\\/#breadcrumb\"},\"inLanguage\":\"es\",\"potentialAction\":[{\"@type\":\"ReadAction\",\"target\":[\"https:\\\/\\\/www.jovenesnucleares.org\\\/blog\\\/te-interesa\\\/masteres\\\/\"]}]},{\"@type\":\"BreadcrumbList\",\"@id\":\"https:\\\/\\\/www.jovenesnucleares.org\\\/blog\\\/te-interesa\\\/masteres\\\/#breadcrumb\",\"itemListElement\":[{\"@type\":\"ListItem\",\"position\":1,\"name\":\"Portada\",\"item\":\"https:\\\/\\\/www.jovenesnucleares.org\\\/blog\\\/\"},{\"@type\":\"ListItem\",\"position\":2,\"name\":\"Te interesa\",\"item\":\"https:\\\/\\\/www.jovenesnucleares.org\\\/blog\\\/te-interesa\\\/\"},{\"@type\":\"ListItem\",\"position\":3,\"name\":\"M\u00e1steres\"}]},{\"@type\":\"WebSite\",\"@id\":\"https:\\\/\\\/www.jovenesnucleares.org\\\/blog\\\/#website\",\"url\":\"https:\\\/\\\/www.jovenesnucleares.org\\\/blog\\\/\",\"name\":\"J\u00f3venes Nucleares\",\"description\":\"Divulgaci\u00f3n de Ciencia y Tecnolog\u00eda Nuclear\",\"publisher\":{\"@id\":\"https:\\\/\\\/www.jovenesnucleares.org\\\/blog\\\/#organization\"},\"potentialAction\":[{\"@type\":\"SearchAction\",\"target\":{\"@type\":\"EntryPoint\",\"urlTemplate\":\"https:\\\/\\\/www.jovenesnucleares.org\\\/blog\\\/?s={search_term_string}\"},\"query-input\":{\"@type\":\"PropertyValueSpecification\",\"valueRequired\":true,\"valueName\":\"search_term_string\"}}],\"inLanguage\":\"es\"},{\"@type\":\"Organization\",\"@id\":\"https:\\\/\\\/www.jovenesnucleares.org\\\/blog\\\/#organization\",\"name\":\"J\u00f3venes Nucleares\",\"url\":\"https:\\\/\\\/www.jovenesnucleares.org\\\/blog\\\/\",\"logo\":{\"@type\":\"ImageObject\",\"inLanguage\":\"es\",\"@id\":\"https:\\\/\\\/www.jovenesnucleares.org\\\/blog\\\/#\\\/schema\\\/logo\\\/image\\\/\",\"url\":\"http:\\\/\\\/www.jovenesnucleares.org\\\/blog\\\/wp-content\\\/uploads\\\/2022\\\/01\\\/cropped-Logo-JJNN-principal-125px.png\",\"contentUrl\":\"http:\\\/\\\/www.jovenesnucleares.org\\\/blog\\\/wp-content\\\/uploads\\\/2022\\\/01\\\/cropped-Logo-JJNN-principal-125px.png\",\"width\":170,\"height\":70,\"caption\":\"J\u00f3venes Nucleares\"},\"image\":{\"@id\":\"https:\\\/\\\/www.jovenesnucleares.org\\\/blog\\\/#\\\/schema\\\/logo\\\/image\\\/\"},\"sameAs\":[\"https:\\\/\\\/www.facebook.com\\\/JovenesNucleares\",\"https:\\\/\\\/x.com\\\/jjnucleares\",\"https:\\\/\\\/www.instagram.com\\\/jjnucleares\\\/\",\"https:\\\/\\\/www.linkedin.com\\\/company\\\/jovenesnucleares\\\/\",\"https:\\\/\\\/www.youtube.com\\\/c\\\/JovenesNuclearesSNE\",\"https:\\\/\\\/es.wikipedia.org\\\/wiki\\\/Jovenes_Nucleares\"]}]}<\/script>\n<!-- \/ Yoast SEO plugin. -->","yoast_head_json":{"title":"M\u00e1steres - J\u00f3venes Nucleares","robots":{"index":"index","follow":"follow","max-snippet":"max-snippet:-1","max-image-preview":"max-image-preview:large","max-video-preview":"max-video-preview:-1"},"canonical":"https:\/\/www.jovenesnucleares.org\/blog\/te-interesa\/masteres\/","og_locale":"es_ES","og_type":"article","og_title":"M\u00e1steres - J\u00f3venes Nucleares","og_description":"En esta secci\u00f3n encontrar\u00e1s informaci\u00f3n acerca de los m\u00e1steres de tecnolog\u00eda nuclear. Podr\u00e1s formarte y unirte al sector y ser parte del relevo generacional de la industria nuclear espa\u00f1ola. Jornada de Puertas Abiertas Virtuales En nuestro canal de Youtube y en Twitch puedes ver la Jornada de Puertas Abiertas Virtuales que organizamos con los responsables&hellip; Read more","og_url":"https:\/\/www.jovenesnucleares.org\/blog\/te-interesa\/masteres\/","og_site_name":"J\u00f3venes Nucleares","article_publisher":"https:\/\/www.facebook.com\/JovenesNucleares","article_modified_time":"2023-05-01T09:47:54+00:00","og_image":[{"width":512,"height":512,"url":"https:\/\/www.jovenesnucleares.org\/blog\/wp-content\/uploads\/2021\/09\/cropped-Logo-JJNN-sec3-250px.png","type":"image\/png"}],"twitter_card":"summary_large_image","twitter_site":"@jjnucleares","twitter_misc":{"Tiempo de lectura":"3 minutos"},"schema":{"@context":"https:\/\/schema.org","@graph":[{"@type":"WebPage","@id":"https:\/\/www.jovenesnucleares.org\/blog\/te-interesa\/masteres\/","url":"https:\/\/www.jovenesnucleares.org\/blog\/te-interesa\/masteres\/","name":"M\u00e1steres - J\u00f3venes Nucleares","isPartOf":{"@id":"https:\/\/www.jovenesnucleares.org\/blog\/#website"},"datePublished":"2022-04-21T16:49:06+00:00","dateModified":"2023-05-01T09:47:54+00:00","breadcrumb":{"@id":"https:\/\/www.jovenesnucleares.org\/blog\/te-interesa\/masteres\/#breadcrumb"},"inLanguage":"es","potentialAction":[{"@type":"ReadAction","target":["https:\/\/www.jovenesnucleares.org\/blog\/te-interesa\/masteres\/"]}]},{"@type":"BreadcrumbList","@id":"https:\/\/www.jovenesnucleares.org\/blog\/te-interesa\/masteres\/#breadcrumb","itemListElement":[{"@type":"ListItem","position":1,"name":"Portada","item":"https:\/\/www.jovenesnucleares.org\/blog\/"},{"@type":"ListItem","position":2,"name":"Te interesa","item":"https:\/\/www.jovenesnucleares.org\/blog\/te-interesa\/"},{"@type":"ListItem","position":3,"name":"M\u00e1steres"}]},{"@type":"WebSite","@id":"https:\/\/www.jovenesnucleares.org\/blog\/#website","url":"https:\/\/www.jovenesnucleares.org\/blog\/","name":"J\u00f3venes Nucleares","description":"Divulgaci\u00f3n de Ciencia y Tecnolog\u00eda Nuclear","publisher":{"@id":"https:\/\/www.jovenesnucleares.org\/blog\/#organization"},"potentialAction":[{"@type":"SearchAction","target":{"@type":"EntryPoint","urlTemplate":"https:\/\/www.jovenesnucleares.org\/blog\/?s={search_term_string}"},"query-input":{"@type":"PropertyValueSpecification","valueRequired":true,"valueName":"search_term_string"}}],"inLanguage":"es"},{"@type":"Organization","@id":"https:\/\/www.jovenesnucleares.org\/blog\/#organization","name":"J\u00f3venes Nucleares","url":"https:\/\/www.jovenesnucleares.org\/blog\/","logo":{"@type":"ImageObject","inLanguage":"es","@id":"https:\/\/www.jovenesnucleares.org\/blog\/#\/schema\/logo\/image\/","url":"http:\/\/www.jovenesnucleares.org\/blog\/wp-content\/uploads\/2022\/01\/cropped-Logo-JJNN-principal-125px.png","contentUrl":"http:\/\/www.jovenesnucleares.org\/blog\/wp-content\/uploads\/2022\/01\/cropped-Logo-JJNN-principal-125px.png","width":170,"height":70,"caption":"J\u00f3venes Nucleares"},"image":{"@id":"https:\/\/www.jovenesnucleares.org\/blog\/#\/schema\/logo\/image\/"},"sameAs":["https:\/\/www.facebook.com\/JovenesNucleares","https:\/\/x.com\/jjnucleares","https:\/\/www.instagram.com\/jjnucleares\/","https:\/\/www.linkedin.com\/company\/jovenesnucleares\/","https:\/\/www.youtube.com\/c\/JovenesNuclearesSNE","https:\/\/es.wikipedia.org\/wiki\/Jovenes_Nucleares"]}]}},"post_mailing_queue_ids":[],"_links":{"self":[{"href":"https:\/\/www.jovenesnucleares.org\/blog\/wp-json\/wp\/v2\/pages\/6247","targetHints":{"allow":["GET"]}}],"collection":[{"href":"https:\/\/www.jovenesnucleares.org\/blog\/wp-json\/wp\/v2\/pages"}],"about":[{"href":"https:\/\/www.jovenesnucleares.org\/blog\/wp-json\/wp\/v2\/types\/page"}],"author":[{"embeddable":true,"href":"https:\/\/www.jovenesnucleares.org\/blog\/wp-json\/wp\/v2\/users\/1"}],"replies":[{"embeddable":true,"href":"https:\/\/www.jovenesnucleares.org\/blog\/wp-json\/wp\/v2\/comments?post=6247"}],"version-history":[{"count":6,"href":"https:\/\/www.jovenesnucleares.org\/blog\/wp-json\/wp\/v2\/pages\/6247\/revisions"}],"predecessor-version":[{"id":6688,"href":"https:\/\/www.jovenesnucleares.org\/blog\/wp-json\/wp\/v2\/pages\/6247\/revisions\/6688"}],"up":[{"embeddable":true,"href":"https:\/\/www.jovenesnucleares.org\/blog\/wp-json\/wp\/v2\/pages\/1836"}],"wp:attachment":[{"href":"https:\/\/www.jovenesnucleares.org\/blog\/wp-json\/wp\/v2\/media?parent=6247"}],"curies":[{"name":"wp","href":"https:\/\/api.w.org\/{rel}","templated":true}]}}