{"id":6481,"date":"2022-08-19T14:07:44","date_gmt":"2022-08-19T12:07:44","guid":{"rendered":"http:\/\/www.jovenesnucleares.org\/blog\/?page_id=6481"},"modified":"2022-09-01T18:55:02","modified_gmt":"2022-09-01T16:55:02","slug":"energia-nuclear-mas-alla-de-las-centrales-capitulo-1","status":"publish","type":"page","link":"https:\/\/www.jovenesnucleares.org\/blog\/energia-nuclear-mas-alla-de-las-centrales-capitulo-1\/","title":{"rendered":"Energ\u00eda nuclear m\u00e1s all\u00e1 de las centrales"},"content":{"rendered":"<div  data-label=\"About\" data-id=\"about--1\" data-export-id=\"about-10\" data-category=\"about\" class=\"about-10 content-section content-section-spacing\" id=\"about-1\" style=\"background-color: rgb(255, 255, 255); background-image: none;\"><div  class=\"gridContainer\"><div  data-section-title-area=\"true\" class=\"row text-center\">   <div  class=\"section-title-col\" data-type=\"column\">       <h6  class=\"\">CAP\u00cdTULO 1<\/h6><h2  class=\"\"><span  style=\"font-weight: 900;\">MARCAPASOS NUCLEARES<\/span><span  id=\"_mce_caret\" data-mce-bogus=\"1\" data-mce-type=\"format-caret\"><span  style=\"font-weight: 900;\">\ufeff<\/span><\/span><\/h2>          <\/div><\/div> <div  class=\"row middle-sm text-center\"><div  class=\"col-sm-5 space-bottom-xs content-column\" data-type=\"column\">   <p  class=\"\" style=\"text-align: left;\"><span  style=\"font-weight: 500;\">\u00a1Buenas, cafeteros! En esta ocasi\u00f3n os presentamos el \u201cCap\u00edtulo 1\u201d de una peque\u00f1a serie de art\u00edculos en los que describiremos algunas aplicaciones de la energ\u00eda nuclear \u201cfuera de las centrales\u201d. Porque la energ\u00eda nuclear no solamente se aprovecha en reactores.\u00a1A por ello!\n<\/span><br ><span  style=\"font-weight: 500;\">Como sabemos, los materiales radiactivos producen calor; de ah\u00ed que el combustible nuclear gastado tenga que refrigerarse en piscinas incluso despu\u00e9s de varios a\u00f1os de haber sido usado en un reactor nuclear. Por ello, nos podr\u00edamos preguntar: \u00bfY no ser\u00eda posible aprovechar todo ese calor que se va desprendiendo durante tantos a\u00f1os? \u00bfSaldr\u00eda rentable? Y la respuesta puede parecer sorprendente, porque: a pesar de que el calor es la forma de energ\u00eda m\u00e1s degradada, s\u00ed se puede aprovechar una parte de ese calor si se buscan las aplicaciones adecuadas. Y \u00bfcu\u00e1les son esas \u201caplicaciones adecuadas\u201d y qu\u00e9 caracter\u00edsticas deber\u00edan tener?<\/span><br ><span  id=\"_mce_caret\" data-mce-bogus=\"1\" data-mce-type=\"format-caret\"><span  style=\"font-weight: 500;\">\ufeff<\/span><\/span><\/p> <\/div> <div  class=\"col-sm-7 flexbox middle-xs center-xs space-bottom-xs\"><div  class=\"overlay-box middle-xs center-xs flexbox\"> <div  class=\"overlay-box-offset shadow-medium border-color1 hide-xs offset-border\"><\/div> <img decoding=\"async\"  class=\"shadow-large\" data-size=\"485x705\" src=\"http:\/\/www.jovenesnucleares.org\/blog\/wp-content\/uploads\/2022\/08\/CAPITULO-1.png\" title=\"CAP\u00cdTULO 1\" alt=\"\"><\/div> <\/div><\/div> <\/div><\/div><div  data-label=\"Content\" data-id=\"content--1\" data-export-id=\"content-15\" data-category=\"content\" class=\"content-15 content-section content-section-spacing\" id=\"content-1\" style=\"background-color: rgb(255, 255, 255); background-image: none;\"><div  class=\"gridContainer\"> <div  class=\"row middle-sm\"><div  class=\"col-sm-6 flexbox around-xs top-xs space-bottom-xs space-top-xs\"> <div  class=\"overlay-box flexbox middle-xs center-xs overlay-holder\"><div  class=\"overlay-box-offset shadow-medium border-color2 hide-xs offset-background\"><\/div> <img decoding=\"async\"  class=\"flexbox shadow-large img1\" data-size=\"500x500\" src=\"http:\/\/www.jovenesnucleares.org\/blog\/wp-content\/uploads\/2022\/08\/marc1.png\" title=\"marc1\" alt=\"\"><\/div> <\/div> <div  class=\"col-sm-6\" data-type=\"column\">  <h6  class=\"\">Imagen: Marcapasos nuclear de Monsanto<\/h6><p  class=\"\" style=\"text-align: left;\"><span  style=\"font-weight: 500;\">Para responder a esta \u00faltima pregunta, hay que tener en cuenta que el calor producido por los materiales radiactivos es, en general, relativamente poco: unos pocos vatios por kilogramo de material. Sin embargo, se genera  de forma ininterrumpida durante mucho tiempo (generalmente durante muchos a\u00f1os). Dicho esto, podemos transformar la pregunta del p\u00e1rrafo anterior en: \u00bfQu\u00e9 aparato necesita poca energ\u00eda para funcionar, pero la necesita de forma continua durante mucho tiempo, incluso a\u00f1os?\n<\/span><br ><br ><span  style=\"font-weight: 500;\">Ahora ya podemos responder de manera concreta con una lista de \u201caparatos\u201d con esa caracter\u00edstica, como por ejemplo: sondas espaciales que necesitan ser propulsadas en un espacio casi sin rozamiento, de ah\u00ed que se necesite poca energ\u00eda para funcionar, pero durante muchos a\u00f1os. Algunas de las sondas enviadas al espacio por la NASA utilizan esta tecnolog\u00eda para la exploraci\u00f3n espacial. Sin embargo, en esta ocasi\u00f3n os queremos hablar de otro \u201caparato\u201d que consume poca energ\u00eda pero que lo hace continuamente durante \u201cmuchos a\u00f1os\u201d \u00bfOs pod\u00e9is imaginar cu\u00e1l es antes de que lo desvelemos?\n<\/span><br ><br ><span  style=\"font-weight: 500;\">\nLa respuesta: un marcapasos. Los marcapasos son aparatos que generan impulsos el\u00e9ctricos para ayudar al coraz\u00f3n a contraerse y bombear la sangre por las arterias. Se utiliza cuando un paciente tiene <a data-mce-href=\"https:\/\/fundaciondelcorazon.com\/informacion-para-pacientes\/tratamientos\/marcapasos.html\" href=\"https:\/\/fundaciondelcorazon.com\/informacion-para-pacientes\/tratamientos\/marcapasos.html\" target=\"_self\" data-mce-selected=\"inline-boundary\" data-cp-link=\"1\" rel=\"noopener\" class=\"\">problemas de coraz\u00f3n<\/a>. Los impulsos no necesitan ser descargas el\u00e9ctricas fulminantes , s\u00f3lo necesitan del orden de 25 \u03bcJ (25 micro Julios) . Pero eso s\u00ed: necesitan estar en funcionamiento constante durante toda la vida del paciente. Eso fue lo que motiv\u00f3 a la <a data-mce-href=\"http:\/\/danieljohndoyle.com\/uploads\/3\/4\/3\/7\/34375475\/the_rise_and_fall_of_the_nuclear_pacemaker_april_2012.pdf\" href=\"http:\/\/danieljohndoyle.com\/uploads\/3\/4\/3\/7\/34375475\/the_rise_and_fall_of_the_nuclear_pacemaker_april_2012.pdf\" target=\"_self\" data-mce-selected=\"inline-boundary\" data-cp-link=\"1\" rel=\"noopener\" class=\"\">compa\u00f1\u00eda Monsanto<\/a> a dise\u00f1ar marcapasos cuya fuente de energ\u00eda eran unas peque\u00f1as varillas de plutonio, en concreto: del is\u00f3topo 238 (238Pu).<\/span><br ><span  id=\"_mce_caret\" data-mce-bogus=\"1\" data-mce-type=\"format-caret\"><span  style=\"font-weight: 500;\">\ufeff<\/span><\/span><\/p> <\/div> <\/div><\/div> <\/div><div  data-label=\"Content\" data-id=\"content--2\" data-export-id=\"content-16\" data-category=\"content\" class=\"content-16 content-section content-section-spacing\" id=\"content-2\" style=\"background-color: rgb(255, 255, 255);\"><div  class=\"gridContainer\"> <div  class=\"row middle-sm\"><div  class=\"col-sm-6 space-bottom-xs\" data-type=\"column\">  <p  class=\"\" style=\"text-align: left;\"><span  style=\"font-weight: 500;\">El is\u00f3topo <a data-mce-href=\"https:\/\/rps.nasa.gov\/system\/downloadable_items\/26_APP_RPS_Pu-238_FS_12-10-12.pdf\" href=\"https:\/\/rps.nasa.gov\/system\/downloadable_items\/26_APP_RPS_Pu-238_FS_12-10-12.pdf\" target=\"_self\" data-mce-selected=\"inline-boundary\" data-cp-link=\"1\" rel=\"noopener\" class=\"\">238Pu<\/a> emite principalmente radiaci\u00f3n alfa (recordemos: es el tipo de radiaci\u00f3n que puede detenerse con una hoja de papel como material de blindaje) y, por lo tanto, si se mete en una c\u00e1psula y posteriormente se sella, no supone un riesgo para el paciente. La energ\u00eda liberada por el plutonio de esas varillas pod\u00eda ser utilizada para hacer funcionar el marcapasos de forma regular durante muchos a\u00f1os. Este tipo de bater\u00eda dura mucho m\u00e1s que las bater\u00edas&nbsp;de litio que se usan actualmente (que necesitan reemplazarse cada cierto tiempo). \n<\/span><br ><br ><span  style=\"font-weight: 500;\">Monsanto fabric\u00f3 varios prototipos: con \u00f3xido de plutonio en lugar de plutonio met\u00e1lico como fuente de energ\u00eda, con potencias de entre 0.1 y 0.3 vatios, con diferentes materiales para la c\u00e1psula, etc. \n<\/span><br ><br ><span  style=\"font-weight: 500;\">En total, Monsanto fabric\u00f3 61 marcapasos y en el mundo se utilizaron hasta en 139 pacientes, entre los fabricados por Monsanto y por otras compa\u00f1\u00edas. Pero no se fabricaron m\u00e1s por varias dificultades. Una de las fundamentales: cuando los pacientes mor\u00edan, despu\u00e9s de haber extendido su vida gracias al marcapasos, los cuerpos no pod\u00edan ser incinerados porque el&nbsp;\u201chumo\u201d del crematorio contendr\u00eda plutonio. Lo cual no es una buena idea. Alternativamente, se necesitaba retirar el marcapasos al difunto, antes de incinerarlo.<\/span><\/p> <h6  class=\"\">Imagen: Varillas de plutonio utilizadas en el prototipo de marcapasos de Monsanto. Imagen propiedad de Monsanto.<\/h6><\/div> <div  class=\"col-sm-6 flexbox around-xs top-xs space-top-xs space-bottom-xs\"><div  class=\"overlay-box flexbox middle-xs center-xs overlay-holder\"> <div  class=\"overlay-box-offset shadow-medium border-color2 hide-xs offset-background\"><\/div> <img decoding=\"async\"  class=\"flexbox shadow-large img1\" data-size=\"500x500\" src=\"http:\/\/www.jovenesnucleares.org\/blog\/wp-content\/uploads\/2022\/08\/marc2.png\" title=\"marc2\" alt=\"\"><\/div> <\/div><\/div> <\/div><\/div><div  data-label=\"Content\" data-id=\"content--3\" data-export-id=\"content-15\" data-category=\"content\" class=\"content-15 content-section content-section-spacing\" id=\"content-3\" style=\"background-color: rgb(255, 255, 255); background-image: none;\"><div  class=\"gridContainer\"> <div  class=\"row middle-sm\"><div  class=\"col-sm-6 flexbox around-xs top-xs space-bottom-xs space-top-xs\"> <div  class=\"overlay-box flexbox middle-xs center-xs overlay-holder\"><div  class=\"overlay-box-offset shadow-medium border-color2 hide-xs offset-background\"><\/div> <img decoding=\"async\"  class=\"flexbox shadow-large img1\" data-size=\"500x500\" src=\"http:\/\/www.jovenesnucleares.org\/blog\/wp-content\/uploads\/2022\/08\/marc3.png\" title=\"marc3\" alt=\"\"><\/div> <\/div> <div  class=\"col-sm-6\" data-type=\"column\">  <h6 class=\"\" >Imagen: Dise\u00f1o conceptual del aparato completo: con el plutonio (FUEL), el conversor de energ\u00eda (THERMOPILE), las c\u00e1psulas (ENCAPSULATION) y las dem\u00e1s partes del marcapasos, incluyendo las partes electr\u00f3nicas, la carcasa exterior y los electrodos.<\/h6><p  class=\"\" style=\"text-align: left;\"><span  style=\"font-weight: 500;\">En el siglo XX, hab\u00eda dos alternativas: los marcapasos baratos con bater\u00edas \u201cnormales\u201d, que duraban unos 2 a\u00f1os; y los marcapasos con \u201cbater\u00edas nucleares\u201d, m\u00e1s caros pero que duraban&nbsp;m\u00e1s que la vida de los pacientes y, salvo otras complicaciones no necesitaban recarga o reemplazo de la bater\u00eda durante toda la vida del paciente. Hoy en d\u00eda se han mejorado las bater\u00edas de litio y son las que se usan en los marcapasos actuales. Estas bater\u00edas necesitan reemplazo cada 10 o 15 a\u00f1os, cuando se agotan. As\u00ed que, esta aplicaci\u00f3n de la energ\u00eda nuclear qued\u00f3 en desuso. Pero no ha sido as\u00ed para otras aplicaciones en las que s\u00ed hubo \u00e9xito, como la <a data-mce-href=\"https:\/\/rps.nasa.gov\/about-rps\/about-plutonium-238\/\" href=\"https:\/\/rps.nasa.gov\/about-rps\/about-plutonium-238\" target=\"_self\" data-mce-selected=\"inline-boundary\" data-cp-link=\"1\" rel=\"noopener\" class=\"\">exploraci\u00f3n espacial<\/a>. Hoy en d\u00eda, todav\u00eda hay 9 personas vivas en el mundo que tienen un marcapasos nuclear.<\/span><\/p> <p  class=\"\"><span  style=\"font-weight: 500;\">Y\u2026 a vosotros: Dejando de lado los marcapasos o las naves de la NASA \u00bfSe os ocurre alguna otra aplicaci\u00f3n en la que pudiera ser \u00fatil este tipo de fuente de energ\u00eda de baja potencia y larga duraci\u00f3n? \u00a1Atentos al pr\u00f3ximo cap\u00edtulo!<\/span><\/p><\/div> <\/div><\/div> <\/div><div  data-label=\"Cta\" data-id=\"cta--1\" data-export-id=\"cta-blue-section\" data-category=\"cta\" class=\"cta-blue-section content-section content-section-spacing-medium bg-color1 white-text\" id=\"cta-1\"><div  class=\"\"> <div  class=\"row middle-xs\"><div  class=\"col-sm-8 space-bottom-xs\" data-type=\"column\"> <h2  class=\"\">NOTAS<\/h2> <p  class=\"\">1) Se dice que la energ\u00eda el\u00e9ctrica es \u201cde alta calidad\u201d porque se puede transformar f\u00e1cilmente en muchas otras formas de energ\u00eda. Por contraste, se dice que el calor es \u201cenerg\u00eda de baja calidad\u201d porque s\u00f3lo una fracci\u00f3n (e.g. 33%) puede transformarse en otras formas de energ\u00eda. De ah\u00ed que el calor sea la forma de energ\u00eda m\u00e1s degradada.\n<br ><br >\n<br >2)&nbsp;En comparaci\u00f3n, un desfibrilador comercial podr\u00eda necesitar del orden de 50 Julios: Dos millones de veces m\u00e1s.<br >\n<\/p><\/div> <div  class=\"col-sm-4 end-sm\" data-type=\"column\"> <img decoding=\"async\"  class=\"custom-image\" src=\"#\"><\/div> <\/div><\/div> <\/div>","protected":false},"excerpt":{"rendered":"<p>CAP\u00cdTULO 1MARCAPASOS NUCLEARES\ufeff \u00a1Buenas, cafeteros! En esta ocasi\u00f3n os presentamos el \u201cCap\u00edtulo 1\u201d de una peque\u00f1a serie de art\u00edculos en los que describiremos algunas aplicaciones de la energ\u00eda nuclear \u201cfuera de las centrales\u201d. Porque la energ\u00eda nuclear no solamente se aprovecha en reactores.\u00a1A por ello! Como sabemos, los materiales radiactivos producen calor; de ah\u00ed que&hellip; <br \/> <a class=\"read-more\" href=\"https:\/\/www.jovenesnucleares.org\/blog\/energia-nuclear-mas-alla-de-las-centrales-capitulo-1\/\">Read more<\/a><\/p>\n","protected":false},"author":1,"featured_media":0,"parent":0,"menu_order":0,"comment_status":"closed","ping_status":"closed","template":"pro\/page-templates\/full-width-page.php","meta":{"footnotes":""},"class_list":["post-6481","page","type-page","status-publish","hentry"],"yoast_head":"<!-- This site is optimized with the Yoast SEO plugin v27.4 - https:\/\/yoast.com\/product\/yoast-seo-wordpress\/ -->\n<title>Energ\u00eda nuclear m\u00e1s all\u00e1 de las centrales - J\u00f3venes Nucleares<\/title>\n<meta name=\"robots\" content=\"index, follow, max-snippet:-1, max-image-preview:large, max-video-preview:-1\" \/>\n<link rel=\"canonical\" href=\"https:\/\/www.jovenesnucleares.org\/blog\/energia-nuclear-mas-alla-de-las-centrales-capitulo-1\/\" \/>\n<meta property=\"og:locale\" content=\"es_ES\" \/>\n<meta property=\"og:type\" content=\"article\" \/>\n<meta property=\"og:title\" content=\"Energ\u00eda nuclear m\u00e1s all\u00e1 de las centrales - J\u00f3venes Nucleares\" \/>\n<meta property=\"og:description\" content=\"CAP\u00cdTULO 1MARCAPASOS NUCLEARES\ufeff \u00a1Buenas, cafeteros! En esta ocasi\u00f3n os presentamos el \u201cCap\u00edtulo 1\u201d de una peque\u00f1a serie de art\u00edculos en los que describiremos algunas aplicaciones de la energ\u00eda nuclear \u201cfuera de las centrales\u201d. Porque la energ\u00eda nuclear no solamente se aprovecha en reactores.\u00a1A por ello! Como sabemos, los materiales radiactivos producen calor; de ah\u00ed que&hellip; Read more\" \/>\n<meta property=\"og:url\" content=\"https:\/\/www.jovenesnucleares.org\/blog\/energia-nuclear-mas-alla-de-las-centrales-capitulo-1\/\" \/>\n<meta property=\"og:site_name\" content=\"J\u00f3venes Nucleares\" \/>\n<meta property=\"article:publisher\" content=\"https:\/\/www.facebook.com\/JovenesNucleares\" \/>\n<meta property=\"article:modified_time\" content=\"2022-09-01T16:55:02+00:00\" \/>\n<meta property=\"og:image\" content=\"http:\/\/www.jovenesnucleares.org\/blog\/wp-content\/uploads\/2022\/08\/CAPITULO-1.png\" \/>\n<meta name=\"twitter:card\" content=\"summary_large_image\" \/>\n<meta name=\"twitter:site\" content=\"@jjnucleares\" \/>\n<meta name=\"twitter:label1\" content=\"Tiempo de lectura\" \/>\n\t<meta name=\"twitter:data1\" content=\"5 minutos\" \/>\n<script type=\"application\/ld+json\" class=\"yoast-schema-graph\">{\"@context\":\"https:\\\/\\\/schema.org\",\"@graph\":[{\"@type\":\"WebPage\",\"@id\":\"https:\\\/\\\/www.jovenesnucleares.org\\\/blog\\\/energia-nuclear-mas-alla-de-las-centrales-capitulo-1\\\/\",\"url\":\"https:\\\/\\\/www.jovenesnucleares.org\\\/blog\\\/energia-nuclear-mas-alla-de-las-centrales-capitulo-1\\\/\",\"name\":\"Energ\u00eda nuclear m\u00e1s all\u00e1 de las centrales - J\u00f3venes Nucleares\",\"isPartOf\":{\"@id\":\"https:\\\/\\\/www.jovenesnucleares.org\\\/blog\\\/#website\"},\"primaryImageOfPage\":{\"@id\":\"https:\\\/\\\/www.jovenesnucleares.org\\\/blog\\\/energia-nuclear-mas-alla-de-las-centrales-capitulo-1\\\/#primaryimage\"},\"image\":{\"@id\":\"https:\\\/\\\/www.jovenesnucleares.org\\\/blog\\\/energia-nuclear-mas-alla-de-las-centrales-capitulo-1\\\/#primaryimage\"},\"thumbnailUrl\":\"http:\\\/\\\/www.jovenesnucleares.org\\\/blog\\\/wp-content\\\/uploads\\\/2022\\\/08\\\/CAPITULO-1.png\",\"datePublished\":\"2022-08-19T12:07:44+00:00\",\"dateModified\":\"2022-09-01T16:55:02+00:00\",\"breadcrumb\":{\"@id\":\"https:\\\/\\\/www.jovenesnucleares.org\\\/blog\\\/energia-nuclear-mas-alla-de-las-centrales-capitulo-1\\\/#breadcrumb\"},\"inLanguage\":\"es\",\"potentialAction\":[{\"@type\":\"ReadAction\",\"target\":[\"https:\\\/\\\/www.jovenesnucleares.org\\\/blog\\\/energia-nuclear-mas-alla-de-las-centrales-capitulo-1\\\/\"]}]},{\"@type\":\"ImageObject\",\"inLanguage\":\"es\",\"@id\":\"https:\\\/\\\/www.jovenesnucleares.org\\\/blog\\\/energia-nuclear-mas-alla-de-las-centrales-capitulo-1\\\/#primaryimage\",\"url\":\"https:\\\/\\\/www.jovenesnucleares.org\\\/blog\\\/wp-content\\\/uploads\\\/2022\\\/08\\\/CAPITULO-1.png\",\"contentUrl\":\"https:\\\/\\\/www.jovenesnucleares.org\\\/blog\\\/wp-content\\\/uploads\\\/2022\\\/08\\\/CAPITULO-1.png\",\"width\":940,\"height\":788},{\"@type\":\"BreadcrumbList\",\"@id\":\"https:\\\/\\\/www.jovenesnucleares.org\\\/blog\\\/energia-nuclear-mas-alla-de-las-centrales-capitulo-1\\\/#breadcrumb\",\"itemListElement\":[{\"@type\":\"ListItem\",\"position\":1,\"name\":\"Portada\",\"item\":\"https:\\\/\\\/www.jovenesnucleares.org\\\/blog\\\/\"},{\"@type\":\"ListItem\",\"position\":2,\"name\":\"Energ\u00eda nuclear m\u00e1s all\u00e1 de las centrales\"}]},{\"@type\":\"WebSite\",\"@id\":\"https:\\\/\\\/www.jovenesnucleares.org\\\/blog\\\/#website\",\"url\":\"https:\\\/\\\/www.jovenesnucleares.org\\\/blog\\\/\",\"name\":\"J\u00f3venes Nucleares\",\"description\":\"Divulgaci\u00f3n de Ciencia y Tecnolog\u00eda Nuclear\",\"publisher\":{\"@id\":\"https:\\\/\\\/www.jovenesnucleares.org\\\/blog\\\/#organization\"},\"potentialAction\":[{\"@type\":\"SearchAction\",\"target\":{\"@type\":\"EntryPoint\",\"urlTemplate\":\"https:\\\/\\\/www.jovenesnucleares.org\\\/blog\\\/?s={search_term_string}\"},\"query-input\":{\"@type\":\"PropertyValueSpecification\",\"valueRequired\":true,\"valueName\":\"search_term_string\"}}],\"inLanguage\":\"es\"},{\"@type\":\"Organization\",\"@id\":\"https:\\\/\\\/www.jovenesnucleares.org\\\/blog\\\/#organization\",\"name\":\"J\u00f3venes Nucleares\",\"url\":\"https:\\\/\\\/www.jovenesnucleares.org\\\/blog\\\/\",\"logo\":{\"@type\":\"ImageObject\",\"inLanguage\":\"es\",\"@id\":\"https:\\\/\\\/www.jovenesnucleares.org\\\/blog\\\/#\\\/schema\\\/logo\\\/image\\\/\",\"url\":\"http:\\\/\\\/www.jovenesnucleares.org\\\/blog\\\/wp-content\\\/uploads\\\/2022\\\/01\\\/cropped-Logo-JJNN-principal-125px.png\",\"contentUrl\":\"http:\\\/\\\/www.jovenesnucleares.org\\\/blog\\\/wp-content\\\/uploads\\\/2022\\\/01\\\/cropped-Logo-JJNN-principal-125px.png\",\"width\":170,\"height\":70,\"caption\":\"J\u00f3venes Nucleares\"},\"image\":{\"@id\":\"https:\\\/\\\/www.jovenesnucleares.org\\\/blog\\\/#\\\/schema\\\/logo\\\/image\\\/\"},\"sameAs\":[\"https:\\\/\\\/www.facebook.com\\\/JovenesNucleares\",\"https:\\\/\\\/x.com\\\/jjnucleares\",\"https:\\\/\\\/www.instagram.com\\\/jjnucleares\\\/\",\"https:\\\/\\\/www.linkedin.com\\\/company\\\/jovenesnucleares\\\/\",\"https:\\\/\\\/www.youtube.com\\\/c\\\/JovenesNuclearesSNE\",\"https:\\\/\\\/es.wikipedia.org\\\/wiki\\\/Jovenes_Nucleares\"]}]}<\/script>\n<!-- \/ Yoast SEO plugin. -->","yoast_head_json":{"title":"Energ\u00eda nuclear m\u00e1s all\u00e1 de las centrales - J\u00f3venes Nucleares","robots":{"index":"index","follow":"follow","max-snippet":"max-snippet:-1","max-image-preview":"max-image-preview:large","max-video-preview":"max-video-preview:-1"},"canonical":"https:\/\/www.jovenesnucleares.org\/blog\/energia-nuclear-mas-alla-de-las-centrales-capitulo-1\/","og_locale":"es_ES","og_type":"article","og_title":"Energ\u00eda nuclear m\u00e1s all\u00e1 de las centrales - J\u00f3venes Nucleares","og_description":"CAP\u00cdTULO 1MARCAPASOS NUCLEARES\ufeff \u00a1Buenas, cafeteros! En esta ocasi\u00f3n os presentamos el \u201cCap\u00edtulo 1\u201d de una peque\u00f1a serie de art\u00edculos en los que describiremos algunas aplicaciones de la energ\u00eda nuclear \u201cfuera de las centrales\u201d. Porque la energ\u00eda nuclear no solamente se aprovecha en reactores.\u00a1A por ello! Como sabemos, los materiales radiactivos producen calor; de ah\u00ed que&hellip; Read more","og_url":"https:\/\/www.jovenesnucleares.org\/blog\/energia-nuclear-mas-alla-de-las-centrales-capitulo-1\/","og_site_name":"J\u00f3venes Nucleares","article_publisher":"https:\/\/www.facebook.com\/JovenesNucleares","article_modified_time":"2022-09-01T16:55:02+00:00","og_image":[{"url":"http:\/\/www.jovenesnucleares.org\/blog\/wp-content\/uploads\/2022\/08\/CAPITULO-1.png","type":"","width":"","height":""}],"twitter_card":"summary_large_image","twitter_site":"@jjnucleares","twitter_misc":{"Tiempo de lectura":"5 minutos"},"schema":{"@context":"https:\/\/schema.org","@graph":[{"@type":"WebPage","@id":"https:\/\/www.jovenesnucleares.org\/blog\/energia-nuclear-mas-alla-de-las-centrales-capitulo-1\/","url":"https:\/\/www.jovenesnucleares.org\/blog\/energia-nuclear-mas-alla-de-las-centrales-capitulo-1\/","name":"Energ\u00eda nuclear m\u00e1s all\u00e1 de las centrales - J\u00f3venes Nucleares","isPartOf":{"@id":"https:\/\/www.jovenesnucleares.org\/blog\/#website"},"primaryImageOfPage":{"@id":"https:\/\/www.jovenesnucleares.org\/blog\/energia-nuclear-mas-alla-de-las-centrales-capitulo-1\/#primaryimage"},"image":{"@id":"https:\/\/www.jovenesnucleares.org\/blog\/energia-nuclear-mas-alla-de-las-centrales-capitulo-1\/#primaryimage"},"thumbnailUrl":"http:\/\/www.jovenesnucleares.org\/blog\/wp-content\/uploads\/2022\/08\/CAPITULO-1.png","datePublished":"2022-08-19T12:07:44+00:00","dateModified":"2022-09-01T16:55:02+00:00","breadcrumb":{"@id":"https:\/\/www.jovenesnucleares.org\/blog\/energia-nuclear-mas-alla-de-las-centrales-capitulo-1\/#breadcrumb"},"inLanguage":"es","potentialAction":[{"@type":"ReadAction","target":["https:\/\/www.jovenesnucleares.org\/blog\/energia-nuclear-mas-alla-de-las-centrales-capitulo-1\/"]}]},{"@type":"ImageObject","inLanguage":"es","@id":"https:\/\/www.jovenesnucleares.org\/blog\/energia-nuclear-mas-alla-de-las-centrales-capitulo-1\/#primaryimage","url":"https:\/\/www.jovenesnucleares.org\/blog\/wp-content\/uploads\/2022\/08\/CAPITULO-1.png","contentUrl":"https:\/\/www.jovenesnucleares.org\/blog\/wp-content\/uploads\/2022\/08\/CAPITULO-1.png","width":940,"height":788},{"@type":"BreadcrumbList","@id":"https:\/\/www.jovenesnucleares.org\/blog\/energia-nuclear-mas-alla-de-las-centrales-capitulo-1\/#breadcrumb","itemListElement":[{"@type":"ListItem","position":1,"name":"Portada","item":"https:\/\/www.jovenesnucleares.org\/blog\/"},{"@type":"ListItem","position":2,"name":"Energ\u00eda nuclear m\u00e1s all\u00e1 de las centrales"}]},{"@type":"WebSite","@id":"https:\/\/www.jovenesnucleares.org\/blog\/#website","url":"https:\/\/www.jovenesnucleares.org\/blog\/","name":"J\u00f3venes Nucleares","description":"Divulgaci\u00f3n de Ciencia y Tecnolog\u00eda Nuclear","publisher":{"@id":"https:\/\/www.jovenesnucleares.org\/blog\/#organization"},"potentialAction":[{"@type":"SearchAction","target":{"@type":"EntryPoint","urlTemplate":"https:\/\/www.jovenesnucleares.org\/blog\/?s={search_term_string}"},"query-input":{"@type":"PropertyValueSpecification","valueRequired":true,"valueName":"search_term_string"}}],"inLanguage":"es"},{"@type":"Organization","@id":"https:\/\/www.jovenesnucleares.org\/blog\/#organization","name":"J\u00f3venes Nucleares","url":"https:\/\/www.jovenesnucleares.org\/blog\/","logo":{"@type":"ImageObject","inLanguage":"es","@id":"https:\/\/www.jovenesnucleares.org\/blog\/#\/schema\/logo\/image\/","url":"http:\/\/www.jovenesnucleares.org\/blog\/wp-content\/uploads\/2022\/01\/cropped-Logo-JJNN-principal-125px.png","contentUrl":"http:\/\/www.jovenesnucleares.org\/blog\/wp-content\/uploads\/2022\/01\/cropped-Logo-JJNN-principal-125px.png","width":170,"height":70,"caption":"J\u00f3venes Nucleares"},"image":{"@id":"https:\/\/www.jovenesnucleares.org\/blog\/#\/schema\/logo\/image\/"},"sameAs":["https:\/\/www.facebook.com\/JovenesNucleares","https:\/\/x.com\/jjnucleares","https:\/\/www.instagram.com\/jjnucleares\/","https:\/\/www.linkedin.com\/company\/jovenesnucleares\/","https:\/\/www.youtube.com\/c\/JovenesNuclearesSNE","https:\/\/es.wikipedia.org\/wiki\/Jovenes_Nucleares"]}]}},"post_mailing_queue_ids":[],"_links":{"self":[{"href":"https:\/\/www.jovenesnucleares.org\/blog\/wp-json\/wp\/v2\/pages\/6481","targetHints":{"allow":["GET"]}}],"collection":[{"href":"https:\/\/www.jovenesnucleares.org\/blog\/wp-json\/wp\/v2\/pages"}],"about":[{"href":"https:\/\/www.jovenesnucleares.org\/blog\/wp-json\/wp\/v2\/types\/page"}],"author":[{"embeddable":true,"href":"https:\/\/www.jovenesnucleares.org\/blog\/wp-json\/wp\/v2\/users\/1"}],"replies":[{"embeddable":true,"href":"https:\/\/www.jovenesnucleares.org\/blog\/wp-json\/wp\/v2\/comments?post=6481"}],"version-history":[{"count":6,"href":"https:\/\/www.jovenesnucleares.org\/blog\/wp-json\/wp\/v2\/pages\/6481\/revisions"}],"predecessor-version":[{"id":6513,"href":"https:\/\/www.jovenesnucleares.org\/blog\/wp-json\/wp\/v2\/pages\/6481\/revisions\/6513"}],"wp:attachment":[{"href":"https:\/\/www.jovenesnucleares.org\/blog\/wp-json\/wp\/v2\/media?parent=6481"}],"curies":[{"name":"wp","href":"https:\/\/api.w.org\/{rel}","templated":true}]}}