{"id":6603,"date":"2023-04-25T19:47:07","date_gmt":"2023-04-25T17:47:07","guid":{"rendered":"https:\/\/www.jovenesnucleares.org\/blog\/?page_id=6603"},"modified":"2025-12-17T14:16:39","modified_gmt":"2025-12-17T12:16:39","slug":"materiales-educativos","status":"publish","type":"page","link":"https:\/\/www.jovenesnucleares.org\/blog\/que-hacemos\/charlas-colegios\/materiales-educativos\/","title":{"rendered":"Materiales educativos"},"content":{"rendered":"<div data-label=\"About\" data-id=\"about--2\" data-export-id=\"about-9\" data-category=\"about\" class=\"about-9 content-section content-section-spacing\" id=\"about-2\" style=\"background-color: #ffffff;\">\r\n<div class=\"gridContainer\">\r\n<div class=\"row middle-sm text-center\">\r\n<div class=\"col-sm-5 space-bottom-xs content-column content-right-sm\" data-type=\"column\">\r\n<p class=\"\" style=\"text-align: left;\">En J\u00f3venes Nucleares estamos comprometidos en difundir el conocimiento sobre la energ\u00eda nuclear de una manera clara y concisa para que puedas formarte tu propia opini\u00f3n sobre este tema tan importante o ayudar a que otros lo hagan.\r\n\r\n\r\nAqu\u00ed tienes disponibles recursos educativos que te ayudar\u00e1n en tu divulgaci\u00f3n o aprendizaje sobre la energ\u00eda nuclear, ya sea como profesor, padre o simplemente para tu propio inter\u00e9s educativo.<\/p>\r\n\r\n<\/div>\r\n<div class=\"col-sm-7 flexbox flexbox middle-xs center-xs space-bottom-xs\">\r\n<div class=\"overlay-box flexbox middle-xs center-xs overlay-holder \">\r\n<div class=\"overlay-box-offset offset-background shadow-medium bg-color2 hide-xs\"><\/div>\r\n<img decoding=\"async\" class=\"flexbox shadow-large img1\" src=\"http:\/\/www.jovenesnucleares.org\/blog\/wp-content\/uploads\/2023\/08\/collage_transparente.png\" data-size=\"600x400\" title=\"collage_transparente\" alt=\"\" \/>\r\n\r\n<\/div>\r\n<\/div>\r\n<\/div>\r\n<\/div>\r\n<\/div>\r\n<div data-label=\"Features\" data-id=\"features--2\" data-export-id=\"features-12-card-bordered\" data-category=\"features\" class=\"features-12-card-bordered content-section content-section-spacing \" id=\"features-2\" style=\"background-color: #ffffff;\">\r\n<div class=\"gridContainer\">\r\n<div class=\"row text-center\">\r\n<div class=\"section-title-col\" data-type=\"column\">\r\n<p class=\"lead\" style=\"text-align: left;\">\u00bfQuieres m\u00e1s informaci\u00f3n? Explora nuestro repositorio en <a href=\"..\/..\/..\/te-interesa\/recursos\/\" target=\"_self\" data-cp-link=\"1\" rel=\"noopener\">Te interesa<\/a>, donde podr\u00e1s encontrar contenidos como:<\/p>\r\n\r\n<\/div>\r\n<\/div>\r\n<div class=\"row spaced-cols\" data-type=\"row\">\r\n<div class=\"col-sm-6\">\r\n<div class=\"card row-card bordered y-move\">\r\n<div class=\"row\">\r\n<div class=\"col-sm-fit icon-column\"><i class=\"fa icon fa-book bordered round color2\"><\/i><\/div>\r\n<div class=\"col-sm\" data-type=\"column\">\r\n<h5 class=\"color2\"><a href=\"http:\/\/www.jovenesnucleares.org\/blog\/wp-content\/uploads\/2025\/03\/Curso-Basico-de-Ciencia-y-Tecnologia-Nuclear_12_09.pdf\" target=\"_self\" data-cp-link=\"1\" rel=\"noopener\" class=\"\">CURSO B\u00c1SICO DE CIENCIA Y TECNOLOG\u00cdA NUCLEAR<\/a><\/h5>\r\n<p class=\"\">Uno de nuestros cursos m\u00e1s demandados, tanto\u2026 \u00a1que hemos escrito un libro! Aprende los principios b\u00e1sicos de la tecnolog\u00eda nuclear.<\/p>\r\n\r\n<\/div>\r\n<\/div>\r\n<\/div>\r\n<\/div>\r\n<div class=\"col-sm-6\">\r\n<div class=\"card row-card bordered y-move\">\r\n<div class=\"row\">\r\n<div class=\"col-sm-fit icon-column\"><i class=\"fa icon fa-gamepad bordered round color2\"><\/i><\/div>\r\n<div class=\"col-sm\" data-type=\"column\">\r\n<h5 class=\"color2\"><a href=\"..\/..\/..\/te-interesa\/recursos\/\" target=\"_self\" data-cp-link=\"1\" rel=\"noopener\">RADIOMON<\/a><\/h5>\r\n<p class=\"\">Juego estilo Pokemon en desarrollo para aprender sobre radiaci\u00f3n y radiois\u00f3topos sin dejar de divertirse. Gotta catch \u2018em all!<\/p>\r\n\r\n<\/div>\r\n<\/div>\r\n<\/div>\r\n<\/div>\r\n<\/div>\r\n<\/div>\r\n<\/div>\r\n<div data-label=\"Cta\" data-id=\"cta--1\" data-export-id=\"cta-blue-section\" data-category=\"cta\" class=\"cta-blue-section content-section content-section-spacing-medium bg-color1 white-text\" id=\"cta-1\">\r\n<div class=\"gridContainer\">\r\n<div class=\"row middle-xs\">\r\n<div class=\"col-sm-8 space-bottom-xs\" data-type=\"column\">\r\n<h2 class=\"\">Tenemos un juego web<\/h2>\r\n<p class=\"lead\">Aprende sobre tecnolog\u00eda nuclear ayudando a un operador nuclear.<\/p>\r\n\r\n<\/div>\r\n<div class=\"col-sm-4 end-sm\" data-type=\"column\"><a class=\"button color-black\" href=\"http:\/\/nuclearoperator.x10host.com\" target=\"_blank\" data-cp-link=\"1\" data-icon=\"\" rel=\"noopener\">OPERATOR FOR A DAY<\/a><\/div>\r\n<\/div>\r\n<\/div>\r\n<\/div>\r\n<div data-label=\"Content\" data-id=\"content--6\" data-export-id=\"content-17\" data-category=\"content\" class=\"content-17 content-section content-section-spacing\" id=\"content-6\" style=\"background-color: #ffffff; background-image: none;\">\r\n<div class=\"gridContainer\">\r\n<div class=\"row middle-sm\">\r\n<div class=\"col-sm-6 space-bottom-xs\" data-type=\"column\">\r\n<h2 class=\"\">\u00a1Bienvenidos a #Nuclear4all!<\/h2>\r\n<p class=\"\">Hemos preparado una serie de videos cortos de introducci\u00f3n a la Nuclear \u00a1solo son 5 min por video!\r\n\r\nEn ellos contamos a los alumnos los principales temas sobre la energ\u00eda nuclear, es nuestro particular NucFlix.<\/p>\r\n\r\n<\/div>\r\n<div class=\"col-sm-6 flexbox around-xs top-xs space-top-xs space-bottom-xs\">\r\n<div class=\"overlay-box flexbox middle-xs center-xs overlay-holder\">\r\n<div class=\"overlay-box-offset offset-background shadow-medium bg-color2 hide-xs\"><\/div>\r\n<a data-cp-link=\"1\" href=\"https:\/\/www.youtube.com\/playlist?list=PLXOkRmTvdrUA4PNzHtTp2xzBefWB21Fwu\" target=\"_blank\" rel=\"noopener\" class=\"\"><img decoding=\"async\" class=\"flexbox shadow-large img1\" data-size=\"500x500\" src=\"http:\/\/www.jovenesnucleares.org\/blog\/wp-content\/uploads\/2022\/04\/Energia-Nuclear-Nuclear4All-Post-de-Instagram.png\" \/><\/a>\r\n\r\n<\/div>\r\n<\/div>\r\n<\/div>\r\n<\/div>\r\n<\/div>\r\n<div data-label=\"Content\" data-id=\"content--7\" data-export-id=\"content-5\" data-category=\"content\" class=\"content-5 content-section content-section-spacing\" id=\"content-7\" style=\"background-color: #f5fafd;\">\r\n<div class=\"gridContainer\">\r\n<div class=\"row text-center\">\r\n<div class=\"section-title-col\" data-type=\"column\"><\/div>\r\n<\/div>\r\n<div class=\"row middle-sm\">\r\n<div class=\"col-sm-6 space-bottom-xs\">\r\n<div class=\"row space-bottom content-holder\" data-type=\"column\">\r\n<h3 class=\"color2\">\u00bfQuieres m\u00e1s? \u00a1Tenemos m\u00e1s videos en nuestra plataforma de TikTok <a href=\"https:\/\/www.tiktok.com\/@nuclearsi\" target=\"_self\" data-cp-link=\"1\" rel=\"noopener\" class=\"\">@NuclearSi<\/a>!<\/h3>\r\n<p class=\"\">Echa un vistazo a los m\u00e1s populares:<\/p>\r\n\r\n<\/div>\r\n<div class=\"row space-bottom\" data-type=\"row\">\r\n<div class=\"col-sm-6 space-bottom\">\r\n<p class=\"\"><a href=\"https:\/\/www.tiktok.com\/@nuclearsi\/video\/7047935523851209990\" target=\"_self\" data-cp-link=\"1\" rel=\"noopener\"><span style=\"font-weight: 600;\">\u00bfQu\u00e9 es un simulador nuclear?<\/span><\/a>\r\n\r\n<a href=\"https:\/\/www.tiktok.com\/@nuclearsi\/video\/7051678870969355525\" target=\"_self\" data-cp-link=\"1\" rel=\"noopener\"><span style=\"font-weight: 600;\">\u00bfC\u00f3mo genera electricidad una central nuclear?<\/span><\/a>\r\n\r\n<a href=\"https:\/\/www.tiktok.com\/@nuclearsi\/video\/7053472577754303749\" target=\"_self\" data-cp-link=\"1\" rel=\"noopener\"><span style=\"font-weight: 600;\">\u00bfUna central nuclear vierte agua radiactiva?\r\n<\/span><\/a>\r\n\r\n<a href=\"https:\/\/www.tiktok.com\/@nuclearsi\/video\/7047207572834635013\" target=\"_self\" data-cp-link=\"1\" rel=\"noopener\"><span style=\"font-weight: 600;\">\u00bfTenemos suficiente uranio?<\/span><\/a><\/p>\r\n\r\n<\/div>\r\n<div class=\"col-sm-6\">\r\n<p class=\"\"><a href=\"https:\/\/www.tiktok.com\/@nuclearsi\/video\/7075443002981764357\" target=\"_self\" data-cp-link=\"1\" rel=\"noopener\"><span style=\"font-weight: 600;\">\u00bfQu\u00e9 es el efecto Cherenkov?\r\n<\/span><\/a>\r\n\r\n<a href=\"https:\/\/www.tiktok.com\/@nuclearsi\/video\/7078023867691715845\" target=\"_self\" data-cp-link=\"1\" rel=\"noopener\"><span style=\"font-weight: 600;\">\u00bfLos residuos nucleares se env\u00edan a Francia?\r\n<\/span><\/a>\r\n\r\n<a href=\"https:\/\/www.tiktok.com\/@nuclearsi\/video\/7078388541096480006\" target=\"_self\" data-cp-link=\"1\" rel=\"noopener\"><span style=\"font-weight: 600;\">\u00bfPagamos multas diarias de 70.000\u20ac a Francia?\r\n<\/span><\/a>\r\n\r\n<a href=\"https:\/\/www.tiktok.com\/@nuclearsi\/video\/7105070752898092294\" target=\"_self\" data-cp-link=\"1\" rel=\"noopener\"><span style=\"font-weight: 600;\">Vida \u00fatil vs vida de dise\u00f1o<\/span><\/a><\/p>\r\n\r\n<\/div>\r\n<div class=\"col-sm-6 space-bottom\"><\/div>\r\n<div class=\"col-sm-6\"><\/div>\r\n<\/div>\r\n<\/div>\r\n<div class=\"col-sm-6 flexbox around-xs top-xs space-bottom-xs\">\r\n<div class=\"overlay-box flexbox middle-xs center-xs overlay-holder\">\r\n<div class=\"overlay-box-offset offset-background shadow-medium bg-color2 hide-xs\"><\/div>\r\n<img decoding=\"async\" class=\"flexbox shadow-large img1\" data-size=\"485x632\" src=\"http:\/\/www.jovenesnucleares.org\/blog\/wp-content\/uploads\/2023\/09\/cropped-canvas_nuclearsi-3.png\" title=\"cropped-canvas_nuclearsi-3.png\" alt=\"\" \/>\r\n\r\n<\/div>\r\n<\/div>\r\n<\/div>\r\n<\/div>\r\n<\/div>","protected":false},"excerpt":{"rendered":"<p>En J\u00f3venes Nucleares estamos comprometidos en difundir el conocimiento sobre la energ\u00eda nuclear de una manera clara y concisa para que puedas formarte tu propia opini\u00f3n sobre este tema tan importante o ayudar a que otros lo hagan. Aqu\u00ed tienes disponibles recursos educativos que te ayudar\u00e1n en tu divulgaci\u00f3n o aprendizaje sobre la energ\u00eda nuclear,&hellip; <br \/> <a class=\"read-more\" href=\"https:\/\/www.jovenesnucleares.org\/blog\/que-hacemos\/charlas-colegios\/materiales-educativos\/\">Read more<\/a><\/p>\n","protected":false},"author":1,"featured_media":0,"parent":5008,"menu_order":0,"comment_status":"closed","ping_status":"closed","template":"pro\/page-templates\/full-width-page.php","meta":{"footnotes":""},"class_list":["post-6603","page","type-page","status-publish","hentry"],"yoast_head":"<!-- This site is optimized with the Yoast SEO plugin v27.4 - https:\/\/yoast.com\/product\/yoast-seo-wordpress\/ -->\n<title>Materiales educativos - J\u00f3venes Nucleares<\/title>\n<meta name=\"robots\" content=\"index, follow, max-snippet:-1, max-image-preview:large, max-video-preview:-1\" \/>\n<link rel=\"canonical\" href=\"https:\/\/www.jovenesnucleares.org\/blog\/que-hacemos\/charlas-colegios\/materiales-educativos\/\" \/>\n<meta property=\"og:locale\" content=\"es_ES\" \/>\n<meta property=\"og:type\" content=\"article\" \/>\n<meta property=\"og:title\" content=\"Materiales educativos - J\u00f3venes Nucleares\" \/>\n<meta property=\"og:description\" content=\"En J\u00f3venes Nucleares estamos comprometidos en difundir el conocimiento sobre la energ\u00eda nuclear de una manera clara y concisa para que puedas formarte tu propia opini\u00f3n sobre este tema tan importante o ayudar a que otros lo hagan. Aqu\u00ed tienes disponibles recursos educativos que te ayudar\u00e1n en tu divulgaci\u00f3n o aprendizaje sobre la energ\u00eda nuclear,&hellip; Read more\" \/>\n<meta property=\"og:url\" content=\"https:\/\/www.jovenesnucleares.org\/blog\/que-hacemos\/charlas-colegios\/materiales-educativos\/\" \/>\n<meta property=\"og:site_name\" content=\"J\u00f3venes Nucleares\" \/>\n<meta property=\"article:publisher\" content=\"https:\/\/www.facebook.com\/JovenesNucleares\" \/>\n<meta property=\"article:modified_time\" content=\"2025-12-17T12:16:39+00:00\" \/>\n<meta property=\"og:image\" content=\"http:\/\/www.jovenesnucleares.org\/blog\/wp-content\/uploads\/2023\/08\/collage_transparente.png\" \/>\n<meta name=\"twitter:card\" content=\"summary_large_image\" \/>\n<meta name=\"twitter:site\" content=\"@jjnucleares\" \/>\n<meta name=\"twitter:label1\" content=\"Tiempo de lectura\" \/>\n\t<meta name=\"twitter:data1\" content=\"1 minuto\" \/>\n<script type=\"application\/ld+json\" class=\"yoast-schema-graph\">{\"@context\":\"https:\\\/\\\/schema.org\",\"@graph\":[{\"@type\":\"WebPage\",\"@id\":\"https:\\\/\\\/www.jovenesnucleares.org\\\/blog\\\/que-hacemos\\\/charlas-colegios\\\/materiales-educativos\\\/\",\"url\":\"https:\\\/\\\/www.jovenesnucleares.org\\\/blog\\\/que-hacemos\\\/charlas-colegios\\\/materiales-educativos\\\/\",\"name\":\"Materiales educativos - J\u00f3venes Nucleares\",\"isPartOf\":{\"@id\":\"https:\\\/\\\/www.jovenesnucleares.org\\\/blog\\\/#website\"},\"primaryImageOfPage\":{\"@id\":\"https:\\\/\\\/www.jovenesnucleares.org\\\/blog\\\/que-hacemos\\\/charlas-colegios\\\/materiales-educativos\\\/#primaryimage\"},\"image\":{\"@id\":\"https:\\\/\\\/www.jovenesnucleares.org\\\/blog\\\/que-hacemos\\\/charlas-colegios\\\/materiales-educativos\\\/#primaryimage\"},\"thumbnailUrl\":\"http:\\\/\\\/www.jovenesnucleares.org\\\/blog\\\/wp-content\\\/uploads\\\/2023\\\/08\\\/collage_transparente.png\",\"datePublished\":\"2023-04-25T17:47:07+00:00\",\"dateModified\":\"2025-12-17T12:16:39+00:00\",\"breadcrumb\":{\"@id\":\"https:\\\/\\\/www.jovenesnucleares.org\\\/blog\\\/que-hacemos\\\/charlas-colegios\\\/materiales-educativos\\\/#breadcrumb\"},\"inLanguage\":\"es\",\"potentialAction\":[{\"@type\":\"ReadAction\",\"target\":[\"https:\\\/\\\/www.jovenesnucleares.org\\\/blog\\\/que-hacemos\\\/charlas-colegios\\\/materiales-educativos\\\/\"]}]},{\"@type\":\"ImageObject\",\"inLanguage\":\"es\",\"@id\":\"https:\\\/\\\/www.jovenesnucleares.org\\\/blog\\\/que-hacemos\\\/charlas-colegios\\\/materiales-educativos\\\/#primaryimage\",\"url\":\"http:\\\/\\\/www.jovenesnucleares.org\\\/blog\\\/wp-content\\\/uploads\\\/2023\\\/08\\\/collage_transparente.png\",\"contentUrl\":\"http:\\\/\\\/www.jovenesnucleares.org\\\/blog\\\/wp-content\\\/uploads\\\/2023\\\/08\\\/collage_transparente.png\"},{\"@type\":\"BreadcrumbList\",\"@id\":\"https:\\\/\\\/www.jovenesnucleares.org\\\/blog\\\/que-hacemos\\\/charlas-colegios\\\/materiales-educativos\\\/#breadcrumb\",\"itemListElement\":[{\"@type\":\"ListItem\",\"position\":1,\"name\":\"Portada\",\"item\":\"https:\\\/\\\/www.jovenesnucleares.org\\\/blog\\\/\"},{\"@type\":\"ListItem\",\"position\":2,\"name\":\"\u00bfQu\u00e9 hacemos?\",\"item\":\"https:\\\/\\\/www.jovenesnucleares.org\\\/blog\\\/que-hacemos\\\/\"},{\"@type\":\"ListItem\",\"position\":3,\"name\":\"Charlas en centros de educaci\u00f3n\",\"item\":\"https:\\\/\\\/www.jovenesnucleares.org\\\/blog\\\/que-hacemos\\\/charlas-colegios\\\/\"},{\"@type\":\"ListItem\",\"position\":4,\"name\":\"Materiales educativos\"}]},{\"@type\":\"WebSite\",\"@id\":\"https:\\\/\\\/www.jovenesnucleares.org\\\/blog\\\/#website\",\"url\":\"https:\\\/\\\/www.jovenesnucleares.org\\\/blog\\\/\",\"name\":\"J\u00f3venes Nucleares\",\"description\":\"Divulgaci\u00f3n de Ciencia y Tecnolog\u00eda Nuclear\",\"publisher\":{\"@id\":\"https:\\\/\\\/www.jovenesnucleares.org\\\/blog\\\/#organization\"},\"potentialAction\":[{\"@type\":\"SearchAction\",\"target\":{\"@type\":\"EntryPoint\",\"urlTemplate\":\"https:\\\/\\\/www.jovenesnucleares.org\\\/blog\\\/?s={search_term_string}\"},\"query-input\":{\"@type\":\"PropertyValueSpecification\",\"valueRequired\":true,\"valueName\":\"search_term_string\"}}],\"inLanguage\":\"es\"},{\"@type\":\"Organization\",\"@id\":\"https:\\\/\\\/www.jovenesnucleares.org\\\/blog\\\/#organization\",\"name\":\"J\u00f3venes Nucleares\",\"url\":\"https:\\\/\\\/www.jovenesnucleares.org\\\/blog\\\/\",\"logo\":{\"@type\":\"ImageObject\",\"inLanguage\":\"es\",\"@id\":\"https:\\\/\\\/www.jovenesnucleares.org\\\/blog\\\/#\\\/schema\\\/logo\\\/image\\\/\",\"url\":\"http:\\\/\\\/www.jovenesnucleares.org\\\/blog\\\/wp-content\\\/uploads\\\/2022\\\/01\\\/cropped-Logo-JJNN-principal-125px.png\",\"contentUrl\":\"http:\\\/\\\/www.jovenesnucleares.org\\\/blog\\\/wp-content\\\/uploads\\\/2022\\\/01\\\/cropped-Logo-JJNN-principal-125px.png\",\"width\":170,\"height\":70,\"caption\":\"J\u00f3venes Nucleares\"},\"image\":{\"@id\":\"https:\\\/\\\/www.jovenesnucleares.org\\\/blog\\\/#\\\/schema\\\/logo\\\/image\\\/\"},\"sameAs\":[\"https:\\\/\\\/www.facebook.com\\\/JovenesNucleares\",\"https:\\\/\\\/x.com\\\/jjnucleares\",\"https:\\\/\\\/www.instagram.com\\\/jjnucleares\\\/\",\"https:\\\/\\\/www.linkedin.com\\\/company\\\/jovenesnucleares\\\/\",\"https:\\\/\\\/www.youtube.com\\\/c\\\/JovenesNuclearesSNE\",\"https:\\\/\\\/es.wikipedia.org\\\/wiki\\\/Jovenes_Nucleares\"]}]}<\/script>\n<!-- \/ Yoast SEO plugin. -->","yoast_head_json":{"title":"Materiales educativos - J\u00f3venes Nucleares","robots":{"index":"index","follow":"follow","max-snippet":"max-snippet:-1","max-image-preview":"max-image-preview:large","max-video-preview":"max-video-preview:-1"},"canonical":"https:\/\/www.jovenesnucleares.org\/blog\/que-hacemos\/charlas-colegios\/materiales-educativos\/","og_locale":"es_ES","og_type":"article","og_title":"Materiales educativos - J\u00f3venes Nucleares","og_description":"En J\u00f3venes Nucleares estamos comprometidos en difundir el conocimiento sobre la energ\u00eda nuclear de una manera clara y concisa para que puedas formarte tu propia opini\u00f3n sobre este tema tan importante o ayudar a que otros lo hagan. Aqu\u00ed tienes disponibles recursos educativos que te ayudar\u00e1n en tu divulgaci\u00f3n o aprendizaje sobre la energ\u00eda nuclear,&hellip; Read more","og_url":"https:\/\/www.jovenesnucleares.org\/blog\/que-hacemos\/charlas-colegios\/materiales-educativos\/","og_site_name":"J\u00f3venes Nucleares","article_publisher":"https:\/\/www.facebook.com\/JovenesNucleares","article_modified_time":"2025-12-17T12:16:39+00:00","og_image":[{"url":"http:\/\/www.jovenesnucleares.org\/blog\/wp-content\/uploads\/2023\/08\/collage_transparente.png","type":"","width":"","height":""}],"twitter_card":"summary_large_image","twitter_site":"@jjnucleares","twitter_misc":{"Tiempo de lectura":"1 minuto"},"schema":{"@context":"https:\/\/schema.org","@graph":[{"@type":"WebPage","@id":"https:\/\/www.jovenesnucleares.org\/blog\/que-hacemos\/charlas-colegios\/materiales-educativos\/","url":"https:\/\/www.jovenesnucleares.org\/blog\/que-hacemos\/charlas-colegios\/materiales-educativos\/","name":"Materiales educativos - J\u00f3venes Nucleares","isPartOf":{"@id":"https:\/\/www.jovenesnucleares.org\/blog\/#website"},"primaryImageOfPage":{"@id":"https:\/\/www.jovenesnucleares.org\/blog\/que-hacemos\/charlas-colegios\/materiales-educativos\/#primaryimage"},"image":{"@id":"https:\/\/www.jovenesnucleares.org\/blog\/que-hacemos\/charlas-colegios\/materiales-educativos\/#primaryimage"},"thumbnailUrl":"http:\/\/www.jovenesnucleares.org\/blog\/wp-content\/uploads\/2023\/08\/collage_transparente.png","datePublished":"2023-04-25T17:47:07+00:00","dateModified":"2025-12-17T12:16:39+00:00","breadcrumb":{"@id":"https:\/\/www.jovenesnucleares.org\/blog\/que-hacemos\/charlas-colegios\/materiales-educativos\/#breadcrumb"},"inLanguage":"es","potentialAction":[{"@type":"ReadAction","target":["https:\/\/www.jovenesnucleares.org\/blog\/que-hacemos\/charlas-colegios\/materiales-educativos\/"]}]},{"@type":"ImageObject","inLanguage":"es","@id":"https:\/\/www.jovenesnucleares.org\/blog\/que-hacemos\/charlas-colegios\/materiales-educativos\/#primaryimage","url":"http:\/\/www.jovenesnucleares.org\/blog\/wp-content\/uploads\/2023\/08\/collage_transparente.png","contentUrl":"http:\/\/www.jovenesnucleares.org\/blog\/wp-content\/uploads\/2023\/08\/collage_transparente.png"},{"@type":"BreadcrumbList","@id":"https:\/\/www.jovenesnucleares.org\/blog\/que-hacemos\/charlas-colegios\/materiales-educativos\/#breadcrumb","itemListElement":[{"@type":"ListItem","position":1,"name":"Portada","item":"https:\/\/www.jovenesnucleares.org\/blog\/"},{"@type":"ListItem","position":2,"name":"\u00bfQu\u00e9 hacemos?","item":"https:\/\/www.jovenesnucleares.org\/blog\/que-hacemos\/"},{"@type":"ListItem","position":3,"name":"Charlas en centros de educaci\u00f3n","item":"https:\/\/www.jovenesnucleares.org\/blog\/que-hacemos\/charlas-colegios\/"},{"@type":"ListItem","position":4,"name":"Materiales educativos"}]},{"@type":"WebSite","@id":"https:\/\/www.jovenesnucleares.org\/blog\/#website","url":"https:\/\/www.jovenesnucleares.org\/blog\/","name":"J\u00f3venes Nucleares","description":"Divulgaci\u00f3n de Ciencia y Tecnolog\u00eda Nuclear","publisher":{"@id":"https:\/\/www.jovenesnucleares.org\/blog\/#organization"},"potentialAction":[{"@type":"SearchAction","target":{"@type":"EntryPoint","urlTemplate":"https:\/\/www.jovenesnucleares.org\/blog\/?s={search_term_string}"},"query-input":{"@type":"PropertyValueSpecification","valueRequired":true,"valueName":"search_term_string"}}],"inLanguage":"es"},{"@type":"Organization","@id":"https:\/\/www.jovenesnucleares.org\/blog\/#organization","name":"J\u00f3venes Nucleares","url":"https:\/\/www.jovenesnucleares.org\/blog\/","logo":{"@type":"ImageObject","inLanguage":"es","@id":"https:\/\/www.jovenesnucleares.org\/blog\/#\/schema\/logo\/image\/","url":"http:\/\/www.jovenesnucleares.org\/blog\/wp-content\/uploads\/2022\/01\/cropped-Logo-JJNN-principal-125px.png","contentUrl":"http:\/\/www.jovenesnucleares.org\/blog\/wp-content\/uploads\/2022\/01\/cropped-Logo-JJNN-principal-125px.png","width":170,"height":70,"caption":"J\u00f3venes Nucleares"},"image":{"@id":"https:\/\/www.jovenesnucleares.org\/blog\/#\/schema\/logo\/image\/"},"sameAs":["https:\/\/www.facebook.com\/JovenesNucleares","https:\/\/x.com\/jjnucleares","https:\/\/www.instagram.com\/jjnucleares\/","https:\/\/www.linkedin.com\/company\/jovenesnucleares\/","https:\/\/www.youtube.com\/c\/JovenesNuclearesSNE","https:\/\/es.wikipedia.org\/wiki\/Jovenes_Nucleares"]}]}},"post_mailing_queue_ids":[],"_links":{"self":[{"href":"https:\/\/www.jovenesnucleares.org\/blog\/wp-json\/wp\/v2\/pages\/6603","targetHints":{"allow":["GET"]}}],"collection":[{"href":"https:\/\/www.jovenesnucleares.org\/blog\/wp-json\/wp\/v2\/pages"}],"about":[{"href":"https:\/\/www.jovenesnucleares.org\/blog\/wp-json\/wp\/v2\/types\/page"}],"author":[{"embeddable":true,"href":"https:\/\/www.jovenesnucleares.org\/blog\/wp-json\/wp\/v2\/users\/1"}],"replies":[{"embeddable":true,"href":"https:\/\/www.jovenesnucleares.org\/blog\/wp-json\/wp\/v2\/comments?post=6603"}],"version-history":[{"count":5,"href":"https:\/\/www.jovenesnucleares.org\/blog\/wp-json\/wp\/v2\/pages\/6603\/revisions"}],"predecessor-version":[{"id":7591,"href":"https:\/\/www.jovenesnucleares.org\/blog\/wp-json\/wp\/v2\/pages\/6603\/revisions\/7591"}],"up":[{"embeddable":true,"href":"https:\/\/www.jovenesnucleares.org\/blog\/wp-json\/wp\/v2\/pages\/5008"}],"wp:attachment":[{"href":"https:\/\/www.jovenesnucleares.org\/blog\/wp-json\/wp\/v2\/media?parent=6603"}],"curies":[{"name":"wp","href":"https:\/\/api.w.org\/{rel}","templated":true}]}}