{"id":7724,"date":"2026-03-16T21:08:56","date_gmt":"2026-03-16T19:08:56","guid":{"rendered":"https:\/\/www.jovenesnucleares.org\/blog\/?page_id=7724"},"modified":"2026-03-16T21:36:05","modified_gmt":"2026-03-16T19:36:05","slug":"proyecto-nukis","status":"publish","type":"page","link":"https:\/\/www.jovenesnucleares.org\/blog\/proyecto-nukis\/","title":{"rendered":"Proyecto &#8216;N \u00b7 U \u00b7 K \u00b7 I \u00b7 S &#8216;"},"content":{"rendered":"\t\t<div data-elementor-type=\"wp-page\" data-elementor-id=\"7724\" class=\"elementor elementor-7724\">\n\t\t\t\t<div class=\"elementor-element elementor-element-cf27d50 e-flex e-con-boxed e-con e-parent\" data-id=\"cf27d50\" data-element_type=\"container\">\n\t\t\t\t\t<div class=\"e-con-inner\">\n\t\t\t\t<div class=\"elementor-element elementor-element-7791bbd elementor-widget elementor-widget-heading\" data-id=\"7791bbd\" data-element_type=\"widget\" data-widget_type=\"heading.default\">\n\t\t\t\t<div class=\"elementor-widget-container\">\n\t\t\t\t\t<h2 class=\"elementor-heading-title elementor-size-default\">'NUCLEAR UNIVERSE OF KNOWLEDGE, ISOTOPES &amp; SCIENCE'<\/h2>\t\t\t\t<\/div>\n\t\t\t\t<\/div>\n\t\t\t\t\t<\/div>\n\t\t\t\t<\/div>\n\t\t<div class=\"elementor-element elementor-element-7e89c9b e-flex e-con-boxed e-con e-parent\" data-id=\"7e89c9b\" data-element_type=\"container\">\n\t\t\t\t\t<div class=\"e-con-inner\">\n\t\t\t\t<div class=\"elementor-element elementor-element-82e14a8 elementor-widget elementor-widget-text-editor\" data-id=\"82e14a8\" data-element_type=\"widget\" data-widget_type=\"text-editor.default\">\n\t\t\t\t<div class=\"elementor-widget-container\">\n\t\t\t\t\t\t\t\t\t<p>N\u00b7U\u00b7K\u00b7I\u00b7S es un juego de cartas coleccionable donde cada criatura est\u00e1 basada en Ciencia Nuclear real. Cada NUKI est\u00e1 asociado a un elemento de la tabla peri\u00f3dica, as\u00ed como a la aplicaci\u00f3n pac\u00edfica de sus radiois\u00f3topos en el mundo de la Tecnolog\u00eda Nuclear. Desde hospitales y laboratorios, hasta centrales el\u00e9ctricas y misiones espaciales, descubrir\u00e1s que estos \u201celementos\u201d nos acompa\u00f1an mucho m\u00e1s de lo que parece en el d\u00eda a d\u00eda.<\/p><p>\u00bfTe atreves a conocerlos?<\/p>\t\t\t\t\t\t\t\t<\/div>\n\t\t\t\t<\/div>\n\t\t\t\t\t<\/div>\n\t\t\t\t<\/div>\n\t\t<div class=\"elementor-element elementor-element-5960fc3 e-flex e-con-boxed e-con e-parent\" data-id=\"5960fc3\" data-element_type=\"container\">\n\t\t\t\t\t<div class=\"e-con-inner\">\n\t\t\t\t<div class=\"elementor-element elementor-element-8b7264f elementor-widget elementor-widget-text-editor\" data-id=\"8b7264f\" data-element_type=\"widget\" data-widget_type=\"text-editor.default\">\n\t\t\t\t<div class=\"elementor-widget-container\">\n\t\t\t\t\t\t\t\t\t<h3>Tipos y funci\u00f3n tecnol\u00f3gica<\/h3><p><strong>Tierra <img decoding=\"async\" class=\"emoji\" role=\"img\" draggable=\"false\" src=\"https:\/\/s.w.org\/images\/core\/emoji\/17.0.2\/svg\/1f30d.svg\" alt=\"\ud83c\udf0d\" \/> \u2014 <\/strong>Forjados en lo profundo: dominan el ciclo del combustible, los materiales y la gesti\u00f3n de los residuos radiactivos. Donde otros ven roca y polvo, ellos ven estabilidad y contenci\u00f3n.<\/p><p><strong>Planta <\/strong><strong><img decoding=\"async\" class=\"emoji\" role=\"img\" draggable=\"false\" src=\"https:\/\/s.w.org\/images\/core\/emoji\/17.0.2\/svg\/1f331.svg\" alt=\"\ud83c\udf31\" \/><\/strong><strong> \u2014 <\/strong>Vida guiada por la ciencia: mejoran cultivos, conservan alimentos, inspiran radiof\u00e1rmacos y afinan procesos biol\u00f3gicos. Su poder no arrasa\u2026 transforma.<\/p><p><strong>Agua <\/strong><strong><img decoding=\"async\" class=\"emoji\" role=\"img\" draggable=\"false\" src=\"https:\/\/s.w.org\/images\/core\/emoji\/17.0.2\/svg\/1f30a.svg\" alt=\"\ud83c\udf0a\" \/><\/strong><strong> \u2014 <\/strong>Los que amansan a la fiera: moderan, refrigeran y doman la energ\u00eda para que fluya segura. Tambi\u00e9n \u201cescuchan\u201d r\u00edos y acu\u00edferos, leyendo lo invisible bajo la tierra.<\/p><p><strong>Fuego <\/strong><strong><img decoding=\"async\" class=\"emoji\" role=\"img\" draggable=\"false\" src=\"https:\/\/s.w.org\/images\/core\/emoji\/17.0.2\/svg\/1f525.svg\" alt=\"\ud83d\udd25\" \/><\/strong><strong> \u2014 <\/strong>Calor con prop\u00f3sito: nacen de reactores de alta temperatura y procesos t\u00e9rmicos extremos. No son llamas salvajes; son potencia controlada.<\/p><p><strong>El\u00e9ctrico <\/strong><strong><img decoding=\"async\" class=\"emoji\" role=\"img\" draggable=\"false\" src=\"https:\/\/s.w.org\/images\/core\/emoji\/17.0.2\/svg\/26a1.svg\" alt=\"\u26a1\" \/><\/strong><strong> \u2014 <\/strong>Nervio y pulso del sistema: convierten energ\u00eda en trabajo \u00fatil, gobiernan alta tensi\u00f3n e instrumentaci\u00f3n. Donde parpadea un sensor, hay un El\u00e9ctrico cerca.<\/p><p><strong>Espectro <\/strong><strong><img decoding=\"async\" class=\"emoji\" role=\"img\" draggable=\"false\" src=\"https:\/\/s.w.org\/images\/core\/emoji\/17.0.2\/svg\/1f47b.svg\" alt=\"\ud83d\udc7b\" \/><\/strong><strong> \u2014 <\/strong>Los que atraviesan la materia: radiaci\u00f3n, neutrinos y se\u00f1ales que casi nadie puede ver. Detectan lo intangible y convierten lo imposible en dato.<\/p><p><strong>C\u00f3smico <\/strong><strong><img decoding=\"async\" class=\"emoji\" role=\"img\" draggable=\"false\" src=\"https:\/\/s.w.org\/images\/core\/emoji\/17.0.2\/svg\/1f30c.svg\" alt=\"\ud83c\udf0c\" \/><\/strong><strong> \u2014 <\/strong>Hechos para surcar el vac\u00edo del espacio: propulsi\u00f3n nuclear, sondas y energ\u00eda de larga duraci\u00f3n en el fr\u00edo espacial.<\/p><p><strong>Acero <\/strong><strong><img decoding=\"async\" class=\"emoji\" role=\"img\" draggable=\"false\" src=\"https:\/\/s.w.org\/images\/core\/emoji\/17.0.2\/svg\/2699.svg\" alt=\"\u2699\ufe0f\" \/><\/strong><strong> \u2014 <\/strong>Ingenier\u00eda que no se rinde: estructuras, contenci\u00f3n y rob\u00f3tica para entornos imposibles. Son el \u201carmaz\u00f3n\u201d que mantiene todo en pie cuando llega la presi\u00f3n.<\/p><p><strong>Psi <\/strong><strong><img decoding=\"async\" class=\"emoji\" role=\"img\" draggable=\"false\" src=\"https:\/\/s.w.org\/images\/core\/emoji\/17.0.2\/svg\/1f9e0.svg\" alt=\"\ud83e\udde0\" \/><\/strong><strong> \u2014 <\/strong>Mentes que doblegan la realidad: teor\u00eda, simulaci\u00f3n, control y fuerzas fundamentales. No necesitan fuerza bruta; calculan el futuro antes de que ocurra.<\/p><p><strong>Cristal <\/strong><strong><img decoding=\"async\" class=\"emoji\" role=\"img\" draggable=\"false\" src=\"https:\/\/s.w.org\/images\/core\/emoji\/17.0.2\/svg\/26f0.svg\" alt=\"\u26f0\ufe0f\" \/><\/strong><strong> \u2014 <\/strong>Nacidos de minerales antiguos: capturan y miden lo invisible, siendo un escudo protector y brillantes aliados.<\/p><p><strong>Luz <\/strong><strong><img decoding=\"async\" class=\"emoji\" role=\"img\" draggable=\"false\" src=\"https:\/\/s.w.org\/images\/core\/emoji\/17.0.2\/svg\/2728.svg\" alt=\"\u2728\" \/><\/strong><strong> \u2014 <\/strong>Se\u00f1ales reveladoras y curativas: fluorescencia e imagen m\u00e9dica. Convierten destellos Cherenkov en diagn\u00f3sticos, mapas y esperanza.<\/p><p><strong>Drag\u00f3n <\/strong><strong><img decoding=\"async\" class=\"emoji\" role=\"img\" draggable=\"false\" src=\"https:\/\/s.w.org\/images\/core\/emoji\/17.0.2\/svg\/1f409.svg\" alt=\"\ud83d\udc09\" \/><\/strong><strong> \u2014 <\/strong>Gigantes de la ciencia: fusi\u00f3n y proyectos colosales que exigen d\u00e9cadas y miles de manos. Su poder no es magia: es ambici\u00f3n humana hecha m\u00e1quina.<\/p><p><strong>Lucha <\/strong><strong><img decoding=\"async\" class=\"emoji\" role=\"img\" draggable=\"false\" src=\"https:\/\/s.w.org\/images\/core\/emoji\/17.0.2\/svg\/1f94a.svg\" alt=\"\ud83e\udd4a\" \/><\/strong><strong> \u2014 <\/strong>Los motores de la descarbonizaci\u00f3n: lucha contra el cambio clim\u00e1tico, sostenibilidad y acci\u00f3n por el clima. Representan la fuerza humana detr\u00e1s de la tecnolog\u00eda: entrenar, construir, iterar\u2026 y no rendirse.<\/p><h3>Matriz de Tipos N\u00b7U\u00b7K\u00b7I\u00b7S<\/h3><table width=\"100%\"><thead><tr><td width=\"18%\"><p><strong>Tipo<\/strong><\/p><\/td><td width=\"34%\"><p><strong>D\u00e9bil contra <\/strong><\/p><p><strong>(Recibe x2 de da\u00f1o)<\/strong><\/p><\/td><td width=\"31%\"><p><strong>Resistente a <\/strong><\/p><p><strong>(Recibe x 0.5 de da\u00f1o)<\/strong><\/p><\/td><td width=\"13%\"><p><strong>Inmune a<\/strong><\/p><\/td><\/tr><\/thead><tbody><tr><td width=\"18%\"><p><strong>Tierra <\/strong><strong>\ud83c\udf0d<\/strong><\/p><\/td><td width=\"34%\"><p>Agua, Planta, Acero<\/p><\/td><td width=\"31%\"><p>El\u00e9ctrico, Fuego, Lucha<\/p><\/td><td width=\"13%\"><p>&#8211;<\/p><\/td><\/tr><tr><td width=\"18%\"><p><strong>Planta <\/strong><strong>\ud83c\udf31<\/strong><\/p><\/td><td width=\"34%\"><p>Fuego, C\u00f3smico, Acero<\/p><\/td><td width=\"31%\"><p>Agua, Tierra, Luz<\/p><\/td><td width=\"13%\"><p>&#8211;<\/p><\/td><\/tr><tr><td width=\"18%\"><p><strong>Agua <\/strong><strong>\ud83c\udf0a<\/strong><\/p><\/td><td width=\"34%\"><p>El\u00e9ctrico, Planta<\/p><\/td><td width=\"31%\"><p>Fuego, Acero, Tierra<\/p><\/td><td width=\"13%\"><p>&#8211;<\/p><\/td><\/tr><tr><td width=\"18%\"><p><strong>Fuego <\/strong><strong>\ud83d\udd25<\/strong><\/p><\/td><td width=\"34%\"><p>Agua, Tierra, Drag\u00f3n<\/p><\/td><td width=\"31%\"><p>Planta, Acero<\/p><\/td><td width=\"13%\"><p>&#8211;<\/p><\/td><\/tr><tr><td width=\"18%\"><p><strong>El\u00e9ctrico <\/strong><strong>\u26a1<\/strong><\/p><\/td><td width=\"34%\"><p>Tierra, Cristal, Lucha<\/p><\/td><td width=\"31%\"><p>Agua, Luz, Acero<\/p><\/td><td width=\"13%\"><p>&#8211;<\/p><\/td><\/tr><tr><td width=\"18%\"><p><strong>Espectro <\/strong><strong>\ud83d\udc7b<\/strong><\/p><\/td><td width=\"34%\"><p>Cristal, Psi, Acero<\/p><\/td><td width=\"31%\"><p>C\u00f3smico, Lucha<\/p><\/td><td width=\"13%\"><p>Tierra<\/p><\/td><\/tr><tr><td width=\"18%\"><p><strong>C\u00f3smico <\/strong><strong>\ud83c\udf0c<\/strong><\/p><\/td><td width=\"34%\"><p>Cristal, Espectro<\/p><\/td><td width=\"31%\"><p>Fuego, Planta<\/p><\/td><td width=\"13%\"><p>&#8211;<\/p><\/td><\/tr><tr><td width=\"18%\"><p><strong>Acero <\/strong><strong>\u2699\ufe0f<\/strong><\/p><\/td><td width=\"34%\"><p>Fuego, El\u00e9ctrico, Agua, Lucha<\/p><\/td><td width=\"31%\"><p>Tierra, Planta, Cristal<\/p><\/td><td width=\"13%\"><p>Espectro<\/p><\/td><\/tr><tr><td width=\"18%\"><p><strong>Psi <\/strong><strong>\ud83e\udde0<\/strong><\/p><\/td><td width=\"34%\"><p>C\u00f3smico, Lucha<\/p><\/td><td width=\"31%\"><p>El\u00e9ctrico, Drag\u00f3n. Espectro<\/p><\/td><td width=\"13%\"><p>&#8211;<\/p><\/td><\/tr><tr><td width=\"18%\"><p><strong>Cristal <\/strong><strong>\u26f0\ufe0f<\/strong><\/p><\/td><td width=\"34%\"><p>Tierra, Acero, Fuego<\/p><\/td><td width=\"31%\"><p>Luz, Espectro<\/p><\/td><td width=\"13%\"><p>&#8211;<\/p><\/td><\/tr><tr><td width=\"18%\"><p><strong>Luz <\/strong><strong>\u2728<\/strong><\/p><\/td><td width=\"34%\"><p>Cristal, Fuego<\/p><\/td><td width=\"31%\"><p>Drag\u00f3n, Psi, C\u00f3smico<\/p><\/td><td width=\"13%\"><p>&#8211;<\/p><\/td><\/tr><tr><td width=\"18%\"><p><strong>Drag\u00f3n <\/strong><strong>\ud83d\udc09<\/strong><\/p><\/td><td width=\"34%\"><p>Psi, Luz<\/p><\/td><td width=\"31%\"><p>Fuego, Agua, Acero<\/p><\/td><td width=\"13%\"><p>&#8211;<\/p><\/td><\/tr><tr><td width=\"18%\"><p><strong>Lucha <\/strong><strong>\ud83e\udd4a<\/strong><\/p><\/td><td width=\"34%\"><p>Espectro, C\u00f3smico<\/p><\/td><td width=\"31%\"><p>Psi, Acero<\/p><\/td><td width=\"13%\"><p>&#8211;<\/p><\/td><\/tr><\/tbody><\/table><h3>Manual Express<\/h3><p><strong>\ud83c\udfaf<\/strong><strong> 1. Objetivo y mec\u00e1nica b\u00e1sica<\/strong><\/p><p>Cada jugador usa a su NUKI (1 vs 1) para reducir los puntos de vida (PV) de los del rival.<\/p><p>Cada jugador tiene <strong>1 NUKI activo<\/strong> y <strong>hasta 5 en reserva<\/strong>. Cada Nuki tiene una Habilidad Especial que est\u00e1 activa desde que entra en combate o durante el mismo. No se puede tener NUKIS repetidos en una partida.<\/p><p>En cada turno puedes:<\/p><p>\u00a01\ufe0f\u20e3 Robar una carta.<\/p><p>\u00a02\ufe0f\u20e3 Colocar 1 ficha de Combustible en un Nuki (como energ\u00eda).<\/p><p><strong>Coste de ataque:<\/strong><\/p><ul><li>Ataque r\u00e1pido \u2192 1 ficha.<\/li><li>Ataque cargado \u2192 2 o m\u00e1s fichas<\/li><\/ul><p>\u00a03\ufe0f\u20e3 Jugar una carta de Apoyo (opcional).<\/p><p>\u00a04\ufe0f\u20e3 Atacar con tu Nuki activo (si tienes el combustible necesario). \u00a1Atento! Seg\u00fan el tipo de tu NUKI, puede ser resistente o d\u00e9bil al tipo del rival.<\/p><p>Retirar a tu NUKI implica jugar una o m\u00e1s fichas de combustible adicionales<\/p><p>Gana quien <strong>deje sin Nukis activos<\/strong> al oponente.<\/p><p><strong>Tipos de cartas <em>(work in progress)<\/em><\/strong><\/p><ul><li><strong>Nukis<\/strong>: los protagonistas. Cada uno tiene su tipo (Tierra, Fuego, Luz\u2026) y ataques \u00fanicos.<\/li><li><strong>Combustibles:<\/strong> se colocan sobre el tablero para usar ataques. Hay un combustible comod\u00edn.<\/li><li><strong>Cartas de Apoyo:<\/strong> avances o eventos cient\u00edficos que cambian el rumbo del combate, a modo de cartas instant\u00e1neas o artefactos.<\/li><\/ul><h3>Legal Disclaimer<\/h3><p>NUKIS (nombre, universo, criaturas, textos, reglas, dise\u00f1o gr\u00e1fico e ilustraciones) es un proyecto promovido por la Sociedad Nuclear Espa\u00f1ola (SNE) a trav\u00e9s de J\u00f3venes Nucleares. Salvo que se indique lo contrario, todos los contenidos est\u00e1n protegidos por la normativa de propiedad intelectual e industrial y pertenecen a la SNE. Queda prohibida su reproducci\u00f3n, distribuci\u00f3n o modificaci\u00f3n sin autorizaci\u00f3n expresa y por escrito. Las marcas, nombres comerciales o logotipos de terceros que pudieran aparecer se muestran \u00fanicamente con fines identificativos, divulgativos o de referencia. NUKIS no est\u00e1 afiliado, patrocinado ni aprobado por dichos terceros salvo indicaci\u00f3n expresa. NUKIS tiene un fin divulgativo y educativo. La informaci\u00f3n t\u00e9cnica se presenta de forma simplificada y no debe interpretarse como asesoramiento profesional, t\u00e9cnico, m\u00e9dico o legal. Para permisos de uso, colaboraciones o consultas, escriba a correo@jovenesnucleares.org.<\/p>\t\t\t\t\t\t\t\t<\/div>\n\t\t\t\t<\/div>\n\t\t\t\t\t<\/div>\n\t\t\t\t<\/div>\n\t\t\t\t<\/div>\n\t\t","protected":false},"excerpt":{"rendered":"<p>&#8216;NUCLEAR UNIVERSE OF KNOWLEDGE, ISOTOPES &amp; SCIENCE&#8217; N\u00b7U\u00b7K\u00b7I\u00b7S es un juego de cartas coleccionable donde cada criatura est\u00e1 basada en Ciencia Nuclear real. Cada NUKI est\u00e1 asociado a un elemento de la tabla peri\u00f3dica, as\u00ed como a la aplicaci\u00f3n pac\u00edfica de sus radiois\u00f3topos en el mundo de la Tecnolog\u00eda Nuclear. Desde hospitales y laboratorios, hasta&hellip; <br \/> <a class=\"read-more\" href=\"https:\/\/www.jovenesnucleares.org\/blog\/proyecto-nukis\/\">Read more<\/a><\/p>\n","protected":false},"author":1,"featured_media":0,"parent":0,"menu_order":0,"comment_status":"closed","ping_status":"closed","template":"","meta":{"footnotes":""},"class_list":["post-7724","page","type-page","status-publish","hentry"],"yoast_head":"<!-- This site is optimized with the Yoast SEO plugin v27.5 - https:\/\/yoast.com\/product\/yoast-seo-wordpress\/ -->\n<title>Proyecto &#039;N \u00b7 U \u00b7 K \u00b7 I \u00b7 S &#039; - J\u00f3venes Nucleares<\/title>\n<meta name=\"robots\" content=\"index, follow, max-snippet:-1, max-image-preview:large, max-video-preview:-1\" \/>\n<link rel=\"canonical\" href=\"https:\/\/www.jovenesnucleares.org\/blog\/proyecto-nukis\/\" \/>\n<meta property=\"og:locale\" content=\"es_ES\" \/>\n<meta property=\"og:type\" content=\"article\" \/>\n<meta property=\"og:title\" content=\"Proyecto &#039;N \u00b7 U \u00b7 K \u00b7 I \u00b7 S &#039; - J\u00f3venes Nucleares\" \/>\n<meta property=\"og:description\" content=\"&#8216;NUCLEAR UNIVERSE OF KNOWLEDGE, ISOTOPES &amp; SCIENCE&#8217; N\u00b7U\u00b7K\u00b7I\u00b7S es un juego de cartas coleccionable donde cada criatura est\u00e1 basada en Ciencia Nuclear real. Cada NUKI est\u00e1 asociado a un elemento de la tabla peri\u00f3dica, as\u00ed como a la aplicaci\u00f3n pac\u00edfica de sus radiois\u00f3topos en el mundo de la Tecnolog\u00eda Nuclear. Desde hospitales y laboratorios, hasta&hellip; Read more\" \/>\n<meta property=\"og:url\" content=\"https:\/\/www.jovenesnucleares.org\/blog\/proyecto-nukis\/\" \/>\n<meta property=\"og:site_name\" content=\"J\u00f3venes Nucleares\" \/>\n<meta property=\"article:publisher\" content=\"https:\/\/www.facebook.com\/JovenesNucleares\" \/>\n<meta property=\"article:modified_time\" content=\"2026-03-16T19:36:05+00:00\" \/>\n<meta property=\"og:image\" content=\"https:\/\/s.w.org\/images\/core\/emoji\/17.0.2\/svg\/1f30d.svg\" \/>\n<meta name=\"twitter:card\" content=\"summary_large_image\" \/>\n<meta name=\"twitter:site\" content=\"@jjnucleares\" \/>\n<meta name=\"twitter:label1\" content=\"Tiempo de lectura\" \/>\n\t<meta name=\"twitter:data1\" content=\"5 minutos\" \/>\n<script type=\"application\/ld+json\" class=\"yoast-schema-graph\">{\"@context\":\"https:\\\/\\\/schema.org\",\"@graph\":[{\"@type\":\"WebPage\",\"@id\":\"https:\\\/\\\/www.jovenesnucleares.org\\\/blog\\\/proyecto-nukis\\\/\",\"url\":\"https:\\\/\\\/www.jovenesnucleares.org\\\/blog\\\/proyecto-nukis\\\/\",\"name\":\"Proyecto 'N \u00b7 U \u00b7 K \u00b7 I \u00b7 S ' - J\u00f3venes Nucleares\",\"isPartOf\":{\"@id\":\"https:\\\/\\\/www.jovenesnucleares.org\\\/blog\\\/#website\"},\"primaryImageOfPage\":{\"@id\":\"https:\\\/\\\/www.jovenesnucleares.org\\\/blog\\\/proyecto-nukis\\\/#primaryimage\"},\"image\":{\"@id\":\"https:\\\/\\\/www.jovenesnucleares.org\\\/blog\\\/proyecto-nukis\\\/#primaryimage\"},\"thumbnailUrl\":\"https:\\\/\\\/s.w.org\\\/images\\\/core\\\/emoji\\\/17.0.2\\\/svg\\\/1f30d.svg\",\"datePublished\":\"2026-03-16T19:08:56+00:00\",\"dateModified\":\"2026-03-16T19:36:05+00:00\",\"breadcrumb\":{\"@id\":\"https:\\\/\\\/www.jovenesnucleares.org\\\/blog\\\/proyecto-nukis\\\/#breadcrumb\"},\"inLanguage\":\"es\",\"potentialAction\":[{\"@type\":\"ReadAction\",\"target\":[\"https:\\\/\\\/www.jovenesnucleares.org\\\/blog\\\/proyecto-nukis\\\/\"]}]},{\"@type\":\"ImageObject\",\"inLanguage\":\"es\",\"@id\":\"https:\\\/\\\/www.jovenesnucleares.org\\\/blog\\\/proyecto-nukis\\\/#primaryimage\",\"url\":\"https:\\\/\\\/s.w.org\\\/images\\\/core\\\/emoji\\\/17.0.2\\\/svg\\\/1f30d.svg\",\"contentUrl\":\"https:\\\/\\\/s.w.org\\\/images\\\/core\\\/emoji\\\/17.0.2\\\/svg\\\/1f30d.svg\"},{\"@type\":\"BreadcrumbList\",\"@id\":\"https:\\\/\\\/www.jovenesnucleares.org\\\/blog\\\/proyecto-nukis\\\/#breadcrumb\",\"itemListElement\":[{\"@type\":\"ListItem\",\"position\":1,\"name\":\"Portada\",\"item\":\"https:\\\/\\\/www.jovenesnucleares.org\\\/blog\\\/\"},{\"@type\":\"ListItem\",\"position\":2,\"name\":\"Proyecto &#8216;N \u00b7 U \u00b7 K \u00b7 I \u00b7 S &#8216;\"}]},{\"@type\":\"WebSite\",\"@id\":\"https:\\\/\\\/www.jovenesnucleares.org\\\/blog\\\/#website\",\"url\":\"https:\\\/\\\/www.jovenesnucleares.org\\\/blog\\\/\",\"name\":\"J\u00f3venes Nucleares\",\"description\":\"Divulgaci\u00f3n de Ciencia y Tecnolog\u00eda Nuclear\",\"publisher\":{\"@id\":\"https:\\\/\\\/www.jovenesnucleares.org\\\/blog\\\/#organization\"},\"potentialAction\":[{\"@type\":\"SearchAction\",\"target\":{\"@type\":\"EntryPoint\",\"urlTemplate\":\"https:\\\/\\\/www.jovenesnucleares.org\\\/blog\\\/?s={search_term_string}\"},\"query-input\":{\"@type\":\"PropertyValueSpecification\",\"valueRequired\":true,\"valueName\":\"search_term_string\"}}],\"inLanguage\":\"es\"},{\"@type\":\"Organization\",\"@id\":\"https:\\\/\\\/www.jovenesnucleares.org\\\/blog\\\/#organization\",\"name\":\"J\u00f3venes Nucleares\",\"url\":\"https:\\\/\\\/www.jovenesnucleares.org\\\/blog\\\/\",\"logo\":{\"@type\":\"ImageObject\",\"inLanguage\":\"es\",\"@id\":\"https:\\\/\\\/www.jovenesnucleares.org\\\/blog\\\/#\\\/schema\\\/logo\\\/image\\\/\",\"url\":\"http:\\\/\\\/www.jovenesnucleares.org\\\/blog\\\/wp-content\\\/uploads\\\/2022\\\/01\\\/cropped-Logo-JJNN-principal-125px.png\",\"contentUrl\":\"http:\\\/\\\/www.jovenesnucleares.org\\\/blog\\\/wp-content\\\/uploads\\\/2022\\\/01\\\/cropped-Logo-JJNN-principal-125px.png\",\"width\":170,\"height\":70,\"caption\":\"J\u00f3venes Nucleares\"},\"image\":{\"@id\":\"https:\\\/\\\/www.jovenesnucleares.org\\\/blog\\\/#\\\/schema\\\/logo\\\/image\\\/\"},\"sameAs\":[\"https:\\\/\\\/www.facebook.com\\\/JovenesNucleares\",\"https:\\\/\\\/x.com\\\/jjnucleares\",\"https:\\\/\\\/www.instagram.com\\\/jjnucleares\\\/\",\"https:\\\/\\\/www.linkedin.com\\\/company\\\/jovenesnucleares\\\/\",\"https:\\\/\\\/www.youtube.com\\\/c\\\/JovenesNuclearesSNE\",\"https:\\\/\\\/es.wikipedia.org\\\/wiki\\\/Jovenes_Nucleares\"]}]}<\/script>\n<!-- \/ Yoast SEO plugin. -->","yoast_head_json":{"title":"Proyecto 'N \u00b7 U \u00b7 K \u00b7 I \u00b7 S ' - J\u00f3venes Nucleares","robots":{"index":"index","follow":"follow","max-snippet":"max-snippet:-1","max-image-preview":"max-image-preview:large","max-video-preview":"max-video-preview:-1"},"canonical":"https:\/\/www.jovenesnucleares.org\/blog\/proyecto-nukis\/","og_locale":"es_ES","og_type":"article","og_title":"Proyecto 'N \u00b7 U \u00b7 K \u00b7 I \u00b7 S ' - J\u00f3venes Nucleares","og_description":"&#8216;NUCLEAR UNIVERSE OF KNOWLEDGE, ISOTOPES &amp; SCIENCE&#8217; N\u00b7U\u00b7K\u00b7I\u00b7S es un juego de cartas coleccionable donde cada criatura est\u00e1 basada en Ciencia Nuclear real. Cada NUKI est\u00e1 asociado a un elemento de la tabla peri\u00f3dica, as\u00ed como a la aplicaci\u00f3n pac\u00edfica de sus radiois\u00f3topos en el mundo de la Tecnolog\u00eda Nuclear. Desde hospitales y laboratorios, hasta&hellip; Read more","og_url":"https:\/\/www.jovenesnucleares.org\/blog\/proyecto-nukis\/","og_site_name":"J\u00f3venes Nucleares","article_publisher":"https:\/\/www.facebook.com\/JovenesNucleares","article_modified_time":"2026-03-16T19:36:05+00:00","og_image":[{"url":"https:\/\/s.w.org\/images\/core\/emoji\/17.0.2\/svg\/1f30d.svg","type":"","width":"","height":""}],"twitter_card":"summary_large_image","twitter_site":"@jjnucleares","twitter_misc":{"Tiempo de lectura":"5 minutos"},"schema":{"@context":"https:\/\/schema.org","@graph":[{"@type":"WebPage","@id":"https:\/\/www.jovenesnucleares.org\/blog\/proyecto-nukis\/","url":"https:\/\/www.jovenesnucleares.org\/blog\/proyecto-nukis\/","name":"Proyecto 'N \u00b7 U \u00b7 K \u00b7 I \u00b7 S ' - J\u00f3venes Nucleares","isPartOf":{"@id":"https:\/\/www.jovenesnucleares.org\/blog\/#website"},"primaryImageOfPage":{"@id":"https:\/\/www.jovenesnucleares.org\/blog\/proyecto-nukis\/#primaryimage"},"image":{"@id":"https:\/\/www.jovenesnucleares.org\/blog\/proyecto-nukis\/#primaryimage"},"thumbnailUrl":"https:\/\/s.w.org\/images\/core\/emoji\/17.0.2\/svg\/1f30d.svg","datePublished":"2026-03-16T19:08:56+00:00","dateModified":"2026-03-16T19:36:05+00:00","breadcrumb":{"@id":"https:\/\/www.jovenesnucleares.org\/blog\/proyecto-nukis\/#breadcrumb"},"inLanguage":"es","potentialAction":[{"@type":"ReadAction","target":["https:\/\/www.jovenesnucleares.org\/blog\/proyecto-nukis\/"]}]},{"@type":"ImageObject","inLanguage":"es","@id":"https:\/\/www.jovenesnucleares.org\/blog\/proyecto-nukis\/#primaryimage","url":"https:\/\/s.w.org\/images\/core\/emoji\/17.0.2\/svg\/1f30d.svg","contentUrl":"https:\/\/s.w.org\/images\/core\/emoji\/17.0.2\/svg\/1f30d.svg"},{"@type":"BreadcrumbList","@id":"https:\/\/www.jovenesnucleares.org\/blog\/proyecto-nukis\/#breadcrumb","itemListElement":[{"@type":"ListItem","position":1,"name":"Portada","item":"https:\/\/www.jovenesnucleares.org\/blog\/"},{"@type":"ListItem","position":2,"name":"Proyecto &#8216;N \u00b7 U \u00b7 K \u00b7 I \u00b7 S &#8216;"}]},{"@type":"WebSite","@id":"https:\/\/www.jovenesnucleares.org\/blog\/#website","url":"https:\/\/www.jovenesnucleares.org\/blog\/","name":"J\u00f3venes Nucleares","description":"Divulgaci\u00f3n de Ciencia y Tecnolog\u00eda Nuclear","publisher":{"@id":"https:\/\/www.jovenesnucleares.org\/blog\/#organization"},"potentialAction":[{"@type":"SearchAction","target":{"@type":"EntryPoint","urlTemplate":"https:\/\/www.jovenesnucleares.org\/blog\/?s={search_term_string}"},"query-input":{"@type":"PropertyValueSpecification","valueRequired":true,"valueName":"search_term_string"}}],"inLanguage":"es"},{"@type":"Organization","@id":"https:\/\/www.jovenesnucleares.org\/blog\/#organization","name":"J\u00f3venes Nucleares","url":"https:\/\/www.jovenesnucleares.org\/blog\/","logo":{"@type":"ImageObject","inLanguage":"es","@id":"https:\/\/www.jovenesnucleares.org\/blog\/#\/schema\/logo\/image\/","url":"http:\/\/www.jovenesnucleares.org\/blog\/wp-content\/uploads\/2022\/01\/cropped-Logo-JJNN-principal-125px.png","contentUrl":"http:\/\/www.jovenesnucleares.org\/blog\/wp-content\/uploads\/2022\/01\/cropped-Logo-JJNN-principal-125px.png","width":170,"height":70,"caption":"J\u00f3venes Nucleares"},"image":{"@id":"https:\/\/www.jovenesnucleares.org\/blog\/#\/schema\/logo\/image\/"},"sameAs":["https:\/\/www.facebook.com\/JovenesNucleares","https:\/\/x.com\/jjnucleares","https:\/\/www.instagram.com\/jjnucleares\/","https:\/\/www.linkedin.com\/company\/jovenesnucleares\/","https:\/\/www.youtube.com\/c\/JovenesNuclearesSNE","https:\/\/es.wikipedia.org\/wiki\/Jovenes_Nucleares"]}]}},"post_mailing_queue_ids":[],"_links":{"self":[{"href":"https:\/\/www.jovenesnucleares.org\/blog\/wp-json\/wp\/v2\/pages\/7724","targetHints":{"allow":["GET"]}}],"collection":[{"href":"https:\/\/www.jovenesnucleares.org\/blog\/wp-json\/wp\/v2\/pages"}],"about":[{"href":"https:\/\/www.jovenesnucleares.org\/blog\/wp-json\/wp\/v2\/types\/page"}],"author":[{"embeddable":true,"href":"https:\/\/www.jovenesnucleares.org\/blog\/wp-json\/wp\/v2\/users\/1"}],"replies":[{"embeddable":true,"href":"https:\/\/www.jovenesnucleares.org\/blog\/wp-json\/wp\/v2\/comments?post=7724"}],"version-history":[{"count":5,"href":"https:\/\/www.jovenesnucleares.org\/blog\/wp-json\/wp\/v2\/pages\/7724\/revisions"}],"predecessor-version":[{"id":7730,"href":"https:\/\/www.jovenesnucleares.org\/blog\/wp-json\/wp\/v2\/pages\/7724\/revisions\/7730"}],"wp:attachment":[{"href":"https:\/\/www.jovenesnucleares.org\/blog\/wp-json\/wp\/v2\/media?parent=7724"}],"curies":[{"name":"wp","href":"https:\/\/api.w.org\/{rel}","templated":true}]}}